{"id":215,"date":"2013-10-24T11:48:33","date_gmt":"2013-10-24T16:48:33","guid":{"rendered":"http:\/\/blog.espol.edu.ec\/anjumera95\/?page_id=215"},"modified":"2016-07-24T15:53:52","modified_gmt":"2016-07-24T20:53:52","slug":"top-10-smartphones-2013","status":"publish","type":"page","link":"https:\/\/blog.espol.edu.ec\/anjumera95\/top-10-smartphones-2013\/","title":{"rendered":"Top 10 Smartphones 2013"},"content":{"rendered":"<p>1. Sony Xperia Z1<\/p>\n<ul>\n<li>Pantalla TFT Full HD 5 pulgadas<\/li>\n<li>Certificaci\u00f3n IPX58: resistente al polvo y agua<\/li>\n<li>C\u00e1mara de 20.7 MP, flash LED, video Full HD 1080 P<\/li>\n<li>C\u00e1mara frontal de 2 MP 1080 P<\/li>\n<li>16 GB memoria, slot microSD hasta 64 GB<\/li>\n<li>Procesador QuadCore a 2.26 GHz<\/li>\n<li>2 GB RAM<\/li>\n<li>Bater\u00eda de 3000 mAh<\/li>\n<\/ul>\n<p><a href=\"http:\/\/blog.espol.edu.ec\/anjumera95\/files\/2014\/06\/xperia-Z1-hero-black-1240x840-3c449514e1daf8b0652a5dc235530ebc.jpg\"><img loading=\"lazy\" decoding=\"async\" class=\"alignnone size-medium wp-image-60\" src=\"http:\/\/blog.espol.edu.ec\/anjumera95\/files\/2014\/06\/xperia-Z1-hero-black-1240x840-3c449514e1daf8b0652a5dc235530ebc-300x203.jpg\" alt=\"xperia-Z1-hero-black-1240x840-3c449514e1daf8b0652a5dc235530ebc\" width=\"300\" height=\"203\" srcset=\"https:\/\/blog.espol.edu.ec\/anjumera95\/files\/2014\/06\/xperia-Z1-hero-black-1240x840-3c449514e1daf8b0652a5dc235530ebc-300x203.jpg 300w, https:\/\/blog.espol.edu.ec\/anjumera95\/files\/2014\/06\/xperia-Z1-hero-black-1240x840-3c449514e1daf8b0652a5dc235530ebc-1024x693.jpg 1024w, https:\/\/blog.espol.edu.ec\/anjumera95\/files\/2014\/06\/xperia-Z1-hero-black-1240x840-3c449514e1daf8b0652a5dc235530ebc.jpg 1240w\" sizes=\"auto, (max-width: 300px) 100vw, 300px\" \/><\/a><\/p>\n<p>&nbsp;<\/p>\n<p>2. LG G2<\/p>\n<ul>\n<li>Pantalla\u00a0LCD True HD-IPS Full HD 5.2 pulgadas<\/li>\n<li>C\u00e1mara de 13 MP, flash LED, video Full HD 1080 P<\/li>\n<li>C\u00e1mara frontal de 2.1 MP 720 P<\/li>\n<li>16\/32 GB memoria NO EXPANDIBLE<\/li>\n<li>Procesador QuadCore a 2.26 GHz<\/li>\n<li>2 GB RAM<\/li>\n<li>Bater\u00eda de 3000 mAh<\/li>\n<\/ul>\n<p><a href=\"http:\/\/blog.espol.edu.ec\/anjumera95\/files\/2014\/06\/LG-g2-1.jpg\"><img loading=\"lazy\" decoding=\"async\" class=\"alignnone wp-image-62\" src=\"http:\/\/blog.espol.edu.ec\/anjumera95\/files\/2014\/06\/LG-g2-1-300x184.jpg\" alt=\"LG-g2-1\" width=\"320\" height=\"196\" srcset=\"https:\/\/blog.espol.edu.ec\/anjumera95\/files\/2014\/06\/LG-g2-1-300x184.jpg 300w, https:\/\/blog.espol.edu.ec\/anjumera95\/files\/2014\/06\/LG-g2-1.jpg 650w\" sizes=\"auto, (max-width: 320px) 100vw, 320px\" \/><\/a><\/p>\n<p>&nbsp;<\/p>\n<p>3. Google Nexus 5<\/p>\n<ul>\n<li>Pantalla\u00a0LCD True HD-IPS Full HD 5 pulgadas<\/li>\n<li>C\u00e1mara de 8 MP, flash LED, video Full HD 1080 P<\/li>\n<li>C\u00e1mara frontal de 1.3 MP<\/li>\n<li>16\/32 GB memoria NO EXPANDIBLE<\/li>\n<li>Procesador QuadCore a 2.26 GHz<\/li>\n<li>2 GB RAM<\/li>\n<li>Bater\u00eda de 2300 mAh<\/li>\n<\/ul>\n<p><a href=\"http:\/\/blog.espol.edu.ec\/anjumera95\/files\/2014\/06\/Nexus-5-1-1.jpg\"><img loading=\"lazy\" decoding=\"async\" class=\"alignnone wp-image-64\" src=\"http:\/\/blog.espol.edu.ec\/anjumera95\/files\/2014\/06\/Nexus-5-1-1-295x300.jpg\" alt=\"Nexus-5-1-1\" width=\"240\" height=\"244\" srcset=\"https:\/\/blog.espol.edu.ec\/anjumera95\/files\/2014\/06\/Nexus-5-1-1-295x300.jpg 295w, https:\/\/blog.espol.edu.ec\/anjumera95\/files\/2014\/06\/Nexus-5-1-1.jpg 493w\" sizes=\"auto, (max-width: 240px) 100vw, 240px\" \/><\/a><\/p>\n<p>&nbsp;<\/p>\n<p>4. Samsung Galaxy S4<\/p>\n<ul>\n<li>Pantalla\u00a0Super AMOLED Full HD 5 pulgadas<\/li>\n<li>C\u00e1mara de 8 MP, flash LED, video Full HD 1080 P<\/li>\n<li>C\u00e1mara frontal de 2 MP 1080 P<\/li>\n<li>16\/32\/64 GB memoria, slot microSD hasta 64 GB<\/li>\n<li>Procesaro QuadCore a 1.9 GHz<\/li>\n<li>2 GB RAM<\/li>\n<li>Bater\u00eda de 2600 mAh<\/li>\n<\/ul>\n<p><a href=\"http:\/\/blog.espol.edu.ec\/anjumera95\/files\/2014\/06\/Samsung-Galaxy-S4-blanco.jpg\"><img loading=\"lazy\" decoding=\"async\" class=\"alignnone size-medium wp-image-66\" src=\"http:\/\/blog.espol.edu.ec\/anjumera95\/files\/2014\/06\/Samsung-Galaxy-S4-blanco-300x253.jpg\" alt=\"Samsung-Galaxy-S4-blanco\" width=\"300\" height=\"253\" srcset=\"https:\/\/blog.espol.edu.ec\/anjumera95\/files\/2014\/06\/Samsung-Galaxy-S4-blanco-300x253.jpg 300w, https:\/\/blog.espol.edu.ec\/anjumera95\/files\/2014\/06\/Samsung-Galaxy-S4-blanco.jpg 650w\" sizes=\"auto, (max-width: 300px) 100vw, 300px\" \/><\/a><\/p>\n<p>&nbsp;<\/p>\n<p>5. HTC One<\/p>\n<ul>\n<li>Pantalla\u00a0Super LCD3 Full HD 4.7 pulgadas<\/li>\n<li>Chasis unibody met\u00e1lico, parlantes stereo<\/li>\n<li>C\u00e1mara de\u00a04 MP UltraPixels, flash LED, video Full HD 1080 P<\/li>\n<li>C\u00e1mara frontal de 2.1 MP 1080 P<\/li>\n<li>32\/64 GB memoria NO EXPANDIBLE<\/li>\n<li>Procesador QuadCore a 1.7 GHz<\/li>\n<li>2 GB RAM<\/li>\n<li>Bater\u00eda de 2300 mAh<\/li>\n<\/ul>\n<p><a href=\"http:\/\/blog.espol.edu.ec\/anjumera95\/files\/2014\/06\/one_galeria_01.jpg\"><img loading=\"lazy\" decoding=\"async\" class=\"alignnone size-medium wp-image-68\" src=\"http:\/\/blog.espol.edu.ec\/anjumera95\/files\/2014\/06\/one_galeria_01-300x232.jpg\" alt=\"one_galeria_01\" width=\"300\" height=\"232\" srcset=\"https:\/\/blog.espol.edu.ec\/anjumera95\/files\/2014\/06\/one_galeria_01-300x232.jpg 300w, https:\/\/blog.espol.edu.ec\/anjumera95\/files\/2014\/06\/one_galeria_01.jpg 620w\" sizes=\"auto, (max-width: 300px) 100vw, 300px\" \/><\/a><\/p>\n<p>&nbsp;<\/p>\n<p>6. Sony Xperia Z<\/p>\n<ul>\n<li>Pantalla TFT Full HD 5 pulgadas<\/li>\n<li>Certificaci\u00f3n IPX5\/7: resistente al polvo y agua<\/li>\n<li>C\u00e1mara de 13 MP, flash LED, video Full HD 1080 P<\/li>\n<li>C\u00e1mara frontal de 2.2 MP 1080 P<\/li>\n<li>16 GB memoria, slot microSD hasta 32 GB<\/li>\n<li>Procesador QuadCore a 1.5 GHz<\/li>\n<li>2 GB RAM<\/li>\n<li>Bater\u00eda de 2330 mAh<\/li>\n<\/ul>\n<p><a href=\"http:\/\/blog.espol.edu.ec\/anjumera95\/files\/2014\/06\/xperia-hero-z-black-1240x840-f535888737995291dfe31cae40a6d99f.jpg\"><img loading=\"lazy\" decoding=\"async\" class=\"alignnone size-medium wp-image-70\" src=\"http:\/\/blog.espol.edu.ec\/anjumera95\/files\/2014\/06\/xperia-hero-z-black-1240x840-f535888737995291dfe31cae40a6d99f-300x203.jpg\" alt=\"xperia-hero-z-black-1240x840-f535888737995291dfe31cae40a6d99f\" width=\"300\" height=\"203\" srcset=\"https:\/\/blog.espol.edu.ec\/anjumera95\/files\/2014\/06\/xperia-hero-z-black-1240x840-f535888737995291dfe31cae40a6d99f-300x203.jpg 300w, https:\/\/blog.espol.edu.ec\/anjumera95\/files\/2014\/06\/xperia-hero-z-black-1240x840-f535888737995291dfe31cae40a6d99f-1024x693.jpg 1024w, https:\/\/blog.espol.edu.ec\/anjumera95\/files\/2014\/06\/xperia-hero-z-black-1240x840-f535888737995291dfe31cae40a6d99f.jpg 1240w\" sizes=\"auto, (max-width: 300px) 100vw, 300px\" \/><\/a><\/p>\n<p>&nbsp;<\/p>\n<p>7. LG Optimus G<\/p>\n<ul>\n<li>Pantalla\u00a0LCD True HD-IPS 4.7 pulgadas<\/li>\n<li>C\u00e1mara de 13 MP, flash LED, video Full HD 1080 P<\/li>\n<li>C\u00e1mara frontal de 1.3 MP 720 P<\/li>\n<li>32 GB memoria NO EXPANDIBLE<\/li>\n<li>Procesador QuadCore a 1.5 GHz<\/li>\n<li>2 GB RAM<\/li>\n<li>Bater\u00eda de 2100 mAh<\/li>\n<\/ul>\n<p><a href=\"http:\/\/blog.espol.edu.ec\/anjumera95\/files\/2015\/10\/optimus-g.jpeg\"><img loading=\"lazy\" decoding=\"async\" class=\"alignnone wp-image-217\" src=\"http:\/\/blog.espol.edu.ec\/anjumera95\/files\/2015\/10\/optimus-g-300x300.jpeg\" alt=\"optimus g\" width=\"260\" height=\"260\" srcset=\"https:\/\/blog.espol.edu.ec\/anjumera95\/files\/2015\/10\/optimus-g-300x300.jpeg 300w, https:\/\/blog.espol.edu.ec\/anjumera95\/files\/2015\/10\/optimus-g-150x150.jpeg 150w, https:\/\/blog.espol.edu.ec\/anjumera95\/files\/2015\/10\/optimus-g.jpeg 600w\" sizes=\"auto, (max-width: 260px) 100vw, 260px\" \/><\/a><\/p>\n<p>&nbsp;<\/p>\n<p>8. Google Nexus 4<\/p>\n<ul>\n<li>Pantalla\u00a0True HD IPS Plus 4.7 pulgadas<\/li>\n<li>C\u00e1mara de 8 MP, flash LED, video Full HD 1080 P<\/li>\n<li>C\u00e1mara frontal de 1.3 MP 720 P<\/li>\n<li>8\/16 GB memoria NO EXPANDIBLE<\/li>\n<li>Procesador QuadCore a 1.5 GHz<\/li>\n<li>2 GB RAM<\/li>\n<li>Bater\u00eda de 2100 mAh<\/li>\n<\/ul>\n<p><a href=\"http:\/\/blog.espol.edu.ec\/anjumera95\/files\/2015\/10\/Nexus-4.jpeg\"><img loading=\"lazy\" decoding=\"async\" class=\"alignnone wp-image-218\" src=\"http:\/\/blog.espol.edu.ec\/anjumera95\/files\/2015\/10\/Nexus-4-300x231.jpeg\" alt=\"Nexus-4\" width=\"279\" height=\"215\" srcset=\"https:\/\/blog.espol.edu.ec\/anjumera95\/files\/2015\/10\/Nexus-4-300x231.jpeg 300w, https:\/\/blog.espol.edu.ec\/anjumera95\/files\/2015\/10\/Nexus-4.jpeg 1024w\" sizes=\"auto, (max-width: 279px) 100vw, 279px\" \/><\/a><\/p>\n<p>&nbsp;<\/p>\n<p>9. Huawei Ascend P6<\/p>\n<ul>\n<li>Pantalla LCD HD 4.7 pulgadas<\/li>\n<li>C\u00e1mara de 8 MP, flash LED, video Full HD 1080 P<\/li>\n<li>C\u00e1mara frontal de 5 MP 720 P<\/li>\n<li>8 GB memoria, slot microSD hasta 32 GB<\/li>\n<li>Procesador QuadCore a 1.5 GHz<\/li>\n<li>2 GB RAM<\/li>\n<li>Bater\u00eda de 2000 mAh<\/li>\n<\/ul>\n<p><a href=\"http:\/\/blog.espol.edu.ec\/anjumera95\/files\/2015\/10\/huawei-ascend-p6.jpg\"><img loading=\"lazy\" decoding=\"async\" class=\"alignnone wp-image-219\" src=\"http:\/\/blog.espol.edu.ec\/anjumera95\/files\/2015\/10\/huawei-ascend-p6-300x278.jpg\" alt=\"huawei-ascend-p6\" width=\"279\" height=\"259\" srcset=\"https:\/\/blog.espol.edu.ec\/anjumera95\/files\/2015\/10\/huawei-ascend-p6-300x278.jpg 300w, https:\/\/blog.espol.edu.ec\/anjumera95\/files\/2015\/10\/huawei-ascend-p6.jpg 468w\" sizes=\"auto, (max-width: 279px) 100vw, 279px\" \/><\/a><\/p>\n<p>&nbsp;<\/p>\n<p>10. Motorola Moto X<\/p>\n<ul>\n<li>Pantalla AMOLED HD 4.7 pulgadas<\/li>\n<li>C\u00e1mara de 10 MP, flash LED, video Full HD 1080 P<\/li>\n<li>C\u00e1mara frontal de 2 MP 1080 P<\/li>\n<li>16\/32 GB memoria NO EXPANDIBLE<\/li>\n<li>Procesador DualCore a 1.7 GHz<\/li>\n<li>2 GB RAM<\/li>\n<li>Bater\u00eda de 2200 mAh<\/li>\n<\/ul>\n<p><a href=\"http:\/\/blog.espol.edu.ec\/anjumera95\/files\/2015\/10\/motorola-moto-x.jpg\"><img loading=\"lazy\" decoding=\"async\" class=\"alignnone size-medium wp-image-220\" src=\"http:\/\/blog.espol.edu.ec\/anjumera95\/files\/2015\/10\/motorola-moto-x-300x206.jpg\" alt=\"motorola-moto-x\" width=\"300\" height=\"206\" srcset=\"https:\/\/blog.espol.edu.ec\/anjumera95\/files\/2015\/10\/motorola-moto-x-300x206.jpg 300w, https:\/\/blog.espol.edu.ec\/anjumera95\/files\/2015\/10\/motorola-moto-x.jpg 650w\" sizes=\"auto, (max-width: 300px) 100vw, 300px\" \/><\/a><\/p>\n<p>&nbsp;<\/p>\n<p>&nbsp;<\/p>\n","protected":false},"excerpt":{"rendered":"<p>1. Sony Xperia Z1 Pantalla TFT Full HD 5 pulgadas Certificaci\u00f3n IPX58: resistente al polvo y agua C\u00e1mara de 20.7 MP, flash LED, video Full HD 1080 P C\u00e1mara frontal de 2 MP 1080 P 16 GB memoria, slot microSD hasta 64 GB Procesador QuadCore a 2.26 GHz 2 GB RAM Bater\u00eda de 3000 mAh [&hellip;]<\/p>\n","protected":false},"author":9068,"featured_media":0,"parent":0,"menu_order":0,"comment_status":"closed","ping_status":"closed","template":"","meta":{"footnotes":""},"class_list":["post-215","page","type-page","status-publish","hentry"],"_links":{"self":[{"href":"https:\/\/blog.espol.edu.ec\/anjumera95\/wp-json\/wp\/v2\/pages\/215","targetHints":{"allow":["GET"]}}],"collection":[{"href":"https:\/\/blog.espol.edu.ec\/anjumera95\/wp-json\/wp\/v2\/pages"}],"about":[{"href":"https:\/\/blog.espol.edu.ec\/anjumera95\/wp-json\/wp\/v2\/types\/page"}],"author":[{"embeddable":true,"href":"https:\/\/blog.espol.edu.ec\/anjumera95\/wp-json\/wp\/v2\/users\/9068"}],"replies":[{"embeddable":true,"href":"https:\/\/blog.espol.edu.ec\/anjumera95\/wp-json\/wp\/v2\/comments?post=215"}],"version-history":[{"count":3,"href":"https:\/\/blog.espol.edu.ec\/anjumera95\/wp-json\/wp\/v2\/pages\/215\/revisions"}],"predecessor-version":[{"id":276,"href":"https:\/\/blog.espol.edu.ec\/anjumera95\/wp-json\/wp\/v2\/pages\/215\/revisions\/276"}],"wp:attachment":[{"href":"https:\/\/blog.espol.edu.ec\/anjumera95\/wp-json\/wp\/v2\/media?parent=215"}],"curies":[{"name":"wp","href":"https:\/\/api.w.org\/{rel}","templated":true}]}}