{"id":240,"date":"2016-05-07T14:53:25","date_gmt":"2016-05-07T19:53:25","guid":{"rendered":"http:\/\/blog.espol.edu.ec\/anjumera95\/?page_id=240"},"modified":"2016-07-24T19:00:41","modified_gmt":"2016-07-25T00:00:41","slug":"top-smartphones-2016","status":"publish","type":"page","link":"https:\/\/blog.espol.edu.ec\/anjumera95\/top-smartphones-2016\/","title":{"rendered":"Top 10 Smartphones 2016"},"content":{"rendered":"<p>1. Samsung Galaxy S7<\/p>\n<ul>\n<li>Pantalla Super AMOLED Gorilla Glass 4\u00a01440\u00d72560 P \u2013 5.1 pulgadas<\/li>\n<li>Sensor de ritmo card\u00edaco, Sensor dactilar. Pantalla curva en versi\u00f3n Edge.<\/li>\n<li>Certificaci\u00f3n IP68: resistente al agua<\/li>\n<li>C\u00e1mara principal 12 MP, Flash LED dual, Video UHD (4K)<\/li>\n<li>C\u00e1mara Frontal 5 MP 1080 P<\/li>\n<li>32\/64 GB memoria,\u00a0Slot MicroSD hasta 200 GB<\/li>\n<li>Procesador Octa-Core de 64 bits 2.3\u00a0GHz<\/li>\n<li>4 GB RAM<\/li>\n<li>Bate\u00eda 3000 mAh<\/li>\n<\/ul>\n<p><a href=\"http:\/\/blog.espol.edu.ec\/anjumera95\/files\/2016\/05\/samsung-galaxy-s7.jpg\" rel=\"attachment wp-att-241\"><img loading=\"lazy\" decoding=\"async\" class=\"alignnone wp-image-241\" src=\"http:\/\/blog.espol.edu.ec\/anjumera95\/files\/2016\/05\/samsung-galaxy-s7-300x221.jpg\" alt=\"samsung-galaxy-s7\" width=\"305\" height=\"225\" srcset=\"https:\/\/blog.espol.edu.ec\/anjumera95\/files\/2016\/05\/samsung-galaxy-s7-300x221.jpg 300w, https:\/\/blog.espol.edu.ec\/anjumera95\/files\/2016\/05\/samsung-galaxy-s7.jpg 610w\" sizes=\"auto, (max-width: 305px) 100vw, 305px\" \/><\/a><\/p>\n<p>&nbsp;<\/p>\n<p>&nbsp;<\/p>\n<p>2. Motorola Moto Z Force<\/p>\n<ul>\n<li>Pantalla AMOLED Gorilla Glass 4\u00a01440\u00d72560 P \u2013 5.5 pulgadas<\/li>\n<li>Lector de huellas dactilares<\/li>\n<li>Resistente al polvo y agua<\/li>\n<li>C\u00e1mara principal 21 MP, Flash LED dual, Video UHD (4K)<\/li>\n<li>Autofoco por detecci\u00f3n de fase y l\u00e1ser.<\/li>\n<li>C\u00e1mara Frontal 5 MP 1080 P, Flash LED<\/li>\n<li>32\/64 GB memoria,\u00a0Slot MicroSD hasta 256 GB<\/li>\n<li>Procesador Quad-Core de 64 bits<\/li>\n<li>4 GB RAM<\/li>\n<li>Bate\u00eda 3500 mAh<\/li>\n<\/ul>\n<p><a href=\"http:\/\/blog.espol.edu.ec\/anjumera95\/files\/2016\/05\/Motorola-Moto-Z-Force-Droid-Edition-Front-Back-Combo.jpg\"><img loading=\"lazy\" decoding=\"async\" class=\"alignnone wp-image-285\" src=\"http:\/\/blog.espol.edu.ec\/anjumera95\/files\/2016\/05\/Motorola-Moto-Z-Force-Droid-Edition-Front-Back-Combo-300x169.jpg\" alt=\"Motorola-Moto-Z-Force-Droid-Edition-Front-Back-Combo\" width=\"320\" height=\"180\" srcset=\"https:\/\/blog.espol.edu.ec\/anjumera95\/files\/2016\/05\/Motorola-Moto-Z-Force-Droid-Edition-Front-Back-Combo-300x169.jpg 300w, https:\/\/blog.espol.edu.ec\/anjumera95\/files\/2016\/05\/Motorola-Moto-Z-Force-Droid-Edition-Front-Back-Combo-768x432.jpg 768w, https:\/\/blog.espol.edu.ec\/anjumera95\/files\/2016\/05\/Motorola-Moto-Z-Force-Droid-Edition-Front-Back-Combo-1024x576.jpg 1024w, https:\/\/blog.espol.edu.ec\/anjumera95\/files\/2016\/05\/Motorola-Moto-Z-Force-Droid-Edition-Front-Back-Combo.jpg 1280w\" sizes=\"auto, (max-width: 320px) 100vw, 320px\" \/><\/a><\/p>\n<p>&nbsp;<\/p>\n<p>&nbsp;<\/p>\n<p>3. Huawei Honor 8<\/p>\n<ul>\n<li>Pantalla LTPS Full HD 5.2 pulgadas<\/li>\n<li>Lector de huellas dactilares<\/li>\n<li>C\u00e1mara principal Dual de 12 MP, Flash LED dual, video 1080 P<\/li>\n<li>Autofocus l\u00e1ser<\/li>\n<li>C\u00e1mara frontal 8 MP 1080 P<\/li>\n<li>32\/64 GB memoria, slot microSD<\/li>\n<li>Procesador Octa-Core de 64 bits<\/li>\n<li>3\/4 GB Ram<\/li>\n<li>Bater\u00eda 3000 mAh<\/li>\n<\/ul>\n<p><a href=\"http:\/\/blog.espol.edu.ec\/anjumera95\/files\/2016\/05\/Huawei-Honor-8.jpg\"><img loading=\"lazy\" decoding=\"async\" class=\"alignnone wp-image-284\" src=\"http:\/\/blog.espol.edu.ec\/anjumera95\/files\/2016\/05\/Huawei-Honor-8-300x198.jpg\" alt=\"Huawei-Honor-8\" width=\"320\" height=\"211\" srcset=\"https:\/\/blog.espol.edu.ec\/anjumera95\/files\/2016\/05\/Huawei-Honor-8-300x198.jpg 300w, https:\/\/blog.espol.edu.ec\/anjumera95\/files\/2016\/05\/Huawei-Honor-8.jpg 630w\" sizes=\"auto, (max-width: 320px) 100vw, 320px\" \/><\/a><\/p>\n<p>&nbsp;<\/p>\n<p>&nbsp;<\/p>\n<p>4. Huawei P9<\/p>\n<ul>\n<li>Pantalla LCD IPS Gorilla Glass 4 Full HD 5.2 pulgadas<\/li>\n<li>Chasis unibody de metal, lector de huellas dactilares<\/li>\n<li>C\u00e1mara principal Dual de 12 MP, Flash LED dual, video 1080 P<\/li>\n<li>Autofocus por detecci\u00f3n de fase<\/li>\n<li>C\u00e1mara frontal 8 MP 1080 P<\/li>\n<li>32\/64 GB memoria, slot microSD<\/li>\n<li>Procesador Octa-Core de 64 bits<\/li>\n<li>3\/4 GB Ram<\/li>\n<li>Bater\u00eda 3000 mAh<\/li>\n<\/ul>\n<p><a href=\"http:\/\/blog.espol.edu.ec\/anjumera95\/files\/2016\/05\/huawei-p9.jpg\" rel=\"attachment wp-att-244\"><img loading=\"lazy\" decoding=\"async\" class=\"alignnone wp-image-244\" src=\"http:\/\/blog.espol.edu.ec\/anjumera95\/files\/2016\/05\/huawei-p9-300x183.jpg\" alt=\"huawei-p9\" width=\"348\" height=\"212\" srcset=\"https:\/\/blog.espol.edu.ec\/anjumera95\/files\/2016\/05\/huawei-p9-300x183.jpg 300w, https:\/\/blog.espol.edu.ec\/anjumera95\/files\/2016\/05\/huawei-p9-768x468.jpg 768w, https:\/\/blog.espol.edu.ec\/anjumera95\/files\/2016\/05\/huawei-p9.jpg 820w\" sizes=\"auto, (max-width: 348px) 100vw, 348px\" \/><\/a><\/p>\n<p>&nbsp;<\/p>\n<p>&nbsp;<\/p>\n<p>5. HTC 10<\/p>\n<ul>\n<li>Pantalla Super LCD Gorilla Glass 4 1440 x 2560 pixels, 5.2 pulgadas<\/li>\n<li>Lector de huellas dactilares<\/li>\n<li>Parlantes stereo BoomSound<\/li>\n<li>C\u00e1mara principal UltraPixel 12\u00a0MP, Flash LED dual, Video 4K<\/li>\n<li>Autofocus asistido por l\u00e1ser<\/li>\n<li>C\u00e1mara frontal UltraPixel 4 MP 1080 P<\/li>\n<li>32\/64 GB memoria, Slot MicroSD<\/li>\n<li>Procesador Quad-Core de 64 bits 2.2\u00a0GHz<\/li>\n<li>4 GB RAM<\/li>\n<li>Bater\u00eda 3000 mAh<\/li>\n<\/ul>\n<p><a href=\"http:\/\/blog.espol.edu.ec\/anjumera95\/files\/2016\/05\/HTC-10.jpg\" rel=\"attachment wp-att-243\"><img loading=\"lazy\" decoding=\"async\" class=\"alignnone wp-image-243\" src=\"http:\/\/blog.espol.edu.ec\/anjumera95\/files\/2016\/05\/HTC-10-300x169.jpg\" alt=\"HTC-10\" width=\"350\" height=\"197\" srcset=\"https:\/\/blog.espol.edu.ec\/anjumera95\/files\/2016\/05\/HTC-10-300x169.jpg 300w, https:\/\/blog.espol.edu.ec\/anjumera95\/files\/2016\/05\/HTC-10-768x432.jpg 768w, https:\/\/blog.espol.edu.ec\/anjumera95\/files\/2016\/05\/HTC-10-1024x576.jpg 1024w, https:\/\/blog.espol.edu.ec\/anjumera95\/files\/2016\/05\/HTC-10.jpg 1200w\" sizes=\"auto, (max-width: 350px) 100vw, 350px\" \/><\/a><\/p>\n<p>&nbsp;<\/p>\n<p>&nbsp;<\/p>\n<p>6. LG G5<\/p>\n<ul>\n<li>Pantalla LCD IPS Gorilla Glass 4 1440\u00d72560 P \u2013 5.3 pulgadas<\/li>\n<li>Lector de huellas dactilares y de Iris<\/li>\n<li>C\u00e1mara Dual de 16 y 8 MP, Flash LED, video UHD (4K)<\/li>\n<li>Autofocus asistido por l\u00e1ser<\/li>\n<li>C\u00e1mara Frontal 8 MP 1080 P<\/li>\n<li>32 GB Memoria interna, Slot microSD<\/li>\n<li>Procesador Quad-Core de 64 bits 2.2 GHz<\/li>\n<li>4 GB RAM<\/li>\n<li>Bater\u00eda 2800 mAh<\/li>\n<\/ul>\n<p><a href=\"http:\/\/blog.espol.edu.ec\/anjumera95\/files\/2016\/05\/lg-g5.jpg\" rel=\"attachment wp-att-242\"><img loading=\"lazy\" decoding=\"async\" class=\"alignnone wp-image-242\" src=\"http:\/\/blog.espol.edu.ec\/anjumera95\/files\/2016\/05\/lg-g5-300x219.jpg\" alt=\"lg-g5\" width=\"310\" height=\"226\" srcset=\"https:\/\/blog.espol.edu.ec\/anjumera95\/files\/2016\/05\/lg-g5-300x219.jpg 300w, https:\/\/blog.espol.edu.ec\/anjumera95\/files\/2016\/05\/lg-g5-768x561.jpg 768w, https:\/\/blog.espol.edu.ec\/anjumera95\/files\/2016\/05\/lg-g5.jpg 970w\" sizes=\"auto, (max-width: 310px) 100vw, 310px\" \/><\/a><\/p>\n<p>&nbsp;<\/p>\n<p>&nbsp;<\/p>\n<p>7. Samsung Galaxy C5<\/p>\n<ul>\n<li>Pantalla Super AMOLED\u00a0Full HD 5.2 pulgadas<\/li>\n<li>Chasis de metal<\/li>\n<li>Lector de huellas dactilares<\/li>\n<li>C\u00e1mara principal 16 MP, Flash LED dual, video Full HD<\/li>\n<li>C\u00e1mara frontal 8 MP<\/li>\n<li>32\/64 GB memoria, Slot MicroSD hasta 128 GB<\/li>\n<li>Procesador Octa-Core de 64 bits<\/li>\n<li>4 GB RAM<\/li>\n<li>Bater\u00eda 2600 mAh<\/li>\n<\/ul>\n<p><a href=\"http:\/\/blog.espol.edu.ec\/anjumera95\/files\/2016\/05\/samsung-galaxy-c5-w782.jpg\"><img loading=\"lazy\" decoding=\"async\" class=\"alignnone wp-image-286\" src=\"http:\/\/blog.espol.edu.ec\/anjumera95\/files\/2016\/05\/samsung-galaxy-c5-w782-300x169.jpg\" alt=\"samsung-galaxy-c5-w782\" width=\"320\" height=\"180\" srcset=\"https:\/\/blog.espol.edu.ec\/anjumera95\/files\/2016\/05\/samsung-galaxy-c5-w782-300x169.jpg 300w, https:\/\/blog.espol.edu.ec\/anjumera95\/files\/2016\/05\/samsung-galaxy-c5-w782-768x432.jpg 768w, https:\/\/blog.espol.edu.ec\/anjumera95\/files\/2016\/05\/samsung-galaxy-c5-w782.jpg 782w\" sizes=\"auto, (max-width: 320px) 100vw, 320px\" \/><\/a><\/p>\n<p>&nbsp;<\/p>\n<p>&nbsp;<\/p>\n<p>8. Sony Xperia X Performance<\/p>\n<ul>\n<li>Pantalla LCD IPS Full HD 5 pulgadas<\/li>\n<li>Lector de huellas dactilares<\/li>\n<li>Certificaci\u00f3n IP65\/IP68: resistente al polvo y agua<\/li>\n<li>C\u00e1mara principal 23 MP, Flash LED, video Full HD<\/li>\n<li>C\u00e1mara frontal 13 MP 1080P<\/li>\n<li>32 GB memoria, Slot MicroSD hasta 200 GB<\/li>\n<li>Procesador Quad-Core de 64 bits 2.2 GHz<\/li>\n<li>3 GB RAM<\/li>\n<li>Bater\u00eda 2700 mAh<\/li>\n<\/ul>\n<p><a href=\"http:\/\/blog.espol.edu.ec\/anjumera95\/files\/2016\/05\/Xperia_X_Performance.jpg\" rel=\"attachment wp-att-245\"><img loading=\"lazy\" decoding=\"async\" class=\"alignnone wp-image-245\" src=\"http:\/\/blog.espol.edu.ec\/anjumera95\/files\/2016\/05\/Xperia_X_Performance-300x169.jpg\" alt=\"Xperia_X_Performance\" width=\"353\" height=\"199\" srcset=\"https:\/\/blog.espol.edu.ec\/anjumera95\/files\/2016\/05\/Xperia_X_Performance-300x169.jpg 300w, https:\/\/blog.espol.edu.ec\/anjumera95\/files\/2016\/05\/Xperia_X_Performance.jpg 680w\" sizes=\"auto, (max-width: 353px) 100vw, 353px\" \/><\/a><\/p>\n<p>&nbsp;<\/p>\n<p>&nbsp;<\/p>\n<p>9. Sony Xperia X<\/p>\n<ul>\n<li>Pantalla LCD IPS Full HD 5 pulgadas<\/li>\n<li>Lector de huellas dactilares<\/li>\n<li>C\u00e1mara principal 23 MP, Flash LED, video Full HD<\/li>\n<li>C\u00e1mara frontal 13 MP 1080P<\/li>\n<li>32 GB memoria, Slot MicroSD hasta 200 GB<\/li>\n<li>Procesador Hexa-Core de 64 (2x1.8 + 4x1.4) GHz<\/li>\n<li>3 GB RAM<\/li>\n<li>Bater\u00eda 2620 mAh<\/li>\n<\/ul>\n<p><a href=\"http:\/\/blog.espol.edu.ec\/anjumera95\/files\/2016\/05\/sony_xperia_x_front.jpeg\"><img loading=\"lazy\" decoding=\"async\" class=\"alignnone size-medium wp-image-253\" src=\"http:\/\/blog.espol.edu.ec\/anjumera95\/files\/2016\/05\/sony_xperia_x_front-300x225.jpeg\" alt=\"sony_xperia_x_front\" width=\"300\" height=\"225\" srcset=\"https:\/\/blog.espol.edu.ec\/anjumera95\/files\/2016\/05\/sony_xperia_x_front-300x225.jpeg 300w, https:\/\/blog.espol.edu.ec\/anjumera95\/files\/2016\/05\/sony_xperia_x_front.jpeg 635w\" sizes=\"auto, (max-width: 300px) 100vw, 300px\" \/><\/a><\/p>\n<p>&nbsp;<\/p>\n<p>&nbsp;<\/p>\n<p>10. Alcatel One Touch Idol 4S<\/p>\n<ul>\n<li>Pantalla AMOLED\u00a01440 x 2560 pixels, 5.5 pulgadas<\/li>\n<li>Completamente reversible<\/li>\n<li>C\u00e1mara de 16 MP, Flash LED dual, video\u00a04K<\/li>\n<li>Autofoco por detecci\u00f3n de fase<\/li>\n<li>C\u00e1mara frontal de 8 MP, Flash LED<\/li>\n<li>16 GB memoria, Slot microSD<\/li>\n<li>Procesador\u00a0OctaCore de 64 bits (4\u00d71.8 + 4\u00d71.4) GHz<\/li>\n<li>3 GB RAM<\/li>\n<li>Bater\u00eda de 3000 mAh<\/li>\n<\/ul>\n<p><a href=\"http:\/\/blog.espol.edu.ec\/anjumera95\/files\/2016\/05\/Alcatel-Onetouch-Idol4-4s-02.jpg\" rel=\"attachment wp-att-250\"><img loading=\"lazy\" decoding=\"async\" class=\"alignnone wp-image-250\" src=\"http:\/\/blog.espol.edu.ec\/anjumera95\/files\/2016\/05\/Alcatel-Onetouch-Idol4-4s-02-300x172.jpg\" alt=\"Alcatel-Onetouch-Idol4-4s-02\" width=\"349\" height=\"200\" srcset=\"https:\/\/blog.espol.edu.ec\/anjumera95\/files\/2016\/05\/Alcatel-Onetouch-Idol4-4s-02-300x172.jpg 300w, https:\/\/blog.espol.edu.ec\/anjumera95\/files\/2016\/05\/Alcatel-Onetouch-Idol4-4s-02.jpg 600w\" sizes=\"auto, (max-width: 349px) 100vw, 349px\" \/><\/a><\/p>\n<p>&nbsp;<\/p>\n<p>&nbsp;<\/p>\n","protected":false},"excerpt":{"rendered":"<p>1. Samsung Galaxy S7 Pantalla Super AMOLED Gorilla Glass 4\u00a01440\u00d72560 P \u2013 5.1 pulgadas Sensor de ritmo card\u00edaco, Sensor dactilar. Pantalla curva en versi\u00f3n Edge. Certificaci\u00f3n IP68: resistente al agua C\u00e1mara principal 12 MP, Flash LED dual, Video UHD (4K) C\u00e1mara Frontal 5 MP 1080 P 32\/64 GB memoria,\u00a0Slot MicroSD hasta 200 GB Procesador Octa-Core [&hellip;]<\/p>\n","protected":false},"author":9068,"featured_media":0,"parent":0,"menu_order":0,"comment_status":"closed","ping_status":"closed","template":"","meta":{"footnotes":""},"class_list":["post-240","page","type-page","status-publish","hentry"],"_links":{"self":[{"href":"https:\/\/blog.espol.edu.ec\/anjumera95\/wp-json\/wp\/v2\/pages\/240","targetHints":{"allow":["GET"]}}],"collection":[{"href":"https:\/\/blog.espol.edu.ec\/anjumera95\/wp-json\/wp\/v2\/pages"}],"about":[{"href":"https:\/\/blog.espol.edu.ec\/anjumera95\/wp-json\/wp\/v2\/types\/page"}],"author":[{"embeddable":true,"href":"https:\/\/blog.espol.edu.ec\/anjumera95\/wp-json\/wp\/v2\/users\/9068"}],"replies":[{"embeddable":true,"href":"https:\/\/blog.espol.edu.ec\/anjumera95\/wp-json\/wp\/v2\/comments?post=240"}],"version-history":[{"count":16,"href":"https:\/\/blog.espol.edu.ec\/anjumera95\/wp-json\/wp\/v2\/pages\/240\/revisions"}],"predecessor-version":[{"id":292,"href":"https:\/\/blog.espol.edu.ec\/anjumera95\/wp-json\/wp\/v2\/pages\/240\/revisions\/292"}],"wp:attachment":[{"href":"https:\/\/blog.espol.edu.ec\/anjumera95\/wp-json\/wp\/v2\/media?parent=240"}],"curies":[{"name":"wp","href":"https:\/\/api.w.org\/{rel}","templated":true}]}}