{"id":300,"date":"2017-03-29T19:52:59","date_gmt":"2017-03-30T00:52:59","guid":{"rendered":"http:\/\/blog.espol.edu.ec\/anjumera95\/?page_id=300"},"modified":"2018-09-03T21:14:08","modified_gmt":"2018-09-04T02:14:08","slug":"gama-alta-2017","status":"publish","type":"page","link":"https:\/\/blog.espol.edu.ec\/anjumera95\/gama-alta-2017\/","title":{"rendered":"Gama Alta 2017"},"content":{"rendered":"<p>&nbsp;<\/p>\n<p><strong>Gama Alta 2017<\/strong><\/p>\n<p>&nbsp;<\/p>\n<p>1. <strong>HTC U11+<\/strong><\/p>\n<ul>\n<li>Pantalla Super LCD Gorilla Glass 5 1440 x 2880 pixels, 6 pulgadas<\/li>\n<li>Lector de huellas dactilares<\/li>\n<li>Resistencia al polvo y agua<\/li>\n<li>C\u00e1mara principal de 12\u00a0MP, Flash LED dual, Video 4K<\/li>\n<li>Autofocus asistido por l\u00e1ser<\/li>\n<li>C\u00e1mara frontal 8 MP<\/li>\n<li>64 \u00f3 128 GB memoria, Slot MicroSD<\/li>\n<li>4 \u00f3 6 GB RAM<\/li>\n<li>Procesador Octa-Core de 64 bits\u00a0Snapdragon 835 4x2.45+4x1.90 GHz<\/li>\n<li>Procesador gr\u00e1fico\u00a0Adreno 540 @0.71 GHz<\/li>\n<li>Bater\u00eda 3000 mAh<\/li>\n<\/ul>\n<p><img loading=\"lazy\" decoding=\"async\" class=\"irc_mi\" src=\"https:\/\/cf4.s3.souqcdn.com\/item\/2017\/11\/15\/28\/04\/72\/48\/item_XL_28047248_71643208.jpg\" alt=\"Resultado de imagen para htc u11+\" width=\"244\" height=\"232\" \/><\/p>\n<p>&nbsp;<\/p>\n<p>2. <strong>Samsung Galaxy S8<\/strong><\/p>\n<ul>\n<li>Pantalla Super AMOLED 1440\u00d72960 P \u2013 5.8 pulgadas<\/li>\n<li>Sensor de ritmo card\u00edaco, Sensor dactilar y Sensor de iris.<\/li>\n<li>Certificaci\u00f3n IP68: resistente al agua<\/li>\n<li>C\u00e1mara principal 12 MP, Flash LED dual, Video UHD (4K)<\/li>\n<li>C\u00e1mara Frontal 8 MP<\/li>\n<li>64 GB memoria,\u00a0Slot MicroSD hasta 256 GB<\/li>\n<li>4 GB RAM<\/li>\n<li>Procesador(opci\u00f3n1) Octa-Core de 64 bits Exynos 8895 4x2.3+4x1.7 GHz, con GPU Mali-G71 MP12 @0.65 GHz<\/li>\n<li>Procesador(opci\u00f3n2) Octa-Core de 46 bits\u00a0Snapdragon 835 4x2.45+4x1.90 GHz, con GPU Adreno 540 @0.71 GHz<\/li>\n<li>Bate\u00eda 3000 mAh<\/li>\n<\/ul>\n<p><a href=\"http:\/\/blog.espol.edu.ec\/anjumera95\/files\/2017\/03\/Samsung_Galaxy_s8.jpg\"><img loading=\"lazy\" decoding=\"async\" class=\"alignnone size-medium wp-image-303\" src=\"http:\/\/blog.espol.edu.ec\/anjumera95\/files\/2017\/03\/Samsung_Galaxy_s8-300x170.jpg\" alt=\"Samsung_Galaxy_s8\" width=\"300\" height=\"170\" srcset=\"https:\/\/blog.espol.edu.ec\/anjumera95\/files\/2017\/03\/Samsung_Galaxy_s8-300x170.jpg 300w, https:\/\/blog.espol.edu.ec\/anjumera95\/files\/2017\/03\/Samsung_Galaxy_s8-768x434.jpg 768w, https:\/\/blog.espol.edu.ec\/anjumera95\/files\/2017\/03\/Samsung_Galaxy_s8.jpg 980w\" sizes=\"auto, (max-width: 300px) 100vw, 300px\" \/><\/a><\/p>\n<p>&nbsp;<\/p>\n<p>3.\u00a0<strong>Motorola Moto Z2 Force<\/strong><\/p>\n<ul>\n<li>Pantalla 1440\u00d72560 P, 5.5 pulgadas (resistente a impactos)<\/li>\n<li>Lector de huellas dactilares<\/li>\n<li>Resistente al polvo y agua<\/li>\n<li>C\u00e1mara principal Dual de 21 MP, Flash LED dual, Video 4K<\/li>\n<li>Autofoco por detecci\u00f3n de fase y l\u00e1ser.<\/li>\n<li>C\u00e1mara Frontal 5 MP 1080 P, Flash LED<\/li>\n<li>64 \u00f3 128 GB memoria,\u00a0Slot MicroSD hasta 2 TB<\/li>\n<li>4 \u00f3 6 GB RAM<\/li>\n<li>Procesador Octa-Core de 64 bits\u00a0Snapdragon 835 4x2.45+4x1.90 GHz<\/li>\n<li>Procesador gr\u00e1fico\u00a0Adreno 540 @0.71 GHz<\/li>\n<li>Bate\u00eda 2730 mAh<\/li>\n<\/ul>\n<p><a href=\"http:\/\/blog.espol.edu.ec\/anjumera95\/files\/2017\/03\/726201792827AM_635_moto_z2_force.jpeg\"><img loading=\"lazy\" decoding=\"async\" class=\"alignnone wp-image-344\" src=\"http:\/\/blog.espol.edu.ec\/anjumera95\/files\/2017\/03\/726201792827AM_635_moto_z2_force-300x225.jpeg\" alt=\"\" width=\"300\" height=\"225\" srcset=\"https:\/\/blog.espol.edu.ec\/anjumera95\/files\/2017\/03\/726201792827AM_635_moto_z2_force-300x225.jpeg 300w, https:\/\/blog.espol.edu.ec\/anjumera95\/files\/2017\/03\/726201792827AM_635_moto_z2_force.jpeg 635w\" sizes=\"auto, (max-width: 300px) 100vw, 300px\" \/><\/a><\/p>\n<p>&nbsp;<\/p>\n<p>4. <strong>Sony Xperia XZ Premium<\/strong><\/p>\n<ul>\n<li>Pantalla LCD IPS 4K de 5.5 pulgadas<\/li>\n<li>Lector de huellas dactilares<\/li>\n<li>C\u00e1mara principal 19 MP, Flash LED, video 4K<\/li>\n<li>V\u00eddeo hasta 960 cuadros por segundo<\/li>\n<li>C\u00e1mara frontal 13 MP<\/li>\n<li>64 GB memoria, Slot MicroSD hasta 256 GB<\/li>\n<li>4 GB RAM<\/li>\n<li>Procesador Octa-Core de 64 bits\u00a0Snapdragon 835 4x2.45+4x1.90 GHz<\/li>\n<li>Procesador gr\u00e1fico\u00a0Adreno 540 @0.71 GHz<\/li>\n<li>Bater\u00eda 3230 mAh<\/li>\n<\/ul>\n<p><a href=\"http:\/\/blog.espol.edu.ec\/anjumera95\/files\/2017\/03\/sony-xperia-xz-premium-1488190238057.jpg\"><img loading=\"lazy\" decoding=\"async\" class=\"alignnone wp-image-302\" src=\"http:\/\/blog.espol.edu.ec\/anjumera95\/files\/2017\/03\/sony-xperia-xz-premium-1488190238057-300x186.jpg\" alt=\"sony-xperia-xz-premium-1488190238057\" width=\"318\" height=\"197\" srcset=\"https:\/\/blog.espol.edu.ec\/anjumera95\/files\/2017\/03\/sony-xperia-xz-premium-1488190238057-300x186.jpg 300w, https:\/\/blog.espol.edu.ec\/anjumera95\/files\/2017\/03\/sony-xperia-xz-premium-1488190238057-768x475.jpg 768w, https:\/\/blog.espol.edu.ec\/anjumera95\/files\/2017\/03\/sony-xperia-xz-premium-1488190238057-1024x633.jpg 1024w, https:\/\/blog.espol.edu.ec\/anjumera95\/files\/2017\/03\/sony-xperia-xz-premium-1488190238057.jpg 1200w\" sizes=\"auto, (max-width: 318px) 100vw, 318px\" \/><\/a><\/p>\n<p>&nbsp;<\/p>\n<p>&nbsp;<\/p>\n<p>5.\u00a0<strong>Nokia 8<\/strong><\/p>\n<ul>\n<li>Pantalla LCD IPS 1440\u00d72560 P \u2013 5.3 pulgadas<\/li>\n<li>Lector de huellas dactilares<\/li>\n<li>Resistente a salpicaduras<\/li>\n<li>C\u00e1mara Dual de 13+13 MP, Flash LED, video UHD (4K)<\/li>\n<li>Autofocus asistido por l\u00e1ser<\/li>\n<li>C\u00e1mara Frontal 13 MP 1080 P<\/li>\n<li>64 \u00f3 128 GB Memoria interna, Slot microSD<\/li>\n<li>4 \u00f3 6 GB RAM<\/li>\n<li>Procesador Octa-Core de 64 bits\u00a0Snapdragon 835 4x2.45+4x1.90 GHz<\/li>\n<li>Procesador gr\u00e1fico\u00a0Adreno 540 @0.71 GHz<\/li>\n<li>Bater\u00eda 3090 mAh<\/li>\n<\/ul>\n<p><img loading=\"lazy\" decoding=\"async\" class=\"\" src=\"http:\/\/drop.ndtv.com\/TECH\/product_database\/images\/8162017114310PM_635_nokia_8_back_silver.jpeg\" alt=\"Resultado de imagen para nokia 8\" width=\"321\" height=\"241\" \/><\/p>\n<p>&nbsp;<\/p>\n<p>6.\u00a0<strong>Sony Xperia XZ1<\/strong><\/p>\n<ul>\n<li>Pantalla LCD IPS Full HD de 5.2 pulgadas<\/li>\n<li>Lector de huellas dactilares<\/li>\n<li>Resistente al polvo y agua<\/li>\n<li>C\u00e1mara principal 19 MP, Flash LED, video 4K<\/li>\n<li>V\u00eddeo hasta 960 cuadros por segundo<\/li>\n<li>C\u00e1mara frontal 13 MP<\/li>\n<li>64 GB memoria, Slot MicroSD hasta 256 GB<\/li>\n<li>4 GB RAM<\/li>\n<li>Procesador Octa-Core de 64 bits\u00a0Snapdragon 835 4x2.45+4x1.90 GHz<\/li>\n<li>Procesador gr\u00e1fico\u00a0Adreno 540 @0.71 GHz<\/li>\n<li>Bater\u00eda 2700 mAh<\/li>\n<\/ul>\n<p><img loading=\"lazy\" decoding=\"async\" class=\"\" src=\"https:\/\/i.gadgets360cdn.com\/large\/sony_xperia_xz1_1504186574834.jpg?output-quality=80\" alt=\"Resultado de imagen para sony xperia xz1\" width=\"397\" height=\"223\" \/><\/p>\n<p>&nbsp;<\/p>\n<p>7. <strong>Huawei P10 Plus<\/strong><\/p>\n<ul>\n<li>Pantalla LCD IPS Gorilla Glass 5 QHD 5.5 pulgadas<\/li>\n<li>Resistencia al agua, lector de huellas dactilares<\/li>\n<li>C\u00e1mara principal Dual de 12+20 MP, Flash LED dual, video 2160 P<\/li>\n<li>Autofocus por detecci\u00f3n de fase<\/li>\n<li>C\u00e1mara frontal 8 MP 1080 P<\/li>\n<li>64 \u00f3 128 GB memoria, slot microSD<\/li>\n<li>4 \u00f3 6 GB Ram<\/li>\n<li>Procesador Octa-Core de 64 bits Kirin 960 4x2.4+4x1.8 GHz<\/li>\n<li>Procesador gr\u00e1fico Mali-G71MP8 @1 GHz<\/li>\n<li>Bater\u00eda 3750 mAh<\/li>\n<\/ul>\n<p><a href=\"http:\/\/blog.espol.edu.ec\/anjumera95\/files\/2017\/03\/Huawei-P10-frontal-trasera-laterales-1024x538.jpg\"><img loading=\"lazy\" decoding=\"async\" class=\"alignnone wp-image-301\" src=\"http:\/\/blog.espol.edu.ec\/anjumera95\/files\/2017\/03\/Huawei-P10-frontal-trasera-laterales-1024x538-300x158.jpg\" alt=\"Huawei-P10-frontal-trasera-laterales-1024x538\" width=\"397\" height=\"209\" srcset=\"https:\/\/blog.espol.edu.ec\/anjumera95\/files\/2017\/03\/Huawei-P10-frontal-trasera-laterales-1024x538-300x158.jpg 300w, https:\/\/blog.espol.edu.ec\/anjumera95\/files\/2017\/03\/Huawei-P10-frontal-trasera-laterales-1024x538-768x404.jpg 768w, https:\/\/blog.espol.edu.ec\/anjumera95\/files\/2017\/03\/Huawei-P10-frontal-trasera-laterales-1024x538.jpg 1024w\" sizes=\"auto, (max-width: 397px) 100vw, 397px\" \/><\/a><\/p>\n<p>&nbsp;<\/p>\n<p>8.<strong> LG G6<\/strong><\/p>\n<ul>\n<li>Pantalla LCD IPS 1440\u00d72880 P \u2013 5.7 pulgadas<\/li>\n<li>Lector de huellas dactilares<\/li>\n<li>Resistente al polvo y agua<\/li>\n<li>C\u00e1mara Dual de 13+13 MP, Flash LED, video UHD (4K)<\/li>\n<li>Autofocus asistido por l\u00e1ser<\/li>\n<li>C\u00e1mara Frontal 5 MP 1080 P<\/li>\n<li>32 \u00f3 64 GB Memoria interna, Slot microSD<\/li>\n<li>4 GB RAM<\/li>\n<li>Procesador Quad-Core de 64 bits Snapdragon 821 2x2.3+2x2.2 GHz<\/li>\n<li>Procesador gr\u00e1fico Adreno 530 @0.65 GHz<\/li>\n<li>Bater\u00eda 3300 mAh<\/li>\n<\/ul>\n<p><a href=\"http:\/\/blog.espol.edu.ec\/anjumera95\/files\/2017\/03\/LG-G6.jpg\"><img loading=\"lazy\" decoding=\"async\" class=\"alignnone wp-image-304\" src=\"http:\/\/blog.espol.edu.ec\/anjumera95\/files\/2017\/03\/LG-G6-300x213.jpg\" alt=\"LG-G6\" width=\"332\" height=\"236\" srcset=\"https:\/\/blog.espol.edu.ec\/anjumera95\/files\/2017\/03\/LG-G6-300x213.jpg 300w, https:\/\/blog.espol.edu.ec\/anjumera95\/files\/2017\/03\/LG-G6-768x544.jpg 768w, https:\/\/blog.espol.edu.ec\/anjumera95\/files\/2017\/03\/LG-G6-1024x726.jpg 1024w\" sizes=\"auto, (max-width: 332px) 100vw, 332px\" \/><\/a><\/p>\n<p>&nbsp;<\/p>\n<p>9. <strong>Huawei Honor 9<\/strong><\/p>\n<ul>\n<li>Pantalla LCD IPS Gorilla Glass 5 Full HD 5.15 pulgadas<\/li>\n<li>Lector de huellas dactilares<\/li>\n<li>C\u00e1mara principal Dual de 12+20 MP, Flash LED dual, video 2160 P<\/li>\n<li>Autofocus por detecci\u00f3n de fase<\/li>\n<li>C\u00e1mara frontal 8 MP 1080 P<\/li>\n<li>64 \u00f3 128 GB memoria, slot microSD<\/li>\n<li>4 \u00f3 6 GB Ram<\/li>\n<li>Procesador Octa-Core de 64 bits Kirin 960 4x2.4+4x1.8 GHz<\/li>\n<li>Procesador gr\u00e1fico Mali-G71MP8 @1 GHz<\/li>\n<li>Bater\u00eda 3200 mAh<\/li>\n<\/ul>\n<p><a href=\"http:\/\/blog.espol.edu.ec\/anjumera95\/files\/2017\/03\/huawei-honor-9-11.jpg\"><img loading=\"lazy\" decoding=\"async\" class=\"alignnone wp-image-343\" src=\"http:\/\/blog.espol.edu.ec\/anjumera95\/files\/2017\/03\/huawei-honor-9-11-268x300.jpg\" alt=\"\" width=\"229\" height=\"256\" srcset=\"https:\/\/blog.espol.edu.ec\/anjumera95\/files\/2017\/03\/huawei-honor-9-11-268x300.jpg 268w, https:\/\/blog.espol.edu.ec\/anjumera95\/files\/2017\/03\/huawei-honor-9-11.jpg 536w\" sizes=\"auto, (max-width: 229px) 100vw, 229px\" \/><\/a><\/p>\n<p>&nbsp;<\/p>\n<p>10. <strong>Huawei P10<\/strong><\/p>\n<ul>\n<li>Pantalla LCD IPS Gorilla Glass 5 Full HD 5.1 pulgadas<\/li>\n<li>Lector de huellas dactilares<\/li>\n<li>C\u00e1mara principal Dual de 12+20 MP, Flash LED dual, video 2160 P<\/li>\n<li>Autofocus por detecci\u00f3n de fase<\/li>\n<li>C\u00e1mara frontal 8 MP 1080 P<\/li>\n<li>64 GB memoria, slot microSD<\/li>\n<li>4 GB Ram<\/li>\n<li>Procesador Octa-Core de 64 bits\u00a0Kirin 960 4x2.4+4x1.8 GHz<\/li>\n<li>Procesador gr\u00e1fico Mali-G71MP8 @1 GHz<\/li>\n<li>Bater\u00eda 3200 mAh<\/li>\n<\/ul>\n<p><a href=\"http:\/\/blog.espol.edu.ec\/anjumera95\/files\/2017\/03\/Huawei_P_10_.jpg\"><img loading=\"lazy\" decoding=\"async\" class=\"alignnone size-medium wp-image-305\" src=\"http:\/\/blog.espol.edu.ec\/anjumera95\/files\/2017\/03\/Huawei_P_10_-300x269.jpg\" alt=\"Huawei_P_10_\" width=\"300\" height=\"269\" srcset=\"https:\/\/blog.espol.edu.ec\/anjumera95\/files\/2017\/03\/Huawei_P_10_-300x269.jpg 300w, https:\/\/blog.espol.edu.ec\/anjumera95\/files\/2017\/03\/Huawei_P_10_.jpg 600w\" sizes=\"auto, (max-width: 300px) 100vw, 300px\" \/><\/a><\/p>\n<p>&nbsp;<\/p>\n","protected":false},"excerpt":{"rendered":"<p>&nbsp; Gama Alta 2017 &nbsp; 1. HTC U11+ Pantalla Super LCD Gorilla Glass 5 1440 x 2880 pixels, 6 pulgadas Lector de huellas dactilares Resistencia al polvo y agua C\u00e1mara principal de 12\u00a0MP, Flash LED dual, Video 4K Autofocus asistido por l\u00e1ser C\u00e1mara frontal 8 MP 64 \u00f3 128 GB memoria, Slot MicroSD 4 \u00f3 [&hellip;]<\/p>\n","protected":false},"author":9068,"featured_media":0,"parent":0,"menu_order":0,"comment_status":"closed","ping_status":"closed","template":"","meta":{"footnotes":""},"class_list":["post-300","page","type-page","status-publish","hentry"],"_links":{"self":[{"href":"https:\/\/blog.espol.edu.ec\/anjumera95\/wp-json\/wp\/v2\/pages\/300","targetHints":{"allow":["GET"]}}],"collection":[{"href":"https:\/\/blog.espol.edu.ec\/anjumera95\/wp-json\/wp\/v2\/pages"}],"about":[{"href":"https:\/\/blog.espol.edu.ec\/anjumera95\/wp-json\/wp\/v2\/types\/page"}],"author":[{"embeddable":true,"href":"https:\/\/blog.espol.edu.ec\/anjumera95\/wp-json\/wp\/v2\/users\/9068"}],"replies":[{"embeddable":true,"href":"https:\/\/blog.espol.edu.ec\/anjumera95\/wp-json\/wp\/v2\/comments?post=300"}],"version-history":[{"count":18,"href":"https:\/\/blog.espol.edu.ec\/anjumera95\/wp-json\/wp\/v2\/pages\/300\/revisions"}],"predecessor-version":[{"id":380,"href":"https:\/\/blog.espol.edu.ec\/anjumera95\/wp-json\/wp\/v2\/pages\/300\/revisions\/380"}],"wp:attachment":[{"href":"https:\/\/blog.espol.edu.ec\/anjumera95\/wp-json\/wp\/v2\/media?parent=300"}],"curies":[{"name":"wp","href":"https:\/\/api.w.org\/{rel}","templated":true}]}}