{"id":354,"date":"2017-10-27T19:26:25","date_gmt":"2017-10-28T00:26:25","guid":{"rendered":"http:\/\/blog.espol.edu.ec\/anjumera95\/?page_id=354"},"modified":"2018-09-03T23:17:49","modified_gmt":"2018-09-04T04:17:49","slug":"gama-media-alta","status":"publish","type":"page","link":"https:\/\/blog.espol.edu.ec\/anjumera95\/gama-media-alta\/","title":{"rendered":"Gama media-alta 2017"},"content":{"rendered":"<p>&nbsp;<\/p>\n<p><strong>Gama media\/alta 2017<\/strong><\/p>\n<p>&nbsp;<\/p>\n<p>1.<strong> Sony Xperia XZ<\/strong><\/p>\n<ul>\n<li>Pantalla LCD IPS Full HD de 5.2 pulgadas<\/li>\n<li>Lector de huellas dactilares<\/li>\n<li>Resistencia al polvo y agua<\/li>\n<li>C\u00e1mara principal de 23 MP, Flash LED<\/li>\n<li>C\u00e1mara frontal de 13 MP<\/li>\n<li>32 \u00f3 64 GB memoria, Slot MicroSD<\/li>\n<li>3 GB RAM<\/li>\n<li>Procesador Snapdragon 820 Quad-Core de 64 bits 2x2.2+2x1.7 GHz<\/li>\n<li>GPU Adreno 530 @0.62 GHz<\/li>\n<li>Bater\u00eda 2900 mAh<\/li>\n<\/ul>\n<p><a href=\"http:\/\/blog.espol.edu.ec\/anjumera95\/files\/2017\/03\/sony_XZ.jpeg\"><img loading=\"lazy\" decoding=\"async\" class=\"irc_mi\" src=\"https:\/\/sanandresitoonline.com\/wp-content\/uploads\/2017\/08\/galxperiaxzblue.jpg\" alt=\"Resultado de imagen para xperia xz\" width=\"374\" height=\"280\" \/><\/a><\/p>\n<p>&nbsp;<\/p>\n<p>&nbsp;<\/p>\n<p>2.<strong> Sony Xperia XA1 Plus<\/strong><\/p>\n<ul>\n<li>Pantalla IPS Full HD de 5.5 pulgadas<\/li>\n<li>Sensor de huellas dactilares<\/li>\n<li>C\u00e1mara principal de 23 MP, Flash LED<\/li>\n<li>C\u00e1mara Frontal 8 MP<\/li>\n<li>32\u00a0 GB memoria,\u00a0Slot MicroSD hasta 256 GB<\/li>\n<li>4 GB RAM<\/li>\n<li>Procesador Octa-Core de 64 bits Mediatek MT6757 Helio P20 8\u00d72.3 GHz<\/li>\n<li>GPU Mali-T880MP2 @0.9 GHz<\/li>\n<li>Bate\u00eda 3430 mAh<\/li>\n<\/ul>\n<p><img loading=\"lazy\" decoding=\"async\" class=\"irc_mi\" src=\"http:\/\/www.mysonyshop.com\/images\/products\/00\/16\/55\/1655_buyuk.jpg\" alt=\"Imagen relacionada\" width=\"270\" height=\"270\" \/><\/p>\n<p>&nbsp;<\/p>\n<p>&nbsp;<\/p>\n<p>3.<strong> HTC U11 life<\/strong><\/p>\n<ul>\n<li>Pantalla Super LCD Full HD de 5.2 pulgadas<\/li>\n<li>Lector de huellas dactilares<\/li>\n<li>Certificaci\u00f3n IP67: resistente al polvo y agua<\/li>\n<li>C\u00e1mara principal de 16 MP, Flash LED<\/li>\n<li>C\u00e1mara frontal de 16 MP<\/li>\n<li>32 \u00f3 64 GB memoria, Slot MicroSD<\/li>\n<li>4 \u00f3 6 GB RAM<\/li>\n<li>Procesador Snapdragon 630 Octa-Core de 64 bits 4x2.2+4x1.8 GHz<\/li>\n<li>GPU Adreno 508 @0.65 GHz<\/li>\n<li>Bater\u00eda 3000 mAh<\/li>\n<\/ul>\n<p><img loading=\"lazy\" decoding=\"async\" class=\"irc_mi\" src=\"https:\/\/images-na.ssl-images-amazon.com\/images\/I\/81eGkbXo0RL._SX569_.jpg\" alt=\"Imagen relacionada\" width=\"280\" height=\"280\" \/><\/p>\n<p>&nbsp;<\/p>\n<p>&nbsp;<\/p>\n<p>4.<strong> Nokia 7<\/strong><\/p>\n<ul>\n<li>Pantalla LCD IPS Full HD de 5.2 pulgadas<\/li>\n<li>Lector de huellas dactilares<\/li>\n<li>C\u00e1mara principal de 16 MP, Flash LED dual<\/li>\n<li>C\u00e1mara frontal de 5 MP<\/li>\n<li>64 GB memoria, Slot MicroSD<\/li>\n<li>4 \u00f3 6 GB RAM<\/li>\n<li>Procesador Snapdragon 630 Octa-Core de 64 bits 4x2.2+4x1.8 GHz<\/li>\n<li>GPU Adreno 508 @0.65 GHz<\/li>\n<li>Bater\u00eda 3000 mAh<\/li>\n<\/ul>\n<p><img loading=\"lazy\" decoding=\"async\" class=\"irc_mi\" src=\"https:\/\/cdn.planetared.com\/wp-content\/uploads\/2018\/03\/Nokia-7_01.jpg\" alt=\"Resultado de imagen para nokia 7\" width=\"252\" height=\"241\" \/><\/p>\n<p>&nbsp;<\/p>\n<p>&nbsp;<\/p>\n<p>5.<strong> Motorola Moto X4<\/strong><\/p>\n<ul>\n<li>Pantalla Full HD de 5.2 pulgadas<\/li>\n<li>Lector de huellas dactilares<\/li>\n<li>Resistente al polvo y agua<\/li>\n<li>C\u00e1mara principal Dual de (13 + 8) MP, Flash LED dual<\/li>\n<li>C\u00e1mara Frontal de 16 MP<\/li>\n<li>32 \u00f3 64 GB memoria,\u00a0Slot MicroSD<\/li>\n<li>3 \u00f3 4 GB RAM<\/li>\n<li>Procesador Snapdragon 630 Octa-Core de 64 bits 4x2.2+4x1.8 GHz<\/li>\n<li>GPU Adreno 508 @0.65 GHz<\/li>\n<li>Bate\u00eda 3000 mAh<\/li>\n<\/ul>\n<p><a href=\"http:\/\/blog.espol.edu.ec\/anjumera95\/files\/2017\/03\/moto-x4.jpg\"><img loading=\"lazy\" decoding=\"async\" class=\"alignnone wp-image-346\" src=\"http:\/\/blog.espol.edu.ec\/anjumera95\/files\/2017\/03\/moto-x4-300x210.jpg\" alt=\"\" width=\"317\" height=\"222\" srcset=\"https:\/\/blog.espol.edu.ec\/anjumera95\/files\/2017\/03\/moto-x4-300x210.jpg 300w, https:\/\/blog.espol.edu.ec\/anjumera95\/files\/2017\/03\/moto-x4-768x537.jpg 768w, https:\/\/blog.espol.edu.ec\/anjumera95\/files\/2017\/03\/moto-x4-1024x715.jpg 1024w, https:\/\/blog.espol.edu.ec\/anjumera95\/files\/2017\/03\/moto-x4.jpg 1125w\" sizes=\"auto, (max-width: 317px) 100vw, 317px\" \/><\/a><\/p>\n<p>&nbsp;<\/p>\n<p>&nbsp;<\/p>\n<p>6.<strong> Huawei Mate 10 lite<\/strong><\/p>\n<ul>\n<li>Pantalla LCD IPS 1080x2160 de 5.9 pulgadas<\/li>\n<li>Lector de huellas dactilares<\/li>\n<li>C\u00e1mara principal Dual de (16 + 2) MP, Flash LED<\/li>\n<li>C\u00e1mara frontal Dual de (13 + 2) MP<\/li>\n<li>64 GB memoria,\u00a0Slot MicroSD<\/li>\n<li>4 GB RAM<\/li>\n<li>Procesador Kirin 659 Octa-Core de 64 bits 4x2.3+4x1.7 GHz<\/li>\n<li>GPU Mali-T830MP2 @0.6 GHz<\/li>\n<li>Bate\u00eda 3340 mAh<\/li>\n<\/ul>\n<p><img loading=\"lazy\" decoding=\"async\" class=\"irc_mi\" src=\"https:\/\/cdn.eglobalcentral.com.es\/images\/detailed\/60\/huawei-mate-10-lite-64gb-4g-dual-sim-blue.jpg\" alt=\"Resultado de imagen para huawei mate 10 lite\" width=\"300\" height=\"300\" \/><\/p>\n<p>&nbsp;<\/p>\n<p>&nbsp;<\/p>\n<p>7.<strong> Huawei Nova 2<\/strong><\/p>\n<ul>\n<li>Pantalla LCD IPS Full HD de 5 pulgadas<\/li>\n<li>Lector de huellas dactilares<\/li>\n<li>C\u00e1mara principal Dual de (12 + 8) MP, Flash LED<\/li>\n<li>C\u00e1mara frontal de 20 MP<\/li>\n<li>64 GB memoria,\u00a0Slot MicroSD<\/li>\n<li>4 GB RAM<\/li>\n<li>Procesador Kirin 659 Octa-Core de 64 bits 4x2.3+4x1.7 GHz<\/li>\n<li>GPU Mali-T830MP2 @0.6 GHz<\/li>\n<li>Bate\u00eda 2950 mAh<\/li>\n<\/ul>\n<p><strong><img loading=\"lazy\" decoding=\"async\" class=\"irc_mi\" src=\"https:\/\/image2.geekbuying.com\/ggo_pic\/2017-11-29\/HUAWEI-Nova-2-5-0-Inch-4GB-64GB-Smartphone-Blue-500083-.jpg\" alt=\"Resultado de imagen para huawei nova 2\" width=\"280\" height=\"280\" \/><\/strong><\/p>\n<p>&nbsp;<\/p>\n<p>&nbsp;<\/p>\n<p>8.<strong> Moto Z2 Play<\/strong><\/p>\n<ul>\n<li>Pantalla LCD IPS Full HD de 5.5 pulgadas<\/li>\n<li>Lector de huellas dactilares<\/li>\n<li>Resistencia al polvo y agua<\/li>\n<li>C\u00e1mara principal de 12 MP, Flash LED dual<\/li>\n<li>C\u00e1mara frontal de 5 MP<\/li>\n<li>32 \u00f3 64 GB memoria, Slot MicroSD<\/li>\n<li>3 \u00f3 4 GB RAM<\/li>\n<li>Procesador Snapdragon 626 Octa-Core de 64 bits 4x2+4x2 GHz<\/li>\n<li>GPU Adreno 506 @0.65 GHz<\/li>\n<li>Bater\u00eda 3000 mAh<\/li>\n<\/ul>\n<p><img loading=\"lazy\" decoding=\"async\" class=\"irc_mi\" src=\"https:\/\/http2.mlstatic.com\/celular-moto-z2-play-55-64gb-4gb-4g-lte-gtia-oficial-D_NQ_NP_985742-MLA26169472679_102017-F.jpg\" alt=\"Resultado de imagen para moto z2 play\" width=\"280\" height=\"280\" \/><\/p>\n<p>&nbsp;<\/p>\n<p>&nbsp;<\/p>\n<p>9.\u00a0<strong>Moto G5 Plus<\/strong><\/p>\n<ul>\n<li>Pantalla LCD IPS Full HD de 5.2 pulgadas<\/li>\n<li>Lector de huellas dactilares<\/li>\n<li>C\u00e1mara principal de 12 MP, Flash LED dual<\/li>\n<li>C\u00e1mara frontal de 5 MP<\/li>\n<li>32 GB memoria, Slot MicroSD<\/li>\n<li>3 GB RAM<\/li>\n<li>Procesador Snapdragon 625 Octa-Core de 64 bits 4x2+4x2 GHz<\/li>\n<li>GPU Adreno 506 @0.65 GHz<\/li>\n<li>Bater\u00eda 3000 mAh<\/li>\n<\/ul>\n<p><img loading=\"lazy\" decoding=\"async\" class=\"irc_mi\" src=\"http:\/\/extremetechcr.com\/tienda\/1622-large_default\/motorola-moto-g5-plus.jpg\" alt=\"Imagen relacionada\" width=\"268\" height=\"262\" \/><\/p>\n<p>&nbsp;<\/p>\n<p>&nbsp;<\/p>\n<p>10.\u00a0<strong>Alcatel Idol 5S<\/strong><\/p>\n<ul>\n<li>Pantalla LCD IPS Full HD de 5.2 pulgadas<\/li>\n<li>Lector de huellas dactilares<\/li>\n<li>C\u00e1mara principal de 12 MP, Flash LED dual<\/li>\n<li>C\u00e1mara frontal de 8 MP<\/li>\n<li>32 GB memoria, Slot MicroSD<\/li>\n<li>3 GB RAM<\/li>\n<li>Procesador Snapdragon 625 Octa-Core de 64 bits 4x2+4x2 GHz<\/li>\n<li>GPU Adreno 506 @0.65 GHz<\/li>\n<li>Bater\u00eda 2620 mAh<\/li>\n<\/ul>\n<p><img loading=\"lazy\" decoding=\"async\" class=\"irc_mi\" src=\"https:\/\/www.tuexperto.com\/wp-content\/uploads\/2017\/09\/hidepu.jpg\" alt=\"Resultado de imagen para alcatel idol 5s\" width=\"300\" height=\"247\" \/><\/p>\n","protected":false},"excerpt":{"rendered":"<p>&nbsp; Gama media\/alta 2017 &nbsp; 1. Sony Xperia XZ Pantalla LCD IPS Full HD de 5.2 pulgadas Lector de huellas dactilares Resistencia al polvo y agua C\u00e1mara principal de 23 MP, Flash LED C\u00e1mara frontal de 13 MP 32 \u00f3 64 GB memoria, Slot MicroSD 3 GB RAM Procesador Snapdragon 820 Quad-Core de 64 bits [&hellip;]<\/p>\n","protected":false},"author":9068,"featured_media":0,"parent":0,"menu_order":0,"comment_status":"closed","ping_status":"closed","template":"","meta":{"footnotes":""},"class_list":["post-354","page","type-page","status-publish","hentry"],"_links":{"self":[{"href":"https:\/\/blog.espol.edu.ec\/anjumera95\/wp-json\/wp\/v2\/pages\/354","targetHints":{"allow":["GET"]}}],"collection":[{"href":"https:\/\/blog.espol.edu.ec\/anjumera95\/wp-json\/wp\/v2\/pages"}],"about":[{"href":"https:\/\/blog.espol.edu.ec\/anjumera95\/wp-json\/wp\/v2\/types\/page"}],"author":[{"embeddable":true,"href":"https:\/\/blog.espol.edu.ec\/anjumera95\/wp-json\/wp\/v2\/users\/9068"}],"replies":[{"embeddable":true,"href":"https:\/\/blog.espol.edu.ec\/anjumera95\/wp-json\/wp\/v2\/comments?post=354"}],"version-history":[{"count":8,"href":"https:\/\/blog.espol.edu.ec\/anjumera95\/wp-json\/wp\/v2\/pages\/354\/revisions"}],"predecessor-version":[{"id":389,"href":"https:\/\/blog.espol.edu.ec\/anjumera95\/wp-json\/wp\/v2\/pages\/354\/revisions\/389"}],"wp:attachment":[{"href":"https:\/\/blog.espol.edu.ec\/anjumera95\/wp-json\/wp\/v2\/media?parent=354"}],"curies":[{"name":"wp","href":"https:\/\/api.w.org\/{rel}","templated":true}]}}