{"id":367,"date":"2018-07-27T17:49:25","date_gmt":"2018-07-27T22:49:25","guid":{"rendered":"http:\/\/blog.espol.edu.ec\/anjumera95\/?page_id=367"},"modified":"2018-09-03T21:50:19","modified_gmt":"2018-09-04T02:50:19","slug":"phablets-2017","status":"publish","type":"page","link":"https:\/\/blog.espol.edu.ec\/anjumera95\/phablets-2017\/","title":{"rendered":"Phablets 2017"},"content":{"rendered":"<p>&nbsp;<\/p>\n<p><strong>Phablets 2017\u00a0<\/strong><\/p>\n<p>&nbsp;<\/p>\n<p>1.\u00a0<strong>Huawei Mate 10 Pro<\/strong><\/p>\n<ul>\n<li>Pantalla AMOLED Gorilla Glass 1080 x 2160 pixels, 6.0 pulgadas<\/li>\n<li>Resistencia al polvo y agua<\/li>\n<li>Lector de huellas dactilares<\/li>\n<li>C\u00e1mara principal Dual de 12+20 MP, Flash LED dual, video 2160 P<\/li>\n<li>Autofocus por detecci\u00f3n de fase<\/li>\n<li>C\u00e1mara frontal 8 MP 1080 P<\/li>\n<li>64 \u00f3 128 GB memoria, slot microSD<\/li>\n<li>4 \u00f3 6 GB RAM<\/li>\n<li>Procesador Octa-Core de 64 bits Kirin 970 4\u00d72.4+4\u00d71.8 GHz<\/li>\n<li>Procesador gr\u00e1fico\u00a0Mali-G72 MP12 @0.9 GHz<\/li>\n<li>Bater\u00eda 4000 mAh<\/li>\n<\/ul>\n<p><img loading=\"lazy\" decoding=\"async\" class=\"\" src=\"http:\/\/www.lavanguardia.com\/r\/GODO\/LV\/p4\/WebSite\/2017\/10\/16\/Recortada\/img_rpeco_20171016-174425_imagenes_lv_otras_fuentes_mate_10_pro_blue_front_and_back_preview-kAeC--656x834@LaVanguardia-Web.png\" alt=\"Resultado de imagen para Huawei mate 10 pro\" width=\"246\" height=\"313\" \/><\/p>\n<p>&nbsp;<\/p>\n<p>2.<strong> Samsung Galaxy Note 8<\/strong><\/p>\n<ul>\n<li>Pantalla Super AMOLED 1440\u00d72960 P \u2013 6.3 pulgadas<\/li>\n<li>Sensor de ritmo card\u00edaco, Sensor dactilar y Sensor de iris.<\/li>\n<li>Certificaci\u00f3n IP68: resistente al agua<\/li>\n<li>C\u00e1mara principal dual 12+12 MP, Flash LED dual, Video UHD (4K)<\/li>\n<li>C\u00e1mara Frontal 8 MP<\/li>\n<li>64 o 128 GB memoria,\u00a0Slot MicroSD hasta 256 GB<\/li>\n<li>6 GB RAM<\/li>\n<li>Procesador(opci\u00f3n1) Octa-Core de 64 bits Exynos 8895 4\u00d72.3+4\u00d71.7 GHz, con GPU Mali-G71 MP12 @0.65 GHz<\/li>\n<li>Procesador(opci\u00f3n2) Octa-Core de 46 bits\u00a0Snapdragon 835 4\u00d72.45+4\u00d71.90 GHz, con GPU Adreno 540 @0.71 GHz<\/li>\n<li>Bate\u00eda 3300 mAh<\/li>\n<\/ul>\n<p><strong>\u00a0 \u00a0 \u00a0<img loading=\"lazy\" decoding=\"async\" class=\"irc_mi\" src=\"https:\/\/www.tuexperto.com\/wp-content\/uploads\/2017\/08\/Galaxy_Note_8.jpg\" alt=\"Resultado de imagen para samsung galaxy note 8\" width=\"273\" height=\"250\" \/><\/strong><\/p>\n<p>&nbsp;<\/p>\n<p>3.\u00a0<strong>Huawei Mate 10<\/strong><\/p>\n<ul>\n<li>Pantalla LCD IPS Gorilla Glass\u00a01440 x 2560 pixels, 5.9 pulgadas<\/li>\n<li>Resistencia a salpicaduras<\/li>\n<li>Lector de huellas dactilares<\/li>\n<li>C\u00e1mara principal Dual de 12+20 MP, Flash LED dual, video 2160 P<\/li>\n<li>Autofocus por detecci\u00f3n de fase<\/li>\n<li>C\u00e1mara frontal 8 MP 1080 P<\/li>\n<li>64 GB memoria, slot microSD<\/li>\n<li>4 GB RAM<\/li>\n<li>Procesador Octa-Core de 64 bits Kirin 970 4\u00d72.4+4\u00d71.8 GHz<\/li>\n<li>Procesador gr\u00e1fico\u00a0Mali-G72 MP12 @0.9 GHz<\/li>\n<li>Bater\u00eda 4000 mAh<\/li>\n<\/ul>\n<p><img loading=\"lazy\" decoding=\"async\" class=\"\" src=\"http:\/\/clipset.20minutos.es\/wp-content\/uploads\/2017\/10\/huawei-mate-10-1024x664.png\" alt=\"Resultado de imagen para Huawei mate 10\" width=\"307\" height=\"199\" \/><\/p>\n<p>&nbsp;<\/p>\n<p>4.\u00a0<strong>Honor view 10<\/strong><\/p>\n<ul>\n<li>Pantalla LCD IPS Gorilla Glass\u00a01080 x 2160 pixels, 6 pulgadas<\/li>\n<li>Lector de huellas dactilares<\/li>\n<li>C\u00e1mara principal Dual de 16+20 MP, Flash LED dual, video 2160 P<\/li>\n<li>Autofocus por detecci\u00f3n de fase<\/li>\n<li>C\u00e1mara frontal 13 MP<\/li>\n<li>64 \u00f3 128GB memoria, slot microSD<\/li>\n<li>4 \u00f3 6 GB RAM<\/li>\n<li>Procesador Octa-Core de 64 bits Kirin 970 4\u00d72.4+4\u00d71.8 GHz<\/li>\n<li>Procesador gr\u00e1fico\u00a0Mali-G72 MP12 @0.9 GHz<\/li>\n<li>Bater\u00eda 3750 mAh<\/li>\n<\/ul>\n<p><img loading=\"lazy\" decoding=\"async\" class=\"irc_mi\" src=\"https:\/\/zdnet4.cbsistatic.com\/hub\/i\/r\/2018\/01\/12\/0ec78a4b-088e-4eba-8894-ef5ae3c9df13\/thumbnail\/770x433\/8034f5a289a36abd059940219e6f8ed5\/honor-view-10-header.jpg\" alt=\"Imagen relacionada\" width=\"356\" height=\"200\" \/><\/p>\n<p>&nbsp;<\/p>\n<p>5.\u00a0<strong>LG V30<\/strong><\/p>\n<ul>\n<li>Pantalla Super AMOLED 1440\u00d72880 P \u2013 6.0 pulgadas<\/li>\n<li>Sensor de huellas dactilares<\/li>\n<li>Certificaci\u00f3n IP68: resistente al agua<\/li>\n<li>C\u00e1mara principal dual 16+13 MP, Flash LED dual, Video UHD (4K)<\/li>\n<li>C\u00e1mara Frontal 5 MP<\/li>\n<li>64 o 128 GB memoria,\u00a0Slot MicroSD hasta 2 TB<\/li>\n<li>4 GB RAM<\/li>\n<li>Procesador Octa-Core de 64 bits\u00a0Snapdragon 835 4\u00d72.45+4\u00d71.90 GHz, con GPU Adreno 540 @0.71 GHz<\/li>\n<li>Bate\u00eda 3300 mAh<\/li>\n<\/ul>\n<p><img loading=\"lazy\" decoding=\"async\" class=\"irc_mi\" src=\"https:\/\/cdn.elgrupoinformatico.com\/img\/w720\/Noticias\/2017\/08\/lg-v30-oficial-ifa-berlin-2017-doble-camara-720x360.jpg\" alt=\"Resultado de imagen para LG v30\" width=\"370\" height=\"185\" \/><\/p>\n<p>&nbsp;<\/p>\n<p>6.\u00a0<strong>Sony Xperia XA1 Ultra<\/strong><\/p>\n<ul>\n<li>Pantalla IPS Full HD de 6 pulgadas<\/li>\n<li>C\u00e1mara principal de 23 MP, Flash LED<\/li>\n<li>C\u00e1mara Frontal 16 MP<\/li>\n<li>32 o 64 GB memoria,\u00a0Slot MicroSD hasta 256 GB<\/li>\n<li>4 GB RAM<\/li>\n<li>Procesador Octa-Core de 64 bits Mediatek MT6757 Helio P20 8x2.3 GHz<\/li>\n<li>GPU Mali-T880MP2 @0.9 GHz<\/li>\n<li>Bate\u00eda 2700 mAh<\/li>\n<\/ul>\n<p><img loading=\"lazy\" decoding=\"async\" class=\"irc_mi\" src=\"https:\/\/www.abenson.com\/media\/catalog\/product\/cache\/75eed2686e01eb22cb4050b2f40ddf97\/1\/4\/148454_2.jpg\" alt=\"Imagen relacionada\" width=\"250\" height=\"250\" \/><\/p>\n<p>&nbsp;<\/p>\n<p>7.\u00a0<strong>Samsung Galaxy J7 Max<\/strong><\/p>\n<ul>\n<li>antalla TFT Full HD de 5.7 pulgadas<\/li>\n<li>Sensor de huellas dactilares<\/li>\n<li>C\u00e1mara principal de 13 MP, Flash LED<\/li>\n<li>C\u00e1mara Frontal 13 MP, Flash LED<\/li>\n<li>32 o 64 GB memoria,\u00a0Slot MicroSD hasta 256 GB<\/li>\n<li>4 GB RAM<\/li>\n<li>Procesador Octa-Core de 64 bits Mediatek MT6757 Helio P20 4x2.3+4x1.6 GHz<\/li>\n<li>GPU Mali-T880MP2 @0.9 GHz<\/li>\n<li>Bate\u00eda 3300 mAh<\/li>\n<\/ul>\n<p><img loading=\"lazy\" decoding=\"async\" class=\"irc_mi\" src=\"https:\/\/d2giyh01gjb6fi.cloudfront.net\/default\/0001\/79\/thumb_78271_default_big.jpeg\" alt=\"Resultado de imagen para samsung galaxy j7 max\" width=\"261\" height=\"208\" \/><\/p>\n<p>&nbsp;<\/p>\n<p>8. <b>LG Stylus 3<\/b><\/p>\n<ul>\n<li>Pantalla IPS HD de 5.7 pulgadas<\/li>\n<li>Sensor de huellas dactilares<\/li>\n<li>C\u00e1mara principal de 13 MP, Flash LED<\/li>\n<li>C\u00e1mara Frontal 5 MP, Flash LED<\/li>\n<li>16 GB memoria,\u00a0Slot MicroSD hasta 128 GB<\/li>\n<li>3 GB RAM<\/li>\n<li>Procesador Octa-Core de 64 bits Mediatek MT6750 4x1.5+4x1 GHz, con GPU Mali-T860MP2 @0.52 GHz<\/li>\n<li>Bate\u00eda 3200 mAh<\/li>\n<\/ul>\n<p><img loading=\"lazy\" decoding=\"async\" class=\"irc_mi\" src=\"https:\/\/d2giyh01gjb6fi.cloudfront.net\/default\/0001\/69\/thumb_68028_default_big.jpeg\" alt=\"Resultado de imagen para lg stylus 3\" width=\"251\" height=\"280\" \/><\/p>\n","protected":false},"excerpt":{"rendered":"<p>&nbsp; Phablets 2017\u00a0 &nbsp; 1.\u00a0Huawei Mate 10 Pro Pantalla AMOLED Gorilla Glass 1080 x 2160 pixels, 6.0 pulgadas Resistencia al polvo y agua Lector de huellas dactilares C\u00e1mara principal Dual de 12+20 MP, Flash LED dual, video 2160 P Autofocus por detecci\u00f3n de fase C\u00e1mara frontal 8 MP 1080 P 64 \u00f3 128 GB memoria, [&hellip;]<\/p>\n","protected":false},"author":9068,"featured_media":0,"parent":0,"menu_order":0,"comment_status":"closed","ping_status":"closed","template":"","meta":{"footnotes":""},"class_list":["post-367","page","type-page","status-publish","hentry"],"_links":{"self":[{"href":"https:\/\/blog.espol.edu.ec\/anjumera95\/wp-json\/wp\/v2\/pages\/367","targetHints":{"allow":["GET"]}}],"collection":[{"href":"https:\/\/blog.espol.edu.ec\/anjumera95\/wp-json\/wp\/v2\/pages"}],"about":[{"href":"https:\/\/blog.espol.edu.ec\/anjumera95\/wp-json\/wp\/v2\/types\/page"}],"author":[{"embeddable":true,"href":"https:\/\/blog.espol.edu.ec\/anjumera95\/wp-json\/wp\/v2\/users\/9068"}],"replies":[{"embeddable":true,"href":"https:\/\/blog.espol.edu.ec\/anjumera95\/wp-json\/wp\/v2\/comments?post=367"}],"version-history":[{"count":6,"href":"https:\/\/blog.espol.edu.ec\/anjumera95\/wp-json\/wp\/v2\/pages\/367\/revisions"}],"predecessor-version":[{"id":382,"href":"https:\/\/blog.espol.edu.ec\/anjumera95\/wp-json\/wp\/v2\/pages\/367\/revisions\/382"}],"wp:attachment":[{"href":"https:\/\/blog.espol.edu.ec\/anjumera95\/wp-json\/wp\/v2\/media?parent=367"}],"curies":[{"name":"wp","href":"https:\/\/api.w.org\/{rel}","templated":true}]}}