{"id":377,"date":"2018-08-31T17:34:50","date_gmt":"2018-08-31T22:34:50","guid":{"rendered":"http:\/\/blog.espol.edu.ec\/anjumera95\/?page_id=377"},"modified":"2018-08-31T17:34:50","modified_gmt":"2018-08-31T22:34:50","slug":"gama-alta-2018","status":"publish","type":"page","link":"https:\/\/blog.espol.edu.ec\/anjumera95\/gama-alta-2018\/","title":{"rendered":"Gama Alta 2018"},"content":{"rendered":"<p>&nbsp;<\/p>\n<p><strong>Gama Alta 2018<\/strong><\/p>\n<p>&nbsp;<\/p>\n<p><strong>1. Samsung Galaxy S9+<\/strong><\/p>\n<ul>\n<li>Pantalla Super AMOLED 1440\u00d72960 P \u2013 6.2 pulgadas<\/li>\n<li>Sensor de ritmo card\u00edaco, Sensor dactilar y Sensor de iris.<\/li>\n<li>Certificaci\u00f3n IP68: resistente al agua y al polvo<\/li>\n<li>C\u00e1mara principal dual de 12 MP, Flash LED dual<\/li>\n<li>C\u00e1mara Frontal 8 MP<\/li>\n<li>64 o 128 GB memoria,\u00a0Slot MicroSD<\/li>\n<li>6 GB RAM<\/li>\n<li>Procesador(opci\u00f3n1) Octa-Core de 64 bits Exynos 9810 4x2.9+4x1.9 GHz, con GPU Mali-G72 MP18 @0.65 GHz<\/li>\n<li>Procesador(opci\u00f3n2) Octa-Core de 64 bits\u00a0Snapdragon 845 4x2.8+4x1.8 GHz, con GPU Adreno 630 @0.71 GHz<\/li>\n<li>Bate\u00eda 3500 mAh<\/li>\n<\/ul>\n<p><img loading=\"lazy\" decoding=\"async\" class=\"irc_mi\" src=\"https:\/\/cdn.eglobalcentral.com.es\/images\/detailed\/62\/samsung-galaxy-s9-plus-g965fd-dual-sim-4g-vvw8fd.jpg\" alt=\"Resultado de imagen para samsung galaxy s9 plus\" width=\"232\" height=\"232\" \/><\/p>\n<p>&nbsp;<\/p>\n<p>&nbsp;<\/p>\n<p><strong>2. Huawei P20 Pro<\/strong><\/p>\n<ul>\n<li>Pantalla AMOLED 1080 x 2240 pixels, 6.1 pulgadas<\/li>\n<li>Certificaci\u00f3n IP67: resistencia al polvo y agua<\/li>\n<li>Lector de huellas dactilares<\/li>\n<li>C\u00e1mara principal Triple de 40, 20 y 8 MP, Flash LED dual<\/li>\n<li>Autofocus por detecci\u00f3n de fase y l\u00e1ser, zoom \u00f3ptico 5x<\/li>\n<li>C\u00e1mara frontal 24 MP 1080 P<\/li>\n<li>128 GB memoria<\/li>\n<li>6 GB RAM<\/li>\n<li>Procesador Octa-Core de 64 bits Kirin 970 4\u00d72.4+4\u00d71.8 GHz<\/li>\n<li>Procesador gr\u00e1fico\u00a0Mali-G72 MP12 @0.9 GHz<\/li>\n<li>Bater\u00eda 4000 mAh<\/li>\n<\/ul>\n<p><img loading=\"lazy\" decoding=\"async\" class=\"irc_mi\" src=\"https:\/\/i.ebayimg.com\/images\/g\/M5YAAOSwaVRavVbq\/s-l300.jpg\" alt=\"Resultado de imagen para huawei p20 pro\" width=\"266\" height=\"241\" \/><\/p>\n<p>&nbsp;<\/p>\n<p>&nbsp;<\/p>\n<p><strong>3. LG G7 ThinQ<\/strong><\/p>\n<ul>\n<li>Pantalla LCD con Gorilla Glass 5 1440 x 3120 pixels, 6.1 pulgadas<\/li>\n<li>Lector de huellas dactilares<\/li>\n<li>C\u00e1mara principal Dual de 16 MP, Flash LED dual<\/li>\n<li>Autofocus asistido por l\u00e1ser<\/li>\n<li>C\u00e1mara frontal de 8 MP<\/li>\n<li>64 \u00f3 128 GB memoria, Slot MicroSD<\/li>\n<li>4 \u00f3 6 GB RAM<\/li>\n<li>Procesador Octa-Core de 64 bits\u00a0Snapdragon 845 4x2.8+4x1.8 GHz<\/li>\n<li>Procesador gr\u00e1fico\u00a0Adreno 630 @0.71 GHz<\/li>\n<li>Bater\u00eda 3000 mAh<\/li>\n<\/ul>\n<p><img loading=\"lazy\" decoding=\"async\" class=\"irc_mi\" src=\"https:\/\/www.movilzona.es\/app\/uploads\/2018\/04\/lg-g7.jpg?x=810\" alt=\"Resultado de imagen para lg g7 thinq\" width=\"372\" height=\"195\" \/><\/p>\n<p>&nbsp;<\/p>\n<p><strong>4. HTC U12+<\/strong><\/p>\n<ul>\n<li>Pantalla Super LCD con Gorilla Glass 5 1440 x 2880 pixels, 6 pulgadas<\/li>\n<li>Lector de huellas dactilares<\/li>\n<li>Resistencia al polvo y agua<\/li>\n<li>C\u00e1mara principal Dual (12+16) MP, Flash LED dual<\/li>\n<li>Autofocus por detecci\u00f3n de fase<\/li>\n<li>C\u00e1mara frontal Dual de 8 MP<\/li>\n<li>64 o 128 GB memoria, Slot MicroSD<\/li>\n<li>6 GB RAM<\/li>\n<li>Procesador Octa-Core de 64 bits\u00a0Snapdragon 845 4x2.8+4x1.8 GHz<\/li>\n<li>Procesador gr\u00e1fico\u00a0Adreno 630 @0.71 GHz<\/li>\n<li>Bater\u00eda 3500 mAh<\/li>\n<\/ul>\n<p><img loading=\"lazy\" decoding=\"async\" class=\"irc_mi\" src=\"https:\/\/www.telefonosmoviles.es\/wp-content\/uploads\/HTC-U12--696x392.jpg\" alt=\"Resultado de imagen para htc u12 plus\" width=\"387\" height=\"218\" \/><\/p>\n<p>&nbsp;<\/p>\n<p>&nbsp;<\/p>\n<p><strong>5. Sony Xperia XZ2 Premium<\/strong><\/p>\n<ul>\n<li>Pantalla LCD IPS 4K de 5.8 pulgadas<\/li>\n<li>Lector de huellas dactilares<\/li>\n<li>Resistencia al polvo y agua<\/li>\n<li>C\u00e1mara principal Dual (19+12) MP, Flash LED, video 4K<\/li>\n<li>V\u00eddeo hasta 960 cuadros por segundo en Full HD<\/li>\n<li>C\u00e1mara frontal 13 MP<\/li>\n<li>64 GB memoria, Slot MicroSD<\/li>\n<li>6 GB RAM<\/li>\n<li>Procesador Octa-Core de 64 bits\u00a0Snapdragon 845 4x2.8+4x1.8 GHz<\/li>\n<li>Procesador gr\u00e1fico\u00a0Adreno 630 @0.71 GHz<\/li>\n<li>Bater\u00eda 3540 mAh<\/li>\n<\/ul>\n<p><img loading=\"lazy\" decoding=\"async\" class=\"irc_mi\" src=\"https:\/\/www.tuexperto.com\/wp-content\/uploads\/2018\/04\/lanzamiento-sony-xperia-xz2-premium-01.jpg\" alt=\"Resultado de imagen para xz2 premium\" width=\"266\" height=\"249\" \/><\/p>\n<p>&nbsp;<\/p>\n<p>&nbsp;<\/p>\n<p><strong>6. Sony Xperia XZ3<\/strong><\/p>\n<ul>\n<li>Pantalla OLED de 6 pulgadas,\u00a01440 x 2880 pixels<\/li>\n<li>Lector de huellas dactilares<\/li>\n<li>Resistencia al polvo y agua<\/li>\n<li>C\u00e1mara principal de 19 MP, Flash LED, video 4K<\/li>\n<li>V\u00eddeo hasta 960 cuadros por segundo en Full HD<\/li>\n<li>C\u00e1mara frontal 13 MP<\/li>\n<li>64 GB memoria, Slot MicroSD<\/li>\n<li>4 GB RAM<\/li>\n<li>Procesador Octa-Core de 64 bits\u00a0Snapdragon 845 4x2.8+4x1.8 GHz<\/li>\n<li>Procesador gr\u00e1fico\u00a0Adreno 630 @0.71 GHz<\/li>\n<li>Bater\u00eda 3300 mAh<\/li>\n<\/ul>\n<p><img loading=\"lazy\" decoding=\"async\" class=\"irc_mi\" src=\"https:\/\/cdn2.gsmarena.com\/vv\/pics\/sony\/sony-xperia-xz3-5.jpg\" alt=\"Resultado de imagen para sony xperia xz3\" width=\"245\" height=\"210\" \/><\/p>\n<p>&nbsp;<\/p>\n<p>&nbsp;<\/p>\n<p><strong>7. Samsung Galaxy S9<\/strong><\/p>\n<ul>\n<li>Pantalla Super AMOLED 1440\u00d72960 P \u2013 5.8 pulgadas<\/li>\n<li>Sensor de ritmo card\u00edaco, Sensor dactilar y Sensor de iris.<\/li>\n<li>Certificaci\u00f3n IP68: resistente al agua y al polvo<\/li>\n<li>C\u00e1mara principal de 12 MP, Flash LED dual<\/li>\n<li>C\u00e1mara Frontal 8 MP<\/li>\n<li>64 GB memoria,\u00a0Slot MicroSD<\/li>\n<li>4 GB RAM<\/li>\n<li>Procesador(opci\u00f3n1) Octa-Core de 64 bits Exynos 9810 4x2.9+4x1.9 GHz, con GPU Mali-G72 MP18 @0.65 GHz<\/li>\n<li>Procesador(opci\u00f3n2) Octa-Core de 64 bits\u00a0Snapdragon 845 4x2.8+4x1.8 GHz, con GPU Adreno 630 @0.71 GHz<\/li>\n<li>Bate\u00eda 3000 mAh<\/li>\n<\/ul>\n<p><img loading=\"lazy\" decoding=\"async\" class=\"irc_mi\" src=\"https:\/\/i.blogs.es\/80940b\/gs9\/450_1000.png\" alt=\"Resultado de imagen para samsung galaxy s9\" width=\"311\" height=\"223\" \/><\/p>\n<p>&nbsp;<\/p>\n<p>&nbsp;<\/p>\n<p><strong>8. Honor 10<\/strong><\/p>\n<ul>\n<li>Pantalla LCD IPS\u00a01080 x 2280 de 5.84 pulgadas<\/li>\n<li>Lector de huellas dactilares<\/li>\n<li>C\u00e1mara principal Dual de 16+24 MP, Flash LED dual<\/li>\n<li>Autofocus por detecci\u00f3n de fase<\/li>\n<li>C\u00e1mara frontal 24 MP<\/li>\n<li>64 \u00f3 128 GB memoria<\/li>\n<li>4 \u00f3 6 GB Ram<\/li>\n<li>Procesador Octa-Core de 64 bits Kirin 970 4x2.4+4x1.8 GHz<\/li>\n<li>Procesador gr\u00e1fico Mali-G72MP12 @0.9 GHz<\/li>\n<li>Bater\u00eda 3400 mAh<\/li>\n<\/ul>\n<p><img loading=\"lazy\" decoding=\"async\" class=\"irc_mi\" src=\"https:\/\/i.blogs.es\/b8bce2\/honor10\/450_1000.jpg\" alt=\"Resultado de imagen para honor 10\" width=\"316\" height=\"210\" \/><\/p>\n<p>&nbsp;<\/p>\n<p>&nbsp;<\/p>\n<p><strong>9. Huawei P20<\/strong><\/p>\n<ul>\n<li>Pantalla LCD IPS\u00a01080 x 2244 de 5.84 pulgadas<\/li>\n<li>Lector de huellas dactilares<\/li>\n<li>C\u00e1mara principal Dual de 12+20 MP, Flash LED dual<\/li>\n<li>Autofocus por detecci\u00f3n de fase<\/li>\n<li>C\u00e1mara frontal 24 MP<\/li>\n<li>128 GB memoria<\/li>\n<li>4 GB Ram<\/li>\n<li>Procesador Octa-Core de 64 bits Kirin 970 4x2.4+4x1.8 GHz<\/li>\n<li>Procesador gr\u00e1fico Mali-G72MP12 @0.9 GHz<\/li>\n<li>Bater\u00eda 3400 mAh<\/li>\n<\/ul>\n<p><img loading=\"lazy\" decoding=\"async\" class=\"irc_mi\" src=\"https:\/\/www.satugadget.com.my\/content\/images\/thumbs\/0008999_huawei-p20-free-gift-original-malaysia-set_600.jpeg\" alt=\"Resultado de imagen para huawei p20\" width=\"227\" height=\"227\" \/><\/p>\n<p>&nbsp;<\/p>\n<p>&nbsp;<\/p>\n<p><strong>10. Sony Xperia XZ2<\/strong><\/p>\n<ul>\n<li>Pantalla LCD IPS\u00a01080 x 2160 pixels, 5.7 pulgadas<\/li>\n<li>Lector de huellas dactilares<\/li>\n<li>Resistencia al polvo y agua<\/li>\n<li>C\u00e1mara principal de 19 MP, Flash LED, video 4K<\/li>\n<li>V\u00eddeo hasta 960 cuadros por segundo en Full HD<\/li>\n<li>C\u00e1mara frontal 5 MP<\/li>\n<li>64 GB memoria, Slot MicroSD<\/li>\n<li>4 GB RAM<\/li>\n<li>Procesador Octa-Core de 64 bits\u00a0Snapdragon 845 4x2.8+4x1.8 GHz<\/li>\n<li>Procesador gr\u00e1fico\u00a0Adreno 630 @0.71 GHz<\/li>\n<li>Bater\u00eda 3180 mAh<\/li>\n<\/ul>\n<p><img loading=\"lazy\" decoding=\"async\" class=\"irc_mi\" src=\"https:\/\/i.blogs.es\/2b464f\/xz2\/450_1000.jpg\" alt=\"Imagen relacionada\" width=\"298\" height=\"206\" \/><\/p>\n","protected":false},"excerpt":{"rendered":"<p>&nbsp; Gama Alta 2018 &nbsp; 1. Samsung Galaxy S9+ Pantalla Super AMOLED 1440\u00d72960 P \u2013 6.2 pulgadas Sensor de ritmo card\u00edaco, Sensor dactilar y Sensor de iris. Certificaci\u00f3n IP68: resistente al agua y al polvo C\u00e1mara principal dual de 12 MP, Flash LED dual C\u00e1mara Frontal 8 MP 64 o 128 GB memoria,\u00a0Slot MicroSD 6 [&hellip;]<\/p>\n","protected":false},"author":9068,"featured_media":0,"parent":0,"menu_order":0,"comment_status":"closed","ping_status":"closed","template":"","meta":{"footnotes":""},"class_list":["post-377","page","type-page","status-publish","hentry"],"_links":{"self":[{"href":"https:\/\/blog.espol.edu.ec\/anjumera95\/wp-json\/wp\/v2\/pages\/377","targetHints":{"allow":["GET"]}}],"collection":[{"href":"https:\/\/blog.espol.edu.ec\/anjumera95\/wp-json\/wp\/v2\/pages"}],"about":[{"href":"https:\/\/blog.espol.edu.ec\/anjumera95\/wp-json\/wp\/v2\/types\/page"}],"author":[{"embeddable":true,"href":"https:\/\/blog.espol.edu.ec\/anjumera95\/wp-json\/wp\/v2\/users\/9068"}],"replies":[{"embeddable":true,"href":"https:\/\/blog.espol.edu.ec\/anjumera95\/wp-json\/wp\/v2\/comments?post=377"}],"version-history":[{"count":1,"href":"https:\/\/blog.espol.edu.ec\/anjumera95\/wp-json\/wp\/v2\/pages\/377\/revisions"}],"predecessor-version":[{"id":379,"href":"https:\/\/blog.espol.edu.ec\/anjumera95\/wp-json\/wp\/v2\/pages\/377\/revisions\/379"}],"wp:attachment":[{"href":"https:\/\/blog.espol.edu.ec\/anjumera95\/wp-json\/wp\/v2\/media?parent=377"}],"curies":[{"name":"wp","href":"https:\/\/api.w.org\/{rel}","templated":true}]}}