{"id":383,"date":"2018-09-03T22:27:11","date_gmt":"2018-09-04T03:27:11","guid":{"rendered":"http:\/\/blog.espol.edu.ec\/anjumera95\/?page_id=383"},"modified":"2020-03-15T14:21:31","modified_gmt":"2020-03-15T19:21:31","slug":"gama-media-alta-2018","status":"publish","type":"page","link":"https:\/\/blog.espol.edu.ec\/anjumera95\/gama-media-alta-2018\/","title":{"rendered":"Gama media-alta 2018"},"content":{"rendered":"<p>&nbsp;<\/p>\n<p><strong>Gama media-alta 2018<\/strong><\/p>\n<p>&nbsp;<\/p>\n<p>1.\u00a0<strong>Huawei Mate 20 Lite<\/strong><\/p>\n<ul>\n<li>Pantalla LCD IPS 2340 \u00d7 1080 p\u00edxeles de 6.3 pulgadas<\/li>\n<li>Lector de huellas dactilares<\/li>\n<li>C\u00e1mara principal Dual de (20 + 2) MP, Flash LED<\/li>\n<li>C\u00e1mara frontal Dual de (24 + 2) MP<\/li>\n<li>64 \u00f3 128 GB memoria,\u00a0Slot MicroSD<\/li>\n<li>4 \u00f3 6 GB RAM<\/li>\n<li>Procesador Kirin 710 Octa-Core de 64 bits 4\u00d72.2+4\u00d71.7 GHz<\/li>\n<li>GPU MaliG51MP4<\/li>\n<li>Bate\u00eda 3750 mAh<\/li>\n<\/ul>\n<p><img loading=\"lazy\" decoding=\"async\" class=\"irc_mi\" src=\"https:\/\/cdn57.androidauthority.net\/wp-content\/uploads\/2018\/08\/pr_2018_8_25_11_45_31_962_00-840x979.jpg\" alt=\"Resultado de imagen para huawei mate 20 lite\" width=\"213\" height=\"248\" \/><\/p>\n<p>&nbsp;<\/p>\n<p>&nbsp;<\/p>\n<p>2.\u00a0<strong>Honor 8X<\/strong><\/p>\n<ul>\n<li>Pantalla LCD IPS 2340 \u00d7 1080 p\u00edxeles de 6.5 pulgadas<\/li>\n<li>Lector de huellas dactilares<\/li>\n<li>C\u00e1mara principal Dual de (20 + 2) MP, Flash LED<\/li>\n<li>C\u00e1mara frontal Dual de 16 MP<\/li>\n<li>64 GB memoria,\u00a0Slot MicroSD<\/li>\n<li>4 GB RAM<\/li>\n<li>Procesador Kirin 710 Octa-Core de 64 bits 4\u00d72.2+4\u00d71.7 GHz<\/li>\n<li>GPU MaliG51MP4<\/li>\n<li>Bate\u00eda 3750 mAh<\/li>\n<\/ul>\n<p><img loading=\"lazy\" decoding=\"async\" class=\"n3VNCb\" src=\"https:\/\/cdn.movertix.com\/media\/catalog\/product\/cache\/image\/1200x\/h\/o\/honor-8x-4gb64gb-azul-dual-sim-jsn-l21-6901443260805.jpg\" alt=\"Resultado de imagen para honor 8x\" width=\"230\" height=\"230\" \/><\/p>\n<p>&nbsp;<\/p>\n<p>&nbsp;<\/p>\n<p>3.\u00a0<strong>Samsung Galaxy A8 Plus<\/strong><\/p>\n<ul>\n<li>Pantalla Super AMOLED 1080 x 2220 pixels de 6 pulgadas<\/li>\n<li>Lector de huellas dactilares<\/li>\n<li>Certificaci\u00f3n IP68: resistente al polvo y agua<\/li>\n<li>C\u00e1mara principal de 16 MP, Flash LED<\/li>\n<li>C\u00e1mara frontal Dual de (16 + 2) MP<\/li>\n<li>32 \u00f3 64 GB memoria,\u00a0Slot MicroSD<\/li>\n<li>4 \u00f3 6 GB RAM<\/li>\n<li>Procesador\u00a0Exynos 7885 Octa octa-core (2x2.2+6x1.6) GHz<\/li>\n<li>GPU MaliG71<\/li>\n<li>Bate\u00eda 3500 mAh<\/li>\n<\/ul>\n<p><img loading=\"lazy\" decoding=\"async\" class=\"irc_mi\" src=\"https:\/\/cdn2.from.ae\/media\/catalog\/product\/cache\/image\/9df78eab33525d08d6e5fb8d27136e95\/0\/1\/01_138_46.jpg\" alt=\"Resultado de imagen para samsung galaxy a8 plus 2018\" width=\"240\" height=\"240\" \/><\/p>\n<p>&nbsp;<\/p>\n<p>&nbsp;<\/p>\n<p>4.\u00a0<strong>Samsung Galaxy A8<\/strong><\/p>\n<ul>\n<li>Pantalla Super AMOLED 1080 x 2220 pixels de 5.6 pulgadas<\/li>\n<li>Lector de huellas dactilares<\/li>\n<li>Certificaci\u00f3n IP68: resistente al polvo y agua<\/li>\n<li>C\u00e1mara principal de 16 MP, Flash LED<\/li>\n<li>C\u00e1mara frontal Dual de (16 + 2) MP<\/li>\n<li>32 \u00f3 64 GB memoria,\u00a0Slot MicroSD<\/li>\n<li>4 GB RAM<\/li>\n<li>Procesador\u00a0Exynos 7885 Octa octa-core (2x2.2+6x1.6) GHz<\/li>\n<li>GPU MaliG71<\/li>\n<li>Bate\u00eda 3000 mAh<\/li>\n<\/ul>\n<p><img loading=\"lazy\" decoding=\"async\" class=\"irc_mi\" src=\"https:\/\/www.alhaddadshop.com\/content\/images\/thumbs\/0002214_samsung-galaxy-a8-2018-64gb-black_550.jpeg\" alt=\"Imagen relacionada\" width=\"302\" height=\"220\" \/><\/p>\n<p>&nbsp;<\/p>\n<p>&nbsp;<\/p>\n<p>5.\u00a0<strong>HTC U12 Life<\/strong><\/p>\n<ul>\n<li>Pantalla Super LCD Full HD+ de 6 pulgadas<\/li>\n<li>Lector de huellas dactilares<\/li>\n<li>C\u00e1mara principal Dual de (16+5) MP, Flash LED<\/li>\n<li>C\u00e1mara frontal de 13 MP<\/li>\n<li>64 GB memoria, Slot MicroSD<\/li>\n<li>4 GB RAM<\/li>\n<li>Procesador Snapdragon 636 Octa-Core de 64 bits 8x1.8 GHz<\/li>\n<li>GPU Adreno 509<\/li>\n<li>Bater\u00eda 3600 mAh<\/li>\n<\/ul>\n<p><img loading=\"lazy\" decoding=\"async\" class=\"irc_mi\" src=\"https:\/\/icdn2.digitaltrends.com\/image\/htc-u12-life.jpg\" alt=\"Resultado de imagen para htc u12 life\" width=\"301\" height=\"200\" \/><\/p>\n<p>&nbsp;<\/p>\n<p>&nbsp;<\/p>\n<p>6.\u00a0<strong>Moto Z3 Play<\/strong><\/p>\n<ul>\n<li>Pantalla Super AMOLED Full HD+ de 6 pulgadas<\/li>\n<li>Lector de huellas dactilares<\/li>\n<li>C\u00e1mara principal Dual de (12+5) MP, Flash LED dual<\/li>\n<li>C\u00e1mara frontal de 8 MP<\/li>\n<li>32 \u00f3 64 GB memoria, Slot MicroSD<\/li>\n<li>4 GB RAM<\/li>\n<li>Procesador Snapdragon 636 Octa-Core de 64 bits 8x1.8 GHz<\/li>\n<li>GPU Adreno 509<\/li>\n<li>Bater\u00eda 3000 mAh<\/li>\n<\/ul>\n<p><img loading=\"lazy\" decoding=\"async\" class=\"irc_mi\" src=\"https:\/\/media.aws.alkosto.com\/media\/catalog\/product\/cache\/6\/image\/69ace863370f34bdf190e4e164b6e123\/7\/2\/723755122260-5.jpg\" alt=\"Resultado de imagen para moto z3 play\" width=\"220\" height=\"220\" \/><\/p>\n<p>&nbsp;<\/p>\n<p>&nbsp;<\/p>\n<p>7.\u00a0<strong>Sony Xperia XA2 Plus<\/strong><\/p>\n<ul>\n<li>Pantalla LCD IPS Full HD+ de 6 pulgadas<\/li>\n<li>Lector de huellas dactilares<\/li>\n<li>C\u00e1mara principal de 23 MP, Flash LED dual<\/li>\n<li>C\u00e1mara frontal de 8 MP<\/li>\n<li>32 \u00f3 64 GB memoria, Slot MicroSD<\/li>\n<li>4 \u00f3 6 GB RAM<\/li>\n<li>Procesador Snapdragon 630 Octa-Core de 64 bits 4\u00d72.3+4\u00d71.7 GHz<\/li>\n<li>GPU Adreno 508 @0.65 GHz<\/li>\n<li>Bater\u00eda 3580 mAh<\/li>\n<\/ul>\n<p><img loading=\"lazy\" decoding=\"async\" class=\"irc_mi\" src=\"https:\/\/www.technopolis.bg\/medias\/sys_master\/h81\/h0e\/10701537869854.jpg\" alt=\"Imagen relacionada\" width=\"220\" height=\"220\" \/><\/p>\n<p>&nbsp;<\/p>\n<p>&nbsp;<\/p>\n<p>8.\u00a0<strong>Moto G6 Plus<\/strong><\/p>\n<ul>\n<li>Pantalla LCD IPS Full HD+ de 5.9 pulgadas<\/li>\n<li>Lector de huellas dactilares<\/li>\n<li>Resistente salpicaduras<\/li>\n<li>C\u00e1mara principal Dual de (12 + 5) MP, Flash LED dual<\/li>\n<li>C\u00e1mara Frontal de 8 MP<\/li>\n<li>64 \u00f3 128 GB memoria,\u00a0Slot MicroSD<\/li>\n<li>4 \u00f3 6 GB RAM<\/li>\n<li>Procesador Snapdragon 630 Octa-Core de 64 bits 4\u00d72.2+4\u00d71.8 GHz<\/li>\n<li>GPU Adreno 508 @0.65 GHz<\/li>\n<li>Bate\u00eda 3200 mAh<\/li>\n<\/ul>\n<p><img loading=\"lazy\" decoding=\"async\" class=\"irc_mi\" src=\"https:\/\/images-na.ssl-images-amazon.com\/images\/I\/51hy5ZCFarL.jpg\" alt=\"Resultado de imagen para moto g6 plus\" width=\"234\" height=\"220\" \/><\/p>\n<p>&nbsp;<\/p>\n<p>&nbsp;<\/p>\n<p>&nbsp;<\/p>\n","protected":false},"excerpt":{"rendered":"<p>&nbsp; Gama media-alta 2018 &nbsp; 1.\u00a0Huawei Mate 20 Lite Pantalla LCD IPS 2340 \u00d7 1080 p\u00edxeles de 6.3 pulgadas Lector de huellas dactilares C\u00e1mara principal Dual de (20 + 2) MP, Flash LED C\u00e1mara frontal Dual de (24 + 2) MP 64 \u00f3 128 GB memoria,\u00a0Slot MicroSD 4 \u00f3 6 GB RAM Procesador Kirin 710 [&hellip;]<\/p>\n","protected":false},"author":9068,"featured_media":0,"parent":0,"menu_order":0,"comment_status":"closed","ping_status":"closed","template":"","meta":{"footnotes":""},"class_list":["post-383","page","type-page","status-publish","hentry"],"_links":{"self":[{"href":"https:\/\/blog.espol.edu.ec\/anjumera95\/wp-json\/wp\/v2\/pages\/383","targetHints":{"allow":["GET"]}}],"collection":[{"href":"https:\/\/blog.espol.edu.ec\/anjumera95\/wp-json\/wp\/v2\/pages"}],"about":[{"href":"https:\/\/blog.espol.edu.ec\/anjumera95\/wp-json\/wp\/v2\/types\/page"}],"author":[{"embeddable":true,"href":"https:\/\/blog.espol.edu.ec\/anjumera95\/wp-json\/wp\/v2\/users\/9068"}],"replies":[{"embeddable":true,"href":"https:\/\/blog.espol.edu.ec\/anjumera95\/wp-json\/wp\/v2\/comments?post=383"}],"version-history":[{"count":8,"href":"https:\/\/blog.espol.edu.ec\/anjumera95\/wp-json\/wp\/v2\/pages\/383\/revisions"}],"predecessor-version":[{"id":446,"href":"https:\/\/blog.espol.edu.ec\/anjumera95\/wp-json\/wp\/v2\/pages\/383\/revisions\/446"}],"wp:attachment":[{"href":"https:\/\/blog.espol.edu.ec\/anjumera95\/wp-json\/wp\/v2\/media?parent=383"}],"curies":[{"name":"wp","href":"https:\/\/api.w.org\/{rel}","templated":true}]}}