{"id":391,"date":"2018-09-04T21:03:57","date_gmt":"2018-09-05T02:03:57","guid":{"rendered":"http:\/\/blog.espol.edu.ec\/anjumera95\/?page_id=391"},"modified":"2019-05-16T17:11:31","modified_gmt":"2019-05-16T22:11:31","slug":"gama-media-2018","status":"publish","type":"page","link":"https:\/\/blog.espol.edu.ec\/anjumera95\/gama-media-2018\/","title":{"rendered":"Gama Media 2018"},"content":{"rendered":"<p>&nbsp;<\/p>\n<p><strong>Gama media 2018<\/strong><\/p>\n<p>&nbsp;<\/p>\n<p>1.<strong> Huawei P20 Lite<\/strong><\/p>\n<ul>\n<li>Pantalla LCD IPS 1080\u00d72280 de 5.84 pulgadas<\/li>\n<li>Lector de huellas dactilares y desbloqueo facial<\/li>\n<li>C\u00e1mara principal Dual de (16 + 2) MP, Flash LED<\/li>\n<li>C\u00e1mara frontal de 16 MP<\/li>\n<li>32, 64 \u00f3 128 GB memoria,\u00a0Slot MicroSD<\/li>\n<li>4 GB RAM<\/li>\n<li>Procesador Kirin 659 Octa-Core de 64 bits 4\u00d72.3+4\u00d71.7 GHz<\/li>\n<li>GPU Mali-T830MP2 @0.6 GHz<\/li>\n<li>Bate\u00eda 3000 mAh<\/li>\n<\/ul>\n<p><img loading=\"lazy\" decoding=\"async\" class=\"irc_mi\" src=\"https:\/\/souqcms.s3.amazonaws.com\/spring\/images\/2018\/huawei\/nova-3e-dual-sim-64gb-klein-blue\/1-nova-3e-dual-sim-64gb-klein-blue.jpg\" alt=\"Imagen relacionada\" width=\"283\" height=\"220\" \/><\/p>\n<p>&nbsp;<\/p>\n<p>&nbsp;<\/p>\n<p>2.<strong> Samsung Galaxy A6 Plus<\/strong><\/p>\n<ul>\n<li>Pantalla Super AMOLED 1080 x 2220 pixels de 6 pulgadas<\/li>\n<li>Lector de huellas dactilares y desbloqueo facial<\/li>\n<li>C\u00e1mara principal Dual de (16+5) MP, Flash LED<\/li>\n<li>C\u00e1mara frontal de 24 MP<\/li>\n<li>32 \u00f3 64 GB memoria, Slot MicroSD<\/li>\n<li>3 \u00f3 4 GB RAM<\/li>\n<li>Procesador Snapdragon 450 Octa-Core de 64 bits 4\u00d71.8+4\u00d71.8 GHz<\/li>\n<li>GPU Adreno 506 @0.65 GHz<\/li>\n<li>Bater\u00eda 3500 mAh<\/li>\n<\/ul>\n<p><img loading=\"lazy\" decoding=\"async\" class=\"irc_mi\" src=\"https:\/\/andro4all.com\/files\/2018\/04\/Samsung-Galaxy-A6-Plus-en-dorado-700x500.jpg\" alt=\"Resultado de imagen para samsung galaxy a6 plus\" width=\"322\" height=\"230\" \/><\/p>\n<p>&nbsp;<\/p>\n<p>&nbsp;<\/p>\n<p>3.<strong> Sony Xperia XA2<\/strong><\/p>\n<ul>\n<li>Pantalla LCD IPS Full HD de 5.2 pulgadas<\/li>\n<li>Lector de huellas dactilares<\/li>\n<li>C\u00e1mara principal de 23 MP, Flash LED<\/li>\n<li>C\u00e1mara frontal de 8 MP<\/li>\n<li>32 GB memoria, Slot MicroSD<\/li>\n<li>3 GB RAM<\/li>\n<li>Procesador Snapdragon 630 Octa-Core de 64 bits 4\u00d72.2+4\u00d71.8 GHz<\/li>\n<li>GPU Adreno 508 @0.65 GHz<\/li>\n<li>Bater\u00eda 3300 mAh<\/li>\n<\/ul>\n<p><img loading=\"lazy\" decoding=\"async\" class=\"irc_mi\" src=\"https:\/\/media.aws.alkosto.com\/media\/catalog\/product\/cache\/3\/image\/8bf9d84cc5f65bd89f2d4160406987fb\/7\/3\/7311271610526-1.jpg\" alt=\"Imagen relacionada\" width=\"250\" height=\"250\" \/><\/p>\n<p>&nbsp;<\/p>\n<p>&nbsp;<\/p>\n<p>4.<strong> Moto G6<\/strong><\/p>\n<ul>\n<li>Pantalla LCD IPS Full HD+ de 5.7 pulgadas<\/li>\n<li>Lector de huellas dactilares<\/li>\n<li>Resistente a salpicaduras<\/li>\n<li>C\u00e1mara principal Dual de (12+5) MP, Flash LED<\/li>\n<li>C\u00e1mara frontal de 8 MP<\/li>\n<li>32 \u00f3 64 GB memoria, Slot MicroSD<\/li>\n<li>3 \u00f3 4 GB RAM<\/li>\n<li>Procesador Snapdragon 450 Octa-Core de 64 bits 4\u00d71.8+4\u00d71.8 GHz<\/li>\n<li>GPU Adreno 506 @0.65 GHz<\/li>\n<li>Bater\u00eda 3000 mAh<\/li>\n<\/ul>\n<p><img loading=\"lazy\" decoding=\"async\" class=\"irc_mi\" src=\"https:\/\/i.blogs.es\/82c915\/moto-g6\/450_1000.jpg\" alt=\"Resultado de imagen para moto g6\" width=\"350\" height=\"245\" \/><\/p>\n<p>&nbsp;<\/p>\n<p>&nbsp;<\/p>\n<p>5.<strong> Samsung Galaxy J8<\/strong><\/p>\n<ul>\n<li>Pantalla Super AMOLED 720 x 1480 de 6 pulgadas<\/li>\n<li>Lector de huellas dactilares y desbloqueo facial<\/li>\n<li>C\u00e1mara principal Dual de (16+5) MP, Flash LED<\/li>\n<li>C\u00e1mara frontal de 16 MP<\/li>\n<li>64 GB memoria, Slot MicroSD<\/li>\n<li>4 GB RAM<\/li>\n<li>Procesador Snapdragon 450 Octa-Core de 64 bits 4\u00d71.8+4\u00d71.8 GHz<\/li>\n<li>GPU Adreno 506 @0.65 GHz<\/li>\n<li>Bater\u00eda 3500 mAh<\/li>\n<\/ul>\n<p><img loading=\"lazy\" decoding=\"async\" class=\"irc_mi\" src=\"https:\/\/i.blogs.es\/ee46c1\/galaxy-j8\/450_1000.jpg\" alt=\"Resultado de imagen para samsung galaxy j8\" width=\"280\" height=\"220\" \/><\/p>\n<p>&nbsp;<\/p>\n<p>&nbsp;<\/p>\n<p>6.<strong> Huawei Y9 2018<\/strong><\/p>\n<ul>\n<li>Pantalla LCD IPS Full HD+ de 5.9 pulgadas<\/li>\n<li>Lector de huellas dactilares<\/li>\n<li>C\u00e1mara principal Dual de (13 + 2) MP, Flash LED<\/li>\n<li>C\u00e1mara frontal Dual de (8 + 2) MP<\/li>\n<li>32 GB memoria,\u00a0Slot MicroSD<\/li>\n<li>3 GB RAM<\/li>\n<li>Procesador Kirin 659 Octa-Core de 64 bits 4\u00d72.3+4\u00d71.7 GHz<\/li>\n<li>GPU Mali-T830MP2 @0.6 GHz<\/li>\n<li>Bate\u00eda 4000 mAh<\/li>\n<\/ul>\n<p><img loading=\"lazy\" decoding=\"async\" class=\"irc_mi\" src=\"https:\/\/http2.mlstatic.com\/huawei-y9-2018-liberados-factura-a-32gb-3-gb-funda-12-cuotas-D_NQ_NP_992397-MLA27294330118_052018-F.jpg\" alt=\"Resultado de imagen para huawei y9 2018\" width=\"240\" height=\"240\" \/><\/p>\n<p>&nbsp;<\/p>\n<p>&nbsp;<\/p>\n<p>7.<strong> Huawei P Smart<\/strong><\/p>\n<ul>\n<li>Pantalla LCD IPS Full HD+ de 5.65 pulgadas<\/li>\n<li>Lector de huellas dactilares<\/li>\n<li>C\u00e1mara principal Dual de (13 + 2) MP, Flash LED<\/li>\n<li>C\u00e1mara frontal de 8 MP<\/li>\n<li>32 GB memoria,\u00a0Slot MicroSD<\/li>\n<li>3 GB RAM<\/li>\n<li>Procesador Kirin 659 Octa-Core de 64 bits 4\u00d72.3+4\u00d71.7 GHz<\/li>\n<li>GPU Mali-T830MP2 @0.6 GHz<\/li>\n<li>Bate\u00eda 3000 mAh<\/li>\n<\/ul>\n<p><img loading=\"lazy\" decoding=\"async\" class=\"irc_mi\" src=\"http:\/\/equiposlibres.pe\/wp-content\/uploads\/2018\/03\/huawei-6.jpg\" alt=\"Resultado de imagen para huawei p smart\" width=\"220\" height=\"220\" \/><\/p>\n<p>&nbsp;<\/p>\n<p>&nbsp;<\/p>\n<p>8. <strong>Alcatel 5V<\/strong><\/p>\n<ul>\n<li>Pantalla LCD IPS 720 x 1500 de 6.2 pulgadas<\/li>\n<li>Lector de huellas dactilares<\/li>\n<li>C\u00e1mara principal Dual de (12 + 2) MP, Flash LED<\/li>\n<li>C\u00e1mara frontal de 8 MP<\/li>\n<li>32 GB memoria,\u00a0Slot MicroSD<\/li>\n<li>3 GB RAM<\/li>\n<li>Procesador MediaTek Helio P22 Octa-Core de 64 bits 8\u00d72.0 GHz<\/li>\n<li>GPU PowerVR GE8320 @0.65 GH<\/li>\n<li>Bate\u00eda 4000 mAh<\/li>\n<\/ul>\n<p><img loading=\"lazy\" decoding=\"async\" class=\"irc_mi\" src=\"https:\/\/http2.mlstatic.com\/alcatel-5v-5060d-3gb-32gb-dual-sim-duos-D_NQ_NP_647568-MCO28089839901_092018-F.jpg\" alt=\"Imagen relacionada\" width=\"240\" height=\"238\" \/><\/p>\n<p>&nbsp;<\/p>\n<p>&nbsp;<\/p>\n<p>9.<strong> Samaung Galaxy A6<\/strong><\/p>\n<ul>\n<li>Pantalla Super AMOLED 720 x 1480 de 5.6 pulgadas<\/li>\n<li>Lector de huellas dactilares y desbloqueo facial<\/li>\n<li>C\u00e1mara principal de 16 MP, Flash LED<\/li>\n<li>C\u00e1mara frontal de 16 MP<\/li>\n<li>32 \u00f3 64 GB memoria, Slot MicroSD<\/li>\n<li>3 \u00f3 4 GB RAM<\/li>\n<li>Procesador Exynos 7870 Octa-Core de 64 bits 8\u00d71.7 GHz<\/li>\n<li>GPU Mali-T830MP2 @0.6 GHz<\/li>\n<li>Bater\u00eda 3000 mAh<\/li>\n<\/ul>\n<p><img loading=\"lazy\" decoding=\"async\" class=\"irc_mi\" src=\"https:\/\/www.abenson.com\/media\/catalog\/product\/cache\/75eed2686e01eb22cb4050b2f40ddf97\/1\/5\/159333.jpg\" alt=\"Resultado de imagen para samsung galaxy a6\" width=\"230\" height=\"230\" \/><\/p>\n<p>&nbsp;<\/p>\n<p>&nbsp;<\/p>\n<p>10.<strong> Samsung Galaxy J6<\/strong><\/p>\n<ul>\n<li>Pantalla Super AMOLED 720 x 1480 de 5.6 pulgadas<\/li>\n<li>Lector de huellas dactilares y desbloqueo facial<\/li>\n<li>C\u00e1mara principal de 13 MP, Flash LED<\/li>\n<li>C\u00e1mara frontal de 8 MP<\/li>\n<li>32 \u00f3 64 GB memoria, Slot MicroSD<\/li>\n<li>3 \u00f3 4 GB RAM<\/li>\n<li>Procesador Exynos 7870 Octa-Core de 64 bits 8\u00d71.7 GHz<\/li>\n<li>GPU Mali-T830MP2 @0.6 GHz<\/li>\n<li>Bater\u00eda 3000 mAh<\/li>\n<\/ul>\n<p><img loading=\"lazy\" decoding=\"async\" class=\"irc_mi\" src=\"https:\/\/www.emibaba.com\/wp-content\/uploads\/2018\/05\/Samsung-Galaxy-J6-Blue.jpg\" alt=\"Imagen relacionada\" width=\"220\" height=\"220\" \/><\/p>\n<p>&nbsp;<\/p>\n","protected":false},"excerpt":{"rendered":"<p>&nbsp; Gama media 2018 &nbsp; 1. Huawei P20 Lite Pantalla LCD IPS 1080\u00d72280 de 5.84 pulgadas Lector de huellas dactilares y desbloqueo facial C\u00e1mara principal Dual de (16 + 2) MP, Flash LED C\u00e1mara frontal de 16 MP 32, 64 \u00f3 128 GB memoria,\u00a0Slot MicroSD 4 GB RAM Procesador Kirin 659 Octa-Core de 64 bits [&hellip;]<\/p>\n","protected":false},"author":9068,"featured_media":0,"parent":0,"menu_order":0,"comment_status":"closed","ping_status":"closed","template":"","meta":{"footnotes":""},"class_list":["post-391","page","type-page","status-publish","hentry"],"_links":{"self":[{"href":"https:\/\/blog.espol.edu.ec\/anjumera95\/wp-json\/wp\/v2\/pages\/391","targetHints":{"allow":["GET"]}}],"collection":[{"href":"https:\/\/blog.espol.edu.ec\/anjumera95\/wp-json\/wp\/v2\/pages"}],"about":[{"href":"https:\/\/blog.espol.edu.ec\/anjumera95\/wp-json\/wp\/v2\/types\/page"}],"author":[{"embeddable":true,"href":"https:\/\/blog.espol.edu.ec\/anjumera95\/wp-json\/wp\/v2\/users\/9068"}],"replies":[{"embeddable":true,"href":"https:\/\/blog.espol.edu.ec\/anjumera95\/wp-json\/wp\/v2\/comments?post=391"}],"version-history":[{"count":8,"href":"https:\/\/blog.espol.edu.ec\/anjumera95\/wp-json\/wp\/v2\/pages\/391\/revisions"}],"predecessor-version":[{"id":408,"href":"https:\/\/blog.espol.edu.ec\/anjumera95\/wp-json\/wp\/v2\/pages\/391\/revisions\/408"}],"wp:attachment":[{"href":"https:\/\/blog.espol.edu.ec\/anjumera95\/wp-json\/wp\/v2\/media?parent=391"}],"curies":[{"name":"wp","href":"https:\/\/api.w.org\/{rel}","templated":true}]}}