{"id":400,"date":"2018-09-25T19:43:39","date_gmt":"2018-09-26T00:43:39","guid":{"rendered":"http:\/\/blog.espol.edu.ec\/anjumera95\/?page_id=400"},"modified":"2018-09-25T19:43:39","modified_gmt":"2018-09-26T00:43:39","slug":"phablets-2016","status":"publish","type":"page","link":"https:\/\/blog.espol.edu.ec\/anjumera95\/phablets-2016\/","title":{"rendered":"Phablets 2016"},"content":{"rendered":"<p>&nbsp;<\/p>\n<p><strong>Phablets 2016<\/strong><\/p>\n<p>&nbsp;<\/p>\n<p>1.\u00a0<strong>Huawei Mate 9 Pro<\/strong><\/p>\n<ul>\n<li>Pantalla Amoled QHD de 5.5 pulgadas<\/li>\n<li>Lector de huellas dactilares<\/li>\n<li>C\u00e1mara principal Dual de 12+20 MP, Flash LED dual, video 2160 P<\/li>\n<li>Autofocus por detecci\u00f3n de fase y l\u00e1ser<\/li>\n<li>C\u00e1mara frontal 8 MP<\/li>\n<li>128 GB memoria<\/li>\n<li>6 GB RAM<\/li>\n<li>Procesador Octa-Core de 64 bits\u00a0Kirin 960 4\u00d72.4+4\u00d71.8 GHz<\/li>\n<li>Procesador gr\u00e1fico Mali-G71MP8 @1 GHz<\/li>\n<li>Bater\u00eda de 4000 mAh<\/li>\n<\/ul>\n<p><img loading=\"lazy\" decoding=\"async\" class=\"irc_mi\" src=\"https:\/\/img.staticbg.com\/thumb\/view\/oaupload\/banggood\/images\/8A\/48\/f19c1da9-2682-4552-a9a7-741d530a3627.jpg\" alt=\"Imagen relacionada\" width=\"240\" height=\"240\" \/><\/p>\n<p>&nbsp;<\/p>\n<p>2.\u00a0<strong>Huawei Mate 9<\/strong><\/p>\n<ul>\n<li>Pantalla LCD IPS Full HD de 5.9 pulgadas<\/li>\n<li>Lector de huellas dactilares<\/li>\n<li>C\u00e1mara principal Dual de 12+20 MP, Flash LED dual, video 2160 P<\/li>\n<li>Autofocus por detecci\u00f3n de fase y l\u00e1ser<\/li>\n<li>C\u00e1mara frontal 8 MP<\/li>\n<li>64 GB memoria, slot microSD<\/li>\n<li>4 GB RAM<\/li>\n<li>Procesador Octa-Core de 64 bits\u00a0Kirin 960 4\u00d72.4+4\u00d71.8 GHz<\/li>\n<li>Procesador gr\u00e1fico Mali-G71MP8 @1 GHz<\/li>\n<li>Bater\u00eda de 4000 mAh<\/li>\n<\/ul>\n<p><img loading=\"lazy\" decoding=\"async\" class=\"irc_mi\" src=\"https:\/\/image4.geekbuying.com\/ggo_pic\/2016-11-21\/HUAWEI-MATE-9-MHA-AL00-4GB-64GB-Smartphone---Mocha-Brown-388302-.jpg\" alt=\"Resultado de imagen para huawei mate 9\" width=\"250\" height=\"250\" \/><\/p>\n<p>&nbsp;<\/p>\n<p>3.\u00a0<strong>LG V20<\/strong><\/p>\n<ul>\n<li>Pantalla LCD IPS QHD de 5.7 pulgadas<\/li>\n<li>Lector de huellas dactilares<\/li>\n<li>C\u00e1mara principal Dual de 16+8 MP, Flash LED dual, video 2160 P<\/li>\n<li>Autofocus por detecci\u00f3n de fase y laser<\/li>\n<li>C\u00e1mara frontal 5 MP<\/li>\n<li>64 GB memoria, slot microSD<\/li>\n<li>4 GB RAM<\/li>\n<li>Procesador Snapdragon 820 Quad-Core de 64 bits 2\u00d72.2+2\u00d71.7 GHz<\/li>\n<li>GPU Adreno 530 @0.62 GHz<\/li>\n<li>Bater\u00eda de 3200 mAh<\/li>\n<\/ul>\n<p><img loading=\"lazy\" decoding=\"async\" class=\"irc_mi\" src=\"https:\/\/www.didongviet.vn\/pub\/media\/catalog\/product\/\/l\/g\/lg-v20-my-trang-xam-didongviet_2_1_3_2.jpg\" alt=\"Imagen relacionada\" width=\"250\" height=\"250\" \/><\/p>\n<p>&nbsp;<\/p>\n<p>4.\u00a0<strong>Samsung Galaxy A9 2016<\/strong><\/p>\n<ul>\n<li>Pantalla Super Amoled Full HD de 6 pulgadas<\/li>\n<li>Lector de huellas dactilares<\/li>\n<li>C\u00e1mara principal de 13 MP, Flash LED<\/li>\n<li>C\u00e1mara frontal 8 MP<\/li>\n<li>32 GB memoria, slot microSD<\/li>\n<li>3 GB RAM<\/li>\n<li>Procesador Snapdragon 652 Octa-Core de 64 bits 4\u00d71.8+4\u00d71.2 GHz<\/li>\n<li>GPU Adreno 510<\/li>\n<li>Bater\u00eda de 4000 mAh<\/li>\n<\/ul>\n<p><img loading=\"lazy\" decoding=\"async\" class=\"irc_mi\" src=\"https:\/\/d2giyh01gjb6fi.cloudfront.net\/default\/0001\/08\/thumb_7416_default_big.jpeg\" alt=\"Resultado de imagen para samsung galaxy a9 2016\" width=\"248\" height=\"232\" \/><\/p>\n<p>&nbsp;<\/p>\n<p>5.\u00a0<strong>Sony Xperia XA Ultra<\/strong><\/p>\n<ul>\n<li>Pantalla LCD IPS Full HD de 6 pulgadas<\/li>\n<li>C\u00e1mara principal de 21 MP, Flash LED<\/li>\n<li>C\u00e1mara frontal 16 MP<\/li>\n<li>16 GB memoria, slot microSD<\/li>\n<li>3 GB RAM<\/li>\n<li>Procesador MediaTek Helio P10 Octa-Core de 64 bits 4\u00d72.0+4\u00d71.2 GHz<\/li>\n<li>GPU Mali-T860MP2<\/li>\n<li>Bater\u00eda de 2700 mAh<\/li>\n<\/ul>\n<p><img loading=\"lazy\" decoding=\"async\" class=\"irc_mi\" src=\"https:\/\/http2.mlstatic.com\/sony-xperia-xa-ultra-s10000-oferta-D_NQ_NP_828384-MPE26456996588_112017-F.jpg\" alt=\"Resultado de imagen para sony xperia xa ultra caracteristicas\" width=\"260\" height=\"226\" \/><\/p>\n<p>&nbsp;<\/p>\n<p>6.\u00a0<strong>LG Stylus 2<\/strong><\/p>\n<ul>\n<li>Pantalla LCD IPS HD de 5.7 pulgadas<\/li>\n<li>C\u00e1mara principal de 13 MP, Flash LED<\/li>\n<li>C\u00e1mara frontal de 8 MP<\/li>\n<li>16 GB memoria, slot microSD<\/li>\n<li>1.5 GB RAM<\/li>\n<li>Procesador Snapdragon 410 Quad-Core de 64 bits 4\u00d71.2 GHz<\/li>\n<li>GPU Adreno 306 @0.4 GHz<\/li>\n<li>Bater\u00eda de 3000 mAh<\/li>\n<\/ul>\n<p><img loading=\"lazy\" decoding=\"async\" class=\"irc_mi\" src=\"https:\/\/http2.mlstatic.com\/lg-g2-stylus-k520dy-16gb-2gb-13mp-8mp-sup-g4-stylus-D_NQ_NP_640180-MLA26000966089_092017-F.jpg\" alt=\"Imagen relacionada\" width=\"250\" height=\"250\" \/><\/p>\n","protected":false},"excerpt":{"rendered":"<p>&nbsp; Phablets 2016 &nbsp; 1.\u00a0Huawei Mate 9 Pro Pantalla Amoled QHD de 5.5 pulgadas Lector de huellas dactilares C\u00e1mara principal Dual de 12+20 MP, Flash LED dual, video 2160 P Autofocus por detecci\u00f3n de fase y l\u00e1ser C\u00e1mara frontal 8 MP 128 GB memoria 6 GB RAM Procesador Octa-Core de 64 bits\u00a0Kirin 960 4\u00d72.4+4\u00d71.8 GHz [&hellip;]<\/p>\n","protected":false},"author":9068,"featured_media":0,"parent":0,"menu_order":0,"comment_status":"closed","ping_status":"closed","template":"","meta":{"footnotes":""},"class_list":["post-400","page","type-page","status-publish","hentry"],"_links":{"self":[{"href":"https:\/\/blog.espol.edu.ec\/anjumera95\/wp-json\/wp\/v2\/pages\/400","targetHints":{"allow":["GET"]}}],"collection":[{"href":"https:\/\/blog.espol.edu.ec\/anjumera95\/wp-json\/wp\/v2\/pages"}],"about":[{"href":"https:\/\/blog.espol.edu.ec\/anjumera95\/wp-json\/wp\/v2\/types\/page"}],"author":[{"embeddable":true,"href":"https:\/\/blog.espol.edu.ec\/anjumera95\/wp-json\/wp\/v2\/users\/9068"}],"replies":[{"embeddable":true,"href":"https:\/\/blog.espol.edu.ec\/anjumera95\/wp-json\/wp\/v2\/comments?post=400"}],"version-history":[{"count":1,"href":"https:\/\/blog.espol.edu.ec\/anjumera95\/wp-json\/wp\/v2\/pages\/400\/revisions"}],"predecessor-version":[{"id":401,"href":"https:\/\/blog.espol.edu.ec\/anjumera95\/wp-json\/wp\/v2\/pages\/400\/revisions\/401"}],"wp:attachment":[{"href":"https:\/\/blog.espol.edu.ec\/anjumera95\/wp-json\/wp\/v2\/media?parent=400"}],"curies":[{"name":"wp","href":"https:\/\/api.w.org\/{rel}","templated":true}]}}