{"id":402,"date":"2019-01-04T17:30:04","date_gmt":"2019-01-04T22:30:04","guid":{"rendered":"http:\/\/blog.espol.edu.ec\/anjumera95\/?page_id=402"},"modified":"2019-10-04T20:50:21","modified_gmt":"2019-10-05T01:50:21","slug":"phablets-2018","status":"publish","type":"page","link":"https:\/\/blog.espol.edu.ec\/anjumera95\/phablets-2018\/","title":{"rendered":"Phablets 2018"},"content":{"rendered":"<p>&nbsp;<\/p>\n<p><strong>Phablets 2018<\/strong><\/p>\n<p>&nbsp;<\/p>\n<p>1.\u00a0<strong>Huawei Mate 20 Pro<\/strong><\/p>\n<ul>\n<li>Pantalla AMOLED con Gorilla Glass 1440 x 3120 pixels, 6.4 pulgadas<\/li>\n<li>Resistencia al polvo y agua<\/li>\n<li>Lector de huellas dactilares en pantalla, desbloqueo facial 3D<\/li>\n<li>C\u00e1mara principal Triple de 40, 20 y 8 MP, Flash LED dual, video 2160 P<\/li>\n<li>Autofocus por detecci\u00f3n de fase y l\u00e1ser, zoom \u00f3ptico 5x<\/li>\n<li>C\u00e1mara frontal 24 MP 1080 P<\/li>\n<li>128 \u00f3 256 GB memoria, slot NM (nano memory)<\/li>\n<li>6 \u00f3 8 GB RAM<\/li>\n<li>Procesador Octa-Core de 64 bits Kirin 980 2\u00d72.6+2\u00d71.9+4x1.8 GHz<\/li>\n<li>Procesador gr\u00e1fico Mali-G76 MP10 @0.72\u00a0GHz<\/li>\n<li>Bater\u00eda 4200 mAh<\/li>\n<\/ul>\n<p><img loading=\"lazy\" decoding=\"async\" class=\"irc_mi\" src=\"https:\/\/www.ecestaticos.com\/imagestatic\/clipping\/9d6\/d47\/9d6d47c165d68ed4f7e9d69768eb697f\/huawei-se-situa-a-la-vanguardia-de-los-smartphones-con-su-nuevo-mate-20-pro.jpg?mtime=1542626539\" alt=\"Imagen relacionada\" width=\"436\" height=\"245\" \/><\/p>\n<p>&nbsp;<\/p>\n<p>2.\u00a0<strong>Samsung Galaxy Note 9<\/strong><\/p>\n<ul>\n<li>Pantalla Super AMOLED 1440\u00d72960 P \u2013 6.4 pulgadas<\/li>\n<li>Sensor de ritmo card\u00edaco, Sensor dactilar y Sensor de iris.<\/li>\n<li>Certificaci\u00f3n IP68: resistente al agua y al polvo<\/li>\n<li>C\u00e1mara principal dual de 12 MP, Flash LED dual<\/li>\n<li>C\u00e1mara Frontal 8 MP<\/li>\n<li>128 \u00f3 512 GB memoria,\u00a0Slot MicroSD<\/li>\n<li>6 \u00f3 8 GB RAM<\/li>\n<li>Procesador(opci\u00f3n1) Octa-Core de 64 bits Exynos 9810 4\u00d72.9+4\u00d71.9 GHz, con GPU Mali-G72 MP18 @0.65 GHz<\/li>\n<li>Procesador(opci\u00f3n2) Octa-Core de 64 bits\u00a0Snapdragon 845 4\u00d72.8+4\u00d71.8 GHz, con GPU Adreno 630 @0.71 GHz<\/li>\n<li>Bate\u00eda 4000 mAh<\/li>\n<\/ul>\n<p><img loading=\"lazy\" decoding=\"async\" class=\"irc_mi\" src=\"https:\/\/www.giztab.com\/wp-content\/uploads\/2018\/08\/Note9.png\" alt=\"Resultado de imagen para samsung galaxy note 9 caracteristicas y especificaciones\" width=\"401\" height=\"267\" \/><\/p>\n<p>&nbsp;<\/p>\n<p>3.\u00a0<strong>LG V40 ThinQ<\/strong><\/p>\n<ul>\n<li>Pantalla OLED 1440\u00d73120 P \u2013 6.4 pulgadas<\/li>\n<li>Sensor de huellas dactilares, desbloqueo facial<\/li>\n<li>Certificaci\u00f3n IP68: resistente al agua<\/li>\n<li>C\u00e1mara principal triple 16+12+12 MP, Flash LED dual, Video UHD (4K)<\/li>\n<li>C\u00e1mara Frontal dual 8+5 MP<\/li>\n<li>64 \u00f3 128 GB memoria,\u00a0Slot MicroSD<\/li>\n<li>6 GB RAM<\/li>\n<li>Procesador Octa-Core de 64 bits\u00a0Snapdragon 845 4\u00d72.8+4\u00d71.8 GHz, con GPU Adreno 630 @0.71 GHz<\/li>\n<li>Bate\u00eda 3300 mAh<\/li>\n<\/ul>\n<p><img loading=\"lazy\" decoding=\"async\" class=\"irc_mi\" src=\"https:\/\/i.blogs.es\/4a113c\/lgv400\/840_560.jpg\" alt=\"Imagen relacionada\" width=\"386\" height=\"257\" \/><\/p>\n<p>&nbsp;<\/p>\n<p>4.\u00a0<strong>Honor View 20<\/strong><\/p>\n<ul>\n<li>Pantalla LCD IPS Gorilla Glass 1080 x 2310 pixels, 6.4 pulgadas<\/li>\n<li>Lector de huellas dactilares, desbloqueo facial<\/li>\n<li>C\u00e1mara principal Dual de 48 MP + TOF 3D, Flash LED, video 2160 P<\/li>\n<li>Autofocus por detecci\u00f3n de fase<\/li>\n<li>C\u00e1mara frontal 25 MP 1080 P<\/li>\n<li>128 \u00f3 256 GB memoria, slot microSD<\/li>\n<li>6 \u00f3 8 GB RAM<\/li>\n<li>Procesador Octa-Core de 64 bits Kirin 980 2\u00d72.6+2\u00d71.9+4x1.8 GHz<\/li>\n<li>Procesador gr\u00e1fico Mali-G76 MP10 @0.72\u00a0GHz<\/li>\n<li>Bater\u00eda 4000 mAh<\/li>\n<\/ul>\n<p><img loading=\"lazy\" decoding=\"async\" class=\"irc_mi\" src=\"https:\/\/andro4all.com\/files\/2018\/12\/Honor-View20-ya-es-oficial-700x500.jpg\" alt=\"Resultado de imagen para honor view 20\" width=\"370\" height=\"264\" \/><\/p>\n<p>&nbsp;<\/p>\n<p>5.\u00a0<strong>Huawei Mate 20<\/strong><\/p>\n<ul>\n<li>Pantalla LCD IPS Gorilla Glass 1080 x 2240 pixels, 6.5 pulgadas<\/li>\n<li>Lector de huellas dactilares, desbloqueo facial<\/li>\n<li>Resistente a salpicaduras<\/li>\n<li>C\u00e1mara principal Triple de 12+16+8 MP, Flash LED, video 2160 P<\/li>\n<li>Autofocus por detecci\u00f3n de fase y l\u00e1ser, zoom \u00f3ptico<\/li>\n<li>C\u00e1mara frontal 24 MP 1080 P<\/li>\n<li>128 GB memoria, slot NM (nano memory)<\/li>\n<li>4 \u00f3 6 GB RAM<\/li>\n<li>Procesador Octa-Core de 64 bits Kirin 980 2\u00d72.6+2\u00d71.9+4x1.8 GHz<\/li>\n<li>Procesador gr\u00e1fico Mali-G76 MP10 @0.72\u00a0GHz<\/li>\n<li>Bater\u00eda 4000 mAh<\/li>\n<\/ul>\n<p><img loading=\"lazy\" decoding=\"async\" class=\"irc_mi\" src=\"https:\/\/icdn2.digitaltrends.com\/image\/huawei-mate-20-x-prod-720x720.jpg\" alt=\"Resultado de imagen para huawei mate 20 normal\" width=\"399\" height=\"266\" \/><\/p>\n","protected":false},"excerpt":{"rendered":"<p>&nbsp; Phablets 2018 &nbsp; 1.\u00a0Huawei Mate 20 Pro Pantalla AMOLED con Gorilla Glass 1440 x 3120 pixels, 6.4 pulgadas Resistencia al polvo y agua Lector de huellas dactilares en pantalla, desbloqueo facial 3D C\u00e1mara principal Triple de 40, 20 y 8 MP, Flash LED dual, video 2160 P Autofocus por detecci\u00f3n de fase y l\u00e1ser, [&hellip;]<\/p>\n","protected":false},"author":9068,"featured_media":0,"parent":0,"menu_order":0,"comment_status":"closed","ping_status":"closed","template":"","meta":{"footnotes":""},"class_list":["post-402","page","type-page","status-publish","hentry"],"_links":{"self":[{"href":"https:\/\/blog.espol.edu.ec\/anjumera95\/wp-json\/wp\/v2\/pages\/402","targetHints":{"allow":["GET"]}}],"collection":[{"href":"https:\/\/blog.espol.edu.ec\/anjumera95\/wp-json\/wp\/v2\/pages"}],"about":[{"href":"https:\/\/blog.espol.edu.ec\/anjumera95\/wp-json\/wp\/v2\/types\/page"}],"author":[{"embeddable":true,"href":"https:\/\/blog.espol.edu.ec\/anjumera95\/wp-json\/wp\/v2\/users\/9068"}],"replies":[{"embeddable":true,"href":"https:\/\/blog.espol.edu.ec\/anjumera95\/wp-json\/wp\/v2\/comments?post=402"}],"version-history":[{"count":3,"href":"https:\/\/blog.espol.edu.ec\/anjumera95\/wp-json\/wp\/v2\/pages\/402\/revisions"}],"predecessor-version":[{"id":432,"href":"https:\/\/blog.espol.edu.ec\/anjumera95\/wp-json\/wp\/v2\/pages\/402\/revisions\/432"}],"wp:attachment":[{"href":"https:\/\/blog.espol.edu.ec\/anjumera95\/wp-json\/wp\/v2\/media?parent=402"}],"curies":[{"name":"wp","href":"https:\/\/api.w.org\/{rel}","templated":true}]}}