{"id":405,"date":"2019-02-14T21:00:23","date_gmt":"2019-02-15T02:00:23","guid":{"rendered":"http:\/\/blog.espol.edu.ec\/anjumera95\/?page_id=405"},"modified":"2019-02-14T21:00:52","modified_gmt":"2019-02-15T02:00:52","slug":"gama-media-alta-2016","status":"publish","type":"page","link":"https:\/\/blog.espol.edu.ec\/anjumera95\/gama-media-alta-2016\/","title":{"rendered":"Gama media-alta 2016"},"content":{"rendered":"<p>&nbsp;<\/p>\n<p><strong>Gama media-alta 2016<\/strong><\/p>\n<p>&nbsp;<\/p>\n<p>1. <strong>Moto Z Play<\/strong><\/p>\n<ul>\n<li>Pantalla LCD IPS Full HD de 5.5 pulgadas<\/li>\n<li>Lector de huellas dactilares<\/li>\n<li>Resistencia salpicaduras<\/li>\n<li>C\u00e1mara principal de 16 MP, Flash LED dual<\/li>\n<li>C\u00e1mara frontal de 5 MP<\/li>\n<li>32 GB memoria, Slot MicroSD<\/li>\n<li>3 GB RAM<\/li>\n<li>Procesador Snapdragon 625 Octa-Core de 64 bits 4\u00d72+4\u00d72 GHz<\/li>\n<li>GPU Adreno 506 @0.65 GHz<\/li>\n<li>Bater\u00eda 3510 mAh<\/li>\n<\/ul>\n<p><img loading=\"lazy\" decoding=\"async\" class=\"irc_mi\" src=\"https:\/\/i.linio.com\/p\/e4f6d8ab8d75ec50a24376265b497a16-product.jpg\" alt=\"Resultado de imagen para moto z play\" width=\"209\" height=\"209\" \/><\/p>\n<p>&nbsp;<\/p>\n<p>2. <strong>Huawei Nova Plus<\/strong><\/p>\n<ul>\n<li>Pantalla LCD IPS Full HD de 5.5 pulgadas<\/li>\n<li>Lector de huellas dactilares<\/li>\n<li>C\u00e1mara principal de 16 MP, Flash LED dual<\/li>\n<li>C\u00e1mara frontal de 8 MP<\/li>\n<li>32 GB memoria, Slot MicroSD<\/li>\n<li>3 GB RAM<\/li>\n<li>Procesador Snapdragon 625 Octa-Core de 64 bits 4\u00d72+4\u00d72 GHz<\/li>\n<li>GPU Adreno 506 @0.65 GHz<\/li>\n<li>Bater\u00eda 3340 mAh<\/li>\n<\/ul>\n<p><img loading=\"lazy\" decoding=\"async\" class=\"irc_mi\" src=\"https:\/\/d2giyh01gjb6fi.cloudfront.net\/default\/0001\/37\/thumb_36076_default_big.jpeg\" alt=\"Imagen relacionada\" width=\"300\" height=\"236\" \/><\/p>\n<p>&nbsp;<\/p>\n<p>3. <strong>Huawei Mate 9 Lite<\/strong><\/p>\n<ul>\n<li>Pantalla LCD IPS Full HD de 5.5 pulgadas<\/li>\n<li>Lector de huellas dactilares<\/li>\n<li>C\u00e1mara principal Dual de (12 + 2) MP, Flash LED<\/li>\n<li>C\u00e1mara frontal de 8 MP<\/li>\n<li>32 GB memoria, slot microSD<\/li>\n<li>3 GB RAM<\/li>\n<li>Procesador Kirin 655 Octa-Core de 64 bits 4\u00d72.1+4\u00d71.7 GHz<\/li>\n<li>GPU Mali-T830MP2 @0.6 GHz<\/li>\n<li>Bate\u00eda 3340 mAh<\/li>\n<\/ul>\n<p><img loading=\"lazy\" decoding=\"async\" class=\"irc_mi\" src=\"https:\/\/http2.mlstatic.com\/huawei-mate-9-lite-lte-4g-32gb-3gb-dual-sim-android-regalo-D_NQ_NP_742773-MLA25603289925_052017-F.jpg\" alt=\"Imagen relacionada\" width=\"366\" height=\"220\" \/><\/p>\n<p>&nbsp;<\/p>\n<p>4. <strong>Huawei Nova<\/strong><\/p>\n<ul>\n<li>Pantalla LCD IPS Full HD de 5 pulgadas<\/li>\n<li>Lector de huellas dactilares<\/li>\n<li>C\u00e1mara principal de 12 MP, Flash LED<\/li>\n<li>C\u00e1mara frontal de 8 MP<\/li>\n<li>32 GB memoria, Slot MicroSD<\/li>\n<li>3 GB RAM<\/li>\n<li>Procesador Snapdragon 625 Octa-Core de 64 bits 4\u00d72+4\u00d72 GHz<\/li>\n<li>GPU Adreno 506 @0.65 GHz<\/li>\n<li>Bater\u00eda 3020 mAh<\/li>\n<\/ul>\n<p><img loading=\"lazy\" decoding=\"async\" class=\"irc_mi\" src=\"https:\/\/www.notebookcheck.org\/fileadmin\/Notebooks\/Huawei\/Nova\/Herstellerbild_1.jpg\" alt=\"Imagen relacionada\" width=\"292\" height=\"212\" \/><\/p>\n<p>&nbsp;<\/p>\n<p>5. <strong>Moto G4 Plus<\/strong><\/p>\n<ul>\n<li>Pantalla LCD IPS Full HD de 5.5 pulgadas<\/li>\n<li>Resistencia al polvo y agua<\/li>\n<li>Lector de huellas dactilares<\/li>\n<li>C\u00e1mara principal de 16 MP, Flash LED dual<\/li>\n<li>C\u00e1mara frontal de 5 MP<\/li>\n<li>16 \u00f3 32 GB memoria, Slot MicroSD<\/li>\n<li>2 \u00f3 3 GB RAM<\/li>\n<li>Procesador Snapdragon 615 Octa-Core de 64 bits 4\u00d71.5+4\u00d71 GHz<\/li>\n<li>GPU Adreno 405 @0.5\u00a0GHz<\/li>\n<li>Bater\u00eda 3000 mAh<\/li>\n<\/ul>\n<p><img loading=\"lazy\" decoding=\"async\" class=\"irc_mi\" src=\"https:\/\/http2.mlstatic.com\/motorola-moto-g4-plus-dualsim-55pg-32-2ram-negro-D_NQ_NP_668612-MLM26179829427_102017-F.jpg\" alt=\"Resultado de imagen para moto g4 plus\" width=\"267\" height=\"267\" \/><\/p>\n<p>&nbsp;<\/p>\n<p>6. <strong>Samsung Galaxy A7 (2016)<\/strong><\/p>\n<ul>\n<li>Pantalla LCD IPS Full HD de 5.5 pulgadas<\/li>\n<li>Lector de huellas dactilares<\/li>\n<li>C\u00e1mara principal de 13 MP, Flash LED<\/li>\n<li>C\u00e1mara frontal de 5 MP<\/li>\n<li>16 GB memoria, Slot MicroSD<\/li>\n<li>3 GB RAM<\/li>\n<li>Procesador (opci\u00f3n 1) Exynos 7580 Octa-Core de 64 bits 8x1.6 GHz, GPU Mali-T720MP2 @0.6 GHz<\/li>\n<li>Procesador (opci\u00f3n 2) Snapdragon 615 Octa-Core de 64 bits 4\u00d71.5+4\u00d71 GHz,\u00a0GPU Adreno 405 <span class=\"\">@<\/span>0.5 GHz<\/li>\n<li>Bater\u00eda 3300 mAh<\/li>\n<\/ul>\n<p><img loading=\"lazy\" decoding=\"async\" class=\"irc_mi\" src=\"https:\/\/drop.ndtv.com\/TECH\/product_database\/images\/1222015115737PM_635_samsung_galaxy_a7_2016.jpeg\" alt=\"Resultado de imagen para samsung galaxy a7 2016\" width=\"288\" height=\"216\" \/><\/p>\n","protected":false},"excerpt":{"rendered":"<p>&nbsp; Gama media-alta 2016 &nbsp; 1. Moto Z Play Pantalla LCD IPS Full HD de 5.5 pulgadas Lector de huellas dactilares Resistencia salpicaduras C\u00e1mara principal de 16 MP, Flash LED dual C\u00e1mara frontal de 5 MP 32 GB memoria, Slot MicroSD 3 GB RAM Procesador Snapdragon 625 Octa-Core de 64 bits 4\u00d72+4\u00d72 GHz GPU Adreno [&hellip;]<\/p>\n","protected":false},"author":9068,"featured_media":0,"parent":0,"menu_order":0,"comment_status":"closed","ping_status":"closed","template":"","meta":{"footnotes":""},"class_list":["post-405","page","type-page","status-publish","hentry"],"_links":{"self":[{"href":"https:\/\/blog.espol.edu.ec\/anjumera95\/wp-json\/wp\/v2\/pages\/405","targetHints":{"allow":["GET"]}}],"collection":[{"href":"https:\/\/blog.espol.edu.ec\/anjumera95\/wp-json\/wp\/v2\/pages"}],"about":[{"href":"https:\/\/blog.espol.edu.ec\/anjumera95\/wp-json\/wp\/v2\/types\/page"}],"author":[{"embeddable":true,"href":"https:\/\/blog.espol.edu.ec\/anjumera95\/wp-json\/wp\/v2\/users\/9068"}],"replies":[{"embeddable":true,"href":"https:\/\/blog.espol.edu.ec\/anjumera95\/wp-json\/wp\/v2\/comments?post=405"}],"version-history":[{"count":2,"href":"https:\/\/blog.espol.edu.ec\/anjumera95\/wp-json\/wp\/v2\/pages\/405\/revisions"}],"predecessor-version":[{"id":407,"href":"https:\/\/blog.espol.edu.ec\/anjumera95\/wp-json\/wp\/v2\/pages\/405\/revisions\/407"}],"wp:attachment":[{"href":"https:\/\/blog.espol.edu.ec\/anjumera95\/wp-json\/wp\/v2\/media?parent=405"}],"curies":[{"name":"wp","href":"https:\/\/api.w.org\/{rel}","templated":true}]}}