{"id":410,"date":"2019-05-16T19:58:13","date_gmt":"2019-05-17T00:58:13","guid":{"rendered":"http:\/\/blog.espol.edu.ec\/anjumera95\/?page_id=410"},"modified":"2020-03-10T16:26:33","modified_gmt":"2020-03-10T21:26:33","slug":"gama-media-2019","status":"publish","type":"page","link":"https:\/\/blog.espol.edu.ec\/anjumera95\/gama-media-2019\/","title":{"rendered":"Gama media 2019"},"content":{"rendered":"<p>&nbsp;<\/p>\n<p>&nbsp;<\/p>\n<p>&nbsp;<\/p>\n<p><strong>Gama media 2019<\/strong><\/p>\n<p>&nbsp;<\/p>\n<p>1. <strong>Redmi Note 8\u00a0<\/strong><\/p>\n<ul>\n<li>Pantalla LCD IPS 1080 x 2340 pixeles de 6.3 pulgadas<\/li>\n<li>Lector de huellas dactilares<\/li>\n<li>C\u00e1mara principal cu\u00e1druple: 48MP(normal), 8MP(angular), 2MP(macro), 2MP(prof.), Flash LED<\/li>\n<li>C\u00e1mara frontal de 13 MP<\/li>\n<li>64 \u00f3 128 GB memoria,\u00a0Slot MicroSD<\/li>\n<li>4 \u00f3 6 GB RAM<\/li>\n<li>Procesador\u00a0Snapdragon 665 octa-core\u00a0 (4\u00d72.2+4\u00d71.8) GHz<\/li>\n<li>GPU Adreno 610<\/li>\n<li>Bate\u00eda 4000 mAh, carga r\u00e1pida a 18W<\/li>\n<\/ul>\n<p><img loading=\"lazy\" decoding=\"async\" class=\"n3VNCb\" src=\"https:\/\/images-na.ssl-images-amazon.com\/images\/I\/510GdVKLkfL._SY355_.jpg\" alt=\"Resultado de imagen para xiaomi redmi note 8\" width=\"270\" height=\"270\" \/><\/p>\n<p>&nbsp;<\/p>\n<p>2.<strong> Samsung Galaxy A50<\/strong><\/p>\n<ul>\n<li>Pantalla Super AMOLED 1080 x 2340 pixeles de 6.4 pulgadas<\/li>\n<li>Lector de huellas dactilares bajo pantalla<\/li>\n<li>C\u00e1mara principal triple de 25(normal), 8(angular) y 5(prof.) MP, Flash LED<\/li>\n<li>C\u00e1mara frontal de 25 MP<\/li>\n<li>64 \u00f3 128 GB memoria,\u00a0Slot MicroSD<\/li>\n<li>4 \u00f3 6 GB RAM<\/li>\n<li>Procesador\u00a0Exynos 9610 Octa octa-core (4\u00d72.3+4\u00d71.6) GHz<\/li>\n<li>GPU Mali-G72 MP3<\/li>\n<li>Bate\u00eda 4000 mAh, carga r\u00e1pida a 15W<\/li>\n<\/ul>\n<p><img loading=\"lazy\" decoding=\"async\" class=\"irc_mi\" src=\"https:\/\/i.blogs.es\/294344\/galaxy-a30\/450_1000.jpg\" alt=\"Imagen relacionada\" width=\"318\" height=\"212\" \/><\/p>\n<p>&nbsp;<\/p>\n<p>3.\u00a0<strong>Huawei P30 Lite<\/strong><\/p>\n<ul>\n<li>Pantalla LCD IPS 1080 x 2312 pixeles de 6.15 pulgadas<\/li>\n<li>Lector de huellas dactilares<\/li>\n<li>C\u00e1mara principal triple de 24(normal), 8(angular) y 2(prof.) MP, Flash LED<\/li>\n<li>C\u00e1mara frontal de 32 MP<\/li>\n<li>128 GB memoria,\u00a0Slot MicroSD<\/li>\n<li>4 \u00f3 6 GB RAM<\/li>\n<li>Procesador Kirin 710 Octa-Core de 64 bits (4\u00d72.2+4\u00d71.7) GHz<\/li>\n<li>GPU Mali-G51 MP4<\/li>\n<li>Bate\u00eda 3340 mAh, carga r\u00e1pida a 18W<\/li>\n<\/ul>\n<p><img loading=\"lazy\" decoding=\"async\" class=\"irc_mi\" src=\"https:\/\/i.blogs.es\/89a577\/p30-lite-leak\/450_1000.jpg\" alt=\"Resultado de imagen para huawei p30 lite\" width=\"321\" height=\"214\" \/><\/p>\n<p>&nbsp;<\/p>\n<p>4.\u00a0<strong>Huawei Y9 Prime 2019<\/strong><\/p>\n<ul>\n<li>Pantalla LCD IPS 1080 x 2340 pixeles de 6.59 pulgadas<\/li>\n<li>Lector de huellas dactilares<\/li>\n<li>C\u00e1mara principal triple de 16MP(normal), 8MP(angular) y 2MP(prof.), Flash LED<\/li>\n<li>C\u00e1mara frontal pop-up de 16 MP<\/li>\n<li>64 \u00f3 128 GB memoria,\u00a0Slot MicroSD<\/li>\n<li>4 GB RAM<\/li>\n<li>Procesador Kirin 710 Octa-Core de 64 bits (4\u00d72.2+4\u00d71.7) GHz<\/li>\n<li>GPU Mali-G51 MP4<\/li>\n<li>Bate\u00eda 4000 mAh, carga r\u00e1pida a 18W<\/li>\n<\/ul>\n<p><img loading=\"lazy\" decoding=\"async\" class=\"n3VNCb\" src=\"https:\/\/http2.mlstatic.com\/celular-huawei-y9-prime-2019-128gb-4gb-sellado-nacional-D_NQ_NP_753718-MLM32140883396_092019-F.jpg\" alt=\"Resultado de imagen para huawei y9 prime 2019\" width=\"219\" height=\"240\" \/><\/p>\n<p>&nbsp;<\/p>\n<p>5.\u00a0<strong>Redmi Note 7<\/strong><\/p>\n<ul>\n<li>Pantalla LCD IPS 1080 x 2340 pixeles de 6.3 pulgadas<\/li>\n<li>Lector de huellas dactilares<\/li>\n<li>C\u00e1mara principal dual de (48+5) MP, Flash LED<\/li>\n<li>C\u00e1mara frontal de 13 MP<\/li>\n<li>32 \u00f3 64 GB memoria,\u00a0Slot MicroSD<\/li>\n<li>3 \u00f3 4 GB RAM<\/li>\n<li>Procesador\u00a0Snapdragon 660 octa-core\u00a0 (4\u00d72.2+4\u00d71.8) GHz<\/li>\n<li>GPU Adreno 512<\/li>\n<li>Bate\u00eda 4000 mAh, carga r\u00e1pida a 18W<\/li>\n<\/ul>\n<p><img loading=\"lazy\" decoding=\"async\" class=\"irc_mi\" src=\"https:\/\/images-na.ssl-images-amazon.com\/images\/I\/61LiKwLWbqL._SX425_.jpg\" alt=\"Resultado de imagen para redmi note 7\" width=\"280\" height=\"280\" \/><\/p>\n<p>&nbsp;<\/p>\n<p>6.\u00a0<strong>Huawei P Smart Z<\/strong><\/p>\n<ul>\n<li>Pantalla LCD IPS 1080 x 2349 pixeles de 6.59 pulgadas<\/li>\n<li>Lector de huellas dactilares<\/li>\n<li>C\u00e1mara principal dual de (16+2) MP, Flash LED<\/li>\n<li>C\u00e1mara frontal pop-up de 16 MP<\/li>\n<li>64 GB memoria,\u00a0Slot MicroSD<\/li>\n<li>4 GB RAM<\/li>\n<li>Procesador Kirin 710 Octa-Core de 64 bits (4\u00d72.2+4\u00d71.7) GHz<\/li>\n<li>GPU Mali-G51 MP4<\/li>\n<li>Bate\u00eda 4000 mAh, carga r\u00e1pida a 18W<\/li>\n<\/ul>\n<p><img loading=\"lazy\" decoding=\"async\" class=\"irc_mi\" src=\"https:\/\/www.slashgear.com\/wp-content\/uploads\/2019\/05\/huawei-p-smart-z-1280x720.jpg\" alt=\"Resultado de imagen para huawei p smart z\" width=\"422\" height=\"237\" \/><\/p>\n<p>&nbsp;<\/p>\n<p>7.\u00a0<strong>Huawei Y9 2019<\/strong><\/p>\n<ul>\n<li>Pantalla LCD IPS 1080 x 2349 pixeles de 6.5 pulgadas<\/li>\n<li>Lector de huellas dactilares<\/li>\n<li>C\u00e1mara principal dual de (16+2) MP, Flash LED<\/li>\n<li>C\u00e1mara frontal dual de (13+2) MP<\/li>\n<li>64 GB memoria,\u00a0Slot MicroSD<\/li>\n<li>4 GB RAM<\/li>\n<li>Procesador Kirin 710 Octa-Core de 64 bits (4\u00d72.2+4\u00d71.7) GHz<\/li>\n<li>GPU Mali-G51 MP4<\/li>\n<li>Bate\u00eda 4000 mAh, carga a 10W<\/li>\n<\/ul>\n<p><img loading=\"lazy\" decoding=\"async\" class=\"irc_mi\" src=\"https:\/\/www.movilesperu.pe\/wp-content\/uploads\/2018\/12\/huaweiY9-2019-1.jpg\" alt=\"Imagen relacionada\" width=\"218\" height=\"218\" \/><\/p>\n<p>&nbsp;<\/p>\n<p>8.\u00a0<strong>Samsung Galaxy A40<\/strong><\/p>\n<ul>\n<li>Pantalla Super AMOLED 1080 x 2340 pixeles de 5.9 pulgadas<\/li>\n<li>Lector de huellas dactilares<\/li>\n<li>C\u00e1mara principal dual de 16(normal) y 5(angular) MP, Flash LED<\/li>\n<li>C\u00e1mara frontal de 25 MP<\/li>\n<li>64 GB memoria,\u00a0Slot MicroSD<\/li>\n<li>4 GB RAM<\/li>\n<li>Procesador\u00a0Exynos 7885 Octa octa-core (2\u00d72.2+6\u00d71.6) GHz<\/li>\n<li>GPU Mali-G71 MP2<\/li>\n<li>Bate\u00eda 3100 mAh, carga r\u00e1pida a 15W<\/li>\n<\/ul>\n<p><img loading=\"lazy\" decoding=\"async\" class=\"irc_mi\" src=\"https:\/\/csmobiles.com\/12292-large_default\/samsung-galaxy-a40-a405-64gb-dual-sim-blanco.jpg\" alt=\"Resultado de imagen para samsung galaxy a40\" width=\"220\" height=\"220\" \/><\/p>\n<p>&nbsp;<\/p>\n<p>9.\u00a0<strong>Moto G7<\/strong><\/p>\n<ul>\n<li>Pantalla LCD IPS 1080 x 2270 pixeles de 6.2 pulgadas<\/li>\n<li>Lector de huellas dactilares<\/li>\n<li>C\u00e1mara principal Dual de (12 + 5) MP, Flash LED dual<\/li>\n<li>C\u00e1mara Frontal de 8 MP<\/li>\n<li>64 GB memoria,\u00a0Slot MicroSD<\/li>\n<li>4 GB RAM<\/li>\n<li>Procesador Snapdragon 632 Octa-Core de 64 bits (4\u00d71.8+4\u00d71.8) GHz<\/li>\n<li>GPU Adreno 506<\/li>\n<li>Bate\u00eda 3000 mAh, carga r\u00e1pida a 15W<\/li>\n<\/ul>\n<p><img loading=\"lazy\" decoding=\"async\" class=\"irc_mi\" src=\"https:\/\/images-na.ssl-images-amazon.com\/images\/I\/71C8wZg2tvL._SY355_.jpg\" alt=\"Resultado de imagen para moto g7\" width=\"250\" height=\"250\" \/><\/p>\n<p>&nbsp;<\/p>\n<p>10.\u00a0<strong>Sony Xperia 10<\/strong><\/p>\n<ul>\n<li>Pantalla LCD IPS 1080 x 2520 pixeles de 6 pulgadas<\/li>\n<li>Lector de huellas dactilares<\/li>\n<li>C\u00e1mara principal Dual de (13 + 5) MP, Flash LED dual<\/li>\n<li>C\u00e1mara Frontal de 8 MP<\/li>\n<li>64 GB memoria,\u00a0Slot MicroSD<\/li>\n<li>3 GB RAM<\/li>\n<li>Procesador Snapdragon 630 Octa-Core de 64 bits (4\u00d72.2+4\u00d71.8) GHz<\/li>\n<li>GPU Adreno 508<\/li>\n<li>Bate\u00eda 2870 mAh, carga r\u00e1pida a 18W<\/li>\n<\/ul>\n<p><img loading=\"lazy\" decoding=\"async\" class=\"irc_mi\" src=\"https:\/\/images-na.ssl-images-amazon.com\/images\/I\/81DlBrc%2BnNL._SY355_.jpg\" alt=\"Imagen relacionada\" width=\"259\" height=\"259\" \/><\/p>\n<p>&nbsp;<\/p>\n<p>11.\u00a0<strong>Samsung Galaxy M30<\/strong><\/p>\n<ul>\n<li>Pantalla Super AMOLED 1080 x 2340 pixeles de 6.4 pulgadas<\/li>\n<li>Lector de huellas dactilares<\/li>\n<li>C\u00e1mara principal triple de 13(normal), 5(angular) y 5(prof.) MP, Flash LED<\/li>\n<li>C\u00e1mara frontal de 16 MP<\/li>\n<li>64 GB memoria,\u00a0Slot MicroSD<\/li>\n<li>4 GB RAM<\/li>\n<li>Procesador\u00a0Exynos 7904 Octa octa-core (2\u00d71.8+6\u00d71.6) GHz<\/li>\n<li>GPU Mali-G71 MP2<\/li>\n<li>Bate\u00eda 5000 mAh, carga r\u00e1pida a 15W<\/li>\n<\/ul>\n<p><img loading=\"lazy\" decoding=\"async\" class=\"irc_mi\" src=\"https:\/\/i.gadgets360cdn.com\/products\/large\/1551217932_635_samsung_galaxy_m30.jpg\" alt=\"Resultado de imagen para samsung galaxy m30\" width=\"300\" height=\"225\" \/><\/p>\n<p>&nbsp;<\/p>\n<p>12.\u00a0<strong>Samsung Galaxy A30<\/strong><\/p>\n<ul>\n<li>Pantalla Super AMOLED 1080 x 2340 pixeles de 6.4 pulgadas<\/li>\n<li>Lector de huellas dactilares<\/li>\n<li>C\u00e1mara principal dual de 16(normal) y 5(angular) MP, Flash LED<\/li>\n<li>C\u00e1mara frontal de 16 MP<\/li>\n<li>32 \u00f3 64 GB memoria,\u00a0Slot MicroSD<\/li>\n<li>3 \u00f3 4 GB RAM<\/li>\n<li>Procesador\u00a0Exynos 7904 Octa octa-core (2\u00d71.8+6\u00d71.6) GHz<\/li>\n<li>GPU Mali-G71 MP2<\/li>\n<li>Bate\u00eda 4000 mAh, carga r\u00e1pida a 15W<\/li>\n<\/ul>\n<p><img loading=\"lazy\" decoding=\"async\" class=\"irc_mi\" src=\"https:\/\/www.mobiledokan.com\/wp-content\/uploads\/2019\/03\/Samsung-Galaxy-A30-Blue.jpg\" alt=\"Resultado de imagen para samsung galaxy a30\" width=\"272\" height=\"230\" \/><\/p>\n","protected":false},"excerpt":{"rendered":"<p>&nbsp; &nbsp; &nbsp; Gama media 2019 &nbsp; 1. Redmi Note 8\u00a0 Pantalla LCD IPS 1080 x 2340 pixeles de 6.3 pulgadas Lector de huellas dactilares C\u00e1mara principal cu\u00e1druple: 48MP(normal), 8MP(angular), 2MP(macro), 2MP(prof.), Flash LED C\u00e1mara frontal de 13 MP 64 \u00f3 128 GB memoria,\u00a0Slot MicroSD 4 \u00f3 6 GB RAM Procesador\u00a0Snapdragon 665 octa-core\u00a0 (4\u00d72.2+4\u00d71.8) GHz [&hellip;]<\/p>\n","protected":false},"author":9068,"featured_media":0,"parent":0,"menu_order":0,"comment_status":"closed","ping_status":"closed","template":"","meta":{"footnotes":""},"class_list":["post-410","page","type-page","status-publish","hentry"],"_links":{"self":[{"href":"https:\/\/blog.espol.edu.ec\/anjumera95\/wp-json\/wp\/v2\/pages\/410","targetHints":{"allow":["GET"]}}],"collection":[{"href":"https:\/\/blog.espol.edu.ec\/anjumera95\/wp-json\/wp\/v2\/pages"}],"about":[{"href":"https:\/\/blog.espol.edu.ec\/anjumera95\/wp-json\/wp\/v2\/types\/page"}],"author":[{"embeddable":true,"href":"https:\/\/blog.espol.edu.ec\/anjumera95\/wp-json\/wp\/v2\/users\/9068"}],"replies":[{"embeddable":true,"href":"https:\/\/blog.espol.edu.ec\/anjumera95\/wp-json\/wp\/v2\/comments?post=410"}],"version-history":[{"count":7,"href":"https:\/\/blog.espol.edu.ec\/anjumera95\/wp-json\/wp\/v2\/pages\/410\/revisions"}],"predecessor-version":[{"id":443,"href":"https:\/\/blog.espol.edu.ec\/anjumera95\/wp-json\/wp\/v2\/pages\/410\/revisions\/443"}],"wp:attachment":[{"href":"https:\/\/blog.espol.edu.ec\/anjumera95\/wp-json\/wp\/v2\/media?parent=410"}],"curies":[{"name":"wp","href":"https:\/\/api.w.org\/{rel}","templated":true}]}}