{"id":416,"date":"2019-05-17T20:26:32","date_gmt":"2019-05-18T01:26:32","guid":{"rendered":"http:\/\/blog.espol.edu.ec\/anjumera95\/?page_id=416"},"modified":"2020-03-17T17:43:38","modified_gmt":"2020-03-17T22:43:38","slug":"gama-alta-2019","status":"publish","type":"page","link":"https:\/\/blog.espol.edu.ec\/anjumera95\/gama-alta-2019\/","title":{"rendered":"Gama Alta 2019"},"content":{"rendered":"<p>&nbsp;<\/p>\n<p>&nbsp;<\/p>\n<p>&nbsp;<\/p>\n<p><strong>Gama Alta 2019<\/strong><\/p>\n<p>&nbsp;<\/p>\n<p>1. <strong>Huawei Mate 30<\/strong><\/p>\n<ul>\n<li>Pantalla OLED con Gorilla Glass 1080 x 2340 pixels, 6.6 pulgadas<\/li>\n<li>Resistencia al polvo y agua (IP53)<\/li>\n<li>Desbloqueo facial<\/li>\n<li>Lector de huellas dactilares bajo la pantalla<\/li>\n<li>C\u00e1mara principal Triple de 40MP (normal), 16MP (angular) y 8MP (telefoto)<\/li>\n<li>Autofocus por detecci\u00f3n de fase y l\u00e1ser, zoom \u00f3ptico 3x<\/li>\n<li>C\u00e1mara frontal de 24 MP<\/li>\n<li>128 GB memoria, slot NM (nano memory)<\/li>\n<li>8 GB RAM<\/li>\n<li>Procesador Octa-Core de 64 bits Kirin 990 (2\u00d72.86+2\u00d72.09+4\u00d71.86) GHz<\/li>\n<li>Procesador gr\u00e1fico Mali-G76 MP16 @0.7\u00a0GHz<\/li>\n<li>Bater\u00eda 4200 mAh, carga s\u00faper r\u00e1pida a 40W, inal\u00e1mbrica a 27W (reversible)<\/li>\n<\/ul>\n<p><img loading=\"lazy\" decoding=\"async\" class=\"irc_mi\" src=\"https:\/\/www.gizlogic.com\/wp-content\/uploads\/2019\/09\/Huawei-Mate-30.jpg\" alt=\"Resultado de imagen para huawei mate 30\" width=\"356\" height=\"200\" \/><\/p>\n<p>&nbsp;<\/p>\n<p>2. <strong>Samsung Galaxy Note 10<\/strong><\/p>\n<ul>\n<li>Pantalla AMOLED 1080\u00d72280 P \u2013 6.3 pulgadas<\/li>\n<li>Sensor de de huellas dactilares bajo la pantalla<\/li>\n<li>Certificaci\u00f3n IP68: resistente al agua y al polvo<\/li>\n<li>C\u00e1mara principal triple de 12(normal), 16(angular) y 12(telefoto) MP<\/li>\n<li>C\u00e1mara Frontal de 10 MP<\/li>\n<li>256 GB memoria,\u00a0Slot MicroSD<\/li>\n<li>8 GB RAM<\/li>\n<li>Procesador(opci\u00f3n1) Octa-Core de 64 bits Exynos 9825 (2\u00d72.74+2\u00d72.40+4\u00d71.95) GHz, con GPU Mali-G76 MP12 @0.65 GHz<\/li>\n<li>Procesador(opci\u00f3n2) Octa-Core de 64 bits\u00a0Snapdragon 855+ (1\u00d72.96+3\u00d72.42+4\u00d71.8) GHz, con GPU Adreno 640 @0.71 GHz<\/li>\n<li>Bate\u00eda 3500 mAh, carga r\u00e1pida a 25W, carga inal\u00e1mbrica a 9W (reversible)<img loading=\"lazy\" decoding=\"async\" class=\"irc_mi\" src=\"https:\/\/images.samsung.com\/latin\/smartphones\/galaxy-note10\/buy\/m-img-note10-auraglow-01.png\" alt=\"Resultado de imagen para samsung galaxy note 10\" width=\"326\" height=\"250\" \/><\/li>\n<\/ul>\n<p>3.\u00a0<strong>Honor V30<\/strong><\/p>\n<ul>\n<li>Pantalla LCD IPS 1080 x 2400 pixels, 6.57 pulgadas<\/li>\n<li>Lector de huellas dactilares<\/li>\n<li>C\u00e1mara principal triple de 40MP(normal), 8MP(angular), 8MP(telefoto)<\/li>\n<li>Autofocus por detecci\u00f3n de fase y l\u00e1ser, zoom \u00f3ptico 3x, h\u00edbrido 5x<\/li>\n<li>C\u00e1mara frontal dual de 32MP(normal) y 8MP(angular)<\/li>\n<li>128 GB memoria, NO EXPANDIBLE<\/li>\n<li>6 \u00f3 8 GB RAM<\/li>\n<li>Procesador Octa-Core de 64 bits Kirin 990 (2\u00d72.86+2\u00d72.09+4\u00d71.86) GHz<\/li>\n<li>Procesador gr\u00e1fico Mali-G76 MP16 @0.7\u00a0GHz<\/li>\n<li>Bater\u00eda 4200 mAh, carga r\u00e1pida a 40W<\/li>\n<\/ul>\n<p><img loading=\"lazy\" decoding=\"async\" class=\"n3VNCb\" src=\"https:\/\/www.4gltemall.com\/media\/catalog\/product\/cache\/1\/image\/650x650\/9df78eab33525d08d6e5fb8d27136e95\/h\/u\/huawei_honor_v30_5__2.jpg\" alt=\"Resultado de imagen para honor v30\" width=\"240\" height=\"240\" \/><\/p>\n<p>&nbsp;<\/p>\n<p>4.\u00a0<strong>Samsung Galaxy S10<\/strong><\/p>\n<ul>\n<li>Pantalla AMOLED 1440\u00d73040 P \u2013 6.1 pulgadas<\/li>\n<li>Sensor de de huellas bajo la pantalla<\/li>\n<li>C\u00e1mara principal triple de 12(normal), 16(angular) y 12(telefoto) MP, Flash LED dual<\/li>\n<li>C\u00e1mara Frontal de 10 MP<\/li>\n<li>128 \u00f3 512 GB memoria,\u00a0Slot MicroSD<\/li>\n<li>8 GB RAM<\/li>\n<li>Procesador(opci\u00f3n1) Octa-Core de 64 bits Exynos 9820 (2\u00d72.9+2x2.7+4\u00d71.9) GHz, con GPU Mali-G76 MP12 @0.65 GHz<\/li>\n<li>Procesador(opci\u00f3n2) Octa-Core de 64 bits\u00a0Snapdragon 855 (2\u00d72.8+2x2.4+4\u00d71.8) GHz, con GPU Adreno 640 @0.71 GHz<\/li>\n<li>Bate\u00eda 3400 mAh, carga r\u00e1pida a 15W, carga inal\u00e1mbrica a 9W<\/li>\n<\/ul>\n<p><img loading=\"lazy\" decoding=\"async\" class=\"irc_mi\" src=\"https:\/\/static.fnac-static.com\/multimedia\/Images\/ES\/NR\/30\/de\/4c\/5037616\/1540-1.jpg\" alt=\"Resultado de imagen para samsung galaxy s10\" width=\"210\" height=\"210\" \/><\/p>\n<p>&nbsp;<\/p>\n<p>5.\u00a0<strong>Xiaomi Mi 9<\/strong><\/p>\n<ul>\n<li>Pantalla AMOLED con Gorilla Glass 1080 x 2340 pixels, 6.1 pulgadas<\/li>\n<li>Resistencia al polvo y agua (IP68)<\/li>\n<li>Lector de huellas dactilares bajo la pantalla<\/li>\n<li>C\u00e1mara principal triple de 48(normal), 16(angular) y 12(telefoto) MP<\/li>\n<li>Autofocus, zoom \u00f3ptico 2x<\/li>\n<li>C\u00e1mara frontal de 20<\/li>\n<li>128 \u00f3 256 GB memoria, slot microSD<\/li>\n<li>6, 8 \u00f3 12 GB RAM<\/li>\n<li>\u00a0Procesador Octa-Core de 64 bits\u00a0Snapdragon 855 (2\u00d72.8+2x2.4+4\u00d71.8) GHz<\/li>\n<li>Procesador gr\u00e1fico GPU Adreno 640 @0.71 GHz<\/li>\n<li>Bater\u00eda 3300 mAh, carga r\u00e1pida a 27W, carga inal\u00e1mbrica a 20W<\/li>\n<\/ul>\n<p><img loading=\"lazy\" decoding=\"async\" class=\"irc_mi\" src=\"https:\/\/www.promovil.cl\/7538-large_default\/xnuevo-xiaomi-mi-9-128gb-6gb-de-ram.jpg.pagespeed.ic.3WCio64V2Y.jpg\" alt=\"Resultado de imagen para xiaomi mi 9\" width=\"293\" height=\"210\" \/><\/p>\n<p>&nbsp;<\/p>\n<p>6. <strong>Huawei P30<\/strong><\/p>\n<ul>\n<li>Pantalla OLED con Gorilla Glass 1080 x 2340 pixels, 6.1 pulgadas<\/li>\n<li>Resistencia al polvo y agua (IP53)<\/li>\n<li>Lector de huellas dactilares bajo la pantalla<\/li>\n<li>C\u00e1mara principal triple de 40MP(normal), 16MP(angular), 8MP(telefoto)<\/li>\n<li>Autofocus por detecci\u00f3n de fase y l\u00e1ser, zoom \u00f3ptico 3x, h\u00edbrido 5x<\/li>\n<li>C\u00e1mara frontal de 32 MP<\/li>\n<li>128 GB memoria, slot NM (nano memory)<\/li>\n<li>6 \u00f3 8 GB RAM<\/li>\n<li>Procesador Octa-Core de 64 bits Kirin 980 (2\u00d72.6+2\u00d71.9+4\u00d71.8) GHz<\/li>\n<li>Procesador gr\u00e1fico Mali-G76 MP10 @0.72\u00a0GHz<\/li>\n<li>Bater\u00eda 3650 mAh, carga r\u00e1pida a 22.5W<\/li>\n<\/ul>\n<p><img loading=\"lazy\" decoding=\"async\" class=\"n3VNCb\" src=\"https:\/\/images-na.ssl-images-amazon.com\/images\/I\/61jJeZBliWL._AC_SX466_.jpg\" alt=\"Resultado de imagen para huawei p30\" width=\"200\" height=\"253\" \/><\/p>\n<p>&nbsp;<\/p>\n<p>7. <strong>Honor 20<\/strong><\/p>\n<ul>\n<li>Pantalla LCD IPS 1080 x 2340 pixels, 6.2 pulgadas<\/li>\n<li>Lector de huellas dactilares<\/li>\n<li>C\u00e1mara principal Cu\u00e1druple de 40MP (normal), 16MP (angular), 2 MP (macro) y 2 MP (profundidad)<\/li>\n<li>C\u00e1mara frontal de 32 MP<\/li>\n<li>128 GB memoria, NO EXPANDIBLE<\/li>\n<li>6 GB RAM<\/li>\n<li>Procesador Octa-Core de 64 bits Kirin 980 (2\u00d72.6+2\u00d71.9+4\u00d71.8) GHz<\/li>\n<li>Procesador gr\u00e1fico Mali-G76 MP10 @0.72\u00a0GHz<\/li>\n<li>Bater\u00eda 3750 mAh, carga r\u00e1pida a 22.5W<\/li>\n<\/ul>\n<p><img loading=\"lazy\" decoding=\"async\" class=\"n3VNCb\" src=\"https:\/\/cdn-files.kimovil.com\/default\/0003\/11\/thumb_210493_default_big.png\" alt=\"Resultado de imagen para honor 20\" width=\"230\" height=\"230\" \/><\/p>\n<p>&nbsp;<\/p>\n<p>&nbsp;<\/p>\n<p>8.\u00a0<strong>Sony Xperia 1<\/strong><\/p>\n<ul>\n<li>Pantalla OLED con Gorilla Glass 1644 x 3840 pixels, 6.5 pulgadas<\/li>\n<li>Resistencia al polvo y agua (IP68)<\/li>\n<li>Lector de huellas dactilares<\/li>\n<li>C\u00e1mara principal triple de 12(normal), 12(angular) y 12(telefoto) MP<\/li>\n<li>Autofocus, zoom \u00f3ptico 2x<\/li>\n<li>C\u00e1mara frontal de 8 MP<\/li>\n<li>64 \u00f3 128 GB memoria, slot microSD<\/li>\n<li>6 GB RAM<\/li>\n<li>\u00a0Procesador Octa-Core de 64 bits\u00a0Snapdragon 855 (2\u00d72.8+2x2.4+4\u00d71.8) GHz<\/li>\n<li>Procesador gr\u00e1fico GPU Adreno 640 @0.71 GHz<\/li>\n<li>Bater\u00eda 3300 mAh, carga r\u00e1pida a 18W<\/li>\n<\/ul>\n<p><img loading=\"lazy\" decoding=\"async\" class=\"irc_mi\" src=\"https:\/\/tynmedia.com\/tynmag\/wp-content\/uploads\/sites\/3\/2019\/02\/Xperia-1-Sony.jpg\" alt=\"Imagen relacionada\" width=\"320\" height=\"240\" \/><\/p>\n<p>&nbsp;<\/p>\n<p>9.\u00a0<strong>Samsung Galaxy S10e<\/strong><\/p>\n<ul>\n<li>Pantalla AMOLED 1080\u00d72280 P \u2013 5.8 pulgadas<\/li>\n<li>Sensor de de huellas dactilares bajo la pantalla<\/li>\n<li>Certificaci\u00f3n IP68: resistente al agua y al polvo<\/li>\n<li>C\u00e1mara principal doble de 12(normal) y 16(angular), Flash LED dual<\/li>\n<li>C\u00e1mara Frontal de 10 MP<\/li>\n<li>128 \u00f3 256 GB memoria,\u00a0Slot MicroSD<\/li>\n<li>6 \u00f3 8 GB RAM<\/li>\n<li>Procesador(opci\u00f3n1) Octa-Core de 64 bits Exynos 9820 (2\u00d72.9+2x2.7+4\u00d71.9) GHz, con GPU Mali-G76 MP12 @0.65 GHz<\/li>\n<li>Procesador(opci\u00f3n2) Octa-Core de 64 bits\u00a0Snapdragon 855 (2\u00d72.8+2x2.4+4\u00d71.8) GHz, con GPU Adreno 640 @0.71 GHz<\/li>\n<li>Bate\u00eda 3100 mAh, carga r\u00e1pida a 15W, carga inal\u00e1mbrica a 9W<\/li>\n<\/ul>\n<p><img loading=\"lazy\" decoding=\"async\" class=\"n3VNCb\" src=\"https:\/\/csmobiles.com\/12347-large_default\/samsung-galaxy-s10e-g970f-128gb-dual-sim-amarillo.jpg\" alt=\"Resultado de imagen para sansung galaxy s10 e\" width=\"250\" height=\"250\" \/><\/p>\n<p>&nbsp;<\/p>\n<p>10. <strong>Xiaomi mi 9T Pro<\/strong><\/p>\n<ul>\n<li>Pantalla AMOLED 1080 x 2340 pixeles de 6.39 pulgadas<\/li>\n<li>Lector de huellas dactilares bajo pantalla<\/li>\n<li>C\u00e1mara principal triple de 48MP(normal), 13MP(angular) y 8MP(zoom 2x), Flash LED dual<\/li>\n<li>C\u00e1mara frontal pop-up de 20 MP<\/li>\n<li>64 \u00f3 128 GB memoria,\u00a0NO EXPANDIBLE<\/li>\n<li>6 GB RAM<\/li>\n<li>Procesador Octa-Core de 64 bits\u00a0Snapdragon 855 (2\u00d72.8+2x2.4+4\u00d71.8) GHz<\/li>\n<li>Procesador gr\u00e1fico GPU Adreno 640 @0.71 GHz<\/li>\n<li>Bate\u00eda 4000 mAh, carga r\u00e1pida a 27W<\/li>\n<\/ul>\n<p><img loading=\"lazy\" decoding=\"async\" class=\"n3VNCb\" src=\"https:\/\/images-na.ssl-images-amazon.com\/images\/I\/41ZQAf%2B5u2L._SX425_.jpg\" alt=\"Resultado de imagen para xiaomi mi9t pro\" width=\"240\" height=\"240\" \/><\/p>\n<p>&nbsp;<\/p>\n<p>11. <strong>Samsung Galaxy A90 5G<\/strong><\/p>\n<ul>\n<li>Pantalla AMOLED 1080\u00d72400 P \u2013 6.7 pulgadas<\/li>\n<li>Sensor de de huellas dactilares bajo la pantalla<\/li>\n<li>C\u00e1mara principal triple de 48(normal), 8MP(angular) y 5MP(prof.), Flash LED<\/li>\n<li>C\u00e1mara Frontal de 32 MP<\/li>\n<li>128 GB memoria,\u00a0Slot MicroSD<\/li>\n<li>6 \u00f3 8 GB RAM<\/li>\n<li>Procesador Octa-Core de 64 bits\u00a0Snapdragon 855 (2\u00d72.8+2x2.4+4\u00d71.8) GHz<\/li>\n<li>Procesador gr\u00e1fico GPU Adreno 640 @0.71 GHz<\/li>\n<li>Bate\u00eda 4500 mAh, carga r\u00e1pida a 25W<\/li>\n<\/ul>\n<p><img loading=\"lazy\" decoding=\"async\" class=\"n3VNCb\" src=\"https:\/\/images-na.ssl-images-amazon.com\/images\/I\/61T48VoxBuL._AC_SX569_.jpg\" alt=\"Resultado de imagen para samsung galaxy a90 5g\" width=\"200\" height=\"250\" \/><\/p>\n<p>&nbsp;<\/p>\n<p>12. <strong>Xiaomi mi note 10<\/strong><\/p>\n<ul>\n<li>Pantalla AMOLED 1080 x 2340 pixeles de 6.47 pulgadas<\/li>\n<li>Lector de huellas dactilares bajo pantalla<\/li>\n<li>5 c\u00e1maras: 108MP(normal), 20MP(angular), 12+5(zoom) y 2MP(macro), Flash LED<\/li>\n<li>Zoom \u00f3ptico 5x<\/li>\n<li>C\u00e1mara frontal de 32 MP<\/li>\n<li>128 GB memoria,\u00a0NO EXPANDIBLE<\/li>\n<li>6 GB RAM<\/li>\n<li>Procesador\u00a0Snapdragon 730G Octa octa-core (2\u00d72.2+6\u00d71.8) GHz<\/li>\n<li>GPU Adreno 618<\/li>\n<li>Bate\u00eda 5260 mAh, carga r\u00e1pida a 30W<\/li>\n<\/ul>\n<p><img loading=\"lazy\" decoding=\"async\" class=\"n3VNCb\" src=\"https:\/\/i01.appmifile.com\/webfile\/globalimg\/Cambridge\/800-800\/F4\/Grey-800x800.png\" alt=\"Resultado de imagen para xiaomi mi note 10\" width=\"240\" height=\"240\" \/><\/p>\n","protected":false},"excerpt":{"rendered":"<p>&nbsp; &nbsp; &nbsp; Gama Alta 2019 &nbsp; 1. Huawei Mate 30 Pantalla OLED con Gorilla Glass 1080 x 2340 pixels, 6.6 pulgadas Resistencia al polvo y agua (IP53) Desbloqueo facial Lector de huellas dactilares bajo la pantalla C\u00e1mara principal Triple de 40MP (normal), 16MP (angular) y 8MP (telefoto) Autofocus por detecci\u00f3n de fase y l\u00e1ser, [&hellip;]<\/p>\n","protected":false},"author":9068,"featured_media":0,"parent":0,"menu_order":0,"comment_status":"closed","ping_status":"closed","template":"","meta":{"footnotes":""},"class_list":["post-416","page","type-page","status-publish","hentry"],"_links":{"self":[{"href":"https:\/\/blog.espol.edu.ec\/anjumera95\/wp-json\/wp\/v2\/pages\/416","targetHints":{"allow":["GET"]}}],"collection":[{"href":"https:\/\/blog.espol.edu.ec\/anjumera95\/wp-json\/wp\/v2\/pages"}],"about":[{"href":"https:\/\/blog.espol.edu.ec\/anjumera95\/wp-json\/wp\/v2\/types\/page"}],"author":[{"embeddable":true,"href":"https:\/\/blog.espol.edu.ec\/anjumera95\/wp-json\/wp\/v2\/users\/9068"}],"replies":[{"embeddable":true,"href":"https:\/\/blog.espol.edu.ec\/anjumera95\/wp-json\/wp\/v2\/comments?post=416"}],"version-history":[{"count":14,"href":"https:\/\/blog.espol.edu.ec\/anjumera95\/wp-json\/wp\/v2\/pages\/416\/revisions"}],"predecessor-version":[{"id":457,"href":"https:\/\/blog.espol.edu.ec\/anjumera95\/wp-json\/wp\/v2\/pages\/416\/revisions\/457"}],"wp:attachment":[{"href":"https:\/\/blog.espol.edu.ec\/anjumera95\/wp-json\/wp\/v2\/media?parent=416"}],"curies":[{"name":"wp","href":"https:\/\/api.w.org\/{rel}","templated":true}]}}