{"id":425,"date":"2019-10-04T20:42:25","date_gmt":"2019-10-05T01:42:25","guid":{"rendered":"http:\/\/blog.espol.edu.ec\/anjumera95\/?page_id=425"},"modified":"2020-03-17T17:32:38","modified_gmt":"2020-03-17T22:32:38","slug":"gama-alta-premium-2019","status":"publish","type":"page","link":"https:\/\/blog.espol.edu.ec\/anjumera95\/gama-alta-premium-2019\/","title":{"rendered":"Gama Alta Premium 2019"},"content":{"rendered":"<p>&nbsp;<\/p>\n<p>&nbsp;<\/p>\n<p>&nbsp;<\/p>\n<p><strong>Gama Alta Premium 2019<\/strong><\/p>\n<p>&nbsp;<\/p>\n<p>1. <strong>Huawei Mate 30 Pro 5G<\/strong><\/p>\n<ul>\n<li>Pantalla OLED con Gorilla Glass 1176 x 2400 pixels, 6.5 pulgadas<\/li>\n<li>Resistencia al polvo y agua (IP68)<\/li>\n<li>Desbloqueo facial avanzado (3D)<\/li>\n<li>Lector de huellas dactilares bajo la pantalla<\/li>\n<li>C\u00e1mara principal Cu\u00e1druple de 40 MP (normal), 40 MP (angular), 8 MP telefoto) y Sensor TOF 3D<\/li>\n<li>Autofocus por detecci\u00f3n de fase y l\u00e1ser, zoom \u00f3ptico 3x, slow motion a 7680 fps (m\u00e1x.)<\/li>\n<li>C\u00e1mara frontal de 32 MP<\/li>\n<li>256 GB memoria, slot NM (nano memory)<\/li>\n<li>8 GB RAM<\/li>\n<li>Procesador Octa-Core de 64 bits Kirin 990 5G (2\u00d72.86+2\u00d72.36+4\u00d71.95) GHz<\/li>\n<li>Procesador gr\u00e1fico Mali-G76 MP16 @0.7\u00a0GHz<\/li>\n<li>Bater\u00eda 4500 mAh, carga s\u00faper r\u00e1pida a 40W, inal\u00e1mbrica a 27W (reversible)<\/li>\n<\/ul>\n<p><img loading=\"lazy\" decoding=\"async\" class=\"irc_mi\" src=\"https:\/\/cdn.dxomark.com\/wp-content\/uploads\/medias\/post-34276\/huawei_mate_30_pro-1024x768.jpg\" alt=\"Resultado de imagen para huawei mate 30 pro\" width=\"387\" height=\"290\" \/><\/p>\n<p>&nbsp;<\/p>\n<p>2. <strong>Xiaomi mi 9 Pro 5G<\/strong><\/p>\n<ul>\n<li>Pantalla AMOLED con Gorilla Glass 1080 x 2340 pixels, 6.4 pulgadas<\/li>\n<li>Lector de huellas dactilares bajo la pantalla<\/li>\n<li>C\u00e1mara principal triple de 48(normal), 16(angular) y 12(telefoto) MP<\/li>\n<li>Autofocus, zoom \u00f3ptico 2x<\/li>\n<li>C\u00e1mara frontal de 20<\/li>\n<li>128, 25 \u00f3 5126 GB memoria<\/li>\n<li>8 \u00f3 12 GB RAM<\/li>\n<li>\u00a0Procesador Octa-Core de 64 bits Snapdragon 855+ (1\u00d72.96+3x2.42+4\u00d71.8) GHz<\/li>\n<li>Procesador gr\u00e1fico GPU Adreno 640 @0.71 GHz<\/li>\n<li>Bater\u00eda 4000 mAh, carga s\u00faper r\u00e1pida a 40W, carga inal\u00e1mbrica a 30W (reversible)<\/li>\n<\/ul>\n<p><img loading=\"lazy\" decoding=\"async\" class=\"irc_mi\" src=\"https:\/\/i.blogs.es\/488647\/xiaomi-mi-9-pro-5g-ficha\/450_1000.jpg\" alt=\"Resultado de imagen para xiaomi mi 9 pro 5g\" width=\"311\" height=\"220\" \/><\/p>\n<p>&nbsp;<\/p>\n<p>3. <strong>Samsung Galaxy Note 10 Plus<\/strong><\/p>\n<ul>\n<li>Pantalla AMOLED 1440\u00d73040 P \u2013 6.8 pulgadas<\/li>\n<li>Sensor de de huellas dactilares bajo la pantalla<\/li>\n<li>Certificaci\u00f3n IP68: resistente al agua y al polvo<\/li>\n<li>C\u00e1mara principal cu\u00e1druple de 12 (normal), 16 (angular), 12 telefoto) MP y Sensor TOF<\/li>\n<li>C\u00e1mara Frontal de 10 MP<\/li>\n<li>256 \u00f3 512 GB memoria,\u00a0Slot MicroSD<\/li>\n<li>12 GB RAM<\/li>\n<li>Procesador(opci\u00f3n1) Octa-Core de 64 bits Exynos 9825 (2\u00d72.74+2x2.40+4\u00d71.95) GHz, con GPU Mali-G76 MP12 @0.65 GHz<\/li>\n<li>Procesador(opci\u00f3n2) Octa-Core de 64 bits\u00a0Snapdragon 855+ (1\u00d72.96+3x2.42+4\u00d71.8) GHz, con GPU Adreno 640 @0.71 GHz<\/li>\n<li>Bate\u00eda 4300 mAh, carga s\u00faper r\u00e1pida a 45W, carga inal\u00e1mbrica a 20W (reversible)<\/li>\n<\/ul>\n<p><img loading=\"lazy\" decoding=\"async\" class=\"n3VNCb\" src=\"https:\/\/cdn.shortpixel.ai\/client\/q_glossy,ret_img\/https:\/\/samsungmobilespecs.com\/wp-content\/uploads\/2019\/11\/Samsung-Galaxy-S10--600x600.jpg\" alt=\"Resultado de imagen para samsung galaxy s10 plus\" width=\"200\" height=\"200\" \/><\/p>\n<p>&nbsp;<\/p>\n<p>4.\u00a0<strong>Honor V30 Pro<\/strong><\/p>\n<ul>\n<li>Pantalla LCD IPS 1080 x 2400 pixels, 6.57 pulgadas<\/li>\n<li>Lector de huellas dactilares<\/li>\n<li>C\u00e1mara principal triple de 40MP(normal), 12MP(angular) y 8MP(telefoto)<\/li>\n<li>Autofocus por detecci\u00f3n de fase y l\u00e1ser, zoom \u00f3ptico 3x, h\u00edbrido 5x<\/li>\n<li>C\u00e1mara frontal dual de 32MP(normal) y 8MP(angular)<\/li>\n<li>128 \u00f3 126 GB memoria, NO EXPAnDIBLE<\/li>\n<li>8 GB RAM<\/li>\n<li>Procesador Octa-Core de 64 bits Kirin 990 (2\u00d72.86+2\u00d72.09+4\u00d71.86) GHz<\/li>\n<li>Procesador gr\u00e1fico Mali-G76 MP16 @0.7\u00a0GHz<\/li>\n<li>Bater\u00eda 4100 mAh,\u00a0carga s\u00faper r\u00e1pida a 40W, inal\u00e1mbrica a 27W<\/li>\n<\/ul>\n<p><img loading=\"lazy\" decoding=\"async\" class=\"n3VNCb\" src=\"https:\/\/specs-tech.com\/wp-content\/uploads\/2019\/11\/Honor-V30-Pro-600x600.jpg\" alt=\"Resultado de imagen para honor v30 pro\" width=\"230\" height=\"230\" \/><\/p>\n<p>&nbsp;<\/p>\n<p>5.\u00a0<strong>Huawei P30 Pro<\/strong><\/p>\n<ul>\n<li>Pantalla OLED con Gorilla Glass 1080 x 2340 pixels, 6.4 pulgadas<\/li>\n<li>Resistencia al polvo y agua (IP68)<\/li>\n<li>Lector de huellas dactilares bajo la pantalla<\/li>\n<li>C\u00e1mara principal Cu\u00e1druple de 40 MP (normal), 20 MP (angular), 8 MP (telefoto) y TOF 3D<\/li>\n<li>Autofocus por detecci\u00f3n de fase y l\u00e1ser, zoom \u00f3ptico 5x, zoom h\u00edbrido 10x<\/li>\n<li>C\u00e1mara frontal de 32 MP<\/li>\n<li>128, 256 \u00f3 512 GB memoria, slot NM (nano memory)<\/li>\n<li>6 \u00f3 8 GB RAM<\/li>\n<li>Procesador Octa-Core de 64 bits Kirin 980 (2\u00d72.6+2\u00d71.9+4\u00d71.8) GHz<\/li>\n<li>Procesador gr\u00e1fico Mali-G76 MP10 @0.72\u00a0GHz<\/li>\n<li>Bater\u00eda 4200 mAh, carga s\u00faper r\u00e1pida a 40W, inal\u00e1mbrica a 15W (reversible)<\/li>\n<\/ul>\n<p><img loading=\"lazy\" decoding=\"async\" class=\"irc_mi\" src=\"https:\/\/images-na.ssl-images-amazon.com\/images\/I\/51UhGxv274L._SX679_.jpg\" alt=\"Resultado de imagen para Huawei p30 pro\" width=\"250\" height=\"250\" \/><\/p>\n<p>&nbsp;<\/p>\n<p>6.\u00a0<strong>Samsung Galaxy S10 Plus<\/strong><\/p>\n<ul>\n<li>Pantalla AMOLED 1440\u00d73040 P \u2013 6.4 pulgadas<\/li>\n<li>Sensor de de huellas dactilares bajo la pantalla<\/li>\n<li>Certificaci\u00f3n IP68: resistente al agua y al polvo<\/li>\n<li>C\u00e1mara principal triple de 12 MP (normal), 16 MP (angular) y 12 MP (telefoto)<\/li>\n<li>C\u00e1mara Frontal dual de (10+8) MP<\/li>\n<li>128, 512 \u00f3 1024 GB memoria,\u00a0Slot MicroSD<\/li>\n<li>8 \u00f3 12 GB RAM<\/li>\n<li>Procesador(opci\u00f3n1) Octa-Core de 64 bits Exynos 9820 (2\u00d72.9+2x2.7+4\u00d71.9) GHz, con GPU Mali-G76 MP12 @0.65 GHz<\/li>\n<li>Procesador(opci\u00f3n2) Octa-Core de 64 bits\u00a0Snapdragon 855 (2\u00d72.8+2x2.4+4\u00d71.8) GHz, con GPU Adreno 640 @0.71 GHz<\/li>\n<li>Bate\u00eda 4100 mAh, carga r\u00e1pida a 15W, carga inal\u00e1mbrica a 9W<\/li>\n<\/ul>\n<p><img loading=\"lazy\" decoding=\"async\" class=\"irc_mi\" src=\"https:\/\/www.egamacel.com\/wp-content\/uploads\/2019\/02\/s10-3.jpg\" alt=\"Imagen relacionada\" width=\"266\" height=\"200\" \/><\/p>\n<p>&nbsp;<\/p>\n<p>7. <strong>LG V50 5G<\/strong><\/p>\n<ul>\n<li>Pantalla OLED con Gorilla Glass 1140 x 3120 pixels, 6.4 pulgadas<\/li>\n<li>Resistencia al polvo y agua (IP68)<\/li>\n<li>Lector de huellas dactilares<\/li>\n<li>C\u00e1mara principal triple de 12 MP (normal), 16 MP (angular) y 12 MP (telefoto)<\/li>\n<li>Autofocus por detecci\u00f3n de fase y l\u00e1ser, zoom \u00f3ptico 2x<\/li>\n<li>C\u00e1mara frontal dual de 8 MP + 5 MP<\/li>\n<li>128 GB memoria, slot microSD<\/li>\n<li>6 GB RAM<\/li>\n<li>\u00a0Procesador Octa-Core de 64 bits\u00a0Snapdragon 855 (2\u00d72.8+2x2.4+4\u00d71.8) GHz<\/li>\n<li>Procesador gr\u00e1fico GPU Adreno 640 @0.71 GHz<\/li>\n<li>Bater\u00eda 4000 mAh, carga r\u00e1pida a 18W, carga inal\u00e1mbrica<\/li>\n<\/ul>\n<p><img loading=\"lazy\" decoding=\"async\" class=\"n3VNCb\" src=\"https:\/\/sgfm.elcorteingles.es\/SGFM\/dctm\/MEDIA03\/201908\/28\/00157063600027009_8__640x640.jpg\" alt=\"Resultado de imagen para lg v50\" width=\"250\" height=\"250\" \/><\/p>\n<p>&nbsp;<\/p>\n<p>8.\u00a0<strong>LG G8 ThinQ<\/strong><\/p>\n<ul>\n<li>Pantalla OLED con Gorilla Glass 1440 x 3120 pixels, 6.1 pulgadas<\/li>\n<li>Resistencia al polvo y agua (IP68)<\/li>\n<li>Lector de huellas dactilares<\/li>\n<li>C\u00e1mara principal triple de 12 MP (normal), 16 MP (angular) y 12 MP (telefoto)<\/li>\n<li>Autofocus por detecci\u00f3n de fase y l\u00e1ser, zoom \u00f3ptico 2x<\/li>\n<li>C\u00e1mara frontal de 8 MP + TOF<\/li>\n<li>128 GB memoria, slot microSD<\/li>\n<li>6 GB RAM<\/li>\n<li>\u00a0Procesador Octa-Core de 64 bits\u00a0Snapdragon 855 (2\u00d72.8+2x2.4+4\u00d71.8) GHz<\/li>\n<li>Procesador gr\u00e1fico GPU Adreno 640 @0.71 GHz<\/li>\n<li>Bater\u00eda 3500 mAh, carga r\u00e1pida a 18W, carga inal\u00e1mbrica<\/li>\n<\/ul>\n<p><img loading=\"lazy\" decoding=\"async\" class=\"irc_mi\" src=\"https:\/\/cdn2.gsmarena.com\/vv\/pics\/lg\/lg-g8-3-cameras-2.jpg\" alt=\"Imagen relacionada\" width=\"251\" height=\"250\" \/><\/p>\n<p>&nbsp;<\/p>\n<p>9. <strong>Honor 20 Pro<\/strong><\/p>\n<ul>\n<li>Pantalla LCD IPS 1080 x 2340 pixels, 6.2 pulgadas<\/li>\n<li>Lector de huellas dactilares<\/li>\n<li>C\u00e1mara principal Cu\u00e1druple de 48MP (normal), 16MP (angular), 8 MP (telefoto) y 2 MP (macro)<\/li>\n<li>Autofocus por detecci\u00f3n de fase y l\u00e1ser, zoom \u00f3ptico 3x, h\u00edbrido 5x<\/li>\n<li>C\u00e1mara frontal de 32 MP<\/li>\n<li>256 GB memoria, NO EXPANDIBLE<\/li>\n<li>8 GB RAM<\/li>\n<li>Procesador Octa-Core de 64 bits Kirin 980 (2\u00d72.6+2\u00d71.9+4\u00d71.8) GHz<\/li>\n<li>Procesador gr\u00e1fico Mali-G76 MP10 @0.72\u00a0GHz<\/li>\n<li>Bater\u00eda 4000 mAh, carga r\u00e1pida a 22.5W<\/li>\n<\/ul>\n<p><img loading=\"lazy\" decoding=\"async\" class=\"n3VNCb\" src=\"https:\/\/cdn.alzashop.com\/ImgW.ashx?fd=f3&amp;cd=UM307b3\" alt=\"Resultado de imagen para honor 20 pro\" width=\"238\" height=\"236\" \/><\/p>\n<p>&nbsp;<\/p>\n<p>10. <strong>Xiaomi mi note 10 Pro<\/strong><\/p>\n<ul>\n<li>Pantalla AMOLED 1080 x 2340 pixeles de 6.47 pulgadas<\/li>\n<li>Lector de huellas dactilares bajo pantalla<\/li>\n<li>5 c\u00e1maras: 108MP(normal), 20MP(angular), 12+5(zoom) y 2MP(macro), Flash LED<\/li>\n<li>Zoom \u00f3ptico 5x<\/li>\n<li>C\u00e1mara frontal de 32 MP<\/li>\n<li>256 GB memoria,\u00a0NO EXPANDIBLE<\/li>\n<li>8 GB RAM<\/li>\n<li>Procesador\u00a0Snapdragon 730G Octa octa-core (2\u00d72.2+6\u00d71.8) GHz<\/li>\n<li>GPU Adreno 618<\/li>\n<li>Bate\u00eda 5260 mAh, carga r\u00e1pida a 30W<\/li>\n<\/ul>\n<p><img loading=\"lazy\" decoding=\"async\" class=\"n3VNCb\" src=\"https:\/\/i01.appmifile.com\/webfile\/globalimg\/Cambridge\/800-800\/F4\/Grey-800x800.png\" alt=\"Resultado de imagen para xiaomi mi note 10\" width=\"260\" height=\"260\" \/><\/p>\n","protected":false},"excerpt":{"rendered":"<p>&nbsp; &nbsp; &nbsp; Gama Alta Premium 2019 &nbsp; 1. Huawei Mate 30 Pro 5G Pantalla OLED con Gorilla Glass 1176 x 2400 pixels, 6.5 pulgadas Resistencia al polvo y agua (IP68) Desbloqueo facial avanzado (3D) Lector de huellas dactilares bajo la pantalla C\u00e1mara principal Cu\u00e1druple de 40 MP (normal), 40 MP (angular), 8 MP telefoto) [&hellip;]<\/p>\n","protected":false},"author":9068,"featured_media":0,"parent":0,"menu_order":0,"comment_status":"closed","ping_status":"closed","template":"","meta":{"footnotes":""},"class_list":["post-425","page","type-page","status-publish","hentry"],"_links":{"self":[{"href":"https:\/\/blog.espol.edu.ec\/anjumera95\/wp-json\/wp\/v2\/pages\/425","targetHints":{"allow":["GET"]}}],"collection":[{"href":"https:\/\/blog.espol.edu.ec\/anjumera95\/wp-json\/wp\/v2\/pages"}],"about":[{"href":"https:\/\/blog.espol.edu.ec\/anjumera95\/wp-json\/wp\/v2\/types\/page"}],"author":[{"embeddable":true,"href":"https:\/\/blog.espol.edu.ec\/anjumera95\/wp-json\/wp\/v2\/users\/9068"}],"replies":[{"embeddable":true,"href":"https:\/\/blog.espol.edu.ec\/anjumera95\/wp-json\/wp\/v2\/comments?post=425"}],"version-history":[{"count":13,"href":"https:\/\/blog.espol.edu.ec\/anjumera95\/wp-json\/wp\/v2\/pages\/425\/revisions"}],"predecessor-version":[{"id":454,"href":"https:\/\/blog.espol.edu.ec\/anjumera95\/wp-json\/wp\/v2\/pages\/425\/revisions\/454"}],"wp:attachment":[{"href":"https:\/\/blog.espol.edu.ec\/anjumera95\/wp-json\/wp\/v2\/media?parent=425"}],"curies":[{"name":"wp","href":"https:\/\/api.w.org\/{rel}","templated":true}]}}