{"id":47,"date":"2014-10-05T17:50:01","date_gmt":"2014-10-05T22:50:01","guid":{"rendered":"http:\/\/blog.espol.edu.ec\/anjumera95\/?page_id=47"},"modified":"2016-07-24T16:06:44","modified_gmt":"2016-07-24T21:06:44","slug":"top-10-smartphones-mayo-2014","status":"publish","type":"page","link":"https:\/\/blog.espol.edu.ec\/anjumera95\/top-10-smartphones-mayo-2014\/","title":{"rendered":"Top 10 Smartphones 2014"},"content":{"rendered":"<p>1. Motorola Moto Maxx<\/p>\n<ul>\n<li>Pantalla\u00a0Gorilla Glass 3 1440x2560 P - 5.2 pulgadas<\/li>\n<li>Resistente al agua<\/li>\n<li>C\u00e1mara principal 21 MP, Flash LED dual, video 4K<\/li>\n<li>C\u00e1mara frontal 2 MP 1080P<\/li>\n<li>64 GB memoria NO EXPANDIBLE<\/li>\n<li>Procesador QuadCore 2.7 GHz<\/li>\n<li>3 BG RAM<\/li>\n<li>Bater\u00eda 3900 mAh<\/li>\n<\/ul>\n<p><a href=\"http:\/\/blog.espol.edu.ec\/anjumera95\/files\/2014\/10\/Moto-Maxx.jpeg\"><img loading=\"lazy\" decoding=\"async\" class=\"alignnone wp-image-180\" src=\"http:\/\/blog.espol.edu.ec\/anjumera95\/files\/2014\/10\/Moto-Maxx-300x225.jpeg\" alt=\"Moto Maxx\" width=\"307\" height=\"230\" srcset=\"https:\/\/blog.espol.edu.ec\/anjumera95\/files\/2014\/10\/Moto-Maxx-300x225.jpeg 300w, https:\/\/blog.espol.edu.ec\/anjumera95\/files\/2014\/10\/Moto-Maxx.jpeg 635w\" sizes=\"auto, (max-width: 307px) 100vw, 307px\" \/><\/a><\/p>\n<p>&nbsp;<\/p>\n<p>2. Sony XPERIA Z3<\/p>\n<ul>\n<li>Pantalla LCD IPS TRILUMINOS Full HD 5.2 pulgadas<\/li>\n<li>Resistente al polvo y agua<\/li>\n<li>C\u00e1mara principal 20.7 MP, Flash LED, video 4K<\/li>\n<li>C\u00e1mara frontal 2.2 MP 1080P<\/li>\n<li>16\/32 GB memoria, Slot MicroSD hasta 128 GB<\/li>\n<li>Procesador QuadCore 2.5 GHz<\/li>\n<li>3 GB RAM<\/li>\n<li>Bater\u00eda 3100 mAh<\/li>\n<\/ul>\n<p><a href=\"http:\/\/blog.espol.edu.ec\/anjumera95\/files\/2014\/10\/sony-xperia-z3-d6603-4g-lte-quad-core25ghz-mem32gb-ram3gb-D_NQ_NP_19760-MCO20177895168_102014-F.jpg\"><img loading=\"lazy\" decoding=\"async\" class=\"alignnone  wp-image-279\" src=\"http:\/\/blog.espol.edu.ec\/anjumera95\/files\/2014\/10\/sony-xperia-z3-d6603-4g-lte-quad-core25ghz-mem32gb-ram3gb-D_NQ_NP_19760-MCO20177895168_102014-F-300x203.jpg\" alt=\"sony-xperia-z3-d6603-4g-lte-quad-core25ghz-mem32gb-ram3gb-D_NQ_NP_19760-MCO20177895168_102014-F\" width=\"322\" height=\"218\" srcset=\"https:\/\/blog.espol.edu.ec\/anjumera95\/files\/2014\/10\/sony-xperia-z3-d6603-4g-lte-quad-core25ghz-mem32gb-ram3gb-D_NQ_NP_19760-MCO20177895168_102014-F-300x203.jpg 300w, https:\/\/blog.espol.edu.ec\/anjumera95\/files\/2014\/10\/sony-xperia-z3-d6603-4g-lte-quad-core25ghz-mem32gb-ram3gb-D_NQ_NP_19760-MCO20177895168_102014-F-768x520.jpg 768w, https:\/\/blog.espol.edu.ec\/anjumera95\/files\/2014\/10\/sony-xperia-z3-d6603-4g-lte-quad-core25ghz-mem32gb-ram3gb-D_NQ_NP_19760-MCO20177895168_102014-F-1024x694.jpg 1024w, https:\/\/blog.espol.edu.ec\/anjumera95\/files\/2014\/10\/sony-xperia-z3-d6603-4g-lte-quad-core25ghz-mem32gb-ram3gb-D_NQ_NP_19760-MCO20177895168_102014-F.jpg 1200w\" sizes=\"auto, (max-width: 322px) 100vw, 322px\" \/><\/a><\/p>\n<p>&nbsp;<\/p>\n<p>3. LG G3<\/p>\n<ul>\n<li>Pantalla Gorilla Glass 3 1440x2560 P - 5.5 pulgadas<\/li>\n<li>C\u00e1mara 13 MP, Flash LED, video UHD (4K)<\/li>\n<li>Autofocus asistido por l\u00e1ser<\/li>\n<li>C\u00e1mara Frontal 2.1 MP 1080 P<\/li>\n<li>16\/32 GB memoria, Slot microSD hasta 128 GB<\/li>\n<li>Procesador QuadCore 2.5 GHz<\/li>\n<li>2\/3 GB RAM<\/li>\n<li>Bater\u00eda 3000 mAh<\/li>\n<\/ul>\n<p><a href=\"http:\/\/blog.espol.edu.ec\/anjumera95\/files\/2014\/06\/LG_G3_1.jpg\"><img loading=\"lazy\" decoding=\"async\" class=\"alignnone size-medium wp-image-52\" src=\"http:\/\/blog.espol.edu.ec\/anjumera95\/files\/2014\/06\/LG_G3_1-271x300.jpg\" alt=\"LG_G3_1\" width=\"271\" height=\"300\" srcset=\"https:\/\/blog.espol.edu.ec\/anjumera95\/files\/2014\/06\/LG_G3_1-271x300.jpg 271w, https:\/\/blog.espol.edu.ec\/anjumera95\/files\/2014\/06\/LG_G3_1.jpg 620w\" sizes=\"auto, (max-width: 271px) 100vw, 271px\" \/><\/a><\/p>\n<p>&nbsp;<\/p>\n<p>&nbsp;<\/p>\n<p>4. Sony XPERIA Z2<\/p>\n<ul>\n<li>Pantalla TRILUMINOS Full HD 5.2 pulgadas<\/li>\n<li>Resistente al polvo y agua<\/li>\n<li>C\u00e1mara principal 20.7 MP, Flash LED, video 4K<\/li>\n<li>C\u00e1mara frontal 2.2 MP 1080P<\/li>\n<li>16 GB memoria, Slot MicroSD hasta 64 GB<\/li>\n<li>Procesador QuadCore 2.3 GHz<\/li>\n<li>3 GB RAM<\/li>\n<li>Bater\u00eda 3200 mAh<\/li>\n<\/ul>\n<p><a href=\"http:\/\/blog.espol.edu.ec\/anjumera95\/files\/2014\/06\/xperia-z2-hero-white-1240x840-f32a46b85edbbbbee660994b7e80d2e1-1.jpg\"><img loading=\"lazy\" decoding=\"async\" class=\"alignnone size-medium wp-image-50\" src=\"http:\/\/blog.espol.edu.ec\/anjumera95\/files\/2014\/06\/xperia-z2-hero-white-1240x840-f32a46b85edbbbbee660994b7e80d2e1-1-300x203.jpg\" alt=\"xperia-z2-hero-white-1240x840-f32a46b85edbbbbee660994b7e80d2e1 (1)\" width=\"300\" height=\"203\" srcset=\"https:\/\/blog.espol.edu.ec\/anjumera95\/files\/2014\/06\/xperia-z2-hero-white-1240x840-f32a46b85edbbbbee660994b7e80d2e1-1-300x203.jpg 300w, https:\/\/blog.espol.edu.ec\/anjumera95\/files\/2014\/06\/xperia-z2-hero-white-1240x840-f32a46b85edbbbbee660994b7e80d2e1-1-1024x693.jpg 1024w, https:\/\/blog.espol.edu.ec\/anjumera95\/files\/2014\/06\/xperia-z2-hero-white-1240x840-f32a46b85edbbbbee660994b7e80d2e1-1.jpg 1240w\" sizes=\"auto, (max-width: 300px) 100vw, 300px\" \/><\/a><\/p>\n<p>&nbsp;<\/p>\n<p>5. Huawei Honor 6<\/p>\n<ul>\n<li>Pantalla LCD IPS Full HD 5 pulgadas<\/li>\n<li>C\u00e1mara principal 13 MP, Flash LED dual, video Full HD<\/li>\n<li>C\u00e1mara frontal 5 MP<\/li>\n<li>16\/32 BG memoria, Slot MicroSD hasta 64 GB<\/li>\n<li>Procesador OctaCore (4x1.7 + 4x1.3) GHz<\/li>\n<li>3 GB RAM<\/li>\n<li>Bater\u00eda 3100 mAh<\/li>\n<\/ul>\n<p><a href=\"http:\/\/blog.espol.edu.ec\/anjumera95\/files\/2014\/10\/Huawei-Honor-6.jpg\"><img loading=\"lazy\" decoding=\"async\" class=\"alignnone wp-image-183\" src=\"http:\/\/blog.espol.edu.ec\/anjumera95\/files\/2014\/10\/Huawei-Honor-6-300x169.jpg\" alt=\"Huawei-Honor-6\" width=\"320\" height=\"180\" srcset=\"https:\/\/blog.espol.edu.ec\/anjumera95\/files\/2014\/10\/Huawei-Honor-6-300x169.jpg 300w, https:\/\/blog.espol.edu.ec\/anjumera95\/files\/2014\/10\/Huawei-Honor-6.jpg 1024w\" sizes=\"auto, (max-width: 320px) 100vw, 320px\" \/><\/a><\/p>\n<p>&nbsp;<\/p>\n<p>6. Samsung Galaxy Alpha<\/p>\n<ul>\n<li>Pantalla Super AMOLED HD 4.7 pulgadas<\/li>\n<li>Sensor de ritmo card\u00edaco, Sensor dactilar<\/li>\n<li>C\u00e1mara principal 12 MP, Flash LED, Video UHD (4K)<\/li>\n<li>C\u00e1mara frontal 2.1 MP 1080 P<\/li>\n<li>32 GB memoria NO EXPANDIBLE<\/li>\n<li>Procesador OctaCore (4x1.8 + 4x1.3) GHz<\/li>\n<li>2 GB RAM<\/li>\n<li>Bater\u00eda 1860 mAh<\/li>\n<\/ul>\n<p><a href=\"http:\/\/blog.espol.edu.ec\/anjumera95\/files\/2014\/10\/samsung-galaxy-alpha.jpg\"><img loading=\"lazy\" decoding=\"async\" class=\"alignnone size-medium wp-image-182\" src=\"http:\/\/blog.espol.edu.ec\/anjumera95\/files\/2014\/10\/samsung-galaxy-alpha-300x200.jpg\" alt=\"samsung-galaxy-alpha\" width=\"300\" height=\"200\" srcset=\"https:\/\/blog.espol.edu.ec\/anjumera95\/files\/2014\/10\/samsung-galaxy-alpha-300x200.jpg 300w, https:\/\/blog.espol.edu.ec\/anjumera95\/files\/2014\/10\/samsung-galaxy-alpha-1024x682.jpg 1024w, https:\/\/blog.espol.edu.ec\/anjumera95\/files\/2014\/10\/samsung-galaxy-alpha.jpg 1359w\" sizes=\"auto, (max-width: 300px) 100vw, 300px\" \/><\/a><\/p>\n<p>&nbsp;<\/p>\n<p>7. Samsung Galaxy S5<\/p>\n<ul>\n<li>Pantalla AMOLED Gorilla Glass 3 Full HD 5.1 pulgadas<\/li>\n<li>Sensor de ritmo card\u00edaco, Sensor dactilar, Resistente al polvo y agua<\/li>\n<li>C\u00e1mara principal 16 MP, Flash LED, Video UHD (4K)<\/li>\n<li>C\u00e1mara Frontal 2.1 MP 1080 P<\/li>\n<li>16\/32 GB memoria, Slot microSD hasta 128 GB<\/li>\n<li>Procesador QuadCore 2.5 GHz<\/li>\n<li>2 GB RAM<\/li>\n<li>Bater\u00eda 2800 mAh<\/li>\n<\/ul>\n<p><a href=\"http:\/\/blog.espol.edu.ec\/anjumera95\/files\/2014\/06\/xl_samsung-galaxy-s5.jpg\"><img loading=\"lazy\" decoding=\"async\" class=\"alignnone size-medium wp-image-56\" src=\"http:\/\/blog.espol.edu.ec\/anjumera95\/files\/2014\/06\/xl_samsung-galaxy-s5-300x168.jpg\" alt=\"xl_samsung galaxy s5\" width=\"300\" height=\"168\" srcset=\"https:\/\/blog.espol.edu.ec\/anjumera95\/files\/2014\/06\/xl_samsung-galaxy-s5-300x168.jpg 300w, https:\/\/blog.espol.edu.ec\/anjumera95\/files\/2014\/06\/xl_samsung-galaxy-s5.jpg 624w\" sizes=\"auto, (max-width: 300px) 100vw, 300px\" \/><\/a><\/p>\n<p>&nbsp;<\/p>\n<p>8. Motorola Moto X - 2da Generaci\u00f3n<\/p>\n<ul>\n<li>Pantalla Gorila Glass 3 Full HD 5.2 pulgadas<\/li>\n<li>C\u00e1mara principal 13 MP, Flash LED, video 4K<\/li>\n<li>C\u00e1mara frontal 2 MP \u00a01080 P<\/li>\n<li>16\/32 GB memoria NO EXPANDIBLE<\/li>\n<li>Procesador QuadCore 2.5 GHz<\/li>\n<li>2 GB RAM<\/li>\n<li>Bater\u00eda 2300 mAh<\/li>\n<\/ul>\n<p><a href=\"http:\/\/blog.espol.edu.ec\/anjumera95\/files\/2014\/06\/01-new-moto-x-100441502-primary.idge_.jpg\"><img loading=\"lazy\" decoding=\"async\" class=\"alignnone size-medium wp-image-144\" src=\"http:\/\/blog.espol.edu.ec\/anjumera95\/files\/2014\/06\/01-new-moto-x-100441502-primary.idge_-300x199.jpg\" alt=\"01-new-moto-x-100441502-primary.idge\" width=\"300\" height=\"199\" srcset=\"https:\/\/blog.espol.edu.ec\/anjumera95\/files\/2014\/06\/01-new-moto-x-100441502-primary.idge_-300x199.jpg 300w, https:\/\/blog.espol.edu.ec\/anjumera95\/files\/2014\/06\/01-new-moto-x-100441502-primary.idge_.jpg 620w\" sizes=\"auto, (max-width: 300px) 100vw, 300px\" \/><\/a><\/p>\n<p>&nbsp;<\/p>\n<p>9. HTC One (M8)<\/p>\n<ul>\n<li>Pantalla Gorilla Glass 3 Full HD 5 pulgadas<\/li>\n<li>Chasis de aluminio, Parlantes stereo BoomSound<\/li>\n<li>C\u00e1mara principal Ultra Pixel Dual, Flash LED, video Full HD<\/li>\n<li>C\u00e1mara frontal 5 MP 1080 P<\/li>\n<li>16\/32 GB memoria, Slot microSD hasta 128 GB<\/li>\n<li>Procesador QuadCore 2.3 GHz<\/li>\n<li>2 GB RAM<\/li>\n<li>Bater\u00eda 2600 mAh<\/li>\n<\/ul>\n<p><a href=\"http:\/\/blog.espol.edu.ec\/anjumera95\/files\/2014\/06\/main-1.jpg\"><img loading=\"lazy\" decoding=\"async\" class=\"alignnone size-medium wp-image-58\" src=\"http:\/\/blog.espol.edu.ec\/anjumera95\/files\/2014\/06\/main-1-300x152.jpg\" alt=\"main-1\" width=\"300\" height=\"152\" srcset=\"https:\/\/blog.espol.edu.ec\/anjumera95\/files\/2014\/06\/main-1-300x152.jpg 300w, https:\/\/blog.espol.edu.ec\/anjumera95\/files\/2014\/06\/main-1-1024x520.jpg 1024w, https:\/\/blog.espol.edu.ec\/anjumera95\/files\/2014\/06\/main-1.jpg 1280w\" sizes=\"auto, (max-width: 300px) 100vw, 300px\" \/><\/a><\/p>\n<p>&nbsp;<\/p>\n<p>10. Huawei Ascend P7<\/p>\n<ul>\n<li>Pantalla LCD IPS Full HD 5 pulgadas<\/li>\n<li>C\u00e1mara principal 13 MP, Flash LED, Video Full HD<\/li>\n<li>C\u00e1mara frontal 8 MP 1080 P<\/li>\n<li>16 GB memoria, Slot microSD hasta 64 GB<\/li>\n<li>Procesador QuadCore 1.8 GHz<\/li>\n<li>2 GB RAM<\/li>\n<li>Bater\u00eda 2500 mAh<\/li>\n<\/ul>\n<p>&nbsp;<\/p>\n<p><a href=\"http:\/\/blog.espol.edu.ec\/anjumera95\/files\/2014\/10\/huawei-ascend-p7.jpg\"><img loading=\"lazy\" decoding=\"async\" class=\"alignnone wp-image-184\" src=\"http:\/\/blog.espol.edu.ec\/anjumera95\/files\/2014\/10\/huawei-ascend-p7-300x156.jpg\" alt=\"huawei ascend p7\" width=\"321\" height=\"167\" srcset=\"https:\/\/blog.espol.edu.ec\/anjumera95\/files\/2014\/10\/huawei-ascend-p7-300x156.jpg 300w, https:\/\/blog.espol.edu.ec\/anjumera95\/files\/2014\/10\/huawei-ascend-p7.jpg 960w\" sizes=\"auto, (max-width: 321px) 100vw, 321px\" \/><\/a><\/p>\n<p>&nbsp;<\/p>\n","protected":false},"excerpt":{"rendered":"<p>1. Motorola Moto Maxx Pantalla\u00a0Gorilla Glass 3 1440x2560 P - 5.2 pulgadas Resistente al agua C\u00e1mara principal 21 MP, Flash LED dual, video 4K C\u00e1mara frontal 2 MP 1080P 64 GB memoria NO EXPANDIBLE Procesador QuadCore 2.7 GHz 3 BG RAM Bater\u00eda 3900 mAh &nbsp; 2. Sony XPERIA Z3 Pantalla LCD IPS TRILUMINOS Full HD [&hellip;]<\/p>\n","protected":false},"author":9068,"featured_media":0,"parent":0,"menu_order":1,"comment_status":"open","ping_status":"open","template":"","meta":{"footnotes":""},"class_list":["post-47","page","type-page","status-publish","hentry"],"_links":{"self":[{"href":"https:\/\/blog.espol.edu.ec\/anjumera95\/wp-json\/wp\/v2\/pages\/47","targetHints":{"allow":["GET"]}}],"collection":[{"href":"https:\/\/blog.espol.edu.ec\/anjumera95\/wp-json\/wp\/v2\/pages"}],"about":[{"href":"https:\/\/blog.espol.edu.ec\/anjumera95\/wp-json\/wp\/v2\/types\/page"}],"author":[{"embeddable":true,"href":"https:\/\/blog.espol.edu.ec\/anjumera95\/wp-json\/wp\/v2\/users\/9068"}],"replies":[{"embeddable":true,"href":"https:\/\/blog.espol.edu.ec\/anjumera95\/wp-json\/wp\/v2\/comments?post=47"}],"version-history":[{"count":19,"href":"https:\/\/blog.espol.edu.ec\/anjumera95\/wp-json\/wp\/v2\/pages\/47\/revisions"}],"predecessor-version":[{"id":280,"href":"https:\/\/blog.espol.edu.ec\/anjumera95\/wp-json\/wp\/v2\/pages\/47\/revisions\/280"}],"wp:attachment":[{"href":"https:\/\/blog.espol.edu.ec\/anjumera95\/wp-json\/wp\/v2\/media?parent=47"}],"curies":[{"name":"wp","href":"https:\/\/api.w.org\/{rel}","templated":true}]}}