{"id":481,"date":"2020-06-06T14:30:24","date_gmt":"2020-06-06T19:30:24","guid":{"rendered":"http:\/\/blog.espol.edu.ec\/anjumera95\/?page_id=481"},"modified":"2020-11-11T18:06:34","modified_gmt":"2020-11-11T23:06:34","slug":"gama-alta-2020","status":"publish","type":"page","link":"https:\/\/blog.espol.edu.ec\/anjumera95\/gama-alta-2020\/","title":{"rendered":"Gama Alta 2020"},"content":{"rendered":"<p>&nbsp;<\/p>\n<p>&nbsp;<\/p>\n<p>&nbsp;<\/p>\n<p>&nbsp;<\/p>\n<p><strong>Gama Alta 2020<\/strong><\/p>\n<p>&nbsp;<\/p>\n<p>1.\u00a0<strong>Huawei Mate 40<\/strong><\/p>\n<ul>\n<li>Pantalla OLED 1080 x 2376 pixels, 6.5 pulgadas<\/li>\n<li>Pantalla de 90 Hz<\/li>\n<li>Resistencia al polvo y agua (IP68)<\/li>\n<li>Lector de huellas dactilares bajo la pantalla<\/li>\n<li>C\u00e1mara principal Triple de 50MP (normal), 16MP (angular) y 8MP (telefoto)<\/li>\n<li>Autofocus por detecci\u00f3n de fase y l\u00e1ser, zoom \u00f3ptico 3x<\/li>\n<li>C\u00e1mara frontal de 13 MP<\/li>\n<li>128 \u00f3 256 GB memoria, slot NM (nano memory)<\/li>\n<li>8 GB RAM<\/li>\n<li>Procesador Kirin 9000E (1\u00d73.13+3\u00d72.54+4\u00d72.05) GHz<\/li>\n<li>GPU Mali-G78 MP22<\/li>\n<li>Bater\u00eda 4200 mAh, carga s\u00faper r\u00e1pida a 40W<\/li>\n<\/ul>\n<p><img loading=\"lazy\" decoding=\"async\" class=\"n3VNCb\" src=\"https:\/\/www.movilzona.es\/app\/uploads\/2020\/10\/Huawei-Mate-40-GRANDE.png\" alt=\"Huawei Mate 40: caracter\u00edsticas, ficha t\u00e9cnica con fotos y precio\" width=\"137\" height=\"220\" \/><\/p>\n<p>&nbsp;<\/p>\n<p>2. <strong>Samsung Galaxy Note 20<\/strong><\/p>\n<ul>\n<li>Pantalla AMOLED 1080\u00d72400 pixles, 6.7 pulgadas<\/li>\n<li>Pantalla de 120 Hz<\/li>\n<li>Sensor de de huellas dactilares bajo la pantalla<\/li>\n<li>Certificaci\u00f3n IP68: resistente al agua y al polvo<\/li>\n<li>C\u00e1mara principal triple de 12(normal), 16(angular) y 64(telefoto) MP<\/li>\n<li>C\u00e1mara Frontal de 10 MP<\/li>\n<li>256 GB memoria,\u00a0Slot MicroSD<\/li>\n<li>8 GB RAM<\/li>\n<li>Procesador(opci\u00f3n1) Exynos 990 (2\u00d72.7+2\u00d72.5+4\u00d72.0) GHz, con GPU Mali-G77 MP11<\/li>\n<li>Procesador(opci\u00f3n2) Snapdragon 865+ (1\u00d73.1+3\u00d72.4+4\u00d71.8) GHz, con GPU Adreno 650<\/li>\n<li>Bater\u00eda 4300 mAh, carga r\u00e1pida a 25W, carga inal\u00e1mbrica a 15W y reversible a 9W<\/li>\n<\/ul>\n<p><img loading=\"lazy\" decoding=\"async\" class=\"n3VNCb\" src=\"https:\/\/images.samsung.com\/is\/image\/samsung\/latin\/galaxy-note20\/gallery\/latin-galaxy-note20-n980-sm-n980fzgkgto-frontmysticgreen-thumb-272432430\" alt=\"Compra Galaxy Note20 Verde M\u00edstico 256GB | Samsung Latinoam\u00e9rica\" width=\"220\" height=\"220\" \/><\/p>\n<p>&nbsp;<\/p>\n<p>3.\u00a0<strong>Samsung Galaxy S20 FE<\/strong><\/p>\n<ul>\n<li>Pantalla AMOLED 1080\u00d72400 pixles, 6.5 pulgadas<\/li>\n<li>Pantalla de 120 Hz<\/li>\n<li>Sensor de de huellas dactilares bajo la pantalla<\/li>\n<li>Certificaci\u00f3n IP68: resistente al agua y al polvo<\/li>\n<li>C\u00e1mara principal triple de 12(normal), 12(angular) y 8(telefoto) MP<\/li>\n<li>C\u00e1mara Frontal de 32 MP<\/li>\n<li>128 \u00f3 256 GB memoria,\u00a0Slot MicroSD<\/li>\n<li>6 \u00f3 8 GB RAM<\/li>\n<li>Procesador(opci\u00f3n 4g) Exynos 990 (2\u00d72.7+2\u00d72.5+4\u00d72.0) GHz, con GPU Mali-G77 MP11<\/li>\n<li>Procesador(opci\u00f3n g5) Snapdragon 865 (1\u00d72.84+3\u00d72.42+4\u00d71.80) GHz, con GPU Adreno 650<\/li>\n<li>Bater\u00eda 4500 mAh, carga r\u00e1pida a 25W, carga inal\u00e1mbrica a 15W y reversible a 9W<\/li>\n<\/ul>\n<p><img loading=\"lazy\" decoding=\"async\" class=\"n3VNCb\" src=\"https:\/\/m.media-amazon.com\/images\/I\/41qvpZQfdQL.jpg\" alt=\"Nuevo Samsung Galaxy S20 FE: caracter\u00edsticas, precio y ficha t\u00e9cnica\" width=\"300\" height=\"200\" \/><\/p>\n<p>&nbsp;<\/p>\n<p>4. <strong>Samsung Galaxy S20<\/strong><\/p>\n<ul>\n<li>Pantalla AMOLED 1440\u00d73200 pixles, 6.2 pulgadas<\/li>\n<li>Pantalla de 120 Hz<\/li>\n<li>Sensor de de huellas dactilares bajo la pantalla<\/li>\n<li>Certificaci\u00f3n IP68: resistente al agua y al polvo<\/li>\n<li>C\u00e1mara principal triple de 12(normal), 12(angular) y 64(telefoto) MP<\/li>\n<li>C\u00e1mara Frontal de 10 MP<\/li>\n<li>128 GB memoria,\u00a0Slot MicroSD<\/li>\n<li>8 GB RAM<\/li>\n<li>Procesador(opci\u00f3n 4g) Exynos 990 (2\u00d72.7+2\u00d72.5+4\u00d72.0) GHz, con GPU Mali-G77 MP11<\/li>\n<li>Procesador(opci\u00f3n g5) Snapdragon 865 (1\u00d72.84+3\u00d72.42+4\u00d71.80) GHz, con GPU Adreno 650<\/li>\n<li>Bater\u00eda 4000 mAh, carga r\u00e1pida a 25W, carga inal\u00e1mbrica a 15W y reversible a 9W<\/li>\n<\/ul>\n<p><img loading=\"lazy\" decoding=\"async\" class=\"n3VNCb\" src=\"https:\/\/resources.claroshop.com\/medios-plazavip\/mkt\/5e62972282dc6_600x600s20azuljpg.jpg\" alt=\"Samsung Galaxy S20 128 Gb Azul Nube\" width=\"220\" height=\"220\" \/><\/p>\n<p>&nbsp;<\/p>\n<p>5.\u00a0<strong>Xiaomi mi 10<\/strong><\/p>\n<ul>\n<li>Pantalla S\u00faper AMOLED 1080\u00d72340 pixles, 6.67 pulgadas<\/li>\n<li>Pantalla de 90 Hz<\/li>\n<li>Sensor de de huellas dactilares bajo la pantalla<\/li>\n<li>C\u00e1mara principal cu\u00e1druple de 108(normal), 13(angular), 2(macro) y 2(prof.) MP<\/li>\n<li>C\u00e1mara Frontal de 20 MP<\/li>\n<li>128 \u00f3 256 GB memoria<\/li>\n<li>8 \u00f3 12 GB RAM<\/li>\n<li>Procesador Snapdragon 865 (1\u00d72.84+3\u00d72.42+4\u00d71.80) GHz<\/li>\n<li>GPU Adreno 650<\/li>\n<li>Bater\u00eda 4780 mAh, carga r\u00e1pida a 30W, carga inal\u00e1mbrica a 30W y reversible a 10W<\/li>\n<\/ul>\n<p><img loading=\"lazy\" decoding=\"async\" class=\"n3VNCb\" src=\"https:\/\/www.notebookcheck.org\/fileadmin\/Notebooks\/Xiaomi\/Mi_10\/Xiaomi_Mi_10_4zu3.jpg\" alt=\"Review del Smartphone Xiaomi Mi 10: M\u00e1s Megap\u00edxeles - Notebookcheck.org\" width=\"266\" height=\"200\" \/><\/p>\n<p>&nbsp;<\/p>\n<p>6.\u00a0<strong>Huawei P40<\/strong><\/p>\n<ul>\n<li>Pantalla OLED 1080 x 2340 pixels, 6.1 pulgadas<\/li>\n<li>Pantalla de 60 Hz<\/li>\n<li>Reconocimiento facial avanzado<\/li>\n<li>Resistencia al polvo y agua (IP53)<\/li>\n<li>Lector de huellas dactilares bajo la pantalla<\/li>\n<li>C\u00e1mara principal Triple de 50MP (normal), 16MP (angular) y 8MP (telefoto)<\/li>\n<li>Autofocus por detecci\u00f3n de fase, zoom \u00f3ptico 3x<\/li>\n<li>C\u00e1mara frontal de 32 MP + TOF 3D<\/li>\n<li>128 GB memoria, slot NM (nano memory)<\/li>\n<li>8 GB RAM<\/li>\n<li>Procesador Kirin 990 5G (2\u00d72.86+2\u00d72.36+4\u00d71.95) GHz<\/li>\n<li>GPU Mali-G76 MP16<\/li>\n<li>Bater\u00eda 3800 mAh, carga r\u00e1pida a 22.5W<\/li>\n<\/ul>\n<p><img loading=\"lazy\" decoding=\"async\" class=\"n3VNCb\" src=\"https:\/\/tienda.movistar.com.mx\/media\/catalog\/product\/cache\/75b1917cf488b9b8b9e806b91f3035c0\/p\/4\/p40-pro-dual.png\" alt=\"Tienda en l\u00ednea Huawei P40 Pro 256 GB Gris Movistar\" width=\"200\" height=\"200\" \/><\/p>\n<p>&nbsp;<\/p>\n<p>7.\u00a0<strong>Sony Xperia 5 ll<\/strong><\/p>\n<ul>\n<li>Pantalla OLED 1080\u00d72520 pixles, 6.1 pulgadas<\/li>\n<li>Pantalla de 120 Hz<\/li>\n<li>Sensor de de huellas dactilares en el lateral<\/li>\n<li>Resistencia al polvo y agua (IP65, IP68)<\/li>\n<li>C\u00e1mara principal triple de 12(normal), 12(angular) y 12(telefoto) MP<\/li>\n<li>C\u00e1mara Frontal de 8 MP<\/li>\n<li>128 \u00f3 256 GB memoria<\/li>\n<li>8 GB RAM<\/li>\n<li>Procesador Snapdragon 865 (1\u00d72.84+3\u00d72.42+4\u00d71.80) GHz<\/li>\n<li>GPU Adreno 650<\/li>\n<li>Bater\u00eda 4000 mAh, carga r\u00e1pida a 21W<\/li>\n<\/ul>\n<p><img loading=\"lazy\" decoding=\"async\" class=\"n3VNCb\" src=\"https:\/\/specs-tech.com\/wp-content\/uploads\/2020\/08\/Sony-Xperia-5-II-5g-1.jpg\" alt=\"Sony Xperia 5 II 5g Caracter\u00edsticas, especificaciones y Precio - Specs Tech\" width=\"220\" height=\"220\" \/><\/p>\n<p>&nbsp;<\/p>\n<p>8.\u00a0<strong>Sony Xperia 1 ll<\/strong><\/p>\n<ul>\n<li>Pantalla OLED 1644\u00d73840 pixles, 6.5 pulgadas<\/li>\n<li>Pantalla de 60 Hz<\/li>\n<li>Sensor de de huellas dactilares en el lateral<\/li>\n<li>Resistencia al polvo y agua (IP65, IP68)<\/li>\n<li>C\u00e1mara principal triple de 12(normal), 12(angular) y 12(telefoto) MP<\/li>\n<li>C\u00e1mara Frontal de 8 MP<\/li>\n<li>256 GB memoria<\/li>\n<li>8 GB RAM<\/li>\n<li>Procesador Snapdragon 865 (1\u00d72.84+3\u00d72.42+4\u00d71.80) GHz<\/li>\n<li>GPU Adreno 650<\/li>\n<li>Bater\u00eda 4000 mAh, carga r\u00e1pida a 21W<\/li>\n<\/ul>\n<p><img loading=\"lazy\" decoding=\"async\" class=\"n3VNCb\" src=\"https:\/\/www.sony.es\/image\/93375262915162c04b81617da973a2c4?fmt=pjpeg&amp;resMode=bisharp&amp;wid=360\" alt=\"Preguntas y respuestas acerca de Xperia 1 II | Sony ES\" width=\"220\" height=\"220\" \/><\/p>\n<p>&nbsp;<\/p>\n<p>9.\u00a0<strong>Xiaomi Mi 10T Pro<\/strong><\/p>\n<ul>\n<li>Pantalla LCD IPS 1080 x 2400 pixels, 6.67 pulgadas<\/li>\n<li>Pantalla de 144 Hz<\/li>\n<li>Lector de huellas dactilares en el lateral<\/li>\n<li>C\u00e1mara principal triple de 108(normal), 13(angular) y 5(macro) MP<\/li>\n<li>C\u00e1mara Frontal de 20 MP<\/li>\n<li>128 \u00f3 256 GB memoria<\/li>\n<li>8 GB RAM<\/li>\n<li>Procesador Snapdragon 865 (1\u00d72.84+3\u00d72.42+4\u00d71.80) GHz<\/li>\n<li>GPU Adreno 650<\/li>\n<li>Bater\u00eda 5000 mAh, carga r\u00e1pida a 33W<\/li>\n<\/ul>\n<p><img loading=\"lazy\" decoding=\"async\" class=\"n3VNCb\" src=\"https:\/\/www.gizmochina.com\/wp-content\/uploads\/2020\/08\/xiaomi_mi_10t_pro.png\" alt=\"Xiaomi Mi 10T Pro - Full Specifications, price, review, compare\" width=\"220\" height=\"220\" \/><\/p>\n<p>&nbsp;<\/p>\n<p>10.\u00a0<strong>Poco F2 Pro<\/strong><\/p>\n<ul>\n<li>Pantalla S\u00faper AMOLED 1080 x 2400 pixels, 6.67 pulgadas<\/li>\n<li>Pantalla de 60 Hz<\/li>\n<li>Lector de huellas dactilares bajo la pantalla<\/li>\n<li>C\u00e1mara principal cu\u00e1druple de 64(normal), 13(angular), 5(macro) y 2(prof.) MP<\/li>\n<li>C\u00e1mara Frontal retr\u00e1ctil de 20 MP<\/li>\n<li>128 \u00f3 256 GB memoria<\/li>\n<li>6 \u00f3 8 GB RAM<\/li>\n<li>Procesador Snapdragon 865 (1\u00d72.84+3\u00d72.42+4\u00d71.80) GHz<\/li>\n<li>GPU Adreno 650<\/li>\n<li>Bater\u00eda 4700 mAh, carga r\u00e1pida a 30W<\/li>\n<\/ul>\n<p><img loading=\"lazy\" decoding=\"async\" class=\"n3VNCb\" src=\"https:\/\/static.carrefour.es\/hd_510x_\/imagenes\/products\/07334\/30957\/126\/0733430957126\/imagenGrande1.jpg\" alt=\"Xiaomi Poco F2 Pro 6gb 128gb Gris con Ofertas en Carrefour | Las mejores ofertas de Carrefour\" width=\"220\" height=\"220\" \/><\/p>\n<p>&nbsp;<\/p>\n<p>11.\u00a0<strong>Honor View 30<\/strong><\/p>\n<ul>\n<li>Pantalla LCD IPS 1080 x 2340 pixels, 6.57 pulgadas<\/li>\n<li>Pantalla de 60 Hz<\/li>\n<li>Lector de huellas dactilares en el lateral<\/li>\n<li>C\u00e1mara principal Triple de 40MP (normal), 8MP (angular) y 8MP (telefoto)<\/li>\n<li>Autofocus por detecci\u00f3n de fase, zoom \u00f3ptico 3x<\/li>\n<li>C\u00e1mara frontal dual de 32MP(normal) y 8MP(angular)<\/li>\n<li>128 GB memoria<\/li>\n<li>6 \u00f3 8 GB RAM<\/li>\n<li>Procesador Kirin 990 5G (2\u00d72.86+2\u00d72.36+4\u00d71.95) GHz<\/li>\n<li>GPU Mali-G76 MP16<\/li>\n<li>Bater\u00eda 4200 mAh, carga s\u00faper r\u00e1pida a 40W<\/li>\n<\/ul>\n<p><img loading=\"lazy\" decoding=\"async\" class=\"n3VNCb\" src=\"https:\/\/lh3.googleusercontent.com\/proxy\/n4G_3rNXG_jstd4v12G43IdCVbS5g8Fa4HZb6YzZqWJ80a5JBqfO-gSx5E6bbu_Xrs5357S1XAlOiGLJX829jq3mT8IfNQWZQtQNHuBmtguUaWNIekByajE_OGuUldIFWUeoNRo\" alt=\"Huawei Honor View 30 Pro OXF-AN10 V30 Pro 128GB White (8GB Ram) \u2013 Shopeasia.com | Online Store specialist on IT gadgets, Smartphones, Tablets\" width=\"200\" height=\"200\" \/><\/p>\n<p>&nbsp;<\/p>\n<p>12.\u00a0<strong>Honor 30<\/strong><\/p>\n<ul>\n<li>Pantalla OLED 1080 x 2400 pixels, 6.53 pulgadas<\/li>\n<li>Pantalla de 60 Hz<\/li>\n<li>Lector de huellas dactilares bajo la pantalla<\/li>\n<li>C\u00e1mara principal cu\u00e1druple de 40MP (normal), 8MP (angular), 8MP (telefoto) y 2MP (prof.)<\/li>\n<li>Autofocus por detecci\u00f3n de fase, zoom \u00f3ptico 5x<\/li>\n<li>C\u00e1mara frontal de 32 MP<\/li>\n<li>128 \u00f3 256 GB memoria, slot NM (nano memory)<\/li>\n<li>6 \u00f3 8 GB RAM<\/li>\n<li>Procesador Kirin 985 5G (1\u00d72.58+3\u00d72.40+4\u00d71.84) GHz<\/li>\n<li>GPU Mali-G77 MP8<\/li>\n<li>Bater\u00eda 4000 mAh, carga s\u00faper r\u00e1pida a 40W, reversible a 5W<\/li>\n<\/ul>\n<p><img loading=\"lazy\" decoding=\"async\" class=\"n3VNCb\" src=\"https:\/\/i.blogs.es\/6721ad\/honor-30-01\/450_1000.jpg\" alt=\"Nuevos Honor 30, Honor 30 Pro y 30 Pro+: caracter\u00edsticas, precio y ficha t\u00e9cnica.\" width=\"236\" height=\"200\" \/><\/p>\n","protected":false},"excerpt":{"rendered":"<p>&nbsp; &nbsp; &nbsp; &nbsp; Gama Alta 2020 &nbsp; 1.\u00a0Huawei Mate 40 Pantalla OLED 1080 x 2376 pixels, 6.5 pulgadas Pantalla de 90 Hz Resistencia al polvo y agua (IP68) Lector de huellas dactilares bajo la pantalla C\u00e1mara principal Triple de 50MP (normal), 16MP (angular) y 8MP (telefoto) Autofocus por detecci\u00f3n de fase y l\u00e1ser, zoom [&hellip;]<\/p>\n","protected":false},"author":9068,"featured_media":0,"parent":0,"menu_order":0,"comment_status":"closed","ping_status":"closed","template":"","meta":{"footnotes":""},"class_list":["post-481","page","type-page","status-publish","hentry"],"_links":{"self":[{"href":"https:\/\/blog.espol.edu.ec\/anjumera95\/wp-json\/wp\/v2\/pages\/481","targetHints":{"allow":["GET"]}}],"collection":[{"href":"https:\/\/blog.espol.edu.ec\/anjumera95\/wp-json\/wp\/v2\/pages"}],"about":[{"href":"https:\/\/blog.espol.edu.ec\/anjumera95\/wp-json\/wp\/v2\/types\/page"}],"author":[{"embeddable":true,"href":"https:\/\/blog.espol.edu.ec\/anjumera95\/wp-json\/wp\/v2\/users\/9068"}],"replies":[{"embeddable":true,"href":"https:\/\/blog.espol.edu.ec\/anjumera95\/wp-json\/wp\/v2\/comments?post=481"}],"version-history":[{"count":7,"href":"https:\/\/blog.espol.edu.ec\/anjumera95\/wp-json\/wp\/v2\/pages\/481\/revisions"}],"predecessor-version":[{"id":501,"href":"https:\/\/blog.espol.edu.ec\/anjumera95\/wp-json\/wp\/v2\/pages\/481\/revisions\/501"}],"wp:attachment":[{"href":"https:\/\/blog.espol.edu.ec\/anjumera95\/wp-json\/wp\/v2\/media?parent=481"}],"curies":[{"name":"wp","href":"https:\/\/api.w.org\/{rel}","templated":true}]}}