{"id":483,"date":"2020-06-06T14:35:41","date_gmt":"2020-06-06T19:35:41","guid":{"rendered":"http:\/\/blog.espol.edu.ec\/anjumera95\/?page_id=483"},"modified":"2020-11-09T00:12:22","modified_gmt":"2020-11-09T05:12:22","slug":"gama-media-alta-2020","status":"publish","type":"page","link":"https:\/\/blog.espol.edu.ec\/anjumera95\/gama-media-alta-2020\/","title":{"rendered":"Gama Media-Alta 2020"},"content":{"rendered":"<p>&nbsp;<\/p>\n<p>&nbsp;<\/p>\n<p>&nbsp;<\/p>\n<p>&nbsp;<\/p>\n<p><strong>Gama media-alta 2020<\/strong><\/p>\n<p>&nbsp;<\/p>\n<p>1.\u00a0<strong>Motorola Edge<\/strong><\/p>\n<ul>\n<li>Pantalla OLED 1080 x 2340 pixeles de 6.7 pulgadas<\/li>\n<li>Pantalla de 90 Hz<\/li>\n<li>Lector de huellas dactilares bajo pantalla<\/li>\n<li>C\u00e1mara principal triple de 64MP(normal), 16MP(angular) y 8MP(zoom 2x), sensor TOF 3D, Flash LED<\/li>\n<li>C\u00e1mara frontal de 25 MP<\/li>\n<li>128 GB memoria, slot microSD<\/li>\n<li>4 \u00f3 6 GB RAM<\/li>\n<li>Procesador\u00a0Snapdragon 765G (1x2.4+1\u00d72.2+6\u00d71.8) GHz<\/li>\n<li>GPU Adreno 620<\/li>\n<li>Bater\u00eda 4500 mAh, carga r\u00e1pida a 18W<\/li>\n<\/ul>\n<p><img loading=\"lazy\" decoding=\"async\" class=\"n3VNCb\" src=\"https:\/\/mxmoto.vteximg.com.br\/arquivos\/ids\/162476-700-700\/MotorolaEdge-RojoPlum-Dual.png?v=637269734831570000\" alt=\"Motorola Edge. Faster. Louder. Bolder | Smartphones Motorola - mxmoto-prod\" width=\"220\" height=\"220\" \/><\/p>\n<p>&nbsp;<\/p>\n<p>2.\u00a0<strong>Samsung Galaxy Note 10 lite<\/strong><\/p>\n<ul>\n<li>Pantalla AMOLED 1080 x 2400 pixeles de 6.7 pulgadas<\/li>\n<li>Lector de huellas dactilares bajo pantalla<\/li>\n<li>C\u00e1mara principal triple de 12MP(normal), 12MP(angular) y 12MP(zoom 2x), Flash LED<\/li>\n<li>C\u00e1mara frontal de 32 MP<\/li>\n<li>128 GB memoria<\/li>\n<li>6 \u00f3 8 GB RAM<\/li>\n<li>Procesador Exynos 9810 (4\u00d72.9+4\u00d71.9) GHz<\/li>\n<li>GPU Mali-G72 MP18<\/li>\n<li>Bater\u00eda 4500 mAh, carga r\u00e1pida<\/li>\n<\/ul>\n<p><img loading=\"lazy\" decoding=\"async\" class=\"n3VNCb\" src=\"https:\/\/mobilestore.ec\/wp-content\/uploads\/2020\/05\/Galaxy-Note-10-Lite-Mobile-Store-Ecuador.jpg\" alt=\"Galaxy Note 10 Lite - Mobile Store Ecuador\" width=\"220\" height=\"220\" \/><\/p>\n<p>&nbsp;<\/p>\n<p>3. <b>LG Velvet<\/b><\/p>\n<ul>\n<li>Pantalla OLED 1080 x 2460 pixeles de 6.8 pulgadas<\/li>\n<li>Lector de huellas dactilares bajo pantalla<\/li>\n<li>Resistencia al polvo y agua (IP68)<\/li>\n<li>C\u00e1mara principal triple de 48MP(normal), 8MP(angular) y 5MP(prof.), Flash LED<\/li>\n<li>C\u00e1mara frontal de 16 MP<\/li>\n<li>128 GB memoria<\/li>\n<li>6 \u00f3 8 GB RAM<\/li>\n<li>Procesador (versi\u00f3n 5g): Snapdragon 765G (1x2.4+1\u00d72.2+6\u00d71.8) GHz, con GPU Adreno 620<\/li>\n<li>Procesador (versi\u00f3n 4g): Snapdragon 845 (4\u00d72.8+4\u00d71.8) GHz, con GPU Adreno 630<\/li>\n<li>Bater\u00eda 4160 mAh, carga r\u00e1pida a 25W(5g), 15W(4g), inal\u00e1mbrica a 9W<\/li>\n<\/ul>\n<p><img loading=\"lazy\" decoding=\"async\" class=\"n3VNCb\" src=\"https:\/\/d500.epimg.net\/cincodias\/imagenes\/2020\/06\/18\/smartphones\/1592470980_523044_1592471157_sumario_normal.jpg\" alt=\"El LG Velvet 5G llega a Espa\u00f1a: caracter\u00edsticas, precio y disponibilidad | Smartphones | Cinco D\u00edas\" width=\"209\" height=\"221\" \/><\/p>\n<p>&nbsp;<\/p>\n<p>4.\u00a0<strong>Xiaomi Mi 10 lite<\/strong><\/p>\n<ul>\n<li>Pantalla AMOLED 1080 x 2400 pixeles de 6.57 pulgadas<\/li>\n<li>Lector de huellas dactilares bajo pantalla<\/li>\n<li>C\u00e1mara principal cu\u00e1druple de 48MP(normal), 8MP(angular), 2MP(macro) y 2MP(prof.), Flash LED<\/li>\n<li>C\u00e1mara frontal de 16 MP<\/li>\n<li>64 \u00f3 128 GB memoria<\/li>\n<li>6 GB RAM<\/li>\n<li>Procesador\u00a0Snapdragon 765G (1x2.4+1\u00d72.2+6\u00d71.8) GHz<\/li>\n<li>GPU Adreno 620<\/li>\n<li>Bater\u00eda 4160 mAh, carga r\u00e1pida a 20W<\/li>\n<\/ul>\n<p><img loading=\"lazy\" decoding=\"async\" class=\"n3VNCb\" src=\"https:\/\/mobilestore.ec\/wp-content\/uploads\/2020\/08\/Xiaomi-Mi-10-Lite-Mobile-Store-Ecuador2.jpg\" alt=\"Xiaomi Mi 10 Lite 5G - Mobile Store Ecuador\" width=\"220\" height=\"220\" \/><\/p>\n<p>&nbsp;<\/p>\n<p>5.\u00a0<strong>Moto G 5g Plus<\/strong><\/p>\n<ul>\n<li>Pantalla LCD IPS 1080 x 2520 pixeles de 6.7 pulgadas<\/li>\n<li>Lector de huellas dactilares en el lateral<\/li>\n<li>C\u00e1mara principal cu\u00e1druple de 48MP(normal), 16MP(angular), 5MP(macro) y 2MP(prof.), Flash LED<\/li>\n<li>C\u00e1mara frontal dual de 16MP(normal) y 8MP(angular)<\/li>\n<li>64 \u00f3 128 GB memoria<\/li>\n<li>4 \u00f3 6 GB RAM<\/li>\n<li>Procesador\u00a0Snapdragon 765G (1x2.4+1\u00d72.2+6\u00d71.8) GHz<\/li>\n<li>GPU Adreno 620<\/li>\n<li>Bater\u00eda 5000 mAh, carga r\u00e1pida a 20W<\/li>\n<\/ul>\n<p><img loading=\"lazy\" decoding=\"async\" class=\"n3VNCb\" src=\"https:\/\/m.media-amazon.com\/images\/I\/41yWVTa5XgL.jpg\" alt=\"Moto G 5G Plus, an\u00e1lisis: review con caracter\u00edsticas, precio y especificaciones\" width=\"209\" height=\"220\" \/><\/p>\n<p>&nbsp;<\/p>\n<p>6.\u00a0<strong>Honor X10<\/strong><\/p>\n<ul>\n<li>Pantalla LCD IPS 1080 x 2400 pixeles de 6.63 pulgadas<\/li>\n<li>Pantalla de 90 Hz<\/li>\n<li>Lector de huellas dactilares en el lateral<\/li>\n<li>C\u00e1mara principal triple de 40MP(normal), 8MP(angular) y 2MP(prof.), Flash LED<\/li>\n<li>C\u00e1mara frontal retr\u00e1ctil de 16MP<\/li>\n<li>64 \u00f3 128 GB memoria<\/li>\n<li>4 \u00f3 6 GB RAM<\/li>\n<li>Procesador\u00a0Kirin 820 (1x2.4+3\u00d72.2+4\u00d71.8) GHz<\/li>\n<li>GPU Mali-G57 MP6<\/li>\n<li>Bater\u00eda 4300 mAh, carga r\u00e1pida a 22.5W<\/li>\n<\/ul>\n<p><img loading=\"lazy\" decoding=\"async\" class=\"n3VNCb\" src=\"https:\/\/i.blogs.es\/88e91e\/e65e663b-8ccf-48ef-85d5-be56890f4ec1\/450_1000.jpeg\" alt=\"Nuevo Honor X10: caracter\u00edsticas, precio y ficha t\u00e9cnica.\" width=\"216\" height=\"220\" \/><\/p>\n<p>&nbsp;<\/p>\n<p>7.\u00a0<strong>Huawei P40 lite 5G<\/strong><\/p>\n<ul>\n<li>Pantalla LCD IPS 1080 x 2400 pixeles de 6.5 pulgadas<\/li>\n<li>Lector de huellas dactilares en el lateral<\/li>\n<li>C\u00e1mara principal cu\u00e1druple de 64MP(normal), 8MP(angular), 2MP(macro) y 2MP(prof.), Flash LED<\/li>\n<li>C\u00e1mara frontal de 16MP<\/li>\n<li>128 GB memoria<\/li>\n<li>6 GB RAM<\/li>\n<li>Procesador\u00a0Kirin 820 (1x2.4+3\u00d72.2+4\u00d71.8) GHz<\/li>\n<li>GPU Mali-G57 MP6<\/li>\n<li>Bater\u00eda 4000 mAh, carga r\u00e1pida a 40W, reversible a 5W<\/li>\n<\/ul>\n<p><img loading=\"lazy\" decoding=\"async\" class=\"n3VNCb\" src=\"https:\/\/www.tuexpertomovil.com\/wp-content\/uploads\/2020\/05\/huawei-p40-lite-5g-04.jpg.webp\" alt=\"Huawei presenta un P40 Lite con 5G: estas son sus diferencias\" width=\"220\" height=\"220\" \/><\/p>\n<p>&nbsp;<\/p>\n<p>8.\u00a0<strong>Xiaomi mi 10T lite<\/strong><\/p>\n<ul>\n<li>Pantalla LCD IPS 1080 x 2400 pixeles de 6.67 pulgadas<\/li>\n<li>Pantalla de 120 Hz<\/li>\n<li>Lector de huellas dactilares en el lateral<\/li>\n<li>C\u00e1mara principal cu\u00e1druple de 48MP(normal), 8MP(angular), 2MP(macro) y 2MP(prof.), Flash LED<\/li>\n<li>C\u00e1mara frontal de 20MP<\/li>\n<li>64 \u00f3 128 GB memoria<\/li>\n<li>6 GB RAM<\/li>\n<li>Procesador\u00a0Snapdragon 750G (2\u00d72.2+6\u00d71.8) GHz<\/li>\n<li>GPU Adreno 619<\/li>\n<li>Bater\u00eda 4820 mAh, carga r\u00e1pida a 33W<\/li>\n<\/ul>\n<p><img loading=\"lazy\" decoding=\"async\" class=\"n3VNCb\" src=\"https:\/\/www.hd-tecnologia.com\/imagenes\/articulos\/2020\/09\/Es-oficial-el-Xiaomi-Mi-10T-Lite-5g-y-pantalla-de-120Hz-al-alcance-de-todos.jpg\" alt=\"Es oficial el Xiaomi Mi 10T Lite 5G y pantalla de 120Hz al alcance de todos\" width=\"291\" height=\"200\" \/><\/p>\n<p>&nbsp;<\/p>\n<p>9.\u00a0<strong>Moto G 5g<\/strong><\/p>\n<ul>\n<li>Pantalla LCD IPS 1080 x 2400 pixeles de 6.7 pulgadas<\/li>\n<li>Lector de huellas dactilares<\/li>\n<li>C\u00e1mara principal triple de 48MP(normal), 8MP(angular) y 2MP(macro), Flash LED<\/li>\n<li>C\u00e1mara frontal de 16MP<\/li>\n<li>64 \u00f3 128 GB memoria<\/li>\n<li>4 \u00f3 6 GB RAM<\/li>\n<li>Procesador\u00a0Snapdragon 750G (2\u00d72.2+6\u00d71.8) GHz<\/li>\n<li>GPU Adreno 619<\/li>\n<li>Bater\u00eda 5000 mAh, carga r\u00e1pida a 20W<\/li>\n<\/ul>\n<p><img loading=\"lazy\" decoding=\"async\" class=\"n3VNCb\" src=\"https:\/\/www.androidcentral.com\/sites\/androidcentral.com\/files\/styles\/large\/public\/article_images\/2020\/11\/moto-g-5g.jpg\" alt=\"The new Moto G 5G is Motorola's answer to the OnePlus Nord N10 5G\" width=\"269\" height=\"200\" \/><\/p>\n<p>&nbsp;<\/p>\n<p>10.\u00a0<strong>Xiaomi mi note 10 lite<\/strong><\/p>\n<ul>\n<li>Pantalla AMOLED 1080 x 2400 pixeles de 6.47 pulgadas<\/li>\n<li>Lector de huellas dactilares bajo pantalla<\/li>\n<li>C\u00e1mara principal cu\u00e1druple de 64MP(normal), 8MP(angular), 2MP(macro) y 2MP(prof.), Flash LED<\/li>\n<li>C\u00e1mara frontal de 16 MP<\/li>\n<li>64 \u00f3 128 GB memoria<\/li>\n<li>6 \u00f3 8 GB RAM<\/li>\n<li>Procesador\u00a0Snapdragon 730G (1x2.4+1\u00d72.2+6\u00d71.8) GHz<\/li>\n<li>GPU Adreno 618<\/li>\n<li>Bater\u00eda 5260 mAh, carga r\u00e1pida a 30W<\/li>\n<\/ul>\n<p><img loading=\"lazy\" decoding=\"async\" class=\"n3VNCb\" src=\"https:\/\/lh3.googleusercontent.com\/proxy\/aqAuMjhHGbo2gU3xASYovyx1anjvhfgsFjZlRZ9N6c5CGW7ZVcupl5tJdniQcgnDM0tfUCr9e6VGL4H0V8wZ92hQaN1mHg\" alt=\"Celular Xiaomi Mi Note 10 Lite (OctaCore, 6GB RAM, 128GB Internos, C\u00e1mara  Cu\u00e1druple, Android 10, Blanco) - Winpy.cl\" width=\"220\" height=\"220\" \/><\/p>\n<p>&nbsp;<\/p>\n<p>11.\u00a0<strong>Xiaomi Poco X2<\/strong><\/p>\n<ul>\n<li>Pantalla LCD IPS 1080 x 2400 pixeles de 6.67 pulgadas<\/li>\n<li>Lector de huellas dactilares en el lateral<\/li>\n<li>C\u00e1mara principal cu\u00e1druple de 64MP(normal), 8MP(angular), 2MP(macro) y 2MP(prof.), Flash LED<\/li>\n<li>C\u00e1mara frontal dual de 20MP + 2MP<\/li>\n<li>64, 128 \u00f3 256 GB memoria<\/li>\n<li>6 \u00f3 8 GB RAM<\/li>\n<li>Procesador\u00a0Snapdragon 730G (2\u00d72.2+6\u00d71.8) GHz<\/li>\n<li>GPU Adreno 618<\/li>\n<li>Bater\u00eda 4500 mAh, carga r\u00e1pida a 27W<\/li>\n<\/ul>\n<p><img loading=\"lazy\" decoding=\"async\" class=\"n3VNCb\" src=\"https:\/\/www.gizmochina.com\/wp-content\/uploads\/2020\/01\/pocox2.jpg\" alt=\"Xiaomi Poco X2 - Full Specification, price, review, compare\" width=\"220\" height=\"220\" \/><\/p>\n<p>&nbsp;<\/p>\n<p>12. <strong>Moto G9 Plus<\/strong><\/p>\n<ul>\n<li>Pantalla LCD IPS 1080 x 2400 pixeles de 6.81 pulgadas<\/li>\n<li>Lector de huellas dactilares en el lateral<\/li>\n<li>C\u00e1mara principal cu\u00e1druple de 64MP(normal), 8MP(angular), 2MP(macro) y 2MP(prof.), Flash LED<\/li>\n<li>C\u00e1mara frontal de 16MP<\/li>\n<li>128 GB memoria<\/li>\n<li>4 GB RAM<\/li>\n<li>Procesador\u00a0Snapdragon 730G (2\u00d72.2+6\u00d71.8) GHz<\/li>\n<li>GPU Adreno 618<\/li>\n<li>Bater\u00eda 5000 mAh, carga r\u00e1pida a 30W<\/li>\n<\/ul>\n<p><img loading=\"lazy\" decoding=\"async\" class=\"n3VNCb\" src=\"https:\/\/estaticos.elperiodico.com\/resources\/jpg\/9\/6\/moto-g9-plus-1600266513469.jpg\" alt=\"Motorola: As\u00ed son los moto g9 plus y moto e7 plus\" width=\"233\" height=\"219\" \/><\/p>\n<p>&nbsp;<\/p>\n<p>13.\u00a0<strong>Samsung Galaxy A71<\/strong><\/p>\n<ul>\n<li>Pantalla S\u00faper AMOLED 1080 x 2400 pixeles de 6.7 pulgadas<\/li>\n<li>Lector de huellas dactilares bajo pantalla<\/li>\n<li>C\u00e1mara principal cu\u00e1druple de 64MP(normal), 12MP(angular), 5MP(macro) y 5MP(prof.), Flash LED<\/li>\n<li>C\u00e1mara frontal de 32 MP<\/li>\n<li>128 GB memoria<\/li>\n<li>6 \u00f3 8 GB RAM<\/li>\n<li>Procesador\u00a0Snapdragon 730 (2\u00d72.2+6\u00d71.8) GHz<\/li>\n<li>GPU Adreno 618<\/li>\n<li>Bater\u00eda 4500 mAh, carga r\u00e1pida a 25W<\/li>\n<\/ul>\n<p><img loading=\"lazy\" decoding=\"async\" class=\"n3VNCb\" src=\"https:\/\/mobilestore.ec\/wp-content\/uploads\/2020\/03\/Galaxy-A71-Mobile-Store-Ecuador3.jpg\" alt=\"Samsung Galaxy A71 - Mobile Store Ecuador\" width=\"220\" height=\"220\" \/><\/p>\n<p>&nbsp;<\/p>\n<p>14.\u00a0<strong>Redmi note 9 Pro<\/strong><\/p>\n<ul>\n<li>Pantalla LCD IPS 1080 x 2400 pixeles de 6.67 pulgadas<\/li>\n<li>Lector de huellas dactilares en el lateral<\/li>\n<li>C\u00e1mara principal cu\u00e1druple de 64MP(normal), 8MP(angular), 5MP(macro) y 2MP(prof.), Flash LED<\/li>\n<li>C\u00e1mara frontal de 16MP<\/li>\n<li>64, 128 GB memoria<\/li>\n<li>6 GB RAM<\/li>\n<li>Procesador\u00a0Snapdragon 720G (2\u00d72.3+6\u00d71.8) GHz<\/li>\n<li>GPU Adreno 618<\/li>\n<li>Bater\u00eda 5020 mAh, carga r\u00e1pida a 30W<\/li>\n<\/ul>\n<p><img loading=\"lazy\" decoding=\"async\" class=\"n3VNCb\" src=\"https:\/\/mobilestore.ec\/wp-content\/uploads\/2020\/05\/Redmi-Note-9-Pro-Mobile-Store-Ecuador.jpg\" alt=\"Redmi Note 9 Pro - Mobile Store Ecuador\" width=\"220\" height=\"220\" \/><\/p>\n<p>&nbsp;<\/p>\n","protected":false},"excerpt":{"rendered":"<p>&nbsp; &nbsp; &nbsp; &nbsp; Gama media-alta 2020 &nbsp; 1.\u00a0Motorola Edge Pantalla OLED 1080 x 2340 pixeles de 6.7 pulgadas Pantalla de 90 Hz Lector de huellas dactilares bajo pantalla C\u00e1mara principal triple de 64MP(normal), 16MP(angular) y 8MP(zoom 2x), sensor TOF 3D, Flash LED C\u00e1mara frontal de 25 MP 128 GB memoria, slot microSD 4 \u00f3 [&hellip;]<\/p>\n","protected":false},"author":9068,"featured_media":0,"parent":0,"menu_order":0,"comment_status":"closed","ping_status":"closed","template":"","meta":{"footnotes":""},"class_list":["post-483","page","type-page","status-publish","hentry"],"_links":{"self":[{"href":"https:\/\/blog.espol.edu.ec\/anjumera95\/wp-json\/wp\/v2\/pages\/483","targetHints":{"allow":["GET"]}}],"collection":[{"href":"https:\/\/blog.espol.edu.ec\/anjumera95\/wp-json\/wp\/v2\/pages"}],"about":[{"href":"https:\/\/blog.espol.edu.ec\/anjumera95\/wp-json\/wp\/v2\/types\/page"}],"author":[{"embeddable":true,"href":"https:\/\/blog.espol.edu.ec\/anjumera95\/wp-json\/wp\/v2\/users\/9068"}],"replies":[{"embeddable":true,"href":"https:\/\/blog.espol.edu.ec\/anjumera95\/wp-json\/wp\/v2\/comments?post=483"}],"version-history":[{"count":7,"href":"https:\/\/blog.espol.edu.ec\/anjumera95\/wp-json\/wp\/v2\/pages\/483\/revisions"}],"predecessor-version":[{"id":498,"href":"https:\/\/blog.espol.edu.ec\/anjumera95\/wp-json\/wp\/v2\/pages\/483\/revisions\/498"}],"wp:attachment":[{"href":"https:\/\/blog.espol.edu.ec\/anjumera95\/wp-json\/wp\/v2\/media?parent=483"}],"curies":[{"name":"wp","href":"https:\/\/api.w.org\/{rel}","templated":true}]}}