{"id":491,"date":"2020-11-07T17:15:26","date_gmt":"2020-11-07T22:15:26","guid":{"rendered":"http:\/\/blog.espol.edu.ec\/anjumera95\/?page_id=491"},"modified":"2020-11-14T20:50:38","modified_gmt":"2020-11-15T01:50:38","slug":"gama-alta-premium-2020","status":"publish","type":"page","link":"https:\/\/blog.espol.edu.ec\/anjumera95\/gama-alta-premium-2020\/","title":{"rendered":"Gama Alta Premium 2020"},"content":{"rendered":"<p>&nbsp;<\/p>\n<p>&nbsp;<\/p>\n<p>&nbsp;<\/p>\n<p>&nbsp;<\/p>\n<p><strong>Gama Alta Premium 2020<\/strong><\/p>\n<p>&nbsp;<\/p>\n<p>1.\u00a0<strong>Huawei Mate 40 Pro<\/strong><\/p>\n<ul>\n<li>Pantalla OLED 1344 x 2772 pixels, 6.76 pulgadas<\/li>\n<li>Pantalla de 90 Hz<\/li>\n<li>Reconocimiento facial avanzado<\/li>\n<li>Resistencia al polvo y agua (IP68)<\/li>\n<li>Lector de huellas dactilares bajo la pantalla<\/li>\n<li>C\u00e1mara principal Triple de 50MP (normal), 20MP (angular) y 12MP (telefoto)<\/li>\n<li>Autofocus por detecci\u00f3n de fase y l\u00e1ser, zoom \u00f3ptico 5x<\/li>\n<li>C\u00e1mara frontal de 13 MP + TOF 3D<\/li>\n<li>256 GB memoria, slot NM (nano memory)<\/li>\n<li>8 GB RAM<\/li>\n<li>Procesador Kirin 9000 (1\u00d73.13+3\u00d72.54+4\u00d72.05) GHz<\/li>\n<li>GPU Mali-G78 MP24<\/li>\n<li>Bater\u00eda 4400 mAh, carga s\u00faper r\u00e1pida a 66W, inal\u00e1mbrica a 50W y reversible a 5W<\/li>\n<\/ul>\n<p><img loading=\"lazy\" decoding=\"async\" class=\"n3VNCb\" src=\"https:\/\/specs-tech.com\/wp-content\/uploads\/2020\/10\/Huawei-Mate-40-Pro-1-2.jpg\" alt=\"Huawei Mate 40 Pro especificaciones y Precio - Specs Tech\" width=\"220\" height=\"220\" \/><\/p>\n<p>&nbsp;<\/p>\n<p>2.\u00a0<strong>Samsung Galaxy Note 20 Ultra<\/strong><\/p>\n<ul>\n<li>Pantalla AMOLED 1440\u00d73088 pixles, 6.9 pulgadas<\/li>\n<li>Pantalla de 120 Hz<\/li>\n<li>Sensor de de huellas dactilares bajo la pantalla<\/li>\n<li>Certificaci\u00f3n IP68: resistente al agua y al polvo<\/li>\n<li>C\u00e1mara principal triple de 108(normal), 16(angular) y 12(telefoto) MP<\/li>\n<li>Autofocus por detecci\u00f3n de fase y l\u00e1ser, zoom \u00f3ptico 5x<\/li>\n<li>C\u00e1mara Frontal de 10 MP<\/li>\n<li>256 \u00f3 512 GB memoria,\u00a0Slot MicroSD<\/li>\n<li>8 \u00f3 12 GB RAM<\/li>\n<li>Procesador(opci\u00f3n1) Exynos 990 (2\u00d72.7+2\u00d72.5+4\u00d72.0) GHz, con GPU Mali-G77 MP11<\/li>\n<li>Procesador(opci\u00f3n2) Snapdragon 865+ (1\u00d73.1+3\u00d72.4+4\u00d71.8) GHz, con GPU Adreno 650<\/li>\n<li>Bater\u00eda 4500 mAh, carga r\u00e1pida a 25W, carga inal\u00e1mbrica a 15W y reversible a 9W<\/li>\n<\/ul>\n<p><img loading=\"lazy\" decoding=\"async\" class=\"n3VNCb\" src=\"https:\/\/mobilestore.ec\/wp-content\/uploads\/2020\/08\/Samsung-Galaxy-Note-20-Ultra-Mobile-Store-Ecuador3.jpg\" alt=\"Samsung Galaxy Note 20 Ultra - Mobile Store Ecuador\" width=\"220\" height=\"220\" \/><\/p>\n<p>&nbsp;<\/p>\n<p>3.\u00a0<strong>Motorola Edge Plus<\/strong><\/p>\n<ul>\n<li>Pantalla OLED 1080 x 2340 pixeles de 6.7 pulgadas<\/li>\n<li>Pantalla de 90 Hz<\/li>\n<li>Lector de huellas dactilares bajo pantalla<\/li>\n<li>C\u00e1mara principal triple de 108MP(normal), 16MP(angular) y 8MP(zoom 2x), sensor TOF 3D, Flash LED<\/li>\n<li>C\u00e1mara frontal de 25 MP<\/li>\n<li>256 GB memoria, slot microSD<\/li>\n<li>12 GB RAM<\/li>\n<li>Procesador Snapdragon 865 (1\u00d72.84+3\u00d72.42+4\u00d71.80) GHz<\/li>\n<li>GPU Adreno 650<\/li>\n<li>Bater\u00eda 5000 mAh, carga r\u00e1pida a 18W, inal\u00e1mbrica a 15W, reversible a 5W<\/li>\n<\/ul>\n<p><img loading=\"lazy\" decoding=\"async\" class=\"n3VNCb\" src=\"https:\/\/www.andreashop.sk\/files\/styles\/og_image\/public\/product\/money\/MOTO_EDGE_PLUS_12GB_256GB_BALTIC_GREY_PAHV0013PL.jpg_OID_13UR600101.jpg?itok=tHX6zxRE\" alt=\"MOTOROLA MOTO EDGE PLUS 12GB\/256GB BALTIC GREY PAHV0013PL + internetov\u00e1  telev\u00edzia SledovanieTV na dva mesiace v hodnote 11,98 \u20ac | Andrea Shop\" width=\"220\" height=\"220\" \/><\/p>\n<p>&nbsp;<\/p>\n<p>4.\u00a0<strong>Samsung Galaxy S20 Ultra<\/strong><\/p>\n<ul>\n<li>Pantalla AMOLED 1440\u00d73200 pixles, 6.9 pulgadas<\/li>\n<li>Pantalla de 120 Hz<\/li>\n<li>Sensor de de huellas dactilares bajo la pantalla<\/li>\n<li>Certificaci\u00f3n IP68: resistente al agua y al polvo<\/li>\n<li>C\u00e1mara principal triple de 108(normal), 12(angular) y 48(telefoto) MP + TOF 3D<\/li>\n<li>Zoom \u00f3ptico 4x , h\u00edbrido 10x, digital 100x<\/li>\n<li>C\u00e1mara Frontal de 40 MP<\/li>\n<li>128 \u00f3 256 GB memoria,\u00a0Slot MicroSD<\/li>\n<li>12 GB RAM<\/li>\n<li>Procesador(opci\u00f3n 4g) Exynos 990 (2\u00d72.7+2\u00d72.5+4\u00d72.0) GHz, con GPU Mali-G77 MP11<\/li>\n<li>Procesador(opci\u00f3n g5) Snapdragon 865 (1\u00d72.84+3\u00d72.42+4\u00d71.80) GHz, con GPU Adreno 650<\/li>\n<li>Bater\u00eda 5000 mAh, carga r\u00e1pida a 45W, carga inal\u00e1mbrica a 15W y reversible a 9W<\/li>\n<\/ul>\n<p><img loading=\"lazy\" decoding=\"async\" class=\"n3VNCb\" src=\"https:\/\/mobilestore.ec\/wp-content\/uploads\/2020\/03\/Samsung-Galaxy-S20-Ultra-Mobile-Store-Ecuador.jpg\" alt=\"Galaxy S20 Ultra, la c\u00e1mara m\u00e1s poderosa | Mobile Store Ecuador\" width=\"220\" height=\"220\" \/><\/p>\n<p>&nbsp;<\/p>\n<p>5.\u00a0<strong>Huawei P40 Pro<\/strong><\/p>\n<ul>\n<li>Pantalla OLED 1200 x 2640 pixels, 6.1 pulgadas<\/li>\n<li>Pantalla de 90 Hz<\/li>\n<li>Reconocimiento facial avanzado<\/li>\n<li>Resistencia al polvo y agua (IP68)<\/li>\n<li>Lector de huellas dactilares bajo la pantalla<\/li>\n<li>C\u00e1mara principal Triple de 50MP (normal), 40MP (angular) y 12MP (telefoto) + TOF 3D<\/li>\n<li>Autofocus por detecci\u00f3n de fase, zoom \u00f3ptico 5x<\/li>\n<li>C\u00e1mara frontal de 32 MP + TOF 3D<\/li>\n<li>256 GB memoria, slot NM (nano memory)<\/li>\n<li>8 GB RAM<\/li>\n<li>Procesador Kirin 990 5G (2\u00d72.86+2\u00d72.36+4\u00d71.95) GHz<\/li>\n<li>GPU Mali-G76 MP16<\/li>\n<li>Bater\u00eda 4200 mAh, carga s\u00faper r\u00e1pida a 40W, inal\u00e1mbrica a 27W, reversible a 5W<\/li>\n<\/ul>\n<p><img loading=\"lazy\" decoding=\"async\" class=\"n3VNCb\" src=\"https:\/\/images.jumpseller.com\/store\/satguruonline\/7025261\/428_428_59A45A930B1C9F4B26F7D437DA5B8B994F8CC108CD3A4EC0mp.png?0\" alt=\"HUAWEI P40 PRO 256GB SILVER + BANDA 4 HUAWEI DE REGALO\" width=\"220\" height=\"220\" \/><\/p>\n<p>&nbsp;<\/p>\n<p>6.\u00a0<strong>Samsung Galaxy S20 Plus<\/strong><\/p>\n<ul>\n<li>Pantalla AMOLED 1440\u00d73200 pixles, 6.7 pulgadas<\/li>\n<li>Pantalla de 120 Hz<\/li>\n<li>Sensor de de huellas dactilares bajo la pantalla<\/li>\n<li>Certificaci\u00f3n IP68: resistente al agua y al polvo<\/li>\n<li>C\u00e1mara principal triple de 12(normal), 12(angular) y 64(telefoto) MP<\/li>\n<li>C\u00e1mara Frontal de 10 MP<\/li>\n<li>128 GB memoria,\u00a0Slot MicroSD<\/li>\n<li>8 GB RAM<\/li>\n<li>Procesador(opci\u00f3n 4g) Exynos 990 (2\u00d72.7+2\u00d72.5+4\u00d72.0) GHz, con GPU Mali-G77 MP11<\/li>\n<li>Procesador(opci\u00f3n g5) Snapdragon 865 (1\u00d72.84+3\u00d72.42+4\u00d71.80) GHz, con GPU Adreno 650<\/li>\n<li>Bater\u00eda 4500 mAh, carga r\u00e1pida a 25W, carga inal\u00e1mbrica a 15W y reversible a 9W<\/li>\n<\/ul>\n<p><img loading=\"lazy\" decoding=\"async\" class=\"n3VNCb\" src=\"https:\/\/static.carrefour.es\/hd_510x_\/imagenes\/products\/88060\/90306\/396\/8806090306396\/imagenGrande1.jpg\" alt=\"Samsung Galaxy S20 Plus 8gb\/128gb Gris (cosmic Gray) Dual Sim G985f con  Ofertas en Carrefour | Las mejores ofertas de Carrefour\" width=\"220\" height=\"220\" \/><\/p>\n<p>&nbsp;<\/p>\n<p>7.\u00a0<strong>LG V60 ThinQ<\/strong><\/p>\n<ul>\n<li>Pantalla OLED 1080 x 2460 pixels, 6.8 pulgadas<\/li>\n<li>Pantalla de 60 Hz<\/li>\n<li>Resistencia al polvo y agua (IP68)<\/li>\n<li>Lector de huellas dactilares bajo la pantalla<\/li>\n<li>C\u00e1mara principal dual de 64MP (normal) y 13MP (angular) + TOF 3D<\/li>\n<li>C\u00e1mara frontal de 10 MP<\/li>\n<li>128 \u00f3 256 GB memoria, slot microSD<\/li>\n<li>8 GB RAM<\/li>\n<li>Procesador Snapdragon 865 (1\u00d72.84+3\u00d72.42+4\u00d71.80) GHz<\/li>\n<li>GPU Adreno 650<\/li>\n<li>Bater\u00eda 5000 mAh, carga r\u00e1pida, inal\u00e1mbrica y reversible<\/li>\n<\/ul>\n<p><img loading=\"lazy\" decoding=\"async\" class=\"n3VNCb\" src=\"https:\/\/www.gizmochina.com\/wp-content\/uploads\/2020\/03\/1-1-500x500.jpg\" alt=\"LG V60 ThinQ 5G - Full Specification, price, review, comparison\" width=\"220\" height=\"220\" \/><\/p>\n<p>&nbsp;<\/p>\n<p>8.\u00a0<strong>Xiaomi Mi 10 Pro<\/strong><\/p>\n<ul>\n<li>Pantalla S\u00faper AMOLED 1080\u00d72340 pixles, 6.67 pulgadas<\/li>\n<li>Pantalla de 90 Hz<\/li>\n<li>Sensor de de huellas dactilares bajo la pantalla<\/li>\n<li>C\u00e1mara principal cu\u00e1druple de 108(normal), 20(angular), 8(telefoto) y 12(prof.) MP<\/li>\n<li>C\u00e1mara Frontal de 20 MP<\/li>\n<li>256 \u00f3 512 GB memoria<\/li>\n<li>8 \u00f3 12 GB RAM<\/li>\n<li>Procesador Snapdragon 865 (1\u00d72.84+3\u00d72.42+4\u00d71.80) GHz<\/li>\n<li>GPU Adreno 650<\/li>\n<li>Bater\u00eda 4500 mAh, carga s\u00faper r\u00e1pida a 50W, carga inal\u00e1mbrica a 30W y reversible a 10W<\/li>\n<\/ul>\n<p><img loading=\"lazy\" decoding=\"async\" class=\"n3VNCb\" src=\"https:\/\/cdn.computerhoy.com\/sites\/navi.axelspringer.es\/public\/styles\/main_card_image\/https\/bdt.computerhoy.com\/sites\/default\/files\/Xiaomi_0.png?itok=mepqdGj7\" alt=\"Xiaomi Mi 10 Pro: Caracter\u00edsticas y especificaciones del nuevo m\u00f3vil de  gama alta de Xiaomi para 2020. - Fichas de m\u00f3viles en ComputerHoy.com\" width=\"192\" height=\"220\" \/><\/p>\n<p>&nbsp;<\/p>\n<p>9.\u00a0<strong>Honor 30 Pro<\/strong><\/p>\n<ul>\n<li>Pantalla OLED 1080 x 2340 pixels, 6.57 pulgadas<\/li>\n<li>Pantalla de 60 Hz<\/li>\n<li>Resistencia al polvo y agua (IP54)<\/li>\n<li>Lector de huellas dactilares bajo la pantalla<\/li>\n<li>C\u00e1mara principal cu\u00e1druple de 40MP (normal), 16MP (angular), 8MP (telefoto) y 2MP (prof.)<\/li>\n<li>Autofocus por detecci\u00f3n de fase, zoom \u00f3ptico 5x<\/li>\n<li>C\u00e1mara frontal dual de 32MP(normal) y 8MP(angular)<\/li>\n<li>128 \u00f3 256 GB memoria, slot NM (nano memory)<\/li>\n<li>8 GB RAM<\/li>\n<li>rocesador Kirin 990 5G (2\u00d72.86+2\u00d72.36+4\u00d71.95) GHz<\/li>\n<li>GPU Mali-G76 MP16<\/li>\n<li>Bater\u00eda 4000 mAh, carga s\u00faper r\u00e1pida a 40W, reversible a 5W<\/li>\n<\/ul>\n<p><img loading=\"lazy\" decoding=\"async\" class=\"n3VNCb\" src=\"https:\/\/cdn2.smart-gsm.com\/\/2020\/04\/Huawei-Honor-30-1-1.jpg\" alt=\"Honor anuncia la Honor 30 Series compuesta por tres smartphones\" width=\"220\" height=\"220\" \/><\/p>\n<p>&nbsp;<\/p>\n<p>10.\u00a0<strong>Honor View 30 Pro<\/strong><\/p>\n<ul>\n<li>Pantalla LCD IPS 1080 x 2400 pixels, 6.57 pulgadas<\/li>\n<li>Pantalla de 60 Hz<\/li>\n<li>Lector de huellas dactilares en el lateral<\/li>\n<li>C\u00e1mara principal Triple de 40MP (normal), 12MP (angular) y 8MP (telefoto)<\/li>\n<li>Autofocus por detecci\u00f3n de fase, zoom \u00f3ptico 3x<\/li>\n<li>C\u00e1mara frontal dual de 32MP(normal) y 8MP(angular)<\/li>\n<li>128 \u00f3 256 GB memoria<\/li>\n<li>8 GB RAM<\/li>\n<li>Procesador Kirin 990 5G (2\u00d72.86+2\u00d72.36+4\u00d71.95) GHz<\/li>\n<li>GPU Mali-G76 MP16<\/li>\n<li>Bater\u00eda 4100 mAh, carga s\u00faper r\u00e1pida a 40W, inal\u00e1mbrica a 27W y reversible a 5W<\/li>\n<\/ul>\n<p><img loading=\"lazy\" decoding=\"async\" class=\"n3VNCb\" src=\"https:\/\/www.gizmochina.com\/wp-content\/uploads\/2019\/11\/Honor-V30-Pro-1-600x600.jpg\" alt=\"Honor View30 Pro - Full Specification, price, review, compare\" width=\"220\" height=\"220\" \/><\/p>\n","protected":false},"excerpt":{"rendered":"<p>&nbsp; &nbsp; &nbsp; &nbsp; Gama Alta Premium 2020 &nbsp; 1.\u00a0Huawei Mate 40 Pro Pantalla OLED 1344 x 2772 pixels, 6.76 pulgadas Pantalla de 90 Hz Reconocimiento facial avanzado Resistencia al polvo y agua (IP68) Lector de huellas dactilares bajo la pantalla C\u00e1mara principal Triple de 50MP (normal), 20MP (angular) y 12MP (telefoto) Autofocus por detecci\u00f3n [&hellip;]<\/p>\n","protected":false},"author":9068,"featured_media":0,"parent":0,"menu_order":0,"comment_status":"closed","ping_status":"closed","template":"","meta":{"footnotes":""},"class_list":["post-491","page","type-page","status-publish","hentry"],"_links":{"self":[{"href":"https:\/\/blog.espol.edu.ec\/anjumera95\/wp-json\/wp\/v2\/pages\/491","targetHints":{"allow":["GET"]}}],"collection":[{"href":"https:\/\/blog.espol.edu.ec\/anjumera95\/wp-json\/wp\/v2\/pages"}],"about":[{"href":"https:\/\/blog.espol.edu.ec\/anjumera95\/wp-json\/wp\/v2\/types\/page"}],"author":[{"embeddable":true,"href":"https:\/\/blog.espol.edu.ec\/anjumera95\/wp-json\/wp\/v2\/users\/9068"}],"replies":[{"embeddable":true,"href":"https:\/\/blog.espol.edu.ec\/anjumera95\/wp-json\/wp\/v2\/comments?post=491"}],"version-history":[{"count":4,"href":"https:\/\/blog.espol.edu.ec\/anjumera95\/wp-json\/wp\/v2\/pages\/491\/revisions"}],"predecessor-version":[{"id":503,"href":"https:\/\/blog.espol.edu.ec\/anjumera95\/wp-json\/wp\/v2\/pages\/491\/revisions\/503"}],"wp:attachment":[{"href":"https:\/\/blog.espol.edu.ec\/anjumera95\/wp-json\/wp\/v2\/media?parent=491"}],"curies":[{"name":"wp","href":"https:\/\/api.w.org\/{rel}","templated":true}]}}