{"id":105,"date":"2012-11-07T18:42:38","date_gmt":"2012-11-07T18:42:38","guid":{"rendered":"http:\/\/blog.espol.edu.ec\/anmanava\/?page_id=105"},"modified":"2012-11-07T18:44:05","modified_gmt":"2012-11-07T18:44:05","slug":"animales-en-peligro-de-extincion-3","status":"publish","type":"page","link":"https:\/\/blog.espol.edu.ec\/anmanava\/animales-en-peligro-de-extincion-3\/","title":{"rendered":"Animales en peligro de extincion"},"content":{"rendered":"<p><a href=\"http:\/\/animalesextincion.org\" target=\"_blank\"> Animales en peligro de extincion <\/a> En esta p\u00e0gina puedes encontrar toda la informaci\u00f2n relacionada con los animales que estan en peligro de extincion. Ademas te ofrece una lista de ellos segun cada pa\u00ecs.<\/p>\n<p><a href=\"http:\/\/blog.espol.edu.ec\/anmanava\/files\/2012\/11\/AAAA7.jpg\"><img loading=\"lazy\" decoding=\"async\" src=\"http:\/\/blog.espol.edu.ec\/anmanava\/files\/2012\/11\/AAAA7.jpg\" alt=\"\" width=\"266\" height=\"190\" class=\"aligncenter size-full wp-image-109\" \/><\/a><\/p>\n","protected":false},"excerpt":{"rendered":"<p>Animales en peligro de extincion En esta p\u00e0gina puedes encontrar toda la informaci\u00f2n relacionada con los animales que estan en peligro de extincion. Ademas te ofrece una lista de ellos segun cada pa\u00ecs.<\/p>\n","protected":false},"author":8073,"featured_media":0,"parent":0,"menu_order":0,"comment_status":"open","ping_status":"open","template":"","meta":{"footnotes":""},"class_list":["post-105","page","type-page","status-publish","hentry"],"_links":{"self":[{"href":"https:\/\/blog.espol.edu.ec\/anmanava\/wp-json\/wp\/v2\/pages\/105","targetHints":{"allow":["GET"]}}],"collection":[{"href":"https:\/\/blog.espol.edu.ec\/anmanava\/wp-json\/wp\/v2\/pages"}],"about":[{"href":"https:\/\/blog.espol.edu.ec\/anmanava\/wp-json\/wp\/v2\/types\/page"}],"author":[{"embeddable":true,"href":"https:\/\/blog.espol.edu.ec\/anmanava\/wp-json\/wp\/v2\/users\/8073"}],"replies":[{"embeddable":true,"href":"https:\/\/blog.espol.edu.ec\/anmanava\/wp-json\/wp\/v2\/comments?post=105"}],"version-history":[{"count":3,"href":"https:\/\/blog.espol.edu.ec\/anmanava\/wp-json\/wp\/v2\/pages\/105\/revisions"}],"predecessor-version":[{"id":107,"href":"https:\/\/blog.espol.edu.ec\/anmanava\/wp-json\/wp\/v2\/pages\/105\/revisions\/107"}],"wp:attachment":[{"href":"https:\/\/blog.espol.edu.ec\/anmanava\/wp-json\/wp\/v2\/media?parent=105"}],"curies":[{"name":"wp","href":"https:\/\/api.w.org\/{rel}","templated":true}]}}