{"id":15,"date":"2012-10-17T20:01:30","date_gmt":"2012-10-17T20:01:30","guid":{"rendered":"http:\/\/blog.espol.edu.ec\/anmanava\/?page_id=15"},"modified":"2012-10-26T21:39:38","modified_gmt":"2012-10-26T21:39:38","slug":"15-2","status":"publish","type":"page","link":"https:\/\/blog.espol.edu.ec\/anmanava\/15-2\/","title":{"rendered":"Datos del autor"},"content":{"rendered":"<p>Mi nombre es Andr\u00e9s Navarrete Zambrano, tengo 19 a\u00f1os y estudio\u00a0Biolog\u00eda Marina en la Espol.<\/p>\n<p>Guayaco 100%<\/p>\n<p>Entre las cosas que m\u00e1s disfruto es ver y jugar f\u00fatbol (barcelonista de coraz\u00f3n) y\u00a0tambi\u00e9n\u00a0me encanta la\u00a0m\u00fasica, todo g\u00e9nero en especial la salsa.<\/p>\n<p>Soy amante de los animales y la naturaleza.<\/p>\n<p>&nbsp;<\/p>\n","protected":false},"excerpt":{"rendered":"<p>Mi nombre es Andr\u00e9s Navarrete Zambrano, tengo 19 a\u00f1os y estudio\u00a0Biolog\u00eda Marina en la Espol. Guayaco 100% Entre las cosas que m\u00e1s disfruto es ver y jugar f\u00fatbol (barcelonista de coraz\u00f3n) y\u00a0tambi\u00e9n\u00a0me encanta la\u00a0m\u00fasica, todo g\u00e9nero en especial la salsa. Soy amante de los animales y la naturaleza. &nbsp;<\/p>\n","protected":false},"author":8073,"featured_media":0,"parent":0,"menu_order":0,"comment_status":"open","ping_status":"open","template":"","meta":{"footnotes":""},"class_list":["post-15","page","type-page","status-publish","hentry"],"_links":{"self":[{"href":"https:\/\/blog.espol.edu.ec\/anmanava\/wp-json\/wp\/v2\/pages\/15","targetHints":{"allow":["GET"]}}],"collection":[{"href":"https:\/\/blog.espol.edu.ec\/anmanava\/wp-json\/wp\/v2\/pages"}],"about":[{"href":"https:\/\/blog.espol.edu.ec\/anmanava\/wp-json\/wp\/v2\/types\/page"}],"author":[{"embeddable":true,"href":"https:\/\/blog.espol.edu.ec\/anmanava\/wp-json\/wp\/v2\/users\/8073"}],"replies":[{"embeddable":true,"href":"https:\/\/blog.espol.edu.ec\/anmanava\/wp-json\/wp\/v2\/comments?post=15"}],"version-history":[{"count":5,"href":"https:\/\/blog.espol.edu.ec\/anmanava\/wp-json\/wp\/v2\/pages\/15\/revisions"}],"predecessor-version":[{"id":18,"href":"https:\/\/blog.espol.edu.ec\/anmanava\/wp-json\/wp\/v2\/pages\/15\/revisions\/18"}],"wp:attachment":[{"href":"https:\/\/blog.espol.edu.ec\/anmanava\/wp-json\/wp\/v2\/media?parent=15"}],"curies":[{"name":"wp","href":"https:\/\/api.w.org\/{rel}","templated":true}]}}