{"id":24,"date":"2016-07-09T22:56:34","date_gmt":"2016-07-09T22:56:34","guid":{"rendered":"http:\/\/blog.espol.edu.ec\/anmarive\/?page_id=24"},"modified":"2016-07-10T02:46:50","modified_gmt":"2016-07-10T02:46:50","slug":"arte-y-cultura","status":"publish","type":"page","link":"https:\/\/blog.espol.edu.ec\/anmarive\/arte-y-cultura\/","title":{"rendered":"Arte y Cultura"},"content":{"rendered":"<p>Consulta informaci\u00f3n acerca de Arte, (modernidad, moderno, contempor\u00e1neo), las principales corrientes art\u00edsticas, m\u00e1s conocidas como vanguardias, adem\u00e1s de creativas im\u00e1genes sobre datos curiosos de cultura nacional e internacional.<\/p>\n","protected":false},"excerpt":{"rendered":"<p>Consulta informaci\u00f3n acerca de Arte, (modernidad, moderno, contempor\u00e1neo), las principales corrientes art\u00edsticas, m\u00e1s conocidas como vanguardias, adem\u00e1s de creativas im\u00e1genes sobre datos curiosos de cultura nacional e internacional.<\/p>\n","protected":false},"author":10494,"featured_media":0,"parent":0,"menu_order":0,"comment_status":"closed","ping_status":"closed","template":"","meta":{"footnotes":""},"class_list":["post-24","page","type-page","status-publish","hentry"],"_links":{"self":[{"href":"https:\/\/blog.espol.edu.ec\/anmarive\/wp-json\/wp\/v2\/pages\/24","targetHints":{"allow":["GET"]}}],"collection":[{"href":"https:\/\/blog.espol.edu.ec\/anmarive\/wp-json\/wp\/v2\/pages"}],"about":[{"href":"https:\/\/blog.espol.edu.ec\/anmarive\/wp-json\/wp\/v2\/types\/page"}],"author":[{"embeddable":true,"href":"https:\/\/blog.espol.edu.ec\/anmarive\/wp-json\/wp\/v2\/users\/10494"}],"replies":[{"embeddable":true,"href":"https:\/\/blog.espol.edu.ec\/anmarive\/wp-json\/wp\/v2\/comments?post=24"}],"version-history":[{"count":1,"href":"https:\/\/blog.espol.edu.ec\/anmarive\/wp-json\/wp\/v2\/pages\/24\/revisions"}],"predecessor-version":[{"id":25,"href":"https:\/\/blog.espol.edu.ec\/anmarive\/wp-json\/wp\/v2\/pages\/24\/revisions\/25"}],"wp:attachment":[{"href":"https:\/\/blog.espol.edu.ec\/anmarive\/wp-json\/wp\/v2\/media?parent=24"}],"curies":[{"name":"wp","href":"https:\/\/api.w.org\/{rel}","templated":true}]}}