{"id":59,"date":"2016-07-10T02:53:50","date_gmt":"2016-07-10T02:53:50","guid":{"rendered":"http:\/\/blog.espol.edu.ec\/anmarive\/?page_id=59"},"modified":"2016-07-10T03:05:44","modified_gmt":"2016-07-10T03:05:44","slug":"edcom","status":"publish","type":"page","link":"https:\/\/blog.espol.edu.ec\/anmarive\/edcom\/","title":{"rendered":"Edcom"},"content":{"rendered":"<p>Visualice fotos de La Escuela de Dise\u00f1o y Comunicaci\u00f3n Visual, ubicado en el campus Gustavo Galindo en Espol.<\/p>\n<p>Actividades y m\u00e1s...<\/p>\n<p><img loading=\"lazy\" decoding=\"async\" class=\"alignnone size-medium wp-image-60\" src=\"http:\/\/blog.espol.edu.ec\/anmarive\/files\/2016\/07\/edcom-300x118.jpg\" alt=\"edcom\" width=\"300\" height=\"118\" srcset=\"https:\/\/blog.espol.edu.ec\/anmarive\/files\/2016\/07\/edcom-300x118.jpg 300w, https:\/\/blog.espol.edu.ec\/anmarive\/files\/2016\/07\/edcom-768x303.jpg 768w, https:\/\/blog.espol.edu.ec\/anmarive\/files\/2016\/07\/edcom-1024x404.jpg 1024w, https:\/\/blog.espol.edu.ec\/anmarive\/files\/2016\/07\/edcom.jpg 1140w\" sizes=\"auto, (max-width: 300px) 100vw, 300px\" \/><\/p>\n","protected":false},"excerpt":{"rendered":"<p>Visualice fotos de La Escuela de Dise\u00f1o y Comunicaci\u00f3n Visual, ubicado en el campus Gustavo Galindo en Espol. Actividades y m\u00e1s...<\/p>\n","protected":false},"author":10494,"featured_media":0,"parent":0,"menu_order":0,"comment_status":"closed","ping_status":"closed","template":"","meta":{"footnotes":""},"class_list":["post-59","page","type-page","status-publish","hentry"],"_links":{"self":[{"href":"https:\/\/blog.espol.edu.ec\/anmarive\/wp-json\/wp\/v2\/pages\/59","targetHints":{"allow":["GET"]}}],"collection":[{"href":"https:\/\/blog.espol.edu.ec\/anmarive\/wp-json\/wp\/v2\/pages"}],"about":[{"href":"https:\/\/blog.espol.edu.ec\/anmarive\/wp-json\/wp\/v2\/types\/page"}],"author":[{"embeddable":true,"href":"https:\/\/blog.espol.edu.ec\/anmarive\/wp-json\/wp\/v2\/users\/10494"}],"replies":[{"embeddable":true,"href":"https:\/\/blog.espol.edu.ec\/anmarive\/wp-json\/wp\/v2\/comments?post=59"}],"version-history":[{"count":2,"href":"https:\/\/blog.espol.edu.ec\/anmarive\/wp-json\/wp\/v2\/pages\/59\/revisions"}],"predecessor-version":[{"id":62,"href":"https:\/\/blog.espol.edu.ec\/anmarive\/wp-json\/wp\/v2\/pages\/59\/revisions\/62"}],"wp:attachment":[{"href":"https:\/\/blog.espol.edu.ec\/anmarive\/wp-json\/wp\/v2\/media?parent=59"}],"curies":[{"name":"wp","href":"https:\/\/api.w.org\/{rel}","templated":true}]}}