{"id":102,"date":"2015-05-30T21:47:14","date_gmt":"2015-05-30T21:47:14","guid":{"rendered":"http:\/\/blog.espol.edu.ec\/anmolina\/?page_id=102"},"modified":"2015-05-31T03:20:49","modified_gmt":"2015-05-31T03:20:49","slug":"continentes-asombrosos","status":"publish","type":"page","link":"https:\/\/blog.espol.edu.ec\/anmolina\/continentes-asombrosos\/","title":{"rendered":"Division cultural"},"content":{"rendered":"<p style=\"text-align: right\">Asia, \u00c1frica, Norteam\u00e9rica, Sudam\u00e9rica, Europa, Australia y Ant\u00e1rtida son los siete continentes del mundo. Estos siete continentes se cre\u00edan que parte de Pangea,que fue una sola masa de tierra hace unos 250 millones de a\u00f1os.Debido al movimiento tect\u00f3nico, rompi\u00f3 la masa de la tierra y los continentes de componente separaron y alejadas a su posici\u00f3n actual. Todas estas tardaron alrededor de 1 mill\u00f3n de a\u00f1os en completarse. Pangea estaba rodeado de un mar, el Panthalassa.<\/p>\n<p style=\"text-align: center\"><img decoding=\"async\" class=\" aligncenter\" src=\"http:\/\/upload.wikimedia.org\/wikipedia\/commons\/7\/77\/Continental_models.gif\" alt=\"\" \/><\/p>\n<h1 class=\"titulo\" style=\"text-align: center\">Continente Americano<\/h1>\n<p style=\"text-align: right\">Am\u00e9rica es un continente que ocupa gran parte del Hemisferio Occidental de <a id=\"autolink\" class=\"autolink\" href=\"http:\/\/www.monografias.com\/trabajos15\/origen-tierra\/origen-tierra.shtml\">la Tierra<\/a>. Se extiende desde el Oc\u00e9ano Glacial \u00c1rtico por el norte hasta el Cabo de Hornos por el sur, en la confluencia de los oc\u00e9anos Atl\u00e1ntico y Pac\u00edfico que delimitan al continente por el este y el oeste, respectivamente. Con una superficie de 42.262.142 km\u00b2, es la segunda masa de <a id=\"autolink\" class=\"autolink\" href=\"http:\/\/www.monografias.com\/trabajos11\/tierreco\/tierreco.shtml\">tierra<\/a> m\u00e1s grande del planeta, cubriendo el 8,3% de la superficie total del planeta y el 28,4% de la tierra emergida, y adem\u00e1s concentra cerca del 14% de la <a id=\"autolink\" class=\"autolink\" href=\"http:\/\/www.monografias.com\/trabajos\/explodemo\/explodemo.shtml\">poblaci\u00f3n<\/a> humana.<\/p>\n<p style=\"text-align: right\">Debido a su gran tama\u00f1o y sus caracter\u00edsticas geogr\u00e1ficas, <a id=\"autolink\" class=\"autolink\" href=\"http:\/\/www.monografias.com\/trabajos15\/bloques-economicos-america\/bloques-economicos-america.shtml\">Am\u00e9rica<\/a> es dividida tradicionalmente en Am\u00e9rica del Norte, Am\u00e9rica Central, las Antillas y en Am\u00e9rica del Sur. Algunos ge\u00f3<a id=\"autolink\" class=\"autolink\" href=\"http:\/\/www.monografias.com\/trabajos15\/organizac-gral\/organizac-gral.shtml#TEORIA\">grafos<\/a> consideran a Am\u00e9rica Central y a las Antillas como una subregi\u00f3n dentro de Am\u00e9rica del Norte. Atendiendo a sus caracter\u00edsticas culturales se distingue Am\u00e9rica Anglosajona, el Caribe no latino y <a id=\"autolink\" class=\"autolink\" href=\"http:\/\/www.monografias.com\/trabajos10\/amlat\/amlat.shtml\">Am\u00e9rica Latina<\/a>.<\/p>\n<p style=\"text-align: right\">Adem\u00e1s el <a id=\"autolink\" class=\"autolink\" href=\"http:\/\/www.monografias.com\/trabajos14\/geomorfologia\/geomorfologia.shtml\">relieve<\/a> americano es muy variado en cada zona el tipo de relieve se fue modificando a lo largo de millones de a\u00f1os por <a id=\"autolink\" class=\"autolink\" href=\"http:\/\/www.monografias.com\/trabajos35\/categoria-accion\/categoria-accion.shtml\">acci\u00f3n<\/a> de fuerzas internas y fuerzas externas. Las monta\u00f1as son diferentes de acuerdo a su antig\u00fcedad las m\u00e1s nuevas, altas y puntiagudas; las m\u00e1s viejas, bajas y redondeadas. Las mesetas deben su existencia a la <a id=\"autolink\" class=\"autolink\" href=\"http:\/\/www.monografias.com\/trabajos11\/mundi\/mundi.shtml\">erosi\u00f3n<\/a> de monta\u00f1as o a levantamientos del terreno. Las llanuras pueden haber surgido por evaporaci\u00f3n de lagos, alejamiento de mares o sedimentaci\u00f3n de r\u00edos.<\/p>\n<p><img decoding=\"async\" class=\" aligncenter\" src=\"http:\/\/images.clipartlogo.com\/files\/ss\/original\/460\/46033144\/american-continent-complete.jpg\" alt=\"\" \/><br \/>\n<iframe loading=\"lazy\" src=\"https:\/\/www.youtube.com\/embed\/O4cLWClVdso\" width=\"610\" height=\"480\" frameborder=\"0\" allowfullscreen=\"allowfullscreen\"><\/iframe><\/p>\n<h1 id=\"firstHeading\" class=\"firstHeading\" style=\"text-align: center\">Europa<\/h1>\n<p style=\"text-align: right\"><b>Europa<\/b> es uno de los <a title=\"Continente\" href=\"http:\/\/es.wikipedia.org\/wiki\/Continente\">continentes<\/a> que forman el <a title=\"Supercontinente\" href=\"http:\/\/es.wikipedia.org\/wiki\/Supercontinente\">supercontinente<\/a> <a title=\"Eurasia\" href=\"http:\/\/es.wikipedia.org\/wiki\/Eurasia\">euroasi\u00e1tico<\/a>, situado entre los <a title=\"Paralelo\" href=\"http:\/\/es.wikipedia.org\/wiki\/Paralelo\">paralelos<\/a> 36\u00ba y 70\u00ba de <a title=\"Latitud\" href=\"http:\/\/es.wikipedia.org\/wiki\/Latitud\">latitud<\/a>norte. De forma convencional y por motivos hist\u00f3ricos es considerada un continente, tras la delimitaci\u00f3n realizada por el ge\u00f3grafo ruso <a title=\"Vassili Tatichtchev\" href=\"http:\/\/es.wikipedia.org\/wiki\/Vassili_Tatichtchev\">Vassili Tatichtchev<\/a> quien deseaba se\u00f1alar la pertenencia de <a title=\"Rusia\" href=\"http:\/\/es.wikipedia.org\/wiki\/Rusia\">Rusia<\/a> a Europa y a <a title=\"Asia\" href=\"http:\/\/es.wikipedia.org\/wiki\/Asia\">Asia<\/a>.\u00a0Las fronteras de Europa y la poblaci\u00f3n son objeto de controversia, ya que el t\u00e9rmino continente puede referirse a un bien cultural y pol\u00edtico o a distinciones fisiogr\u00e1ficas. Andreas Kaplan describe Europa como \"una m\u00e1xima diversidad cultural en una superficie geogr\u00e1fica m\u00ednima\".<\/p>\n<p style=\"text-align: right\">La definici\u00f3n m\u00e1s extendida es aquella que la define como situada en la mitad oriental del hemisferio norte, limitada por el<a title=\"Oc\u00e9ano \u00c1rtico\" href=\"http:\/\/es.wikipedia.org\/wiki\/Oc%C3%A9ano_%C3%81rtico\">oc\u00e9ano \u00c1rtico<\/a> en el norte hasta el <a title=\"Mar Mediterr\u00e1neo\" href=\"http:\/\/es.wikipedia.org\/wiki\/Mar_Mediterr%C3%A1neo\">mar Mediterr\u00e1neo<\/a> por el sur. Por el oeste, llega hasta el <a title=\"Oc\u00e9ano Atl\u00e1ntico\" href=\"http:\/\/es.wikipedia.org\/wiki\/Oc%C3%A9ano_Atl%C3%A1ntico\">oc\u00e9ano Atl\u00e1ntico<\/a>; por el este, limita con <a title=\"Asia\" href=\"http:\/\/es.wikipedia.org\/wiki\/Asia\">Asia<\/a>, de la que la separan los <a title=\"Montes Urales\" href=\"http:\/\/es.wikipedia.org\/wiki\/Montes_Urales\">montes Urales<\/a>, el <a title=\"R\u00edo Ural\" href=\"http:\/\/es.wikipedia.org\/wiki\/R%C3%ADo_Ural\">r\u00edo Ural<\/a>, el <a title=\"Mar Caspio\" href=\"http:\/\/es.wikipedia.org\/wiki\/Mar_Caspio\">mar Caspio<\/a>, la cordillera del <a title=\"C\u00e1ucaso\" href=\"http:\/\/es.wikipedia.org\/wiki\/C%C3%A1ucaso\">C\u00e1ucaso<\/a>, el <a title=\"Mar Negro\" href=\"http:\/\/es.wikipedia.org\/wiki\/Mar_Negro\">mar Negro<\/a> y los\u00a0<a title=\"Estrecho\" href=\"http:\/\/es.wikipedia.org\/wiki\/Estrecho\">estrechos<\/a> del <a title=\"B\u00f3sforo\" href=\"http:\/\/es.wikipedia.org\/wiki\/B%C3%B3sforo\">B\u00f3sforo<\/a> y de <a title=\"Dardanelos\" href=\"http:\/\/es.wikipedia.org\/wiki\/Dardanelos\">Dardanelos<\/a>.<\/p>\n<p style=\"text-align: center\"><img decoding=\"async\" class=\" aligncenter\" src=\"http:\/\/historiaybiografias.com\/archivos_varios2\/banderas_europa.jpg\" alt=\"\" \/><\/p>\n<p><iframe loading=\"lazy\" src=\"https:\/\/www.youtube.com\/embed\/V6CQjkm_qcY\" width=\"610\" height=\"480\" frameborder=\"0\" allowfullscreen=\"allowfullscreen\"><\/iframe><\/p>\n<h1 id=\"firstHeading\" class=\"firstHeading\" style=\"text-align: center\">Asia<\/h1>\n<p style=\"text-align: center\"><b>Asia<\/b> o <b>continente asi\u00e1tico<\/b> es el <a title=\"Continente\" href=\"http:\/\/es.wikipedia.org\/wiki\/Continente\">continente<\/a> m\u00e1s extenso y poblado de la <a title=\"Tierra\" href=\"http:\/\/es.wikipedia.org\/wiki\/Tierra\">Tierra<\/a> que, con cerca de 44 millones de km\u00b2, supone el 8,70% del total de la superficie terrestre y el 29,45\u00a0% de las tierras emergidas y, con 4\u00a0140\u00a0000\u00a0000 de habitantes, el 61\u00a0% de la poblaci\u00f3n mundial. Se extiende sobre la mitad oriental del <a class=\"mw-redirect\" title=\"Hemisferio Norte\" href=\"http:\/\/es.wikipedia.org\/wiki\/Hemisferio_Norte\">hemisferio Norte<\/a>, desde el <a title=\"Oc\u00e9ano \u00c1rtico\" href=\"http:\/\/es.wikipedia.org\/wiki\/Oc%C3%A9ano_%C3%81rtico\">oc\u00e9ano Glacial \u00c1rtico<\/a>, al norte, hasta el<a title=\"Oc\u00e9ano \u00cdndico\" href=\"http:\/\/es.wikipedia.org\/wiki\/Oc%C3%A9ano_%C3%8Dndico\">oc\u00e9ano \u00cdndico<\/a>, al sur. Limita, al oeste, con los <a title=\"Montes Urales\" href=\"http:\/\/es.wikipedia.org\/wiki\/Montes_Urales\">montes Urales<\/a>, y al este, con el <a title=\"Oc\u00e9ano Pac\u00edfico\" href=\"http:\/\/es.wikipedia.org\/wiki\/Oc%C3%A9ano_Pac%C3%ADfico\">oc\u00e9ano Pac\u00edfico<\/a>.<\/p>\n<p style=\"text-align: right\">En la divisi\u00f3n convencional de continentes, de origen europeo, Asia y <a title=\"Europa\" href=\"http:\/\/es.wikipedia.org\/wiki\/Europa\">Europa<\/a> aparecen como dos entidades diferentes por razones culturales e hist\u00f3ricas. En t\u00e9rminos geogr\u00e1ficos, forman en realidad un \u00fanico continente, llamado <a title=\"Eurasia\" href=\"http:\/\/es.wikipedia.org\/wiki\/Eurasia\">Eurasia<\/a>. Adem\u00e1s,<a title=\"\u00c1frica\" href=\"http:\/\/es.wikipedia.org\/wiki\/%C3%81frica\">\u00c1frica<\/a> est\u00e1 unida a Eurasia por el <a title=\"Canal de Suez\" href=\"http:\/\/es.wikipedia.org\/wiki\/Canal_de_Suez\">canal de Suez<\/a> por lo que tambi\u00e9n se puede considerar toda la extensi\u00f3n conjunta de Europa, Asia y \u00c1frica como un \u00fanico supercontinente, ocasionalmente denominado <a title=\"Eurafrasia\" href=\"http:\/\/es.wikipedia.org\/wiki\/Eurafrasia\">Eurafrasia<\/a>, o Afro-eurasia.<\/p>\n<p style=\"text-align: center\"><img decoding=\"async\" class=\" aligncenter\" src=\"http:\/\/historiaybiografias.com\/archivos_varios2\/banderas_asia.jpg\" alt=\"\" \/><\/p>\n<p><iframe loading=\"lazy\" src=\"https:\/\/www.youtube.com\/embed\/hr8SzDIE97w\" width=\"610\" height=\"480\" frameborder=\"0\" allowfullscreen=\"allowfullscreen\"><\/iframe><\/p>\n<h1 id=\"firstHeading\" class=\"firstHeading\" style=\"text-align: center\">\u00c1frica<\/h1>\n<p style=\"text-align: right\"><b>\u00c1frica<\/b> es el tercer <a title=\"Continente\" href=\"http:\/\/es.wikipedia.org\/wiki\/Continente\">continente<\/a> (despu\u00e9s de <a title=\"Asia\" href=\"http:\/\/es.wikipedia.org\/wiki\/Asia\">Asia<\/a> y <a title=\"Am\u00e9rica\" href=\"http:\/\/es.wikipedia.org\/wiki\/Am%C3%A9rica\">Am\u00e9rica<\/a>) m\u00e1s grande del mundo por extensi\u00f3n territorial. Limita al norte con el<a title=\"Mar Mediterr\u00e1neo\" href=\"http:\/\/es.wikipedia.org\/wiki\/Mar_Mediterr%C3%A1neo\">mar Mediterr\u00e1neo<\/a>, al oeste con el <a title=\"Oc\u00e9ano Atl\u00e1ntico\" href=\"http:\/\/es.wikipedia.org\/wiki\/Oc%C3%A9ano_Atl%C3%A1ntico\">oc\u00e9ano Atl\u00e1ntico<\/a>, al sur con la conjunci\u00f3n de los oc\u00e9anos <a title=\"Oc\u00e9ano Atl\u00e1ntico\" href=\"http:\/\/es.wikipedia.org\/wiki\/Oc%C3%A9ano_Atl%C3%A1ntico\">Atl\u00e1ntico<\/a> e <a class=\"mw-redirect\" title=\"\u00cdndico\" href=\"http:\/\/es.wikipedia.org\/wiki\/%C3%8Dndico\">\u00cdndico<\/a> y al este con el<a title=\"Mar Rojo\" href=\"http:\/\/es.wikipedia.org\/wiki\/Mar_Rojo\">mar Rojo<\/a> y el <a title=\"Oc\u00e9ano \u00cdndico\" href=\"http:\/\/es.wikipedia.org\/wiki\/Oc%C3%A9ano_%C3%8Dndico\">oc\u00e9ano \u00cdndico<\/a>. Posee una superficie total de 30\u00a0272\u00a0922\u00a0<a class=\"mw-redirect\" title=\"Kil\u00f3metros cuadrados\" href=\"http:\/\/es.wikipedia.org\/wiki\/Kil%C3%B3metros_cuadrados\">km\u00b2<\/a> (621\u00a0600 en masa <a class=\"mw-redirect\" title=\"Insular\" href=\"http:\/\/es.wikipedia.org\/wiki\/Insular\">insular<\/a>), que representa el 20,4\u00a0% del total terrestre. La poblaci\u00f3n es de mil millones de habitantes, menos del 15\u00a0%. El continente se divide en 54 <a title=\"Pa\u00eds\" href=\"http:\/\/es.wikipedia.org\/wiki\/Pa%C3%ADs\">pa\u00edses<\/a>, siendo todos ellos, miembros de la <a title=\"Uni\u00f3n Africana\" href=\"http:\/\/es.wikipedia.org\/wiki\/Uni%C3%B3n_Africana\">Uni\u00f3n Africana<\/a>, con excepci\u00f3n de <a title=\"Marruecos\" href=\"http:\/\/es.wikipedia.org\/wiki\/Marruecos\">Marruecos<\/a>.<\/p>\n<p style=\"text-align: center\"><img decoding=\"async\" src=\"http:\/\/historiaybiografias.com\/archivos_varios2\/banderas_africa.jpg\" alt=\"\" \/><\/p>\n<p><iframe loading=\"lazy\" src=\"https:\/\/www.youtube.com\/embed\/oUlDY9CSTa0\" width=\"640\" height=\"480\" frameborder=\"0\" allowfullscreen=\"allowfullscreen\"><\/iframe><\/p>\n<h1 id=\"firstHeading\" class=\"firstHeading\" style=\"text-align: center\">Ocean\u00eda<\/h1>\n<div id=\"bodyContent\" class=\"mw-body-content\">\n<div id=\"contentSub\"><\/div>\n<div id=\"jump-to-nav\" class=\"mw-jump\" style=\"text-align: right\">\u00a0Es un <a title=\"Continente\" href=\"http:\/\/es.wikipedia.org\/wiki\/Continente\">continente<\/a> <a title=\"Isla\" href=\"http:\/\/es.wikipedia.org\/wiki\/Isla\">insular<\/a> de la <a title=\"Tierra\" href=\"http:\/\/es.wikipedia.org\/wiki\/Tierra\">Tierra<\/a> constituido por la <a class=\"mw-redirect\" title=\"Continente australiano\" href=\"http:\/\/es.wikipedia.org\/wiki\/Continente_australiano\">plataforma continental de Australia<\/a>, las islas de <a title=\"Nueva Guinea\" href=\"http:\/\/es.wikipedia.org\/wiki\/Nueva_Guinea\">Nueva Guinea<\/a>,<a title=\"Nueva Zelanda\" href=\"http:\/\/es.wikipedia.org\/wiki\/Nueva_Zelanda\">Nueva Zelanda<\/a> y los archipi\u00e9lagos <a title=\"Coral\" href=\"http:\/\/es.wikipedia.org\/wiki\/Coral\">coralinos<\/a> y <a title=\"Volc\u00e1n\" href=\"http:\/\/es.wikipedia.org\/wiki\/Volc%C3%A1n\">volc\u00e1nicos<\/a> de <a title=\"Melanesia\" href=\"http:\/\/es.wikipedia.org\/wiki\/Melanesia\">Melanesia<\/a>, <a title=\"Micronesia\" href=\"http:\/\/es.wikipedia.org\/wiki\/Micronesia\">Micronesia<\/a> y <a title=\"Polinesia\" href=\"http:\/\/es.wikipedia.org\/wiki\/Polinesia\">Polinesia<\/a>. Un sector de los expertos considera que <a title=\"Insulindia\" href=\"http:\/\/es.wikipedia.org\/wiki\/Insulindia\">Insulindia<\/a> tambi\u00e9n forma parte de Ocean\u00eda.<sup id=\"cite_ref-d.27urville_1-0\" class=\"reference\"><a href=\"http:\/\/es.wikipedia.org\/wiki\/Ocean%C3%ADa#cite_note-d.27urville-1\">1<\/a><\/sup> Todas estas islas est\u00e1n distribuidas por el <a title=\"Oc\u00e9ano Pac\u00edfico\" href=\"http:\/\/es.wikipedia.org\/wiki\/Oc%C3%A9ano_Pac%C3%ADfico\">oc\u00e9ano Pac\u00edfico<\/a>. Con una extensi\u00f3n de 9\u00a0008\u00a0458\u00a0km\u00b2, se trata del continente m\u00e1s peque\u00f1o del planeta.<\/div>\n<div id=\"mw-content-text\" class=\"mw-content-ltr\" dir=\"ltr\" lang=\"es\">\n<p style=\"text-align: right\">En otros <a title=\"Continente\" href=\"http:\/\/es.wikipedia.org\/wiki\/Continente\">modelos continentales<\/a>, por ejemplo en los de habla inglesa, se usa <a class=\"mw-redirect\" title=\"Australia (continente)\" href=\"http:\/\/es.wikipedia.org\/wiki\/Australia_(continente)\">Australia (continente)<\/a> en lugar de Ocean\u00eda, pero en este caso su definici\u00f3n no incluye las <a title=\"Anexo:Islas del Pac\u00edfico\" href=\"http:\/\/es.wikipedia.org\/wiki\/Anexo:Islas_del_Pac%C3%ADfico\">islas del Pac\u00edfico<\/a>.<\/p>\n<p style=\"text-align: left\"><img decoding=\"async\" src=\"http:\/\/www.tienda.sitographics.com\/20-135-thickbox\/banderas-de-oceania.jpg\" alt=\"\" \/><\/p>\n<\/div>\n<\/div>\n<p><iframe loading=\"lazy\" src=\"https:\/\/www.youtube.com\/embed\/EK1Rhp9qD0E\" width=\"640\" height=\"480\" frameborder=\"0\" allowfullscreen=\"allowfullscreen\"><\/iframe><\/p>\n<h1 id=\"firstHeading\" class=\"firstHeading\" style=\"text-align: center\">Ant\u00e1rtida<\/h1>\n<p style=\"text-align: right\">La <b>Ant\u00e1rtida<\/b>\u00a0tambi\u00e9n denominada <b>Ant\u00e1rtica<\/b> en\u00a0<a title=\"Chile\" href=\"http:\/\/es.wikipedia.org\/wiki\/Chile\">Chile<\/a>\u00a0o <b>continente ant\u00e1rtico<\/b>, es el <a title=\"Continente\" href=\"http:\/\/es.wikipedia.org\/wiki\/Continente\">continente<\/a> sobre el cual se encuentra el <a title=\"Polo Sur\" href=\"http:\/\/es.wikipedia.org\/wiki\/Polo_Sur\">Polo Sur<\/a>. La definici\u00f3n tradicional coincide con la definici\u00f3n pol\u00edtica, en la cual la Ant\u00e1rtida comprende los territorios al sur del paralelo 60\u00b0\u00a0S, los que est\u00e1n bajo el <a title=\"Tratado Ant\u00e1rtico\" href=\"http:\/\/es.wikipedia.org\/wiki\/Tratado_Ant%C3%A1rtico\">Tratado Ant\u00e1rtico<\/a>. Atendiendo m\u00e1s a la <a title=\"Geograf\u00eda f\u00edsica\" href=\"http:\/\/es.wikipedia.org\/wiki\/Geograf%C3%ADa_f%C3%ADsica\">geograf\u00eda f\u00edsica<\/a>, el l\u00edmite estar\u00eda en la <a class=\"mw-redirect\" title=\"Convergencia Ant\u00e1rtica\" href=\"http:\/\/es.wikipedia.org\/wiki\/Convergencia_Ant%C3%A1rtica\">Convergencia Ant\u00e1rtica<\/a>, incluyendo entonces tambi\u00e9n a las<a title=\"Islas Georgias del Sur\" href=\"http:\/\/es.wikipedia.org\/wiki\/Islas_Georgias_del_Sur\">islas Georgias del Sur<\/a>, <a title=\"Islas Sandwich del Sur\" href=\"http:\/\/es.wikipedia.org\/wiki\/Islas_Sandwich_del_Sur\">Sandwich del Sur<\/a>, la <a title=\"Isla Bouvet\" href=\"http:\/\/es.wikipedia.org\/wiki\/Isla_Bouvet\">isla Bouvet<\/a>, el archipi\u00e9lago de <a title=\"Kerguelen\" href=\"http:\/\/es.wikipedia.org\/wiki\/Kerguelen\">Kerguelen<\/a> y las <a title=\"Islas Heard y McDonald\" href=\"http:\/\/es.wikipedia.org\/wiki\/Islas_Heard_y_McDonald\">islas Heard y McDonald<\/a>. Tiene una forma casi circular de 4500\u00a0<a title=\"Kil\u00f3metro\" href=\"http:\/\/es.wikipedia.org\/wiki\/Kil%C3%B3metro\">km<\/a> de di\u00e1metro de la que sobresale una angosta pen\u00ednsula en forma de ese, proyectada hacia el extremo austral de <a class=\"mw-redirect\" title=\"Sudam\u00e9rica\" href=\"http:\/\/es.wikipedia.org\/wiki\/Sudam%C3%A9rica\">Sudam\u00e9rica<\/a>.<\/p>\n<p style=\"text-align: center\"><img decoding=\"async\" src=\"http:\/\/bandera.vlajky.org\/nahled-velky\/antartida.png\" alt=\"\" \/><\/p>\n<p><iframe loading=\"lazy\" width=\"853\" height=\"480\" src=\"https:\/\/www.youtube.com\/embed\/EAi5yvK1JFo\" frameborder=\"0\" allowfullscreen><\/iframe><\/p>\n","protected":false},"excerpt":{"rendered":"<p>Asia, \u00c1frica, Norteam\u00e9rica, Sudam\u00e9rica, Europa, Australia y Ant\u00e1rtida son los siete continentes del mundo. Estos siete continentes se cre\u00edan que parte de Pangea,que fue una sola masa de tierra hace unos 250 millones de a\u00f1os.Debido al movimiento tect\u00f3nico, rompi\u00f3 la masa de la tierra y los continentes de componente separaron y alejadas a su posici\u00f3n [&hellip;]<\/p>\n","protected":false},"author":9604,"featured_media":0,"parent":0,"menu_order":0,"comment_status":"open","ping_status":"open","template":"","meta":{"footnotes":""},"class_list":["post-102","page","type-page","status-publish","hentry"],"_links":{"self":[{"href":"https:\/\/blog.espol.edu.ec\/anmolina\/wp-json\/wp\/v2\/pages\/102","targetHints":{"allow":["GET"]}}],"collection":[{"href":"https:\/\/blog.espol.edu.ec\/anmolina\/wp-json\/wp\/v2\/pages"}],"about":[{"href":"https:\/\/blog.espol.edu.ec\/anmolina\/wp-json\/wp\/v2\/types\/page"}],"author":[{"embeddable":true,"href":"https:\/\/blog.espol.edu.ec\/anmolina\/wp-json\/wp\/v2\/users\/9604"}],"replies":[{"embeddable":true,"href":"https:\/\/blog.espol.edu.ec\/anmolina\/wp-json\/wp\/v2\/comments?post=102"}],"version-history":[{"count":20,"href":"https:\/\/blog.espol.edu.ec\/anmolina\/wp-json\/wp\/v2\/pages\/102\/revisions"}],"predecessor-version":[{"id":129,"href":"https:\/\/blog.espol.edu.ec\/anmolina\/wp-json\/wp\/v2\/pages\/102\/revisions\/129"}],"wp:attachment":[{"href":"https:\/\/blog.espol.edu.ec\/anmolina\/wp-json\/wp\/v2\/media?parent=102"}],"curies":[{"name":"wp","href":"https:\/\/api.w.org\/{rel}","templated":true}]}}