{"id":12,"date":"2015-05-21T15:08:21","date_gmt":"2015-05-21T15:08:21","guid":{"rendered":"http:\/\/blog.espol.edu.ec\/anmolina\/?page_id=12"},"modified":"2015-05-30T17:23:05","modified_gmt":"2015-05-30T17:23:05","slug":"ecuador","status":"publish","type":"page","link":"https:\/\/blog.espol.edu.ec\/anmolina\/ecuador\/","title":{"rendered":"Ecuador"},"content":{"rendered":"<h1 id=\"firstHeading\" class=\"firstHeading\" style=\"text-align: center\"><\/h1>\n<p style=\"text-align: right\">Ecuador rep\u00fablica situada en el noroeste de Sudam\u00e9rica, limita al norte con <a id=\"autolink\" class=\"autolink\" href=\"http:\/\/www.monografias.com\/trabajos13\/verpro\/verpro.shtml\">Colombia<\/a>, al este y sur con Per\u00fa, y al oeste con el oc\u00e9ano Pac\u00edfico. Debe su nombre a la l\u00ednea imaginaria del <a id=\"autolink\" class=\"autolink\" href=\"http:\/\/www.monografias.com\/trabajos36\/el-ecuador\/el-ecuador.shtml\">ecuador<\/a>, que atraviesa el pa\u00eds y divide a <a id=\"autolink\" class=\"autolink\" href=\"http:\/\/www.monografias.com\/trabajos15\/origen-tierra\/origen-tierra.shtml\">la Tierra<\/a> en dos hemisferios. Las islas Gal\u00e1pagos o archipi\u00e9lago de Col\u00f3n, localizadas en el Pac\u00edfico a unos 1.000\u00a0km de la costa, pertenecen a Ecuador. El pa\u00eds tiene una superficie de 272.045 km\u00b2 contando con las Gal\u00e1pagos. La <a id=\"autolink\" class=\"autolink\" href=\"http:\/\/www.monografias.com\/trabajos13\/capintel\/capintel.shtml\">capital<\/a> es <a id=\"autolink\" class=\"autolink\" href=\"http:\/\/www.monografias.com\/trabajos36\/historia-de-quito\/historia-de-quito.shtml\">Quito<\/a>, una de las m\u00e1s antiguas de <a id=\"autolink\" class=\"autolink\" href=\"http:\/\/www.monografias.com\/trabajos15\/bloques-economicos-america\/bloques-economicos-america.shtml\">Am\u00e9rica<\/a> del Sur.<\/p>\n<p style=\"text-align: right\">Ecuador\u00a0est\u00e1\u00a0dividido en cuatro regiones geogr\u00e1ficas: la Costa, que comprende poco m\u00e1s de la cuarta parte del pa\u00eds; la Sierra, constituida por las alineaciones monta\u00f1osas y altiplanicies andinas; el Oriente o regi\u00f3n Amaz\u00f3nica, al este de los Andes, y la regi\u00f3n Insular, integrada por las islas Gal\u00e1pagos. La regi\u00f3n de Gal\u00e1pagos comprende varias islas de origen volc\u00e1nico.<\/p>\n<p><img loading=\"lazy\" decoding=\"async\" class=\"\" src=\"http:\/\/www.fao.org\/fileadmin\/user_upload\/AGRO_Noticias\/img\/Ecuador%20logo.jpg\" alt=\"\" width=\"545\" height=\"343\" \/><\/p>\n<p>&nbsp;<\/p>\n<div style=\"margin-bottom: 5px\"><\/div>\n<div style=\"margin-bottom: 5px;text-align: center\"><strong>LAGUNA DE QUILOTOA\u00a0<\/strong><\/div>\n<p><iframe loading=\"lazy\" src=\"https:\/\/www.youtube.com\/embed\/dIIcNnRD-g8\" width=\"560\" height=\"315\" frameborder=\"0\" allowfullscreen=\"allowfullscreen\"><\/iframe><\/p>\n<p><iframe loading=\"lazy\" src=\"\/\/es.slideshare.net\/slideshow\/embed_code\/key\/ed8Bck9WNSs9PU\" width=\"599\" height=\"485\" frameborder=\"0\" allowfullscreen=\"allowfullscreen\"> <\/iframe><\/p>\n<div style=\"margin-bottom: 5px\"><strong> <a title=\"Molina\" href=\"\/\/es.slideshare.net\/AndreaNataliaMolina\/molina-48737168\" target=\"_blank\">Molina<\/a> <\/strong> from <strong><a href=\"\/\/www.slideshare.net\/AndreaNataliaMolina\" target=\"_blank\">Andrea Natalia Molina<\/a><\/strong><\/div>\n","protected":false},"excerpt":{"rendered":"<p>Ecuador rep\u00fablica situada en el noroeste de Sudam\u00e9rica, limita al norte con Colombia, al este y sur con Per\u00fa, y al oeste con el oc\u00e9ano Pac\u00edfico. Debe su nombre a la l\u00ednea imaginaria del ecuador, que atraviesa el pa\u00eds y divide a la Tierra en dos hemisferios. Las islas Gal\u00e1pagos o archipi\u00e9lago de Col\u00f3n, localizadas [&hellip;]<\/p>\n","protected":false},"author":9604,"featured_media":0,"parent":0,"menu_order":0,"comment_status":"open","ping_status":"open","template":"","meta":{"footnotes":""},"class_list":["post-12","page","type-page","status-publish","hentry"],"_links":{"self":[{"href":"https:\/\/blog.espol.edu.ec\/anmolina\/wp-json\/wp\/v2\/pages\/12","targetHints":{"allow":["GET"]}}],"collection":[{"href":"https:\/\/blog.espol.edu.ec\/anmolina\/wp-json\/wp\/v2\/pages"}],"about":[{"href":"https:\/\/blog.espol.edu.ec\/anmolina\/wp-json\/wp\/v2\/types\/page"}],"author":[{"embeddable":true,"href":"https:\/\/blog.espol.edu.ec\/anmolina\/wp-json\/wp\/v2\/users\/9604"}],"replies":[{"embeddable":true,"href":"https:\/\/blog.espol.edu.ec\/anmolina\/wp-json\/wp\/v2\/comments?post=12"}],"version-history":[{"count":15,"href":"https:\/\/blog.espol.edu.ec\/anmolina\/wp-json\/wp\/v2\/pages\/12\/revisions"}],"predecessor-version":[{"id":99,"href":"https:\/\/blog.espol.edu.ec\/anmolina\/wp-json\/wp\/v2\/pages\/12\/revisions\/99"}],"wp:attachment":[{"href":"https:\/\/blog.espol.edu.ec\/anmolina\/wp-json\/wp\/v2\/media?parent=12"}],"curies":[{"name":"wp","href":"https:\/\/api.w.org\/{rel}","templated":true}]}}