{"id":6,"date":"2015-05-19T15:27:34","date_gmt":"2015-05-19T15:27:34","guid":{"rendered":"http:\/\/blog.espol.edu.ec\/anmolina\/?page_id=6"},"modified":"2015-05-23T05:56:46","modified_gmt":"2015-05-23T05:56:46","slug":"mi-primera-pagina","status":"publish","type":"page","link":"https:\/\/blog.espol.edu.ec\/anmolina\/mi-primera-pagina\/","title":{"rendered":"Maravillas"},"content":{"rendered":"<p style=\"text-align: center\"><em><strong>Maravillas del mundo<\/strong><\/em><br \/>\nLas 7 maravillas del mundo, por otros llamadas \u201clas siete maravillas del mundo\u201c, o solamente \u201cmaravillas del mundo\u201c, son un conjunto de construcciones sorprendentes.<br \/>\nConsideradas por muchos como las 7 mejores construcciones del mundo. (Motivo por el cual se les denomina: \u201clas 7 maravillas del mundo\u201d).<\/p>\n<p style=\"text-align: center\">Aunque muchas personas no lo saben, existen \u201clas 7 maravillas del mundo moderno\u201d y \u201clas 7 maravillas del mundo antiguo\u201c. Siendo en total 14 maravillas diferentes y no s\u00f3lo 7 \u00fanicas. (Aunque actualmente en total existen 8 maravillas, ya que de las 14 maravillas, 6 han desaparecido)<\/p>\n<p style=\"text-align: center\">Las 7 maravillas del mundo antiguo<\/p>\n<p style=\"text-align: center\">Estas maravillas est\u00e1n incluidas en una lista antigua del periodo Helen\u00edstico y que seg\u00fan los Helenos, eran las 7 construcciones u obras arquitect\u00f3nicas m\u00e1s importantes de la \u00e9poca y las cuales val\u00edan la pena visitar. Esta lista fue basada en un poema de Antipatro de Sid\u00f3n, en el cual el poeta alababa a las siete maravillas del mundo. Aunque dicha lista sufri\u00f3 algunos cambios posteriores a causa de relatos m\u00e1s recientes. La lista de las 7 maravillas del mundo antiguo, finalmente qued\u00f3 compuesta por:<\/p>\n<h2 align=\"center\">El Mausoleo de Halicarnaso<\/h2>\n<p align=\"justify\"><span lang=\"ES-MX\"><br \/>\nEdificada en el a\u00f1o 350 a.C. El <\/span>M<span lang=\"ES-MX\">ausoleo\u00a0de Halicarnaso fue una tumba impresionante, hecha de m\u00e1rmol\u00a0blanco, la cual llego a medir hasta 50 metros de altura, conto con cerca\u00a0de 444 estatuas, y 117 columnas que sosten\u00edan el techo, para su\u00a0construcci\u00f3n fueron convocados los mejores arquitectos, escultores y\u00a0artistas de la \u00e9poca<\/span><span lang=\"ES-CR\">.<\/span><\/p>\n<p align=\"center\"><img loading=\"lazy\" decoding=\"async\" class=\"alignnone\" src=\"http:\/\/www.las7maravillasdelmundo.net\/images\/elmausoleo1.jpg\" alt=\"Mausoleo de Halicarnaso\" width=\"254\" height=\"191\" border=\"0\" \/><\/p>\n<h2 align=\"center\">La Estatua de Zeus<\/h2>\n<p align=\"justify\"><span lang=\"ES-MX\"><br \/>\nEdificada en el a\u00f1o 430 a.C., <b>La <\/b><\/span><b>E<\/b><span lang=\"ES-MX\"><b>st<\/b><\/span>a<span lang=\"ES-MX\">tua\u00a0de Zeus de Olimpia\u00a0<\/span><span lang=\"ES-MX\"><span lang=\"ES-MX\">(Actualmente Grecia) , como su nombre lo indica<\/span><\/span><span lang=\"ES-CR\">. <\/span><span lang=\"ES-MX\">Era una estatua maravillosa del m\u00e1s famoso de todos los dioses, <b>Zeus<\/b><\/span>.<\/p>\n<p align=\"center\"><img loading=\"lazy\" decoding=\"async\" class=\" aligncenter\" src=\"http:\/\/www.las7maravillasdelmundo.net\/images\/estatuazeus1.jpg\" alt=\"Templo de Zeus\" width=\"314\" height=\"236\" border=\"0\" \/><\/p>\n<hr \/>\n<hr \/>\n<h2>\u00a0<b><\/b><\/h2>\n<h2><span style=\"font-style: inherit;font-weight: inherit\">El Coloso de Rodas<\/span><\/h2>\n<p><span style=\"font-style: inherit;font-weight: inherit\"><br \/>\nEdificado en el a\u00f1o 392 a.C., <span style=\"font-style: inherit;font-weight: inherit\"><b><strong>El <\/strong><\/b><\/span><\/span><span style=\"font-style: inherit;font-weight: inherit\"><b><strong><span style=\"font-style: inherit;font-weight: inherit\">C<\/span><\/strong><\/b><\/span><span style=\"font-style: inherit;font-weight: inherit\"><span style=\"font-style: inherit;font-weight: inherit\"><b><strong>oloso\u00a0de Rodas<\/strong><\/b><\/span>, fue una enorme Estatua esculpida para el dios\u00a0Helios (Dios griego del sol) situada en la isla de Rodas (Actualmente\u00a0Grecia), dicha estatua alcanzaba los 32 metros de altura<\/span><span style=\"font-style: inherit;font-weight: inherit\">.<\/span><\/p>\n<p><span style=\"font-style: inherit;font-weight: inherit\"><img loading=\"lazy\" decoding=\"async\" class=\" aligncenter\" src=\"http:\/\/www.las7maravillasdelmundo.net\/images\/colosoderodas1.jpg\" alt=\"El Coloso de Rodas\" width=\"286\" height=\"215\" \/><\/span><\/p>\n<h2><\/h2>\n<h2><span style=\"font-style: inherit;font-weight: inherit\">El Faro de Alejandr\u00eda<\/span><\/h2>\n<p><span style=\"font-style: inherit;font-weight: inherit\"><br \/>\nEdificado entre el a\u00f1o 285 y 247 a.C. Ubicado en la <\/span><span style=\"font-style: inherit;font-weight: inherit\"><b><strong><span style=\"font-style: inherit;font-weight: inherit\">I<\/span><\/strong><\/b><\/span><span style=\"font-style: inherit;font-weight: inherit\"><span style=\"font-style: inherit;font-weight: inherit\"><b><strong>sla de Pharos,\u00a0Alejandr\u00eda<\/strong><\/b><\/span> (actualmente Egipto).<\/span><span style=\"font-style: inherit;font-weight: inherit\">.<\/span><\/p>\n<p><span style=\"font-style: inherit;font-weight: inherit\"><img loading=\"lazy\" decoding=\"async\" class=\" alignright\" src=\"http:\/\/www.las7maravillasdelmundo.net\/images\/farodealejandria1.jpg\" alt=\"El Faro de Alejandr\u00eda\" width=\"285\" height=\"214\" \/><br \/>\nFue construido \u00a0con el prop\u00f3sito de guiar a las embarcaciones que\u00a0navegaban hacia el puerto de <\/span><b><strong><span style=\"font-style: inherit;font-weight: inherit\"><span style=\"font-style: inherit;font-weight: inherit\">L<\/span><span style=\"font-style: inherit;font-weight: inherit\">a <\/span><span style=\"font-style: inherit;font-weight: inherit\">C<\/span><span style=\"font-style: inherit;font-weight: inherit\">iudad de Pharos<\/span><\/span><\/strong><\/b><span style=\"font-style: inherit;font-weight: inherit\"><span style=\"font-style: inherit;font-weight: inherit\">, desde entonces y hasta\u00a0nuestra fecha gracias a este grandioso monumento, las dem\u00e1s\u00a0construcciones hechas con la misma finalidad, tomaron el nombre de \u201c<b><strong><span style=\"font-style: inherit;font-weight: inherit\">Faro<\/span><\/strong><\/b>\u201den honor a <\/span><\/span><b><strong><span style=\"font-style: inherit;font-weight: inherit\"><span style=\"font-style: inherit;font-weight: inherit\">L<\/span><\/span><\/strong><\/b><b><strong><span style=\"font-style: inherit;font-weight: inherit\"><span style=\"font-style: inherit;font-weight: inherit\">a torre de Faros<\/span><\/span><\/strong><\/b><span style=\"font-style: inherit;font-weight: inherit\">.\u00a0<\/span><span style=\"font-style: inherit;font-weight: inherit\">(llamada <b><strong><span style=\"font-style: inherit;font-weight: inherit\">Pharos<\/span><\/strong><\/b>)<\/span><\/p>\n<p>&nbsp;<\/p>\n<p>&nbsp;<\/p>\n<h2 style=\"text-align: left\" align=\"center\">El Templo de Artemisa<\/h2>\n<p align=\"justify\"><span lang=\"ES-MX\"><br \/>\nEdificado en el a\u00f1o 550 a.C. <b>El Templo de\u00a0Artemisa<\/b> fue un templo maravilloso y de gigantescas\u00a0proporciones, considerado por alg<img loading=\"lazy\" decoding=\"async\" class=\" alignleft\" src=\"http:\/\/www.las7maravillasdelmundo.net\/images\/templodeartemisa1.jpg\" alt=\"El Templo de Artemisa\" width=\"273\" height=\"205\" border=\"0\" \/>unos de esa \u00e9poca, como la mejor de las\u00a07 maravillas del mundo antiguo<\/span>.\u00a0<span style=\"font-style: inherit;font-weight: inherit\">Fue <\/span><span style=\"font-style: inherit;font-weight: inherit\">c<\/span><span style=\"font-style: inherit;font-weight: inherit\">onstruido\u00a0en honor a <\/span><b><strong><span style=\"font-style: inherit;font-weight: inherit\">La R<\/span><\/strong><\/b><span style=\"font-style: inherit;font-weight: inherit\"><b><strong>eina\u00a0Artemisa<\/strong><\/b>, en la ciudad de Efeso (actualmente Turqu\u00eda). Su\u00a0construcci\u00f3n duro 120 a\u00f1os, y fue iniciada por el rey Creso, de Lidia<\/span><span style=\"font-style: inherit;font-weight: inherit\">d.<\/span><\/p>\n<h2 align=\"center\">La Gran Pir\u00e1mide de Guiza<\/h2>\n<p align=\"justify\"><span lang=\"ES-MX\"><br \/>\nEdificadas alrededor del a\u00f1o 2570 a.C., construida para Keops, el\u00a0fara\u00f3n, ubicada en Gui<img loading=\"lazy\" decoding=\"async\" class=\" alignright\" src=\"http:\/\/www.las7maravillasdelmundo.net\/images\/piramidedeguiza3.jpg\" alt=\"La Gran Pir\u00e1mide de Guiza\" width=\"306\" height=\"230\" \/>za (actualmente Egipto).\u00a0<\/span><span lang=\"ES-MX\"><b>La Gran pir\u00e1mide de Guiza<\/b> es la m\u00e1s antigua de las 7\u00a0<\/span><span lang=\"ES-MX\">maravillas del mundo antiguo, y la \u00fanica que aun se puede admirar\u00a0<\/span><span lang=\"ES-MX\">construida<\/span><span lang=\"ES-CR\">. Estaba constituida por alrededor de 2,300,000\u00a0bloques\u00a0de piedra ( de alrededor de 2.5 toneladas cada bloque, aunque\u00a0algunos pod\u00edan llegar a las 60 toneladas) y estaba recubierta por 27,000<br \/>\nbloques de piedra caliza blanca pulida, con un peso de varias toneladas\u00a0cada bloque.<\/span><\/p>\n<h2 align=\"center\"><\/h2>\n<h2 align=\"center\"><\/h2>\n<h2 align=\"center\">Los Jardines Colgantes de Babilonia<\/h2>\n<p align=\"justify\"><span lang=\"ES-MX\"><br \/>\nEdificados entre el 605 a.C. y el 562 a.C. <\/span>e<span lang=\"ES-MX\">n\u00a0la cuidad de <b>Babilonia<\/b> (<b>actualmente\u00a0Irak<\/b>), Dichos jardines, eran edificaciones grandiosas y\u00a0bellas, construidas a un lado del palacio del rey, y junto al r<\/span>\u00ed<span lang=\"ES-MX\">o,\u00a0para que as\u00ed los viajeros pudieran contemplar su grandeza, ya que estaba\u00a0prohibido a las personas del pueblo entrar a los jardines<\/span><span lang=\"ES-CR\">.<\/span><\/p>\n<p align=\"center\"><img loading=\"lazy\" decoding=\"async\" class=\"\" src=\"http:\/\/www.las7maravillasdelmundo.net\/images\/jardinesdebailonia1.jpg\" alt=\"Los Jardines Colgantes de Babilonia\" width=\"296\" height=\"222\" border=\"0\" \/><\/p>\n<hr \/>\n<hr \/>\n<hr \/>\n<hr \/>\n<hr \/>\n<p>&nbsp;<\/p>\n<p align=\"center\"><b>Las 7 maravillas del mundo moderno<\/b><\/p>\n<p>Las construcciones conocidas como \u201c<b>las siete\u00a0maravillas del mundo moderno<\/b>\u201c, son las ganadoras de un concurso\u00a0realizado por la empresa \u201c<b>New Open World Corporation<\/b>\u201c.<\/p>\n<p align=\"justify\">La idea del concurso se bas\u00f3 en la antigua lista de <b>las 7 maravillas\u00a0del mundo antiguo<\/b>.\u00a0Dichas\u00a0construcciones fueron escogidas en una votaci\u00f3n mundial, donde se\u00a0eligieron las que se consideraran como: <b>las 7 construcciones m\u00e1s sorprendentes del mundo<\/b>.<\/p>\n<p align=\"justify\">Se tuvieron 78 finalistas, de entre las cuales\u00a0resultaron las 7 ganadoras y conocidas como: \u201c<b>las nuevas maravillas\u00a0<\/b><b>del mundo moderno<\/b>\u201c.<\/p>\n<p align=\"justify\">Los resultados fueron transmitidos el d\u00eda 7 de Julio\u00a0del 2007 en Portugal, y la lista de \u201c<b>Las siete maravillas del mundo\u00a0moderno<\/b>\u201d qued\u00f3 conformada por:<\/p>\n<h2 align=\"center\">La pir\u00e1mide de Kukulk\u00e1n<\/h2>\n<p align=\"justify\"><span lang=\"ES-CR\"><br \/>\nSin duda es la obra m\u00e1s representativa de <b>Chichen Itz\u00e1<\/b> y una de las\u00a0obras m\u00e1s enigm\u00e1ticas de la cultura mesoamericana (y del mundo entero).<\/span><\/p>\n<p><span style=\"font-style: inherit;font-weight: inherit\">Una de las maravillas\u00a0de este templo, es el fen\u00f3meno que ocurre durante el equinoccio solar de\u00a0verano y oto\u00f1o, donde las 9 plataformas del templo proyectan 7\u00a0tri\u00e1ngulos invertidos. Formando as\u00ed una serpiente que desciende desde lo\u00a0m\u00e1s alto del templo.<\/span><\/p>\n<p align=\"center\"><img loading=\"lazy\" decoding=\"async\" class=\"alignnone\" src=\"http:\/\/www.las7maravillasdelmundo.net\/images\/chichenitza1.jpg\" alt=\"Chichen Itza\" width=\"377\" height=\"283\" border=\"0\" \/><\/p>\n<h2 align=\"center\">La Estatua del Cristo Redentor<\/h2>\n<p align=\"justify\"><span lang=\"ES-MX\"><br \/>\n<b>La estatua de Cristo Redentor<\/b>, o\u00a0tambi\u00e9n conocida como <b>Cristo de Corcovado\u00a0<\/b>(llamada as\u00ed por estar situada encima del cerro de Corcovado) es una\u00a0gran estatua de Cristo de Nazaret, situada en la cima del cerro de<br \/>\nCorcovado, parado, con los br<img loading=\"lazy\" decoding=\"async\" class=\" alignleft\" src=\"http:\/\/www.las7maravillasdelmundo.net\/images\/cristoredentor1.jpg\" alt=\"Cristo redentor\" width=\"306\" height=\"230\" \/>azos abiertos y mirando hacia la ciudad y\u00a0el puerto de R<\/span>\u00ed<span lang=\"ES-MX\">o\u00a0de Janeiro, en Brasil<\/span><span lang=\"ES-CR\">.<\/span><\/p>\n<p align=\"justify\"><span lang=\"ES-MX\"><b>La estatua del Cristo Redentor<\/b>, mide\u00a0<\/span><span lang=\"ES-MX\">38 metros de alto y fue inaugurada el 12 de octubre de 1931, durando\u00a0<\/span><span lang=\"ES-MX\">casi 5 a\u00f1os en su construcci\u00f3n, est\u00e1 situada, como ya se menciono, en la\u00a0<\/span><span lang=\"ES-MX\">punta del cerro Corcovado, en el parque nacional de la Tijuca, en R<\/span>\u00ed<span lang=\"ES-MX\">o de\u00a0<\/span><span lang=\"ES-MX\">Janeiro, Brasil.<\/span><\/p>\n<h2 align=\"center\">Machu Picchu<\/h2>\n<p align=\"justify\"><b>Machu Picchu<\/b> es el nombre que se le\u00a0da a un antiguo poblado Inca, construido a mediados del siglo XV, esta\u00a0ubicado sobre una elevaci\u00f3n rocosa unida entre las monta\u00f1as\u00a0<b>Huayna Picchu<\/b> y <b>Machu Picchu<\/b>, en Per\u00fa, al oriente de la\u00a0Cordillera central, a unos 130 kil\u00f3metros de Cuzco, la cual es la ciudad\u00a0importante mas cercana<span lang=\"ES-CR\">.<\/span><\/p>\n<p align=\"center\"><img loading=\"lazy\" decoding=\"async\" class=\"\" src=\"http:\/\/www.las7maravillasdelmundo.net\/images\/machupicchu2.jpg\" alt=\"Machu Picchu\" width=\"334\" height=\"251\" \/><\/p>\n<h2 align=\"center\">El Coliseo de Roma<\/h2>\n<p align=\"justify\"><b><br \/>\n<span lang=\"ES-MX\"><br \/>\nEl Coliseo\u00a0<\/span>Romano<\/b><span lang=\"ES-MX\">,\u00a0Cons<img loading=\"lazy\" decoding=\"async\" class=\" alignleft\" src=\"http:\/\/www.las7maravillasdelmundo.net\/images\/coliseoromano1.jpg\" alt=\"Coliseo romano\" width=\"289\" height=\"217\" border=\"0\" \/>truido en el siglo I D.C, en el centro de Roma, es un anfiteatro de\u00a0la \u00e9poca del imperio Romano, aunque originalmente se llamaba Anfiteatro\u00a0Flavio, haciendo honor a los emperadores de la Dinast\u00eda Flavia, quienes\u00a0construyeron dicho anfiteatro, posteriormente paso a llamarse \u201c<b>Colosseum<\/b>\u201d por una estatua del Coloso de Ner\u00f3n que se ubicaba junto al anfiteatro<\/span><span lang=\"ES-CR\">.<\/span><\/p>\n<h2 align=\"center\"><\/h2>\n<h2 align=\"center\"><\/h2>\n<h2 align=\"center\">Taj Mahal<\/h2>\n<p align=\"justify\"><span lang=\"ES-MX\"><br \/>\nEl <b>Taj Mahal<\/b>, construido desde 1631\u00a0hasta 1654, es un conjunto de edificios situado en Agra, una ciudad de\u00a0<b>Uttar Pradesh<\/b>, en la India,\u00a0construido por <b>Shah Jahan<\/b>, emperador\u00a0de la dinast\u00eda mogol<\/span><span lang=\"ES-CR\">.El <b>Taj Mahal<\/b> fue construido en honor\u00a0a su esposa\u00a0 Favorita, Mumtaz Mahal, quien muri\u00f3 dando a luz a su 14\u00b0\u00a0hijo.<\/span><\/p>\n<p align=\"center\"><img loading=\"lazy\" decoding=\"async\" class=\"alignnone\" src=\"http:\/\/www.las7maravillasdelmundo.net\/images\/tajmahal1.jpg\" alt=\"Taj Mahal\" width=\"274\" height=\"206\" border=\"0\" \/><\/p>\n<h2 align=\"center\">La Gran Muralla China<\/h2>\n<p align=\"justify\"><span lang=\"ES-MX\"><br \/>\n<b>La Gran Muralla China<\/b> es una fortificaci\u00f3n china, construida en el siglo\u00a04 a.C. y reconstruida en el siglo 16, fue hecha para proteger al imperio\u00a0chino de los ataques de los n\u00f3madas xiongnu de Manchuria y Mongolia<\/span><span lang=\"ES-CR\">.\u00a0<\/span><\/p>\n<p><span style=\"font-style: inherit;font-weight: inherit\">Aunque actualmente solo se c<img loading=\"lazy\" decoding=\"async\" class=\" alignleft\" src=\"http:\/\/www.las7maravillasdelmundo.net\/images\/murallachina2.jpg\" alt=\"Gran Muralla China\" width=\"325\" height=\"244\" \/>uenta con el 30% del largo de la muralla\u00a0original, se calcula que tomando todas sus construcciones secundarias y\u00a0ramificaciones, tuvo una longitud de alrededor de 8851 kil\u00f3metros, y en\u00a0promedio mide 4 a 5 metros de ancho, y de 6 a 7 de alto.<\/span><\/p>\n<p>&nbsp;<\/p>\n<p align=\"center\">\n<p align=\"center\">\n<p align=\"center\">\n<p align=\"center\">\n<h2 align=\"center\">La Ciudad de Petra<\/h2>\n<p align=\"justify\"><span lang=\"ES-MX\"><br \/>\n<b>Petra<\/b>, construida en el siglo 7 a.C.\u00a0es una ciudad de piedra, literalmente, ya que la ciudad fue excavada y\u00a0esculpida en piedra, fue fundada por los edomitas y la ciudad se ubica\u00a0en el valle de <b>Arav\u00e1<\/b>, el cual se<br \/>\nextiende desde el mar muerto hasta el golfo de <b>Aqaba, en Jordania<\/b><\/span><span lang=\"ES-CR\">.<\/span><\/p>\n<p align=\"center\"><img loading=\"lazy\" decoding=\"async\" class=\"alignnone\" src=\"http:\/\/www.las7maravillasdelmundo.net\/images\/ciudaddepetra1.jpg\" alt=\"Ciudad de petra\" width=\"298\" height=\"224\" border=\"0\" \/><\/p>\n","protected":false},"excerpt":{"rendered":"<p>Maravillas del mundo Las 7 maravillas del mundo, por otros llamadas \u201clas siete maravillas del mundo\u201c, o solamente \u201cmaravillas del mundo\u201c, son un conjunto de construcciones sorprendentes. Consideradas por muchos como las 7 mejores construcciones del mundo. (Motivo por el cual se les denomina: \u201clas 7 maravillas del mundo\u201d). Aunque muchas personas no lo saben, [&hellip;]<\/p>\n","protected":false},"author":9604,"featured_media":0,"parent":0,"menu_order":0,"comment_status":"open","ping_status":"open","template":"","meta":{"footnotes":""},"class_list":["post-6","page","type-page","status-publish","hentry"],"_links":{"self":[{"href":"https:\/\/blog.espol.edu.ec\/anmolina\/wp-json\/wp\/v2\/pages\/6","targetHints":{"allow":["GET"]}}],"collection":[{"href":"https:\/\/blog.espol.edu.ec\/anmolina\/wp-json\/wp\/v2\/pages"}],"about":[{"href":"https:\/\/blog.espol.edu.ec\/anmolina\/wp-json\/wp\/v2\/types\/page"}],"author":[{"embeddable":true,"href":"https:\/\/blog.espol.edu.ec\/anmolina\/wp-json\/wp\/v2\/users\/9604"}],"replies":[{"embeddable":true,"href":"https:\/\/blog.espol.edu.ec\/anmolina\/wp-json\/wp\/v2\/comments?post=6"}],"version-history":[{"count":19,"href":"https:\/\/blog.espol.edu.ec\/anmolina\/wp-json\/wp\/v2\/pages\/6\/revisions"}],"predecessor-version":[{"id":39,"href":"https:\/\/blog.espol.edu.ec\/anmolina\/wp-json\/wp\/v2\/pages\/6\/revisions\/39"}],"wp:attachment":[{"href":"https:\/\/blog.espol.edu.ec\/anmolina\/wp-json\/wp\/v2\/media?parent=6"}],"curies":[{"name":"wp","href":"https:\/\/api.w.org\/{rel}","templated":true}]}}