{"id":30,"date":"2016-11-13T18:05:30","date_gmt":"2016-11-13T18:05:30","guid":{"rendered":"http:\/\/blog.espol.edu.ec\/annlgonz\/?page_id=30"},"modified":"2016-11-14T06:15:00","modified_gmt":"2016-11-14T06:15:00","slug":"comidas-tipicas","status":"publish","type":"page","link":"https:\/\/blog.espol.edu.ec\/annlgonz\/comidas-tipicas\/","title":{"rendered":"Comidas t\u00edpicas"},"content":{"rendered":"<p style=\"text-align: justify\">La Gastronom\u00eda que nos ofrece la Playa de Salinas, es muy rica en mariscos, para esos amantes de los crust\u00e1ceos. Podr\u00e1 deleitarse con suculentos platos t\u00edpicos de la zona de Salinas como, Cangrejos, Camarones apanados, sopas marineras, ceviches de camar\u00f3n, concha, filete de pescado, entre muchos platos nacionales e internacionales.<\/p>\n<hr \/>\n<div id=\"attachment_34\" style=\"width: 310px\" class=\"wp-caption aligncenter\"><img loading=\"lazy\" decoding=\"async\" aria-describedby=\"caption-attachment-34\" class=\"wp-image-34 size-medium\" src=\"http:\/\/blog.espol.edu.ec\/annlgonz\/files\/2016\/11\/1241712034.CAZUELA_DE_MARISCOS-300x201.jpg\" alt=\"1241712034-cazuela_de_mariscos\" width=\"300\" height=\"201\" srcset=\"https:\/\/blog.espol.edu.ec\/annlgonz\/files\/2016\/11\/1241712034.CAZUELA_DE_MARISCOS-300x201.jpg 300w, https:\/\/blog.espol.edu.ec\/annlgonz\/files\/2016\/11\/1241712034.CAZUELA_DE_MARISCOS.jpg 350w\" sizes=\"auto, (max-width: 300px) 100vw, 300px\" \/><p id=\"caption-attachment-34\" class=\"wp-caption-text\">Cazuela<\/p><\/div>\n<hr \/>\n<div id=\"attachment_36\" style=\"width: 310px\" class=\"wp-caption aligncenter\"><img loading=\"lazy\" decoding=\"async\" aria-describedby=\"caption-attachment-36\" class=\"wp-image-36 size-medium\" src=\"http:\/\/blog.espol.edu.ec\/annlgonz\/files\/2016\/11\/Feriado-\u00e1rroz-marinero-Playas-300x221.jpg\" alt=\"feriado-arroz-marinero-playas\" width=\"300\" height=\"221\" srcset=\"https:\/\/blog.espol.edu.ec\/annlgonz\/files\/2016\/11\/Feriado-\u00e1rroz-marinero-Playas-300x221.jpg 300w, https:\/\/blog.espol.edu.ec\/annlgonz\/files\/2016\/11\/Feriado-\u00e1rroz-marinero-Playas.jpg 456w\" sizes=\"auto, (max-width: 300px) 100vw, 300px\" \/><p id=\"caption-attachment-36\" class=\"wp-caption-text\">Arroz marinero<\/p><\/div>\n<hr \/>\n<div id=\"attachment_144\" style=\"width: 235px\" class=\"wp-caption aligncenter\"><img loading=\"lazy\" decoding=\"async\" aria-describedby=\"caption-attachment-144\" class=\"wp-image-144 size-medium\" src=\"http:\/\/blog.espol.edu.ec\/annlgonz\/files\/2016\/11\/ee5911e3129ca951533cd04804c230a6-225x300.jpg\" alt=\"ee5911e3129ca951533cd04804c230a6\" width=\"225\" height=\"300\" srcset=\"https:\/\/blog.espol.edu.ec\/annlgonz\/files\/2016\/11\/ee5911e3129ca951533cd04804c230a6-225x300.jpg 225w, https:\/\/blog.espol.edu.ec\/annlgonz\/files\/2016\/11\/ee5911e3129ca951533cd04804c230a6-600x800.jpg 600w, https:\/\/blog.espol.edu.ec\/annlgonz\/files\/2016\/11\/ee5911e3129ca951533cd04804c230a6.jpg 736w\" sizes=\"auto, (max-width: 225px) 100vw, 225px\" \/><p id=\"caption-attachment-144\" class=\"wp-caption-text\">Ceviche<\/p><\/div>\n<p>Se ofrecen muchas variedades como los de camar\u00f3n, concha, pescado, mixtos todos ellos van acompa\u00f1ados de patacones y arroz.<\/p>\n","protected":false},"excerpt":{"rendered":"<p>La Gastronom\u00eda que nos ofrece la Playa de Salinas, es muy rica en mariscos, para esos amantes de los crust\u00e1ceos. Podr\u00e1 deleitarse con suculentos platos t\u00edpicos de la zona de Salinas como, Cangrejos, Camarones apanados, sopas marineras, ceviches de camar\u00f3n, &hellip; <a href=\"https:\/\/blog.espol.edu.ec\/annlgonz\/comidas-tipicas\/\">Sigue leyendo <span class=\"meta-nav\">&rarr;<\/span><\/a><\/p>\n","protected":false},"author":10691,"featured_media":0,"parent":0,"menu_order":0,"comment_status":"closed","ping_status":"closed","template":"","meta":{"footnotes":""},"class_list":["post-30","page","type-page","status-publish","hentry"],"_links":{"self":[{"href":"https:\/\/blog.espol.edu.ec\/annlgonz\/wp-json\/wp\/v2\/pages\/30","targetHints":{"allow":["GET"]}}],"collection":[{"href":"https:\/\/blog.espol.edu.ec\/annlgonz\/wp-json\/wp\/v2\/pages"}],"about":[{"href":"https:\/\/blog.espol.edu.ec\/annlgonz\/wp-json\/wp\/v2\/types\/page"}],"author":[{"embeddable":true,"href":"https:\/\/blog.espol.edu.ec\/annlgonz\/wp-json\/wp\/v2\/users\/10691"}],"replies":[{"embeddable":true,"href":"https:\/\/blog.espol.edu.ec\/annlgonz\/wp-json\/wp\/v2\/comments?post=30"}],"version-history":[{"count":3,"href":"https:\/\/blog.espol.edu.ec\/annlgonz\/wp-json\/wp\/v2\/pages\/30\/revisions"}],"predecessor-version":[{"id":146,"href":"https:\/\/blog.espol.edu.ec\/annlgonz\/wp-json\/wp\/v2\/pages\/30\/revisions\/146"}],"wp:attachment":[{"href":"https:\/\/blog.espol.edu.ec\/annlgonz\/wp-json\/wp\/v2\/media?parent=30"}],"curies":[{"name":"wp","href":"https:\/\/api.w.org\/{rel}","templated":true}]}}