{"id":43,"date":"2016-11-13T18:20:47","date_gmt":"2016-11-13T18:20:47","guid":{"rendered":"http:\/\/blog.espol.edu.ec\/annlgonz\/?page_id=43"},"modified":"2016-11-14T06:22:30","modified_gmt":"2016-11-14T06:22:30","slug":"atractivos-turisticos","status":"publish","type":"page","link":"https:\/\/blog.espol.edu.ec\/annlgonz\/atractivos-turisticos\/","title":{"rendered":"Atractivos tur\u00edsticos"},"content":{"rendered":"<p style=\"font-style: inherit;font-weight: inherit;text-align: justify\"><span style=\"font-style: inherit;font-weight: inherit\">En la playa de Salinas podemos encontrar diferentes formas de divertirse y sobre todo poder disfrutar en familia o junto a sus amigos, con una paz y tranquilidad que solo Salinas lo posee.<\/span><\/p>\n<p style=\"font-style: inherit;font-weight: inherit;text-align: justify\"><img loading=\"lazy\" decoding=\"async\" class=\"size-medium wp-image-149 aligncenter\" src=\"http:\/\/blog.espol.edu.ec\/annlgonz\/files\/2016\/11\/17936128_2-300x225.jpg\" alt=\"17936128_2\" width=\"300\" height=\"225\" srcset=\"https:\/\/blog.espol.edu.ec\/annlgonz\/files\/2016\/11\/17936128_2-300x225.jpg 300w, https:\/\/blog.espol.edu.ec\/annlgonz\/files\/2016\/11\/17936128_2.jpg 350w\" sizes=\"auto, (max-width: 300px) 100vw, 300px\" \/><\/p>\n<p style=\"text-align: justify\"><span style=\"font-style: inherit;font-weight: inherit\">Los atractivos tur\u00edsticos de Salinas son:<\/span><\/p>\n<ul>\n<li style=\"font-style: inherit;font-weight: inherit;text-align: justify\"><span style=\"font-style: inherit;font-weight: inherit\">Turismo deportivo<\/span><span style=\"font-style: inherit;font-weight: inherit\"> que est\u00e1 liderado por el Salinas Yatch Club, campeonatos de Tennis, Lightning, pesca, surf, futbol y voleibol playeros.<\/span><\/li>\n<li style=\"font-style: inherit;font-weight: inherit;text-align: justify\"><span style=\"font-style: inherit;font-weight: inherit\">Turismo de aventura en Salinas<\/span><span style=\"font-style: inherit;font-weight: inherit\">, podr\u00e1 observar a las ballenas jorobadas, durante los meses de junio a septiembre. Como tambi\u00e9n podr\u00e1 contratar diferentes servicios como, subirse a la banana, podr\u00e1 alquilar votes, motos acu\u00e1ticas, boyas acu\u00e1ticas, camping y disfrutar de la aventura que solo usted se puede imaginar.<\/span><\/li>\n<li style=\"font-style: inherit;font-weight: inherit;text-align: justify\"><span style=\"font-style: inherit;font-weight: inherit\">Turismo Rural y Cultural de Salinas<\/span><span style=\"font-style: inherit;font-weight: inherit\">, podr\u00e1 conocer las costumbres y tradiciones de los recintos peninsulares.<\/span><\/li>\n<\/ul>\n","protected":false},"excerpt":{"rendered":"<p>En la playa de Salinas podemos encontrar diferentes formas de divertirse y sobre todo poder disfrutar en familia o junto a sus amigos, con una paz y tranquilidad que solo Salinas lo posee. Los atractivos tur\u00edsticos de Salinas son: Turismo &hellip; <a href=\"https:\/\/blog.espol.edu.ec\/annlgonz\/atractivos-turisticos\/\">Sigue leyendo <span class=\"meta-nav\">&rarr;<\/span><\/a><\/p>\n","protected":false},"author":10691,"featured_media":0,"parent":0,"menu_order":0,"comment_status":"closed","ping_status":"closed","template":"","meta":{"footnotes":""},"class_list":["post-43","page","type-page","status-publish","hentry"],"_links":{"self":[{"href":"https:\/\/blog.espol.edu.ec\/annlgonz\/wp-json\/wp\/v2\/pages\/43","targetHints":{"allow":["GET"]}}],"collection":[{"href":"https:\/\/blog.espol.edu.ec\/annlgonz\/wp-json\/wp\/v2\/pages"}],"about":[{"href":"https:\/\/blog.espol.edu.ec\/annlgonz\/wp-json\/wp\/v2\/types\/page"}],"author":[{"embeddable":true,"href":"https:\/\/blog.espol.edu.ec\/annlgonz\/wp-json\/wp\/v2\/users\/10691"}],"replies":[{"embeddable":true,"href":"https:\/\/blog.espol.edu.ec\/annlgonz\/wp-json\/wp\/v2\/comments?post=43"}],"version-history":[{"count":3,"href":"https:\/\/blog.espol.edu.ec\/annlgonz\/wp-json\/wp\/v2\/pages\/43\/revisions"}],"predecessor-version":[{"id":150,"href":"https:\/\/blog.espol.edu.ec\/annlgonz\/wp-json\/wp\/v2\/pages\/43\/revisions\/150"}],"wp:attachment":[{"href":"https:\/\/blog.espol.edu.ec\/annlgonz\/wp-json\/wp\/v2\/media?parent=43"}],"curies":[{"name":"wp","href":"https:\/\/api.w.org\/{rel}","templated":true}]}}