{"id":174,"date":"2012-07-09T13:43:40","date_gmt":"2012-07-09T13:43:40","guid":{"rendered":"http:\/\/blog.espol.edu.ec\/aocampo\/?page_id=174"},"modified":"2012-07-09T13:44:44","modified_gmt":"2012-07-09T13:44:44","slug":"liceo-naval","status":"publish","type":"page","link":"https:\/\/blog.espol.edu.ec\/aocampo\/liceo-naval\/","title":{"rendered":"LICEO NAVAL"},"content":{"rendered":"<p style=\"text-align: center\"><strong>SEXTO POLLUX DUKES 36<\/strong><\/p>\n<p style=\"text-align: left\">Pollux es una gigante estrella naranja en el norte de la constelaci\u00f3n de G\u00e9minis con aproximadamente 11.120.000 kilometros. Pollux es la estrella m\u00e1s brillante en la constelaci\u00f3n.<\/p>\n<p style=\"text-align: left\">El Liceo Naval es sin duda una de las mejores instituciones de Guayaquil, formadora de grandes lideres, bacahilleres, y sobre todo prestigiosos oficiales de Marina, es el alma mater de la educacion naval es por ello que durante anos se desarrollo el curso \"Sexto Pollux\". El Alfa de todos los sextos cursos; un ejemplo de\u00a0disciplina, lealtad, y gallardia, un curso de aprendizaje superior que guarda\u00a0todas las caracteristicas que un\u00a0cadete debe\u00a0poseer. Es pues el objetivo de este curso formar jovenes aptos para el ingreso a la Escuela Superior Naval, aqui reciben sus pilares fundamentales y\u00a0primeras experiencias como cadetes que posteriormente deberan pulir al convertise en guardiamarinas.<\/p>\n<p style=\"text-align: left\">Pero ser parte de este curso no es tarea facil, debes reunir ciertos requisitos entre ellos un puntaje academico alto puesto que la carga horaria y academica dentro de este curso es mas\u00a0complicada con relacion a los cursos regulares, la disciplina y una buena conducta es un requisito obligatorio, un buen estado y resistencia fisica tambien implica ser parte del Pollux, pero sobre todo debes llevar en tu corazon el deseo ferviente de servir a nuestra a Patria como un miembro mas en las filas de nuestra gloriosa Armada\u00a0Nacional\u00a0.<\/p>\n<p style=\"text-align: left\">La ventaja de este curso es la preparacion academica a cargo de los mejores profesores del Liceo\u00a0en las areas de: Calculo, Algebra, Trigonometria y Geometria, que abarca la materia de Matematicas para todo el curso, ademas de Fisica, Quimica, Ingles, Informatica, Fundamentos Navales, Literatura Ecuatoriana, Conciencia Maritima, Preparacion Fisica e Instruccion Militar.<\/p>\n<p style=\"text-align: left\">Tengo el orgullo de pertenecer a la ultima Promocion del Sexto Pollux en la historia del Liceo Naval, un ano inolvidable donde forje grandes amigos y companeros, las arduas tardes de trabajo y estudio, los dias de depores colectivos y cada una de nuestras formaciones, desfiles y ceremonias hicieron\u00a0del Sexto Pollux mas que un curso, una familia. Guardo en mi mente y corazon los mejores recuerdos, momentos que dificilmente se repetiran pero que me es grato haberlos compartido con ustedes Lo Mejor de Lo Mejor!.. deseandoles exitos a cada uno de mis companeros durante el proceso de seleccion e ingreso a ESSUNA, no me queda mas que decirles:<\/p>\n<p style=\"text-align: left\">BUEN VIENTO Y BUENA MAR, POLLUX 36<\/p>\n<p style=\"text-align: left\"><img loading=\"lazy\" decoding=\"async\" class=\"aligncenter  wp-image-179\" src=\"http:\/\/blog.espol.edu.ec\/aocampo\/files\/2012\/07\/IMG_0018-300x213.jpg\" alt=\"\" width=\"357\" height=\"244\" \/><\/p>\n<p style=\"text-align: left\"><strong><\/strong><\/p>\n<p style=\"text-align: left\"><strong><\/strong><\/p>\n<p style=\"text-align: left\"><strong>EL TEQUE:<\/strong><\/p>\n<p style=\"text-align: left\"><a href=\"http:\/\/blog.espol.edu.ec\/aocampo\/files\/2012\/07\/IMG00228-20111011-0713.jpg\"><img loading=\"lazy\" decoding=\"async\" class=\"alignright  wp-image-181\" src=\"http:\/\/blog.espol.edu.ec\/aocampo\/files\/2012\/07\/IMG00228-20111011-0713-300x225.jpg\" alt=\"\" width=\"300\" height=\"225\" srcset=\"https:\/\/blog.espol.edu.ec\/aocampo\/files\/2012\/07\/IMG00228-20111011-0713-300x225.jpg 300w, https:\/\/blog.espol.edu.ec\/aocampo\/files\/2012\/07\/IMG00228-20111011-0713-1024x768.jpg 1024w, https:\/\/blog.espol.edu.ec\/aocampo\/files\/2012\/07\/IMG00228-20111011-0713.jpg 1600w\" sizes=\"auto, (max-width: 300px) 100vw, 300px\" \/><\/a><\/p>\n<p style=\"text-align: left\"><a href=\"http:\/\/blog.espol.edu.ec\/aocampo\/files\/2012\/07\/IMG00235-20111011-0727.jpg\"><img loading=\"lazy\" decoding=\"async\" class=\"size-medium wp-image-180 alignleft\" src=\"http:\/\/blog.espol.edu.ec\/aocampo\/files\/2012\/07\/IMG00235-20111011-0727-300x225.jpg\" alt=\"\" width=\"300\" height=\"225\" srcset=\"https:\/\/blog.espol.edu.ec\/aocampo\/files\/2012\/07\/IMG00235-20111011-0727-300x225.jpg 300w, https:\/\/blog.espol.edu.ec\/aocampo\/files\/2012\/07\/IMG00235-20111011-0727-1024x768.jpg 1024w, https:\/\/blog.espol.edu.ec\/aocampo\/files\/2012\/07\/IMG00235-20111011-0727.jpg 1600w\" sizes=\"auto, (max-width: 300px) 100vw, 300px\" \/><\/a><\/p>\n<p style=\"text-align: left\"><a href=\"http:\/\/blog.espol.edu.ec\/aocampo\/files\/2012\/07\/IMG-20111011-00860.jpg\"><img loading=\"lazy\" decoding=\"async\" class=\"alignright size-medium wp-image-185\" src=\"http:\/\/blog.espol.edu.ec\/aocampo\/files\/2012\/07\/IMG-20111011-00860-300x225.jpg\" alt=\"\" width=\"300\" height=\"225\" srcset=\"https:\/\/blog.espol.edu.ec\/aocampo\/files\/2012\/07\/IMG-20111011-00860-300x225.jpg 300w, https:\/\/blog.espol.edu.ec\/aocampo\/files\/2012\/07\/IMG-20111011-00860.jpg 1024w\" sizes=\"auto, (max-width: 300px) 100vw, 300px\" \/><\/a><\/p>\n<p style=\"text-align: center\"><a href=\"http:\/\/blog.espol.edu.ec\/aocampo\/files\/2012\/07\/IMG00232-20111011-0718.jpg\"><img loading=\"lazy\" decoding=\"async\" class=\"size-medium wp-image-184 alignleft\" src=\"http:\/\/blog.espol.edu.ec\/aocampo\/files\/2012\/07\/IMG00232-20111011-0718-300x225.jpg\" alt=\"\" width=\"300\" height=\"225\" srcset=\"https:\/\/blog.espol.edu.ec\/aocampo\/files\/2012\/07\/IMG00232-20111011-0718-300x225.jpg 300w, https:\/\/blog.espol.edu.ec\/aocampo\/files\/2012\/07\/IMG00232-20111011-0718-1024x768.jpg 1024w, https:\/\/blog.espol.edu.ec\/aocampo\/files\/2012\/07\/IMG00232-20111011-0718.jpg 1600w\" sizes=\"auto, (max-width: 300px) 100vw, 300px\" \/><\/a><a href=\"http:\/\/blog.espol.edu.ec\/aocampo\/files\/2012\/07\/IMG-20111011-00862.jpg\"><img loading=\"lazy\" decoding=\"async\" class=\"size-medium wp-image-188 aligncenter\" src=\"http:\/\/blog.espol.edu.ec\/aocampo\/files\/2012\/07\/IMG-20111011-00862-300x225.jpg\" alt=\"\" width=\"300\" height=\"225\" srcset=\"https:\/\/blog.espol.edu.ec\/aocampo\/files\/2012\/07\/IMG-20111011-00862-300x225.jpg 300w, https:\/\/blog.espol.edu.ec\/aocampo\/files\/2012\/07\/IMG-20111011-00862.jpg 1024w\" sizes=\"auto, (max-width: 300px) 100vw, 300px\" \/><\/a><\/p>\n<p style=\"text-align: left\"><strong>VISITA A ESSUNA:\u00a0<\/strong><\/p>\n<p style=\"text-align: left\"><a href=\"http:\/\/blog.espol.edu.ec\/aocampo\/files\/2012\/07\/374609_308633022491373_294034972_n1.jpg\"><img loading=\"lazy\" decoding=\"async\" class=\"alignleft size-medium wp-image-190\" src=\"http:\/\/blog.espol.edu.ec\/aocampo\/files\/2012\/07\/374609_308633022491373_294034972_n1-300x200.jpg\" alt=\"\" width=\"300\" height=\"200\" srcset=\"https:\/\/blog.espol.edu.ec\/aocampo\/files\/2012\/07\/374609_308633022491373_294034972_n1-300x200.jpg 300w, https:\/\/blog.espol.edu.ec\/aocampo\/files\/2012\/07\/374609_308633022491373_294034972_n1.jpg 960w\" sizes=\"auto, (max-width: 300px) 100vw, 300px\" \/><\/a><a href=\"http:\/\/blog.espol.edu.ec\/aocampo\/files\/2012\/07\/380411_308624362492239_1343905620_n1.jpg\"><img loading=\"lazy\" decoding=\"async\" class=\"alignleft size-medium wp-image-191\" src=\"http:\/\/blog.espol.edu.ec\/aocampo\/files\/2012\/07\/380411_308624362492239_1343905620_n1-300x200.jpg\" alt=\"\" width=\"300\" height=\"200\" srcset=\"https:\/\/blog.espol.edu.ec\/aocampo\/files\/2012\/07\/380411_308624362492239_1343905620_n1-300x200.jpg 300w, https:\/\/blog.espol.edu.ec\/aocampo\/files\/2012\/07\/380411_308624362492239_1343905620_n1.jpg 960w\" sizes=\"auto, (max-width: 300px) 100vw, 300px\" \/><\/a><a href=\"http:\/\/blog.espol.edu.ec\/aocampo\/files\/2012\/07\/386243_308610649160277_1363609250_n1.jpg\"><img loading=\"lazy\" decoding=\"async\" class=\"size-medium wp-image-192 aligncenter\" src=\"http:\/\/blog.espol.edu.ec\/aocampo\/files\/2012\/07\/386243_308610649160277_1363609250_n1-300x200.jpg\" alt=\"\" width=\"300\" height=\"200\" srcset=\"https:\/\/blog.espol.edu.ec\/aocampo\/files\/2012\/07\/386243_308610649160277_1363609250_n1-300x200.jpg 300w, https:\/\/blog.espol.edu.ec\/aocampo\/files\/2012\/07\/386243_308610649160277_1363609250_n1.jpg 960w\" sizes=\"auto, (max-width: 300px) 100vw, 300px\" \/><\/a><\/p>\n<p style=\"text-align: left\"><strong>OTRAS ACTIVIDADES:<\/strong><\/p>\n<p style=\"text-align: right\"><a href=\"http:\/\/blog.espol.edu.ec\/aocampo\/files\/2012\/07\/IMG-20110827-00579.jpg\"><img loading=\"lazy\" decoding=\"async\" class=\"alignleft size-medium wp-image-194\" src=\"http:\/\/blog.espol.edu.ec\/aocampo\/files\/2012\/07\/IMG-20110827-00579-300x225.jpg\" alt=\"\" width=\"300\" height=\"225\" srcset=\"https:\/\/blog.espol.edu.ec\/aocampo\/files\/2012\/07\/IMG-20110827-00579-300x225.jpg 300w, https:\/\/blog.espol.edu.ec\/aocampo\/files\/2012\/07\/IMG-20110827-00579-1024x768.jpg 1024w\" sizes=\"auto, (max-width: 300px) 100vw, 300px\" \/><\/a><a href=\"http:\/\/blog.espol.edu.ec\/aocampo\/files\/2012\/07\/Untitled.png\"><img loading=\"lazy\" decoding=\"async\" class=\"aligncenter size-medium wp-image-196\" src=\"http:\/\/blog.espol.edu.ec\/aocampo\/files\/2012\/07\/Untitled-244x300.png\" alt=\"\" width=\"244\" height=\"300\" srcset=\"https:\/\/blog.espol.edu.ec\/aocampo\/files\/2012\/07\/Untitled-244x300.png 244w, https:\/\/blog.espol.edu.ec\/aocampo\/files\/2012\/07\/Untitled.png 441w\" sizes=\"auto, (max-width: 244px) 100vw, 244px\" \/><\/a><a href=\"http:\/\/blog.espol.edu.ec\/aocampo\/files\/2012\/07\/247655_2050103767754_531881_n1.jpg\"><img loading=\"lazy\" decoding=\"async\" class=\"aligncenter  wp-image-195\" src=\"http:\/\/blog.espol.edu.ec\/aocampo\/files\/2012\/07\/247655_2050103767754_531881_n1-225x300.jpg\" alt=\"\" width=\"225\" height=\"300\" srcset=\"https:\/\/blog.espol.edu.ec\/aocampo\/files\/2012\/07\/247655_2050103767754_531881_n1-225x300.jpg 225w, https:\/\/blog.espol.edu.ec\/aocampo\/files\/2012\/07\/247655_2050103767754_531881_n1.jpg 540w\" sizes=\"auto, (max-width: 225px) 100vw, 225px\" \/><\/a><\/p>\n","protected":false},"excerpt":{"rendered":"<p>SEXTO POLLUX DUKES 36 Pollux es una gigante estrella naranja en el norte de la constelaci\u00f3n de G\u00e9minis con aproximadamente 11.120.000 kilometros. Pollux es la estrella m\u00e1s brillante en la constelaci\u00f3n. El Liceo Naval es sin duda una de las mejores instituciones de Guayaquil, formadora de grandes lideres, bacahilleres, y sobre todo prestigiosos oficiales de [&hellip;]<\/p>\n","protected":false},"author":7585,"featured_media":0,"parent":0,"menu_order":0,"comment_status":"open","ping_status":"open","template":"","meta":{"footnotes":""},"class_list":["post-174","page","type-page","status-publish","hentry"],"_links":{"self":[{"href":"https:\/\/blog.espol.edu.ec\/aocampo\/wp-json\/wp\/v2\/pages\/174","targetHints":{"allow":["GET"]}}],"collection":[{"href":"https:\/\/blog.espol.edu.ec\/aocampo\/wp-json\/wp\/v2\/pages"}],"about":[{"href":"https:\/\/blog.espol.edu.ec\/aocampo\/wp-json\/wp\/v2\/types\/page"}],"author":[{"embeddable":true,"href":"https:\/\/blog.espol.edu.ec\/aocampo\/wp-json\/wp\/v2\/users\/7585"}],"replies":[{"embeddable":true,"href":"https:\/\/blog.espol.edu.ec\/aocampo\/wp-json\/wp\/v2\/comments?post=174"}],"version-history":[{"count":15,"href":"https:\/\/blog.espol.edu.ec\/aocampo\/wp-json\/wp\/v2\/pages\/174\/revisions"}],"predecessor-version":[{"id":200,"href":"https:\/\/blog.espol.edu.ec\/aocampo\/wp-json\/wp\/v2\/pages\/174\/revisions\/200"}],"wp:attachment":[{"href":"https:\/\/blog.espol.edu.ec\/aocampo\/wp-json\/wp\/v2\/media?parent=174"}],"curies":[{"name":"wp","href":"https:\/\/api.w.org\/{rel}","templated":true}]}}