{"id":45,"date":"2012-06-27T12:48:06","date_gmt":"2012-06-27T12:48:06","guid":{"rendered":"http:\/\/blog.espol.edu.ec\/aocampo\/?page_id=45"},"modified":"2012-09-05T23:34:25","modified_gmt":"2012-09-05T23:34:25","slug":"versos-marineros","status":"publish","type":"page","link":"https:\/\/blog.espol.edu.ec\/aocampo\/versos-marineros\/","title":{"rendered":"VERSOS MARINEROS"},"content":{"rendered":"<p style=\"text-align: center\"><strong>AMOR DEL MARINO<\/strong><\/p>\n<p style=\"text-align: center\"><em>Amo tus cabellos amigos del viento, adoro tus ojos mis mares inmensos, pero no puedo arrancar el ancla de mi pecho.<\/em><\/p>\n<p style=\"text-align: center\"><em>As\u00ed es el amor del marino, que comienza con un beso que te dice te quiero, y termina con otro que te dice adi\u00f3s.<\/em><\/p>\n<p style=\"text-align: center\"><em>Hoy tengo que zarpar, levar anclas, estibar mis penas y hacerme a la mar.<\/em><\/p>\n<p style=\"text-align: center\"><em>Te juro vida m\u00eda que te quiero pero al mar conoc\u00ed y lo am\u00e9 primero.<\/em><\/p>\n<p>&nbsp;<\/p>\n<p style=\"text-align: center\"><a href=\"http:\/\/blog.espol.edu.ec\/aocampo\/files\/2012\/06\/lovemilitary-db939954c2b6d5ce58d4513751efe884_m11.jpg\"><img loading=\"lazy\" decoding=\"async\" class=\"alignnone size-full wp-image-51\" src=\"http:\/\/blog.espol.edu.ec\/aocampo\/files\/2012\/06\/lovemilitary-db939954c2b6d5ce58d4513751efe884_m11.jpg\" alt=\"\" width=\"215\" height=\"184\" \/><\/a><\/p>\n<p>&nbsp;<\/p>\n<p>&nbsp;<\/p>\n<p><strong>\u00a0<\/strong><\/p>\n<p style=\"text-align: center\"><strong><a href=\"http:\/\/blog.espol.edu.ec\/aocampo\/files\/2012\/06\/imagesCAYD2SI0.jpg\"><img loading=\"lazy\" decoding=\"async\" class=\"alignleft size-full wp-image-55\" src=\"http:\/\/blog.espol.edu.ec\/aocampo\/files\/2012\/06\/imagesCAYD2SI0.jpg\" alt=\"\" width=\"275\" height=\"183\" \/><\/a>REBELD\u00cdA<\/strong><\/p>\n<p style=\"text-align: left\"><em>Se\u00f1or no estoy conforme con mi suerte ni con la dura ley que has decretado, pues no hay raz\u00f3n bastante fuerte para que me hayas hecho un desgraciado.<\/em><\/p>\n<p style=\"text-align: left\"><em>Te he pedido justicia, te he pedido que aplaques mi dolor y calmes mis penas y no has querido o\u00edrme o no has podido revocar tu sentencia en mi condena.<\/em><\/p>\n<p style=\"text-align: left\"><em>Casi nada te debo y no me queda nada, sino un amor inmensamente triste, yo saldar\u00e9 mis cuentas cuando pueda devolverte la vida que me diste.<\/em><\/p>\n<p style=\"text-align: left\"><em><\/em><\/p>\n<p style=\"text-align: center\"><em><strong>REPLICA MARINERA<\/strong><\/em><\/p>\n<p style=\"text-align: center\">Tu que hablas tantas cosas de la vida del mar<\/p>\n<p style=\"text-align: center\">has sido marinero alguna vez?<\/p>\n<p style=\"text-align: center\">te has hallado venciendo el temporal<\/p>\n<p style=\"text-align: center\">o arriando un contrafoque en el baupr\u00e9s<\/p>\n<p style=\"text-align: center\">sabes lo que es la amura o el comb\u00e9s<\/p>\n<p style=\"text-align: center\">la carlinga, la escota o el penol<\/p>\n<p style=\"text-align: center\">orzar, ponerse al pairo o trincar coy<\/p>\n<p style=\"text-align: center\">cazaste un cachalote alguna vez<\/p>\n<p style=\"text-align: center\">con el golpe certero de tu arp\u00f3n<\/p>\n<p style=\"text-align: center\">t\u00fa, en que velero fuiste capit\u00e1n.<\/p>\n<p style=\"text-align: center\">T\u00fa nunca fuiste marinero<\/p>\n<p style=\"text-align: center\">balurdo ganap\u00e1n de malec\u00f3n<\/p>\n<p style=\"text-align: center\">que no conoces m\u00e1s que el vaiv\u00e9n<\/p>\n<p style=\"text-align: center\">de las lanchas entorno al espig\u00f3n.<\/p>\n<p style=\"text-align: center\">Para decir \u00a1yo soy marinero!<\/p>\n<p style=\"text-align: center\">hay que haberse empapado el coraz\u00f3n<\/p>\n<p style=\"text-align: center\">con la espuma salobre de las olas<\/p>\n<p style=\"text-align: center\">mucho antes de alargarse el pantal\u00f3n.<\/p>\n<p style=\"text-align: center\">Hay que tener el t\u00f3rax ampuloso<\/p>\n<p style=\"text-align: center\">y la voz potente del diapas\u00f3n<\/p>\n<p style=\"text-align: center\">para hacerse escuchar entre las cofas<\/p>\n<p style=\"text-align: center\">en medio del potente ventarr\u00f3n.<\/p>\n<p style=\"text-align: center\">Hay que saber besar a las mujeres<\/p>\n<p style=\"text-align: center\">olvid\u00e1ndose siempre del amor,<\/p>\n<p style=\"text-align: center\">y mantenerse firme entre las jarcias<\/p>\n<p style=\"text-align: center\">despu\u00e9s de haber bebido mucho ron.<\/p>\n<p style=\"text-align: center\">Haber recorrido el mundo puerto a puerto<\/p>\n<p style=\"text-align: center\">de Beirut a Stocolm, de Callao a Bangkok<\/p>\n<p style=\"text-align: center\">y haber surcado el mar sin ver tierra<\/p>\n<p style=\"text-align: center\">desde el golfo de Penas hasta el Mar de Jap\u00f3n<\/p>\n<p style=\"text-align: center\">y t\u00fa que nunca tuviste el coraje de zarpar<\/p>\n<p style=\"text-align: center\">de ese pueblo apacible en que naciste<\/p>\n<p style=\"text-align: center\">y te la vienes a dar de marinero.<\/p>\n<p style=\"text-align: center\">T\u00fa nunca fuiste marinero<\/p>\n<p style=\"text-align: center\">porque apenas conoces la emoci\u00f3n<\/p>\n<p style=\"text-align: center\">del vaiv\u00e9n de las lanchas que navegan<\/p>\n<p style=\"text-align: center\">del malec\u00f3n al muelle<\/p>\n<p style=\"text-align: center\">y del muelle al malec\u00f3n.<\/p>\n<p><strong>\u00a0<\/strong><\/p>\n<p>&nbsp;<\/p>\n<p style=\"text-align: center\"><em><strong>T\u00da PUEDES<\/strong><\/em><\/p>\n<p style=\"text-align: center\"><a href=\"http:\/\/blog.espol.edu.ec\/aocampo\/files\/2012\/06\/NAVY.png\"><img loading=\"lazy\" decoding=\"async\" src=\"http:\/\/blog.espol.edu.ec\/aocampo\/files\/2012\/06\/NAVY.png\" alt=\"\" width=\"166\" height=\"65\" \/><\/a><\/p>\n<p style=\"text-align: center\">Puedes ser lo que t\u00fa quieras y pronto, s\u00f3lo puedes encontrar un obst\u00e1culo, t\u00fa mismo. Si t\u00fa lo deseas ardientemente, si t\u00fa pones ilusi\u00f3n y voluntad, trabajo y constancia.<\/p>\n<p style=\"text-align: center\">Pulverizas cualquier dificultad que surja, no lo dudes, t\u00fa puedes.<\/p>\n<p style=\"text-align: center\">Cuando lo descubras tu vida cambiar\u00e1, pues no se trata de cambiar el mundo, sino cambiar t\u00fa mundo, pues si lo haces el mundo ser\u00e1 mejor.<\/p>\n<p style=\"text-align: center\"><em><strong>\u00a0<\/strong><\/em><\/p>\n<p style=\"text-align: center\"><em><strong>ALMA FUERTE<\/strong><\/em><\/p>\n<p style=\"text-align: center\">No te sientas vencido ni a\u00fan vencido, no te sientas esclavo ni a\u00fan esclavo, tr\u00e9mulo de pavor pi\u00e9nsate bravo, y arremete feroz ya mal herido.<\/p>\n<p style=\"text-align: center\">Ten el tes\u00f3n del clavo enmohecido, que a\u00fan viejo y ruin vuelve a ser clavo, y no la cobarde intrepidez del pavo, que amaina su plumaje al menor ruido.<\/p>\n<p style=\"text-align: center\">Procede como Dios que nunca llora, o como lucifer que nunca reza, o como el robledal que en su grandeza, necesita de agua y no la implora, aunque muerde y vocifere vengadora, ya rodando por el polvo su cabeza.<\/p>\n<p style=\"text-align: center\"><strong>\u00a0<\/strong><\/p>\n<p style=\"text-align: left\"><em><strong>FAREWELL<\/strong><\/em><\/p>\n<p style=\"text-align: left\">Desde el fondo de ti arrodillado<\/p>\n<p style=\"text-align: left\">un ni\u00f1o triste como yo nos mira<\/p>\n<p style=\"text-align: left\">por esa vida que arder\u00e1 en sus venas<\/p>\n<p style=\"text-align: left\">tendr\u00e1n que unirse nuestras vidas.<\/p>\n<p style=\"text-align: left\">Por esas manos hijas de tus manos<\/p>\n<p style=\"text-align: left\">tendr\u00e1n que matar las manos m\u00edas<\/p>\n<p style=\"text-align: left\">por esos ojos abiertos en la tierra<\/p>\n<p style=\"text-align: left\">ver\u00e9 en los tuyos l\u00e1grimas un d\u00eda.<\/p>\n<p style=\"text-align: left\">Yo no lo quiero amada<\/p>\n<p style=\"text-align: left\">que nada nos amarre<\/p>\n<p style=\"text-align: left\">que no nos una nada<\/p>\n<p style=\"text-align: left\">ni la palabra que arom\u00f3 tu boca<\/p>\n<p style=\"text-align: left\">ni lo que no dijeron tus palabras<\/p>\n<p style=\"text-align: left\">ni las fiestas de amor que no tuvimos<\/p>\n<p style=\"text-align: left\">ni tus sollozos junto a la ventana.<\/p>\n<p style=\"text-align: left\">Amo el amor de los marinos<\/p>\n<p><strong><a href=\"http:\/\/blog.espol.edu.ec\/aocampo\/files\/2012\/06\/BLOG.png\"><img loading=\"lazy\" decoding=\"async\" class=\"alignright\" src=\"http:\/\/blog.espol.edu.ec\/aocampo\/files\/2012\/06\/BLOG-300x223.png\" alt=\"\" width=\"300\" height=\"223\" \/><\/a><\/strong><\/p>\n<p style=\"text-align: left\">que besan y se van<\/p>\n<p style=\"text-align: left\">dejan una promesa<\/p>\n<p style=\"text-align: left\">y no vuelven nunca m\u00e1s.<\/p>\n<p style=\"text-align: left\">En cada puerto una mujer espera<\/p>\n<p style=\"text-align: left\">los marinos besan y se van<\/p>\n<p style=\"text-align: left\">una noche se acuestan con la muerte<\/p>\n<p style=\"text-align: left\">en lecho oscuro de la mar.<\/p>\n<p style=\"text-align: left\">Amo el amor que se reparte<\/p>\n<p style=\"text-align: left\">en besos leche y pan<\/p>\n<p style=\"text-align: left\">amor que puede ser eterno<\/p>\n<p style=\"text-align: left\">amor que puede ser fugaz.<\/p>\n<p style=\"text-align: left\">Amor que quiere liberarse<\/p>\n<p style=\"text-align: left\">para volver a amar<\/p>\n<p style=\"text-align: left\">amor divinizado que se acerca<\/p>\n<p style=\"text-align: left\">amor divinizado que se va.<\/p>\n<p style=\"text-align: left\">Ya no se encantar\u00e1n mis ojos en tus ojos<\/p>\n<p style=\"text-align: left\">ya no se endulzar\u00e1 junto a ti mi dolor<\/p>\n<p style=\"text-align: left\">pero hacia donde vaya llevar\u00e9 tu mirada<\/p>\n<p style=\"text-align: left\">y hacia donde camines llevar\u00e1s mi dolor.<\/p>\n<p style=\"text-align: left\">Fui tuyo, fuiste m\u00eda<\/p>\n<p style=\"text-align: left\">t\u00fa ser\u00e1s del que te ame<\/p>\n<p style=\"text-align: left\">del que corte de tu huerto<\/p>\n<p style=\"text-align: left\">lo que he sembrado yo<\/p>\n<p style=\"text-align: left\">Ya me voy estoy triste<\/p>\n<p style=\"text-align: left\">para siempre triste<\/p>\n<p style=\"text-align: left\">vengo de tus brazos<\/p>\n<p style=\"text-align: left\">no se adonde voy<\/p>\n<p style=\"text-align: left\">desde tu coraz\u00f3n me dice adi\u00f3s un ni\u00f1o<\/p>\n<p style=\"text-align: left\">y yo le digo adi\u00f3s.<\/p>\n<p style=\"text-align: center\">\n<p style=\"text-align: center\"><strong>LEALTAD<\/strong><\/p>\n<p style=\"text-align: center\">Si usted trabaja para alguien, por Dios trabaje para \u00e9l, hable bien de \u00e9l y sea fiel a la instituci\u00f3n que el representa.<\/p>\n<p style=\"text-align: center\">\u00a0Recuerde que una onza de lealtad vale por una libra de talento.<\/p>\n<p style=\"text-align: center\">Si usted, tiene que murmurar, condenar o encontrar faltas constantemente, entonces es mejor que renuncie a su puesto, y cuando este fuera de \u00e9l, de rienda suelta a la maldad de su coraz\u00f3n.<\/p>\n<p style=\"text-align: center\">Pero mientras sea parte de la instituci\u00f3n, no la censure, pues si lo hace, la primera r\u00e1faga de viento que pase se lo llevar\u00e1, y usted probablemente sabr\u00e1 por qu\u00e9.<\/p>\n<p style=\"text-align: center\">\n<p style=\"text-align: center\">\n<p><strong>VERSOS DE THOMAS GRAY<\/strong><\/p>\n<p>Si ambas luces de un vapor<\/p>\n<p>Por tu proa has avistado<\/p>\n<p>Debes caer a estribor<\/p>\n<p>Dejando ver tu encarnado.<\/p>\n<p>&nbsp;<\/p>\n<p>Si da verde con el verde<\/p>\n<p>O encarnado con su igual<\/p>\n<p>Entonces nada se pierde<\/p>\n<p>Sigue su rumbo cada cual.<\/p>\n<p>&nbsp;<\/p>\n<p>Si ha estribor ves colorado<\/p>\n<p>Debes con cuidado obrar,<\/p>\n<p>Gobierna a uno u otro lado,<\/p>\n<p>Modera, para o manda a ciar.<\/p>\n<p>&nbsp;<\/p>\n<p>Si acaso por babor<\/p>\n<p>El verde se deja ver<\/p>\n<p>Sigue avante ojo visor<\/p>\n<p>D\u00e9base el otro mover.<\/p>\n<p>&nbsp;<\/p>\n<p>Y estad siempre vigilante<\/p>\n<p>Y ten presente adem\u00e1s<\/p>\n<p>Que si hay peligro por delante<\/p>\n<p>Modera, para o manda a ciar.<\/p>\n<p><strong>\u00a0<\/strong><\/p>\n","protected":false},"excerpt":{"rendered":"<p>AMOR DEL MARINO Amo tus cabellos amigos del viento, adoro tus ojos mis mares inmensos, pero no puedo arrancar el ancla de mi pecho. As\u00ed es el amor del marino, que comienza con un beso que te dice te quiero, y termina con otro que te dice adi\u00f3s. Hoy tengo que zarpar, levar anclas, estibar [&hellip;]<\/p>\n","protected":false},"author":7585,"featured_media":0,"parent":0,"menu_order":0,"comment_status":"open","ping_status":"open","template":"","meta":{"footnotes":""},"class_list":["post-45","page","type-page","status-publish","hentry"],"_links":{"self":[{"href":"https:\/\/blog.espol.edu.ec\/aocampo\/wp-json\/wp\/v2\/pages\/45","targetHints":{"allow":["GET"]}}],"collection":[{"href":"https:\/\/blog.espol.edu.ec\/aocampo\/wp-json\/wp\/v2\/pages"}],"about":[{"href":"https:\/\/blog.espol.edu.ec\/aocampo\/wp-json\/wp\/v2\/types\/page"}],"author":[{"embeddable":true,"href":"https:\/\/blog.espol.edu.ec\/aocampo\/wp-json\/wp\/v2\/users\/7585"}],"replies":[{"embeddable":true,"href":"https:\/\/blog.espol.edu.ec\/aocampo\/wp-json\/wp\/v2\/comments?post=45"}],"version-history":[{"count":9,"href":"https:\/\/blog.espol.edu.ec\/aocampo\/wp-json\/wp\/v2\/pages\/45\/revisions"}],"predecessor-version":[{"id":49,"href":"https:\/\/blog.espol.edu.ec\/aocampo\/wp-json\/wp\/v2\/pages\/45\/revisions\/49"}],"wp:attachment":[{"href":"https:\/\/blog.espol.edu.ec\/aocampo\/wp-json\/wp\/v2\/media?parent=45"}],"curies":[{"name":"wp","href":"https:\/\/api.w.org\/{rel}","templated":true}]}}