{"id":70,"date":"2012-07-05T03:30:57","date_gmt":"2012-07-05T03:30:57","guid":{"rendered":"http:\/\/blog.espol.edu.ec\/aocampo\/?page_id=70"},"modified":"2012-09-05T23:37:57","modified_gmt":"2012-09-05T23:37:57","slug":"tradiciones-navales","status":"publish","type":"page","link":"https:\/\/blog.espol.edu.ec\/aocampo\/tradiciones-navales\/","title":{"rendered":"TRADICIONES NAVALES"},"content":{"rendered":"<p style=\"text-align: left\"><strong><a href=\"http:\/\/blog.espol.edu.ec\/aocampo\/files\/2012\/07\/bira-bira.mp3\">Bira Bira<\/a>\u00a0\u00a0\u00a0\u00a0 <\/strong><\/p>\n<p style=\"text-align: center\"><strong>TRADICI\u00d3N DE LA GORRA<\/strong><\/p>\n<p style=\"text-align: center\">Yo soy la representaci\u00f3n del orgullo y el valor marino, y es deseo del dios Neptuno que toda mujer que me posea sobre su cabeza, d\u00e9 a mi due\u00f1o el n\u00e9ctar de sus labios.<\/p>\n<p style=\"text-align: center\"><a href=\"http:\/\/blog.espol.edu.ec\/aocampo\/files\/2012\/07\/GORRA.png\"><img loading=\"lazy\" decoding=\"async\" class=\"size-medium wp-image-71\" src=\"http:\/\/blog.espol.edu.ec\/aocampo\/files\/2012\/07\/GORRA-300x195.png\" alt=\"\" width=\"300\" height=\"195\" srcset=\"https:\/\/blog.espol.edu.ec\/aocampo\/files\/2012\/07\/GORRA-300x195.png 300w, https:\/\/blog.espol.edu.ec\/aocampo\/files\/2012\/07\/GORRA.png 407w\" sizes=\"auto, (max-width: 300px) 100vw, 300px\" \/><\/a><\/p>\n<p><strong>ORACI\u00d3N DEL FUSIL <\/strong><\/p>\n<p>He aqu\u00ed mi fusil<\/p>\n<p>Hay muchos como \u00e9l,<\/p>\n<p>Pero \u00e9ste es el m\u00edo,<\/p>\n<p>Debo ser su due\u00f1o<\/p>\n<p>Como soy due\u00f1o de mi vida<\/p>\n<p>Sin m\u00ed es in\u00fatil,<\/p>\n<p>Sin \u00e9l no sirvo para nada<\/p>\n<p>En la guerra lo que importa no es<\/p>\n<p>Ni el humo del combate,<\/p>\n<p>Ni el rugir de los ca\u00f1ones,<\/p>\n<p>Sino el n\u00famero de disparos efectivos<\/p>\n<p>En el coraz\u00f3n del enemigo.<\/p>\n<p><strong>\u00a0<\/strong><\/p>\n<p><strong>DEC\u00c1LOGO DEL GUARDIAMARINA<\/strong><\/p>\n<ol>\n<li>Cumplir\u00e9 fielmente el c\u00f3digo de honor del Guardiamarina<\/li>\n<li>Encausar\u00e9 mis objetivos y metas dentro de la m\u00edstica naval<\/li>\n<li>Forjar\u00e9 de la disciplina consistente y firme mi norma de conducta<\/li>\n<li>Desarrollar\u00e9 a cabalidad mis capacidades mentales para conseguir un eficiente rendimiento<\/li>\n<li>Proceder\u00e9 con presteza, valor y tenacidad al logro permanente de mi superaci\u00f3n<\/li>\n<li>Respetar\u00e9 a mis superiores y dirigir\u00e9 con justicia y abnegaci\u00f3n a mis subordinados<\/li>\n<li>Adecuar\u00e9 mi porte, destreza y salud corporal a las exigencias de la carrera naval<\/li>\n<li>Robustecer\u00e9 mi car\u00e1cter, esp\u00edritu militar y de cuerpo, a trav\u00e9s de las pr\u00e1cticas y competencias deportivas<\/li>\n<li>Manifestar\u00e9\u00a0 buen juicio, criterio y sentido del humor<\/li>\n<li>Asumir\u00e9 las responsabilidades por todos mis deberes y obligaciones<\/li>\n<\/ol>\n<p>&nbsp;<\/p>\n<p>&nbsp;<\/p>\n<p align=\"center\"><strong>ORACI\u00d3N DEL NAVEGANTE<\/strong><\/p>\n<p align=\"center\">Se\u00f1or de infinita misericordia<\/p>\n<p align=\"center\">bendice a este buque y a tus hijos que lo tripulamos<\/p>\n<p align=\"center\">danos fuerza y sabidur\u00eda para que seamos<\/p>\n<p align=\"center\">dignos representantes de nuestra fe y nuestra Patria<\/p>\n<p align=\"center\">te rogamos por ella tambi\u00e9n Se\u00f1or<\/p>\n<p align=\"center\">y por todos aquellos seres queridos que dejamos atr\u00e1s<\/p>\n<p align=\"center\">cu\u00eddalos y prot\u00e9gelos en nuestra ausencia<\/p>\n<p align=\"center\">mientras surcamos los mares<\/p>\n<p align=\"center\">cumpliendo diariamente con nuestro deber ...<\/p>\n<p align=\"center\"><a href=\"http:\/\/blog.espol.edu.ec\/aocampo\/files\/2012\/07\/BUQUE.jpg\"><img loading=\"lazy\" decoding=\"async\" class=\"size-full wp-image-72 aligncenter\" src=\"http:\/\/blog.espol.edu.ec\/aocampo\/files\/2012\/07\/BUQUE.jpg\" alt=\"\" width=\"261\" height=\"193\" \/><\/a><\/p>\n<p>&nbsp;<\/p>\n<p><strong>ORACI\u00d3N DEL GUARDIAMARINA<\/strong><\/p>\n<p>Guiados por la luz del faro de tu ejemplo<\/p>\n<p>Unidos en tu cruz deL gran hijo de Dios<\/p>\n<p>Avante navegamos siguiendo el rumbo cierto de nuestra vida<\/p>\n<p>Recorriendo la estela de tu amor, hacia el puerto de infinita paz y alegr\u00eda<\/p>\n<p>Deseo en este d\u00eda ofrecerte mi oraci\u00f3n<\/p>\n<p>Inspirados de alisios que refrescan la raz\u00f3n<\/p>\n<p>Alma\u00a0 m\u00eda, cuan agradecida estas al momento<\/p>\n<p>Mientras el tiempo pasa como el viento<\/p>\n<p>Arraigando honor, valor y coraje<\/p>\n<p>Reconozco se\u00f1or nuestra vida sacrificada<\/p>\n<p>Ignorando mi condici\u00f3n de pecador<\/p>\n<p>Nunca permitas se\u00f1or que los mares y los vientos<\/p>\n<p>Amainen la fe en ti mi gran se\u00f1or.<\/p>\n<p>&nbsp;<\/p>\n<p style=\"text-align: center\"><strong>DIANA GENERAL<\/strong><\/p>\n<p style=\"text-align: center\">Alza arriba, trinca el coy<\/p>\n<p style=\"text-align: center\">Cuerpo vago y descansado.<\/p>\n<p style=\"text-align: center\">Se acabo la vida horizontal<\/p>\n<p style=\"text-align: center\">Comienza la vida vertical.<\/p>\n<p style=\"text-align: center\">Lev\u00e1ntate a trabajar:<\/p>\n<p style=\"text-align: center\">Diana general, diana general.<\/p>\n<p>&nbsp;<\/p>\n<p style=\"text-align: right\"><strong>MUERTOS<\/strong><\/p>\n<p style=\"text-align: right\">No son muertos los que en dulce calma<\/p>\n<p style=\"text-align: right\"><img loading=\"lazy\" decoding=\"async\" class=\"alignleft\" src=\"http:\/\/2.bp.blogspot.com\/_xV3CQLwWhcg\/S13NhWrBf3I\/AAAAAAAACRM\/401i7fdEOxk\/s320\/ancla_salvacion.gif\" alt=\"\" width=\"219\" height=\"215\" \/>La paz disfrutan de la tumba fr\u00eda<\/p>\n<p style=\"text-align: right\">Porque muertos son los que llevan<\/p>\n<p style=\"text-align: right\">Muerta el alma y a\u00fan viven todav\u00eda<\/p>\n<p style=\"text-align: right\">La vida no es la vida que vivimos<\/p>\n<p style=\"text-align: right\">La vida es el compa\u00f1ero, es el amigo<\/p>\n<p style=\"text-align: right\">Es el amor a la Patria y el honor nunca visto<\/p>\n<p style=\"text-align: right\">Cuando un marino pierde un amigo<\/p>\n<p style=\"text-align: right\">Pierde el alma y es un muerto vivo<\/p>\n<p style=\"text-align: right\">Por eso hay muertos que en el mundo viven<\/p>\n<p style=\"text-align: right\">Y hombres que viven en el mundo muertos<\/p>\n<p>&nbsp;<\/p>\n<p><strong>\u00a0<\/strong><\/p>\n<p style=\"text-align: center\"><strong>MURAL DE LA CAPITAN\u00cdA<\/strong><\/p>\n<p style=\"text-align: center\">El mar es como un viejo camarada de la infancia<\/p>\n<p style=\"text-align: center\">Con el que se ha unido en un salvaje amor<\/p>\n<p style=\"text-align: center\">Yo respire de ni\u00f1o su salobre fragancia<\/p>\n<p style=\"text-align: center\">Y llevo en mis o\u00eddos su b\u00e1rbaro fragor<\/p>\n<p style=\"text-align: center\">Las velas no han muerto, no pueden morir, existir\u00e1n mientras exista el viento, y mientras en el coraz\u00f3n del hombre sople; ese viento misterioso y magn\u00edfico que se llama esp\u00edritu, sue\u00f1o y poes\u00eda, a la mar un hombre de mar a un final rom\u00e1ntico y feliz de la vida del mar.<\/p>\n<p>&nbsp;<\/p>\n<p style=\"text-align: center\"><strong>MURAL DE LA C\u00c1MARA<\/strong><\/p>\n<p style=\"text-align: center\">Por estas puertas pasamos d\u00eda a d\u00eda hombres que fortalecemos nuestro cuerpo y esp\u00edritu ya que todo cuanto sucede en nuestras vidas se explica \u00fanicamente por lo que nos habr\u00e1 de pasar al final.<\/p>\n<p>&nbsp;<\/p>\n<p>&nbsp;<\/p>\n<p><strong>LOS 10 MANDAMIENTOS DEL RECLUTA<\/strong><\/p>\n<ol>\n<li>Amar\u00e1s a tu gama antiguo sobre todas las cosas<\/li>\n<li>No sacar\u00e1s la vuelta al TQ pasando a la enfermer\u00eda<\/li>\n<li>No har\u00e1s correr a tus Gm`s los viernes, s\u00e1bados, domingos y feriados<\/li>\n<li>No matar\u00e1s de hambre a tus Gm`s antiguos y amar\u00e1s la mesa donde comes<\/li>\n<li>No renegar\u00e1s la hora de la diana<\/li>\n<li>No fumar\u00e1s en el camarote o en la guardia<\/li>\n<li>No codiciar\u00e1s la novia de tu gama antiguo<\/li>\n<li>No mentir\u00e1s al decir que no tienes hermanas ni primas<\/li>\n<li>No tomar\u00e1s muchas colas en la cantina<\/li>\n<li>No te perder\u00e1s ning\u00fan teque interesante<\/li>\n<\/ol>\n<p style=\"text-align: center\"><img loading=\"lazy\" decoding=\"async\" src=\"http:\/\/photos-e.ak.fbcdn.net\/hphotos-ak-ash3\/581212_396604723715258_922799826_a.jpg\" alt=\"\" width=\"207\" height=\"246\" \/><\/p>\n<p><strong>EXCUSAS DEL INEPTO<\/strong><\/p>\n<ol>\n<li>Siempre lo he hecho as\u00ed<\/li>\n<li>No sab\u00eda que era tan urgente<\/li>\n<li>Esto no me corresponde<\/li>\n<li>Nadie dijo que adelantara esto<\/li>\n<li>Estoy esperando el visto bueno<\/li>\n<li>\u00bfC\u00f3mo iba a saber que era distinto?<\/li>\n<li>Estoy esperando que regrese el jefe para preguntarle<\/li>\n<li>Se me olvid\u00f3<\/li>\n<li>Estoy ocupado y no puedo dedicarme a esto<\/li>\n<li>No cre\u00ed que era tan importante<\/li>\n<li>No tengo tiempo<\/li>\n<li>A mi no me contaron para hacer esto<\/li>\n<li>Yo cre\u00ed que solo hab\u00eda dicho<\/li>\n<\/ol>\n<p>&nbsp;<\/p>\n<p style=\"text-align: center\"><strong>CREDO DEL RECLUTA<\/strong><\/p>\n<p style=\"text-align: center\">Creo en el teue todo poderoso<\/p>\n<p style=\"text-align: center\">Creador de fibras y fibrosos<\/p>\n<p style=\"text-align: center\">Y en el recluta su \u00fanico hijo<\/p>\n<p style=\"text-align: center\">Creado por obra y gracia del Brigadier Capit\u00e1n.<\/p>\n<p style=\"text-align: center\">Nacido en la planchada 25 de julio<\/p>\n<p style=\"text-align: center\">Padeci\u00f3 bajo el poder de los antiguos<\/p>\n<p style=\"text-align: center\">Fue crucificado muerto y sepultado<\/p>\n<p style=\"text-align: center\">Al a\u00f1o resucit\u00f3 y se fue de crucero<\/p>\n<p style=\"text-align: center\">Y de all\u00ed ha de venir a castigar<\/p>\n<p style=\"text-align: center\">A los nuevos reclutas.<\/p>\n<p style=\"text-align: center\">Creo en las santas flexiones de pecho<\/p>\n<p style=\"text-align: center\">En los pasillos y lampazos<\/p>\n<p style=\"text-align: center\">Creo en el recluta y su vida sacrificada.<\/p>\n<p style=\"text-align: center\">\n<p><strong>BRINDIS DEL MARINO<\/strong><\/p>\n<p>Agua cristalina y pura<\/p>\n<p>Lavadora de trastos y trapos<\/p>\n<p>Creadora de ranas y sapos<\/p>\n<p>Quer\u00e9is que la beba yo.<\/p>\n<p>&nbsp;<\/p>\n<p>No, como est\u00e1 escrito<\/p>\n<p>En las sagradas leyes<\/p>\n<p>El agua es para los bueyes<\/p>\n<p>Que tienen el cuero duro.<\/p>\n<p>&nbsp;<\/p>\n<p>La cerveza el vino y las mujeres<\/p>\n<p>Se hicieron para nosotros<\/p>\n<p>Los bravos marinos, y Dios<\/p>\n<p>Que es c\u00famulo de bondad infinita.<\/p>\n<p>&nbsp;<\/p>\n<p>Y nosotros sus buenos muchachos<\/p>\n<p>Ya que nos hizo borrachos<\/p>\n<p>H\u00e1gase Se\u00f1or tu voluntad.<\/p>\n<p>&nbsp;<\/p>\n<p>Marinos, estamos todos\u2026\u2026\u2026\u2026\u2026\u2026\u2026\u2026\u2026s\u00ed estamos<\/p>\n<p>Como caballeros cumplimos\u2026\u2026\u2026\u2026\u2026\u2026s\u00ed cumplimos<\/p>\n<p>a las mujeres amamos\u2026\u2026\u2026\u2026\u2026\u2026\u2026\u2026\u2026\u2026\u2026no, las adoramos<\/p>\n<p>Hace cuanto tiempo que no tomamos\u2026\u2026\u2026\u2026\u2026\u2026hace puf<\/p>\n<p>Pues entonces bebamos.<\/p>\n<p>&nbsp;<\/p>\n<p>Arriba, abajo, al centro y adentro.<\/p>\n<p>&nbsp;<\/p>\n<p>&nbsp;<\/p>\n<p style=\"text-align: center\"><strong>VIDEO\u00a0TRADICIONES NAVALES POR LAS CANDIDATAS A NEREIDA<\/strong><\/p>\n<p><iframe loading=\"lazy\" src=\"http:\/\/www.youtube.com\/embed\/EQmKcZuUnEQ\" frameborder=\"0\" width=\"420\" height=\"315\"><\/iframe><\/p>\n","protected":false},"excerpt":{"rendered":"<p>Bira Bira\u00a0\u00a0\u00a0\u00a0 TRADICI\u00d3N DE LA GORRA Yo soy la representaci\u00f3n del orgullo y el valor marino, y es deseo del dios Neptuno que toda mujer que me posea sobre su cabeza, d\u00e9 a mi due\u00f1o el n\u00e9ctar de sus labios. ORACI\u00d3N DEL FUSIL He aqu\u00ed mi fusil Hay muchos como \u00e9l, Pero \u00e9ste es el [&hellip;]<\/p>\n","protected":false},"author":7585,"featured_media":0,"parent":0,"menu_order":0,"comment_status":"open","ping_status":"open","template":"","meta":{"footnotes":""},"class_list":["post-70","page","type-page","status-publish","hentry"],"_links":{"self":[{"href":"https:\/\/blog.espol.edu.ec\/aocampo\/wp-json\/wp\/v2\/pages\/70","targetHints":{"allow":["GET"]}}],"collection":[{"href":"https:\/\/blog.espol.edu.ec\/aocampo\/wp-json\/wp\/v2\/pages"}],"about":[{"href":"https:\/\/blog.espol.edu.ec\/aocampo\/wp-json\/wp\/v2\/types\/page"}],"author":[{"embeddable":true,"href":"https:\/\/blog.espol.edu.ec\/aocampo\/wp-json\/wp\/v2\/users\/7585"}],"replies":[{"embeddable":true,"href":"https:\/\/blog.espol.edu.ec\/aocampo\/wp-json\/wp\/v2\/comments?post=70"}],"version-history":[{"count":8,"href":"https:\/\/blog.espol.edu.ec\/aocampo\/wp-json\/wp\/v2\/pages\/70\/revisions"}],"predecessor-version":[{"id":74,"href":"https:\/\/blog.espol.edu.ec\/aocampo\/wp-json\/wp\/v2\/pages\/70\/revisions\/74"}],"wp:attachment":[{"href":"https:\/\/blog.espol.edu.ec\/aocampo\/wp-json\/wp\/v2\/media?parent=70"}],"curies":[{"name":"wp","href":"https:\/\/api.w.org\/{rel}","templated":true}]}}