{"id":93,"date":"2012-07-08T03:46:12","date_gmt":"2012-07-08T03:46:12","guid":{"rendered":"http:\/\/blog.espol.edu.ec\/aocampo\/?page_id=93"},"modified":"2012-09-05T23:45:03","modified_gmt":"2012-09-05T23:45:03","slug":"canciones-navales","status":"publish","type":"page","link":"https:\/\/blog.espol.edu.ec\/aocampo\/canciones-navales\/","title":{"rendered":"MARCHAS Y CANCIONES MARINERAS"},"content":{"rendered":"<p><strong><em>\u00a0\u00a0\u00a0\u00a0\u00a0\u00a0\u00a0\u00a0\u00a0\u00a0\u00a0\u00a0\u00a0\u00a0\u00a0\u00a0 MANCHA ROJA<\/em><\/strong><\/p>\n<p>Era un soldado que de miedo no tembl\u00f3.<\/p>\n<p>Preparo su equipo esperando lo mejor.<\/p>\n<p>Sin saber siquiera que le esperaba lo peor,<\/p>\n<p>y ya no saltar\u00e1 m\u00e1s.<\/p>\n<p style=\"text-align: center\"><strong>\u00a0\u00a0\u00a0\u00a0\u00a0\u00a0\u00a0\u00a0\u00a0\u00a0\u00a0\u00a0\u00a0\u00a0\u00a0\u00a0\u00a0\u00a0\u00a0\u00a0\u00a0 Coro<a href=\"http:\/\/blog.espol.edu.ec\/aocampo\/files\/2012\/07\/blog.png\"><img loading=\"lazy\" decoding=\"async\" class=\"alignleft size-medium wp-image-94\" src=\"http:\/\/blog.espol.edu.ec\/aocampo\/files\/2012\/07\/blog-300x216.png\" alt=\"\" width=\"300\" height=\"216\" srcset=\"https:\/\/blog.espol.edu.ec\/aocampo\/files\/2012\/07\/blog-300x216.png 300w, https:\/\/blog.espol.edu.ec\/aocampo\/files\/2012\/07\/blog.png 386w\" sizes=\"auto, (max-width: 300px) 100vw, 300px\" \/><\/a><\/strong><\/p>\n<p style=\"text-align: center\">Mancha Roja que manera de morir<\/p>\n<p style=\"text-align: center\">se quedo sin alas, sin boina que lucir.<\/p>\n<p style=\"text-align: center\">Ya tranquilo con don sata fue a vivir,<\/p>\n<p style=\"text-align: center\">y ya no saltar\u00e1 m\u00e1s.<\/p>\n<p style=\"text-align: center\">Numerarse fue el teniente que mando<\/p>\n<p style=\"text-align: center\">nuestro m\u00e1rtir en la puerta se paro.<\/p>\n<p style=\"text-align: center\">\u00a0\u00a0\u00a0\u00a0\u00a0\u00a0\u00a0\u00a0\u00a0\u00a0\u00a0\u00a0\u00a0\u00a0\u00a0\u00a0\u00a0\u00a0\u00a0\u00a0\u00a0\u00a0\u00a0\u00a0\u00a0\u00a0\u00a0\u00a0\u00a0\u00a0\u00a0\u00a0\u00a0\u00a0\u00a0\u00a0\u00a0\u00a0\u00a0\u00a0\u00a0\u00a0\u00a0\u00a0\u00a0\u00a0\u00a0\u00a0\u00a0\u00a0\u00a0\u00a0\u00a0\u00a0\u00a0\u00a0\u00a0\u00a0\u00a0\u00a0\u00a0\u00a0\u00a0\u00a0\u00a0\u00a0\u00a0\u00a0\u00a0\u00a0\u00a0\u00a0\u00a0\u00a0\u00a0\u00a0\u00a0\u00a0\u00a0\u00a0\u00a0\u00a0\u00a0\u00a0\u00a0\u00a0\u00a0\u00a0\u00a0\u00a0\u00a0\u00a0\u00a0\u00a0 Y su gancho en el bolsillo lo guardo,<\/p>\n<p style=\"text-align: center\">\u00a0\u00a0\u00a0\u00a0\u00a0\u00a0\u00a0\u00a0\u00a0\u00a0\u00a0\u00a0\u00a0\u00a0\u00a0\u00a0\u00a0\u00a0\u00a0\u00a0\u00a0\u00a0\u00a0\u00a0\u00a0\u00a0\u00a0\u00a0\u00a0\u00a0\u00a0\u00a0\u00a0\u00a0\u00a0\u00a0\u00a0\u00a0\u00a0\u00a0\u00a0\u00a0\u00a0\u00a0\u00a0\u00a0\u00a0\u00a0\u00a0\u00a0\u00a0\u00a0\u00a0\u00a0\u00a0\u00a0\u00a0\u00a0\u00a0\u00a0\u00a0\u00a0\u00a0\u00a0\u00a0\u00a0\u00a0\u00a0\u00a0\u00a0\u00a0\u00a0\u00a0\u00a0\u00a0\u00a0\u00a0\u00a0\u00a0\u00a0\u00a0\u00a0\u00a0\u00a0\u00a0\u00a0\u00a0\u00a0\u00a0\u00a0\u00a0\u00a0\u00a0 y al espacio se lanz\u00f3.<\/p>\n<p><strong>\u00a0\u00a0\u00a0\u00a0\u00a0\u00a0\u00a0\u00a0\u00a0\u00a0\u00a0\u00a0\u00a0\u00a0\u00a0\u00a0\u00a0 Coro<\/strong><\/p>\n<p>El se fue contando hasta llegar a treinta mil,<\/p>\n<p>se quedo esperando a que llegara aquel tir\u00f3n,<\/p>\n<p>Y como la vida solo llega a cuatro mil,<\/p>\n<p>eso le paso por gil.<\/p>\n<p><strong>\u00a0\u00a0\u00a0\u00a0\u00a0\u00a0\u00a0\u00a0\u00a0\u00a0\u00a0\u00a0\u00a0\u00a0\u00a0\u00a0\u00a0\u00a0\u00a0 Coro<\/strong><\/p>\n<p>Un mont\u00f3n de huesos, sangre y sesos le quedo.<\/p>\n<p>En un hoyo oscuro su figura se estampo,<\/p>\n<p>y su noviecita en un bolso lo guardo<\/p>\n<p>y por parte lo vendi\u00f3.<\/p>\n<p>Mancha roja que manera de morir<\/p>\n<p>se quedo sin alas sin boina que lucir.<\/p>\n<p>Ya tranquilo con don sata fue a vivir<\/p>\n<p>y la historia termina aqu\u00ed.<\/p>\n<p style=\"text-align: right\"><em><strong>CANCI\u00d3N DEL PIRATA<\/strong><\/em><\/p>\n<p style=\"text-align: right\">Soy pirata y navego en los mares<\/p>\n<p style=\"text-align: right\">donde todos respetan mi vos<\/p>\n<p style=\"text-align: right\">soy feliz entre tantos pesares<\/p>\n<p style=\"text-align: right\">y no tengo m\u00e1s leyes que Dios (BIS)<\/p>\n<p style=\"text-align: right\">Viva la mar, Viva la mar.<\/p>\n<p style=\"text-align: right\"><a href=\"http:\/\/blog.espol.edu.ec\/aocampo\/files\/2012\/07\/Pirata.jpg\"><img loading=\"lazy\" decoding=\"async\" class=\"alignleft size-medium wp-image-96\" src=\"http:\/\/blog.espol.edu.ec\/aocampo\/files\/2012\/07\/Pirata-300x251.jpg\" alt=\"\" width=\"300\" height=\"251\" srcset=\"https:\/\/blog.espol.edu.ec\/aocampo\/files\/2012\/07\/Pirata-300x251.jpg 300w, https:\/\/blog.espol.edu.ec\/aocampo\/files\/2012\/07\/Pirata.jpg 400w\" sizes=\"auto, (max-width: 300px) 100vw, 300px\" \/><\/a>A la luz de la p\u00e1lida luna<\/p>\n<p style=\"text-align: right\">en un barco pirata nac\u00ed<\/p>\n<p style=\"text-align: right\">abogar fue la voz que en mi cuna<\/p>\n<p style=\"text-align: right\">escuchando a mi madre aprend\u00ed (BIS).<\/p>\n<p style=\"text-align: right\">Viva la mar, Viva la mar.<\/p>\n<p style=\"text-align: right\">Cuando ni\u00f1o a rezar me pon\u00eda<\/p>\n<p style=\"text-align: right\">y mi madre empezaba a cantar<\/p>\n<p style=\"text-align: right\">era tanta mi dulce alegr\u00eda<\/p>\n<p style=\"text-align: right\">que no hallaba m\u00e1s dicha que el mar (BIS)<\/p>\n<p style=\"text-align: right\">Viva la mar, Viva la mar.<\/p>\n<p style=\"text-align: right\">En la guerra los crueles horrores<\/p>\n<p style=\"text-align: right\">en silencio me hac\u00eda contemplar<\/p>\n<p style=\"text-align: right\">cuantas veces me dijo no llores<\/p>\n<p style=\"text-align: right\">los piratas no saben llorar (BIS)<\/p>\n<p style=\"text-align: right\">Viva la mar, Viva la mar.<\/p>\n<p><em><strong>CANCI\u00d3N DEL MARINO<\/strong><\/em><\/p>\n<p>Soy marino de mi Patria<\/p>\n<p>yo resguardo su heredad<\/p>\n<p>mi destino est\u00e1 en las olas<\/p>\n<p>en las olas de la mar.<\/p>\n<p>Yo no tengo tierra firme<\/p>\n<p>ni rosales ni alfalfar<\/p>\n<p>pero tengo en anchos mares<\/p>\n<p>el placer de navegar.<\/p>\n<p>En mi pecho llevo siempre<\/p>\n<p>de mis lares el amor,<\/p>\n<p>y una linda medallita\u00a0\u00a0 <a href=\"http:\/\/blog.espol.edu.ec\/aocampo\/files\/2012\/07\/3228f24402cc02bdcb874e523feb3b351.jpg\"><img loading=\"lazy\" decoding=\"async\" class=\"alignright size-medium wp-image-97\" src=\"http:\/\/blog.espol.edu.ec\/aocampo\/files\/2012\/07\/3228f24402cc02bdcb874e523feb3b351-300x225.jpg\" alt=\"\" width=\"300\" height=\"225\" srcset=\"https:\/\/blog.espol.edu.ec\/aocampo\/files\/2012\/07\/3228f24402cc02bdcb874e523feb3b351-300x225.jpg 300w, https:\/\/blog.espol.edu.ec\/aocampo\/files\/2012\/07\/3228f24402cc02bdcb874e523feb3b351.jpg 640w\" sizes=\"auto, (max-width: 300px) 100vw, 300px\" \/><\/a><\/p>\n<p>que mi novia la colg\u00f3.<\/p>\n<p>Y en las noches de tormenta<\/p>\n<p>cual gaviotas en derredor<\/p>\n<p>vuelan siempre esos amores<\/p>\n<p>que refuerzan mi valor.<\/p>\n<p>Cuando estoy lejos, muy lejos<\/p>\n<p>y me acuerdo de mi hogar,<\/p>\n<p>en las noches siento a veces<\/p>\n<p>una l\u00e1grima rodar.<\/p>\n<p>M\u00e1s que bella es la noche<\/p>\n<p>es la noche al retornar<\/p>\n<p>en el agua hay mil luceros<\/p>\n<p>y en la proa hay un cantar.<\/p>\n<p>La bandera de mi nave,<\/p>\n<p>mi adorada la bord\u00f3<\/p>\n<p>y mi Madre la bendijo,<\/p>\n<p>la bendijo con su adi\u00f3s.<\/p>\n<p>Y es por eso mi destino<\/p>\n<p>y el honor de lo que soy,<\/p>\n<p>la bandera de mi nave,<\/p>\n<p>de la nave donde voy.<\/p>\n<p>&nbsp;<\/p>\n<p style=\"text-align: center\"><em><strong>ADI\u00d3S MUCHACHA<\/strong><\/em><\/p>\n<p style=\"text-align: center\">En mil buques viajar\u00e9<\/p>\n<p style=\"text-align: center\">y en la guerra luchare feroz<\/p>\n<p style=\"text-align: center\">siempre pensando que t\u00fa me amar\u00e1s.<\/p>\n<p style=\"text-align: center\">Adi\u00f3s muchacha, adi\u00f3s mi vida<\/p>\n<p style=\"text-align: center\">hoy nos tenemos que separar<\/p>\n<p style=\"text-align: center\">pero siempre yo estar\u00e9 aqu\u00ed<\/p>\n<p style=\"text-align: center\">con mi coraz\u00f3n feliz<\/p>\n<p style=\"text-align: center\"><a href=\"http:\/\/blog.espol.edu.ec\/aocampo\/files\/2012\/07\/navy-love.png\"><img loading=\"lazy\" decoding=\"async\" src=\"http:\/\/blog.espol.edu.ec\/aocampo\/files\/2012\/07\/navy-love-300x228.png\" alt=\"\" width=\"300\" height=\"228\" \/><\/a><\/p>\n<p style=\"text-align: center\">solo pensando que a ti volver\u00e9.<\/p>\n<p style=\"text-align: center\">Adi\u00f3s muchacha, adi\u00f3s mi vida<\/p>\n<p style=\"text-align: center\">el mar me llama a navegar<\/p>\n<p style=\"text-align: center\">y en sus olas con valor<\/p>\n<p style=\"text-align: center\">susurrando una canci\u00f3n fugaz<\/p>\n<p style=\"text-align: center\">llena de dicha de amor y de paz.<\/p>\n<p style=\"text-align: center\">Adi\u00f3s muchacha, adi\u00f3s mi vida<\/p>\n<p style=\"text-align: center\">hoy nos tenemos que separar<\/p>\n<p style=\"text-align: center\">muchos puertos mirar\u00e9<\/p>\n<p style=\"text-align: center\">muchas tierras dejar\u00e9 atr\u00e1s<\/p>\n<p style=\"text-align: center\">s\u00f3lo guardando tu imagen feliz.<\/p>\n<p style=\"text-align: center\">Adi\u00f3s muchacha, adi\u00f3s mi vida<\/p>\n<p style=\"text-align: center\">junto a la playa me esperar\u00e1s<\/p>\n<p style=\"text-align: center\">y en la noche escuchar\u00e1s<\/p>\n<p style=\"text-align: center\">el murmullo de mi voz feliz<\/p>\n<p style=\"text-align: center\">cuando en la brisa a ti volver\u00e9.<\/p>\n<p style=\"text-align: center\">solo pensando que t\u00fa me amar\u00e1s<\/p>\n<p style=\"text-align: center\">\n<p><strong>CANCI\u00d3N DEL GUARDIAMARINA<\/strong><\/p>\n<p>Escuela Naval, gloriosa e inmortal,<\/p>\n<p>Llena de tradiciones diferente a las dem\u00e1s.<\/p>\n<p>El pito marinero quien lo sabr\u00e1 tocar,<\/p>\n<p>Los \u00fanicos que pueden son los bravos marinos,<\/p>\n<p>Que en su mente llevan Alma Fuerte y Lealtad.<\/p>\n<p>&nbsp;<\/p>\n<p>Popeye, navegante valiente,<\/p>\n<p>Tu vida es honor y verdad;<\/p>\n<p>Guiado por Moran Valverde<\/p>\n<p>Ofrendas tu vida a la mar.<\/p>\n<p>&nbsp;<\/p>\n<p>Duque, navegante elegante,<\/p>\n<p>Orgullo y valor a la vez;<\/p>\n<p>Con Farewell y Amor del Marino<\/p>\n<p>Cautivas a una hermosa mujer.<\/p>\n<p>&nbsp;<\/p>\n<p>Corsario, navegante guerrero,<\/p>\n<p>T\u00fa luchas por un ideal;<\/p>\n<p>Estas listo para cambiar la historia<\/p>\n<p>En el aire, en la tierra y en el mar. (Bis)<\/p>\n<p>&nbsp;<\/p>\n<p>La \u00fanica raz\u00f3n de entonar esta canci\u00f3n,<\/p>\n<p>Es ense\u00f1ar a todos lo que tiene el coraz\u00f3n,<\/p>\n<p>De los guardiamarinas de esta Instituci\u00f3n,<\/p>\n<p>Valientes y elegantes, guerreros siempre avantes,<\/p>\n<p>Que en su mente llevan Alma Fuerte y Lealtad.<\/p>\n<p>&nbsp;<\/p>\n<p>PAQUISHA<\/p>\n<p>Juan Manuel, Pedro Carlos, soldados;<\/p>\n<p>Pueblo y pueblo a luchar con valor.<\/p>\n<p>La justicia retumba en los hombres,<\/p>\n<p>que defienden a nuestra Naci\u00f3n.<\/p>\n<p>&nbsp;<\/p>\n<p>Nuestra Patria es de brazos abiertos,<\/p>\n<p>integrada a luchar por la paz.<\/p>\n<p>Soberana en su ayer, en su Tarqui, en su fe.<\/p>\n<p>Porotillo, Platanillo, Jambel\u00ed.<\/p>\n<p>&nbsp;<\/p>\n<p>A flor de tierra el valor,<\/p>\n<p>un uniforme empapado de amor.<\/p>\n<p>Y la conciencia de miles de hermanos,<\/p>\n<p>para guardar su calor.<\/p>\n<p>Y la conciencia de miles de hermanos<\/p>\n<p>para guardar su calor.<\/p>\n<p>&nbsp;<\/p>\n<p>Paquisha historia leyenda, heroica raz\u00f3n.<\/p>\n<p>Paquisha historia leyenda, de pu\u00f1os en alto,<\/p>\n<p>Heroica raz\u00f3n.<\/p>\n<p>&nbsp;<\/p>\n<p>Nuestros muertos caen tan temprano.<\/p>\n<p>Nuestra sangre cae tan temprano.<\/p>\n<p>Nuestro ser, indivisible.<\/p>\n<p>Nuestra uni\u00f3n, es nuestra verdad.<\/p>\n<p>Paquisha es ya un nombre en la historia,<\/p>\n<p>de dignidad que nunca morir\u00e1.<\/p>\n<p>Paquisha es ya un nombre a la historia,<\/p>\n<p>de dignidad que nunca morir\u00e1.<\/p>\n<p style=\"text-align: center\">\n<p style=\"text-align: center\"><strong>NAVEGAR NAVEGAR<\/strong><\/p>\n<p style=\"text-align: center\">Desde muchacho yo he so\u00f1ado navegar<\/p>\n<p style=\"text-align: center\">En un buque ecuatoriano dominar el ancho mar<\/p>\n<p style=\"text-align: center\">Ser muy feliz y en mi buque por los mares<\/p>\n<p style=\"text-align: center\">Conocer otros lugares adem\u00e1s de mi pa\u00eds.<\/p>\n<p style=\"text-align: center\">\n<p style=\"text-align: center\">Navegar, navegar<\/p>\n<p style=\"text-align: center\">Es el v\u00e9rtigo m\u00e1s fuerte<\/p>\n<p style=\"text-align: center\">Y el deseo m\u00e1s ardiente<\/p>\n<p style=\"text-align: center\">Que podemos abrigar.<\/p>\n<p style=\"text-align: center\">\n<p style=\"text-align: center\">Navegar, navegar<\/p>\n<p style=\"text-align: center\">Preparados los ca\u00f1ones<\/p>\n<p style=\"text-align: center\">Henchidos los corazones<\/p>\n<p style=\"text-align: center\">En orgullo nacional.<\/p>\n<p style=\"text-align: center\">\n<p style=\"text-align: center\">Navegar, navegar<\/p>\n<p style=\"text-align: center\">Defendiendo al Ecuador.<\/p>\n<p style=\"text-align: center\">\n<p style=\"text-align: center\">Navegar, combatir<\/p>\n<p style=\"text-align: center\">Hasta vencer o morir<\/p>\n<p style=\"text-align: center\">Navegar\u2026\u2026\u2026\u2026\u2026\u2026<\/p>\n<p style=\"text-align: center\">Combatir\u2026\u2026\u2026\u2026\u2026<\/p>\n<p>&nbsp;<\/p>\n<p style=\"text-align: right\"><strong>YO TEN\u00cdA UN CAMARADA<\/strong><\/p>\n<p style=\"text-align: right\">Yo ten\u00eda un camarada<\/p>\n<p style=\"text-align: right\">Que mejor no la hallar\u00e1s<\/p>\n<p style=\"text-align: right\">El clar\u00edn llam\u00f3 al combate<\/p>\n<p style=\"text-align: right\">Junto a m\u00ed el navegaba<\/p>\n<p style=\"text-align: right\">En el mismo buque y mar (BIS).<\/p>\n<p style=\"text-align: right\">\n<p style=\"text-align: right\">Preparados los ca\u00f1ones<\/p>\n<p style=\"text-align: right\">Siempre listos a pelear<\/p>\n<p style=\"text-align: right\">El surg\u00eda de entre todos<\/p>\n<p style=\"text-align: right\">Por su arrojo y bizarr\u00eda<\/p>\n<p style=\"text-align: right\">Aplastando al opresor (BIS).<\/p>\n<p style=\"text-align: right\">\n<p style=\"text-align: right\">Se acab\u00f3 ya la batalla<\/p>\n<p style=\"text-align: right\">La victoria la alcanzamos<\/p>\n<p style=\"text-align: right\">El cay\u00f3 como un valiente<\/p>\n<p style=\"text-align: right\">Por la gloria de la Armada<\/p>\n<p style=\"text-align: right\">Defendiendo al Ecuador<\/p>\n<p style=\"text-align: right\">Defendiendo al Ecuador.<\/p>\n<p style=\"text-align: right\">\n<p style=\"text-align: right\"><strong>PROA AVANTE<\/strong><\/p>\n<p style=\"text-align: right\">Porque quiero ser due\u00f1o del mar<\/p>\n<p style=\"text-align: right\">Y en mi buque ya avante en el rumbo<\/p>\n<p style=\"text-align: right\">Navegando me voy proa al sol,<\/p>\n<p style=\"text-align: right\">Quiero ser un gigante del mundo<\/p>\n<p style=\"text-align: right\">Por el mar, por el mar siempre azul.<\/p>\n<p style=\"text-align: right\">\n<p style=\"text-align: right\">Navegando en mi buque de guerra<\/p>\n<p style=\"text-align: right\">A pelear y a vencer con valor<\/p>\n<p style=\"text-align: right\">Pronto ans\u00edo cruzar la frontera<\/p>\n<p style=\"text-align: right\">Donde pueda morir con honor.<\/p>\n<p style=\"text-align: right\">\n<p style=\"text-align: right\">Anclas de oro y cadenas de plata<\/p>\n<p style=\"text-align: right\">Y en el pecho mi gran coraz\u00f3n<\/p>\n<p style=\"text-align: right\">Proa avante a vencer por la Patria<\/p>\n<p style=\"text-align: right\">Clarinadas con voz de ca\u00f1\u00f3n.<\/p>\n<p style=\"text-align: right\">\n<p style=\"text-align: right\">Mi bandera se iza orgullosa<\/p>\n<p style=\"text-align: right\">Y por ella me voy a pelear<\/p>\n<p style=\"text-align: right\">En la guerra ser\u00e1 m\u00e1s grandiosa<\/p>\n<p style=\"text-align: right\">Mi bandera flameando en el mar.<\/p>\n<p style=\"text-align: right\">\n<p style=\"text-align: right\">Tricolor oro azul y escarlata<\/p>\n<p style=\"text-align: right\">Y en mi pecho mi gran coraz\u00f3n<\/p>\n<p style=\"text-align: right\">Proa avante a vencer por la Patria<\/p>\n<p style=\"text-align: right\">Clarinadas con voz de ca\u00f1\u00f3n.<\/p>\n<p style=\"text-align: right\">\n<p><strong>HEROICA JUVENTUD<\/strong><\/p>\n<p>Heroica juventud<\/p>\n<p>Noble y patriota<\/p>\n<p>Legi\u00f3n que simboliza<\/p>\n<p>La esperanza.<\/p>\n<p>&nbsp;<\/p>\n<p>Somos la fusta<\/p>\n<p>Que al tirano azota,<\/p>\n<p>Altivo c\u00f3ndor<\/p>\n<p>Que a la cumbre avanza.<\/p>\n<p>&nbsp;<\/p>\n<p>Jam\u00e1s<\/p>\n<p>Sin Patria<\/p>\n<p>Con gran civismo<\/p>\n<p>De la plebe<\/p>\n<p>Resurge el patriotismo<\/p>\n<p>&nbsp;<\/p>\n<p>Y en el l\u00edrico alarde de una fiesta<\/p>\n<p>Al gritar viva el pueblo ecuatoriano: \u201cVIVA\u201d<\/p>\n<p>Alienta en nuestros labios la protesta<\/p>\n<p>Y en el pecho el valor del espartano.<\/p>\n<p>&nbsp;<\/p>\n<p style=\"text-align: center\"><strong>BRAZAS A CE\u00d1IR<\/strong><\/p>\n<p style=\"text-align: center\">Listos a cazar las velas<\/p>\n<p style=\"text-align: center\">Tesas brazas a ce\u00f1ir<\/p>\n<p style=\"text-align: center\">Aprovecha bien, la brisa del mar<\/p>\n<p style=\"text-align: center\">Que nos haga raudos navegar.<\/p>\n<p style=\"text-align: center\">\n<p style=\"text-align: center\">Se aproxima la tormenta<\/p>\n<p style=\"text-align: center\">Las menores a cargar,<\/p>\n<p style=\"text-align: center\">Rumbo siempre igual<\/p>\n<p style=\"text-align: center\">Quiero imaginar<\/p>\n<p style=\"text-align: center\">Un puerto donde fondear.<\/p>\n<p style=\"text-align: center\">\n<p style=\"text-align: center\">Marino no vacil\u00e9is<\/p>\n<p style=\"text-align: center\">Navega como un cantar<\/p>\n<p style=\"text-align: center\">Lejos te esperan mil dichas<\/p>\n<p style=\"text-align: center\">Que no podr\u00e1s olvidar.<\/p>\n<p style=\"text-align: center\">\n<p style=\"text-align: center\">Tu nombre no has de manchar<\/p>\n<p style=\"text-align: center\">Gigante del ancho mar,<\/p>\n<p style=\"text-align: center\">Ese es el lema marino<\/p>\n<p style=\"text-align: center\">Cumple con tu deber y vencer\u00e1s<\/p>\n<p style=\"text-align: center\">\n<p style=\"text-align: center\">Veleros son mi pasi\u00f3n<\/p>\n<p style=\"text-align: center\">Emblema mi tricolor<\/p>\n<p style=\"text-align: center\">Es tu velamen valuarte<\/p>\n<p style=\"text-align: center\">De patriotismo sin par.<\/p>\n<p style=\"text-align: center\">\n<p style=\"text-align: center\">Contigo celoso mar<\/p>\n<p style=\"text-align: center\">La lucha quiero entablar<\/p>\n<p style=\"text-align: center\">Mi alma se siente vibrante<\/p>\n<p style=\"text-align: center\">Y siempre triunfante<\/p>\n<p style=\"text-align: center\">Del temporal.<\/p>\n<p style=\"text-align: center\">\n<p style=\"text-align: center\"><strong>FORJA DE VALIENTES<\/strong><\/p>\n<p style=\"text-align: center\">Guardiamarinas avante iremos<\/p>\n<p style=\"text-align: center\">Hacia la guerra y hacia la lid<\/p>\n<p style=\"text-align: center\">Con el esp\u00edritu noble y valiente<\/p>\n<p style=\"text-align: center\">Siempre sabremos la Patria defender.<\/p>\n<p style=\"text-align: center\">Coraz\u00f3n y fibra, ciencia ideal<\/p>\n<p style=\"text-align: center\">Nunca perderemos honor ante el traidor.<\/p>\n<p style=\"text-align: center\">\n<p style=\"text-align: center\">Los invencibles siempre seremos<\/p>\n<p style=\"text-align: center\">Tanto en la tierra como en el mar<\/p>\n<p style=\"text-align: center\">Con un destroyer derrotaremos<\/p>\n<p style=\"text-align: center\">A los traidores vecinos del sur<\/p>\n<p style=\"text-align: center\">Forja de valientes toda dignidad<\/p>\n<p style=\"text-align: center\">Siempre forjaremos la paz y la libertad.<\/p>\n<p style=\"text-align: center\">\n<p style=\"text-align: center\">GUARDIAMARINA AVANTE<\/p>\n<p style=\"text-align: center\">Guardiamarina avante hacia el mar<\/p>\n<p style=\"text-align: center\">avante proa al digno ideal<\/p>\n<p style=\"text-align: center\">la Armada s\u00edmbolo que has de amar<\/p>\n<p style=\"text-align: center\">con fe, con valor, patri\u00f3tico honor<\/p>\n<p style=\"text-align: center\">ser caballero del mar.<\/p>\n<p style=\"text-align: center\">\n<p style=\"text-align: center\">Guardiamarina avante hacia el mar<\/p>\n<p style=\"text-align: center\">tu solo esfuerzo ser\u00e1 leal<\/p>\n<p style=\"text-align: center\">al sacrificio para triunfar<\/p>\n<p style=\"text-align: center\">voluntad de saber, dignidad y moral<\/p>\n<p style=\"text-align: center\">y esp\u00edritu naval militar.<\/p>\n<p style=\"text-align: center\">\n<p style=\"text-align: center\">Ver\u2026\u2026 un buque arribar, su ancla fondear<\/p>\n<p style=\"text-align: center\">y tripulado por marino ecuatoriano<\/p>\n<p style=\"text-align: center\">su gente de mar, valiente al deber<\/p>\n<p style=\"text-align: center\">demuestra en su ser disciplina valor y altivo placer.<\/p>\n<p style=\"text-align: center\">\n<p style=\"text-align: center\">Ver\u00e1s\u2026\u2026 un buque zarpar, su ancla levar,<\/p>\n<p style=\"text-align: center\">enarbolado pabell\u00f3n ecuatoriano<\/p>\n<p style=\"text-align: center\">dejando el tricolor la estela, la insignia Patria<\/p>\n<p style=\"text-align: center\">flotando airoso en su mar territorial<\/p>\n<p style=\"text-align: center\">\u00a1Marino, alerta por ella! \u00a1a la lid!<\/p>\n<p style=\"text-align: center\">\n<p style=\"text-align: center\">Guardiamarina avante hacia el mar<\/p>\n<p style=\"text-align: center\">avante proa al digno ideal<\/p>\n<p style=\"text-align: center\">la Armada s\u00edmbolo que has de amar<\/p>\n<p style=\"text-align: center\">con fe, con valor, patri\u00f3tico honor<\/p>\n<p style=\"text-align: center\">ser caballero del mar.<\/p>\n<p style=\"text-align: center\">\n<p style=\"text-align: center\">Guardiamarina avante hacia el mar<\/p>\n<p style=\"text-align: center\">avante proa al digno ideal<\/p>\n<p style=\"text-align: center\">la Armada s\u00edmbolo que has de amar<\/p>\n<p style=\"text-align: center\">con fe, con valor, patri\u00f3tico honor<\/p>\n<p style=\"text-align: center\">del mar ser\u00e1s digno Oficial.<\/p>\n<p style=\"text-align: center\">\n<p style=\"text-align: center\"><strong>QUIERO MORIR<\/strong><\/p>\n<p style=\"text-align: center\">Quiero morir conforme lo he so\u00f1ado<\/p>\n<p style=\"text-align: center\">en medio del fragor de la pelea<\/p>\n<p style=\"text-align: center\">con la muerte gloriosa del marino<\/p>\n<p style=\"text-align: center\">que muere por su Patria y por su idea.<\/p>\n<p style=\"text-align: center\">\n<p style=\"text-align: center\">Un cielo azul esplendoroso arriba<\/p>\n<p style=\"text-align: center\">al frente la turba denodada y fiera<\/p>\n<p style=\"text-align: center\">ir y caer con el cuerpo hecho una criba<\/p>\n<p style=\"text-align: center\">envuelto en un gir\u00f3n de mi bandera.<\/p>\n<p style=\"text-align: center\">\n<p style=\"text-align: center\">Los clarines por m\u00edsticas canciones<\/p>\n<p style=\"text-align: center\">por templo el campo de batalla inmenso<\/p>\n<p style=\"text-align: center\">por plegaria el rugir de los ca\u00f1ones<\/p>\n<p style=\"text-align: center\">y el humo del combate por incienso.<\/p>\n<p style=\"text-align: center\">\n<p style=\"text-align: center\">Quiero morir y as\u00ed ferviente aspiro<\/p>\n<p style=\"text-align: center\">aquel beso del fuego de la gloria<\/p>\n<p style=\"text-align: center\">venga a arrancarme el \u00faltimo suspiro<\/p>\n<p style=\"text-align: center\">al toque del clar\u00edn de la victoria.<\/p>\n<p style=\"text-align: center\">\n<p style=\"text-align: center\">Un cielo azul esplendoroso arriba<\/p>\n<p style=\"text-align: center\">al frente la turba denodada y fiera<\/p>\n<p style=\"text-align: center\">ir y caer con el cuerpo hecho una criba<\/p>\n<p style=\"text-align: center\">envuelto en un gir\u00f3n de mi bandera.<\/p>\n<p style=\"text-align: center\">\n<p><strong>MI BELLA LOLA<\/strong><\/p>\n<p>Cuando en la playa mi bella Lola<\/p>\n<p>su lindo traje luciendo va<\/p>\n<p>los marineros se vuelven locos<\/p>\n<p>y hasta el piloto pierde el comp\u00e1s.<\/p>\n<p>&nbsp;<\/p>\n<p>Ay que placer sent\u00eda yo<\/p>\n<p>Cuando en la playa<\/p>\n<p>Sac\u00f3 un pa\u00f1uelo<\/p>\n<p>Y me saludo.<\/p>\n<p>&nbsp;<\/p>\n<p>Luego despu\u00e9s se acerc\u00f3 a mi<\/p>\n<p>Me dio un abrazo<\/p>\n<p>Y en aquel lazo<\/p>\n<p>sent\u00ed morir.<\/p>\n<p>&nbsp;<\/p>\n<p>Y nosotros los guardiamarinas<\/p>\n<p>Hemos hecho un barquito de vela<\/p>\n<p>Pa beber en el fondo del mar<\/p>\n<p>Que ya no se puede<\/p>\n<p>Beber en la Escuela.<\/p>\n<p>&nbsp;<\/p>\n<p>Por la marina late late\u2026\u2026<\/p>\n<p style=\"text-align: center\">\n","protected":false},"excerpt":{"rendered":"<p>\u00a0\u00a0\u00a0\u00a0\u00a0\u00a0\u00a0\u00a0\u00a0\u00a0\u00a0\u00a0\u00a0\u00a0\u00a0\u00a0 MANCHA ROJA Era un soldado que de miedo no tembl\u00f3. Preparo su equipo esperando lo mejor. Sin saber siquiera que le esperaba lo peor, y ya no saltar\u00e1 m\u00e1s. \u00a0\u00a0\u00a0\u00a0\u00a0\u00a0\u00a0\u00a0\u00a0\u00a0\u00a0\u00a0\u00a0\u00a0\u00a0\u00a0\u00a0\u00a0\u00a0\u00a0\u00a0 Coro Mancha Roja que manera de morir se quedo sin alas, sin boina que lucir. Ya tranquilo con don sata fue a vivir, y [&hellip;]<\/p>\n","protected":false},"author":7585,"featured_media":0,"parent":0,"menu_order":0,"comment_status":"open","ping_status":"open","template":"","meta":{"footnotes":""},"class_list":["post-93","page","type-page","status-publish","hentry"],"_links":{"self":[{"href":"https:\/\/blog.espol.edu.ec\/aocampo\/wp-json\/wp\/v2\/pages\/93","targetHints":{"allow":["GET"]}}],"collection":[{"href":"https:\/\/blog.espol.edu.ec\/aocampo\/wp-json\/wp\/v2\/pages"}],"about":[{"href":"https:\/\/blog.espol.edu.ec\/aocampo\/wp-json\/wp\/v2\/types\/page"}],"author":[{"embeddable":true,"href":"https:\/\/blog.espol.edu.ec\/aocampo\/wp-json\/wp\/v2\/users\/7585"}],"replies":[{"embeddable":true,"href":"https:\/\/blog.espol.edu.ec\/aocampo\/wp-json\/wp\/v2\/comments?post=93"}],"version-history":[{"count":6,"href":"https:\/\/blog.espol.edu.ec\/aocampo\/wp-json\/wp\/v2\/pages\/93\/revisions"}],"predecessor-version":[{"id":250,"href":"https:\/\/blog.espol.edu.ec\/aocampo\/wp-json\/wp\/v2\/pages\/93\/revisions\/250"}],"wp:attachment":[{"href":"https:\/\/blog.espol.edu.ec\/aocampo\/wp-json\/wp\/v2\/media?parent=93"}],"curies":[{"name":"wp","href":"https:\/\/api.w.org\/{rel}","templated":true}]}}