{"id":1,"date":"2008-12-09T15:29:51","date_gmt":"2008-12-09T20:29:51","guid":{"rendered":""},"modified":"2009-07-12T11:23:04","modified_gmt":"2009-07-12T16:23:04","slug":"about","status":"publish","type":"page","link":"https:\/\/blog.espol.edu.ec\/aoshi\/about\/","title":{"rendered":".:Algo sobre m\u00ed:."},"content":{"rendered":"<p><img loading=\"lazy\" decoding=\"async\" class=\"alignleft size-medium wp-image-61\" src=\"http:\/\/blog.espol.edu.ec\/aoshi\/files\/2008\/12\/dsc000601-300x225.jpg\" alt=\"dsc000601\" width=\"219\" height=\"164\" srcset=\"https:\/\/blog.espol.edu.ec\/aoshi\/files\/2008\/12\/dsc000601-300x225.jpg 300w, https:\/\/blog.espol.edu.ec\/aoshi\/files\/2008\/12\/dsc000601.jpg 1024w\" sizes=\"auto, (max-width: 219px) 100vw, 219px\" \/><\/p>\n<p>Que tal veo q te interes\u00f3 conocer un poco sobre m\u00ed, est\u00e1 bien aqu\u00ed les dir\u00e9 algo.<\/p>\n<p>Nombre: Jonathan Jos\u00e9 Moreira G\u00f3mez.<\/p>\n<p>Edad: 20 a\u00f1os.<\/p>\n<p>Fecha de cumple: 10 de Julio. (Pila para la fiesta).<\/p>\n<p>Estado civil: Soltero y sin compromiso.<\/p>\n<p>Estudios:<\/p>\n<p>Primaria: Dante Aligheri.<\/p>\n<p>Secundaria: Academia Naval Almirante Illingworth.<\/p>\n<p>Superior: ESPOL ( Q dif\u00edcil darse cuenta XD).<\/p>\n<p>Intereses:<\/p>\n<p>Videojuegos preferidos: Resident evil ( en especial el 4), Zelda, NFS,\u00a0\u00a0 Starcraft, Metroid, Call Of Duty, God of War,\u00a0 Commando Strike Forces y \u00faltimamente CrossFire.<\/p>\n<p>Series de Tv favoritas: Los simpsons (sin duda alguna lo mejor q nos puede dar la tv), C.S.I (todas las versiones), Grey's Anatomy.<\/p>\n<p>Animes: Dragon Ball, Rurouni Kenshin, Evangelion, Mazinger, Full Metal Alchemist.<\/p>\n<p>Si quieres saber un poco mas de m\u00ed, aqui dejo el enlace a mis perfiles en Hi5 y Facebook.<a href=\"http:\/\/facebook.com\/aoshi\"><\/a><\/p>\n<p><a href=\"http:\/\/jonomor.hi5.com\/\"> <img loading=\"lazy\" decoding=\"async\" class=\"alignnone size-full wp-image-40\" src=\"http:\/\/blog.espol.edu.ec\/aoshi\/files\/2008\/12\/hi5.jpg\" alt=\"hi5\" width=\"100\" height=\"100\" \/><br \/>\n<\/a><\/p>\n<p><a href=\"http:\/\/facebook.com\/aoshi89\"><img loading=\"lazy\" decoding=\"async\" class=\"size-medium wp-image-92 alignnone\" src=\"http:\/\/blog.espol.edu.ec\/aoshi\/files\/2008\/12\/almira-facebookenvoyespecialreportpart24545-300x225.jpg\" alt=\"almira-facebookenvoyespecialreportpart24545\" width=\"100\" height=\"100\" \/><\/a><\/p>\n<p><img decoding=\"async\" src=\"\/DOCUME~1\/KIARIS~1.DES\/CONFIG~1\/Temp\/moz-screenshot.jpg\" alt=\"\" \/><\/p>\n<p><img decoding=\"async\" src=\"\/DOCUME~1\/KIARIS~1.DES\/CONFIG~1\/Temp\/moz-screenshot-1.jpg\" alt=\"\" \/><\/p>\n","protected":false},"excerpt":{"rendered":"<p>Que tal veo q te interes\u00f3 conocer un poco sobre m\u00ed, est\u00e1 bien aqu\u00ed les dir\u00e9 algo. Nombre: Jonathan Jos\u00e9 Moreira G\u00f3mez. Edad: 20 a\u00f1os. Fecha de cumple: 10 de Julio. (Pila para la fiesta). Estado civil: Soltero y sin compromiso. Estudios: Primaria: Dante Aligheri. Secundaria: Academia Naval Almirante Illingworth. Superior: ESPOL ( Q dif\u00edcil [&hellip;]<\/p>\n","protected":false},"author":770,"featured_media":0,"parent":0,"menu_order":0,"comment_status":"open","ping_status":"open","template":"","meta":{"footnotes":""},"class_list":["post-1","page","type-page","status-publish","hentry"],"_links":{"self":[{"href":"https:\/\/blog.espol.edu.ec\/aoshi\/wp-json\/wp\/v2\/pages\/1","targetHints":{"allow":["GET"]}}],"collection":[{"href":"https:\/\/blog.espol.edu.ec\/aoshi\/wp-json\/wp\/v2\/pages"}],"about":[{"href":"https:\/\/blog.espol.edu.ec\/aoshi\/wp-json\/wp\/v2\/types\/page"}],"author":[{"embeddable":true,"href":"https:\/\/blog.espol.edu.ec\/aoshi\/wp-json\/wp\/v2\/users\/770"}],"replies":[{"embeddable":true,"href":"https:\/\/blog.espol.edu.ec\/aoshi\/wp-json\/wp\/v2\/comments?post=1"}],"version-history":[{"count":9,"href":"https:\/\/blog.espol.edu.ec\/aoshi\/wp-json\/wp\/v2\/pages\/1\/revisions"}],"predecessor-version":[{"id":6,"href":"https:\/\/blog.espol.edu.ec\/aoshi\/wp-json\/wp\/v2\/pages\/1\/revisions\/6"}],"wp:attachment":[{"href":"https:\/\/blog.espol.edu.ec\/aoshi\/wp-json\/wp\/v2\/media?parent=1"}],"curies":[{"name":"wp","href":"https:\/\/api.w.org\/{rel}","templated":true}]}}