{"id":15,"date":"2015-07-01T11:08:47","date_gmt":"2015-07-01T16:08:47","guid":{"rendered":"http:\/\/blog.espol.edu.ec\/ardaterr\/?page_id=15"},"modified":"2015-07-01T11:08:47","modified_gmt":"2015-07-01T16:08:47","slug":"chile-vs-argentina-final-copa-america-2015","status":"publish","type":"page","link":"https:\/\/blog.espol.edu.ec\/ardaterr\/chile-vs-argentina-final-copa-america-2015\/","title":{"rendered":"Chile Vs Argentina Final Copa America 2015"},"content":{"rendered":"<div>La gran final ha llegado, atr\u00e1s quedaron 25 partidos, aunque todav\u00eda falta disputarse el partido por el tercer y cuarto puesto que ser\u00e1 entre Per\u00fa y Paraguay.<\/div>\n<div>\nLa gran final de la <a href=\"http:\/\/www.copaamerica2015.org\/\"><b>Copa Am\u00e9rica 2015<\/b><\/a> se jugar\u00e1 en Santiago de Chile, la selecci\u00f3n local tiene la particularidad de haber jugado los seis partidos de la edici\u00f3n en el mismo estadio a capacidad colmada, esperemos que la final no sea la excepci\u00f3n.<\/div>\n<div>\n<div>Resumen<br \/>\nPartido: Chile vs Argentina<br \/>\nTorneo: Copa Am\u00e9rica 2015 \u2013 Final<br \/>\nFecha: s\u00e1bado 4 de julio<br \/>\nHora: 17:00, hora local.<br \/>\nEstadio: Nacional de Santiago de Chile<br \/>\nFormaci\u00f3n de Chile ante Argentina: a confirmar<br \/>\nFormaci\u00f3n de Argentina ante Chile: a confirmar<br \/>\n\u00c1rbitro del partido: a confirmar<br \/>\nNacionalidad:<\/div>\n<div><i><b>\u00bfC\u00f3mo llegan Chile y Argentina a la final de la Copa Am\u00e9rica 2015?<\/b><\/i><br \/>\nChile llega 13 puntos a la final del torneo con 5 partidos jugados, 4 de ellos ganados y solo empat\u00f3 1, convirti\u00f3 13 goles y recibi\u00f3 solo 4.<\/div>\n<div>\nArgentina llega con 11 puntos en 5 partidos jugados, gan\u00f3 3 y empat\u00f3 2 convirti\u00f3 10 goles y solo recibi\u00f3 3.<br \/>\nEl goleador del torneo por ahora es Eduardo Vargas de Chile con 4 anotaciones, le sigue Lucas Barrios con 3 anotaciones en 3 partidos jugados, Sergio Ag\u00fcero de Argentina tiene la misma cantidad de goles pero ha jugado 4 partidos.<\/div>\n<div>\n<i><b>\u00bfD\u00f3nde comprar entradas para el partido Chile vs Argentina 2015?<\/b><\/i><br \/>\nTickets Argentina vs Chile 2015<br \/>\nTickets final Copa Am\u00e9rica 2015<br \/>\nAbonos final Copa Am\u00e9rica Chile 2015<br \/>\nEntradas para la final de la Copa Am\u00e9rica Chile 2015<br \/>\nEntradas Argentina vs Chile 2015<br \/>\nEntradas para la final Argentina vs Chile<br \/>\nTickets Argentina Chile 2015<\/div>\n<div><i><b>\u00bfD\u00f3nde ver el partido Chile vs Argentina Copa Am\u00e9rica?<\/b><\/i> Transmisi\u00f3n final Copa Am\u00e9rica 205. Ver partido Chile vs Argentina final Copa Am\u00e9rica<br \/>\nSer\u00e1n varios los canales que transmitir\u00e1n este gran evento deportivo, veamos en qu\u00e9 canales podemos ver la transmisi\u00f3n:<br \/>\nArgentina vs Chile \u2013 TV P\u00fablica Argentina<br \/>\nArgentina vs Chile \u2013 F\u00fatbol para todos Argentina<br \/>\nArgentina vs Chile \u2013 TyC Sports Argentina<br \/>\nChile vs Argentina \u2013 Canal 13 Chile<br \/>\nChile vs Argentina \u2013 TVN Chile<br \/>\nChile vs Argentina \u2013 DirecTV Latinoamerica<\/p>\n<p><i><b>\u00bfQui\u00e9n ser\u00e1 el campe\u00f3n de la Copa Am\u00e9rica 2015?<\/b><\/i><br \/>\nGoles final Copa Am\u00e9rica 2015<br \/>\nResumen final Copa Am\u00e9rica 2015<\/div>\n<\/div>\n","protected":false},"excerpt":{"rendered":"<p>La gran final ha llegado, atr\u00e1s quedaron 25 partidos, aunque todav\u00eda falta disputarse el partido por el tercer y cuarto puesto que ser\u00e1 entre Per\u00fa y Paraguay. La gran final de la Copa Am\u00e9rica 2015 se jugar\u00e1 en Santiago de Chile, la selecci\u00f3n local tiene la particularidad de haber jugado los seis partidos de la [&hellip;]<\/p>\n","protected":false},"author":9729,"featured_media":0,"parent":0,"menu_order":0,"comment_status":"open","ping_status":"open","template":"","meta":{"footnotes":""},"class_list":["post-15","page","type-page","status-publish","hentry"],"_links":{"self":[{"href":"https:\/\/blog.espol.edu.ec\/ardaterr\/wp-json\/wp\/v2\/pages\/15","targetHints":{"allow":["GET"]}}],"collection":[{"href":"https:\/\/blog.espol.edu.ec\/ardaterr\/wp-json\/wp\/v2\/pages"}],"about":[{"href":"https:\/\/blog.espol.edu.ec\/ardaterr\/wp-json\/wp\/v2\/types\/page"}],"author":[{"embeddable":true,"href":"https:\/\/blog.espol.edu.ec\/ardaterr\/wp-json\/wp\/v2\/users\/9729"}],"replies":[{"embeddable":true,"href":"https:\/\/blog.espol.edu.ec\/ardaterr\/wp-json\/wp\/v2\/comments?post=15"}],"version-history":[{"count":1,"href":"https:\/\/blog.espol.edu.ec\/ardaterr\/wp-json\/wp\/v2\/pages\/15\/revisions"}],"predecessor-version":[{"id":16,"href":"https:\/\/blog.espol.edu.ec\/ardaterr\/wp-json\/wp\/v2\/pages\/15\/revisions\/16"}],"wp:attachment":[{"href":"https:\/\/blog.espol.edu.ec\/ardaterr\/wp-json\/wp\/v2\/media?parent=15"}],"curies":[{"name":"wp","href":"https:\/\/api.w.org\/{rel}","templated":true}]}}