{"id":2,"date":"2013-05-21T15:32:20","date_gmt":"2013-05-21T15:32:20","guid":{"rendered":"http:\/\/blog.espol.edu.ec\/aremvint\/?page_id=2"},"modified":"2013-06-05T02:32:20","modified_gmt":"2013-06-05T02:32:20","slug":"pagina-ejemplo","status":"publish","type":"page","link":"https:\/\/blog.espol.edu.ec\/aremvint\/pagina-ejemplo\/","title":{"rendered":"\u00daLTIMAS TENDENCIAS EN LAPTOPS"},"content":{"rendered":"<p>El fabricante de microprocesadores Intel y la firma de dise\u00f1o Ziba probaron que si de elegancia, funcionalidad y comodidad se trata no todo est\u00e1 dicho. La laptop es m\u00e1s delgada que un celular.<\/p>\n<p>La Intel Mobile Metro mide apenas 1,778 cent\u00edmetro y pesa menos de un kilo. S\u00ed, casi tan delgada como un Motorola Razr, uno de los celulares estrella del momento, lo que la convierte en la laptop m\u00e1s delgada del mundo.<\/p>\n<p>El equipo viene con un accesorio de cuero que permite transportarla sin problemas y que adem\u00e1s funciona como un cargador.<\/p>\n<p>Intel dio sencillas instrucciones para el dise\u00f1o de este equipo: deb\u00eda ser fashion, capaz de conectarse de forma inal\u00e1mbrica y, obviamente, lo m\u00e1s veloz posible.<\/p>\n<p>Quiz\u00e1s el avance m\u00e1s notorio tenga que ver con una pantalla externa que permite, por ejemplo, chequear los mails sin tener que abrir la cubierta.<\/p>\n<p>La bater\u00eda ser\u00eda otro de sus fuertes: tendr\u00eda una autonom\u00eda de 14 horas, muy por encima de cualquier otro equipo potente en plaza.<\/p>\n<p>Su delgadez y alta durabilidad de bater\u00edas tiene que ver con que el equipo no utilizar\u00e1 los discos r\u00edgidos tradicionales, sino memorias flash. Pese a lo diminuto, la Intel Mobile Metro notebook tiene conectividad Wi-Fi, EV-DO y WiMax.<\/p>\n<p>Las ventas de notebooks de m\u00e1s de u$s2.000 crecen 1,4% al a\u00f1o comparado con el 73,5% de las que tienen un valor entre los u$s500 y los u$s999 en los EEUU, seg\u00fan IDC.<\/p>\n<p>Esas cifras dejan en evidencia que los consumidores minoristas son un punto importante a tener en cuenta. Pero \u00e9stos no s\u00f3lo buscan equipos por sus funciones sino tambi\u00e9n por sus dise\u00f1os.<\/p>\n<p>Eso es a lo que podr\u00eda estar apuntando Intel junto a Ziba al presentar equipos de color champagne-magnesio y decorarlas con un bolso moderno. \u201cSon como joyas\u201d, dijo Omer Kotzer, director creativo en Ziba.<\/p>\n<p>Si bien se trata de un prototipo, en el mercado creen posible que salga a la venta a fines de a\u00f1o, dice la revista BusinessWeek. Esta movida obligar\u00eda al resto de los fabricantes a pensar un poco m\u00e1s en sus dise\u00f1os, algo que por ahora Microsoft trat\u00f3 de conseguir sin \u00e9xito entre las manufactureras de PC.<\/p>\n<p>Seg\u00fan rumores que circulan en la blog\u00f3sfera, Apple podr\u00eda ser la empresa que finalmente presente el dise\u00f1o a los consumidores.<\/p>\n","protected":false},"excerpt":{"rendered":"<p>El fabricante de microprocesadores Intel y la firma de dise\u00f1o Ziba probaron que si de elegancia, funcionalidad y comodidad se trata no todo est\u00e1 dicho. La laptop es m\u00e1s delgada que un celular. La Intel Mobile Metro mide apenas 1,778 cent\u00edmetro y pesa menos de un kilo. S\u00ed, casi tan delgada como un Motorola Razr, [&hellip;]<\/p>\n","protected":false},"author":8578,"featured_media":0,"parent":0,"menu_order":0,"comment_status":"open","ping_status":"open","template":"","meta":{"footnotes":""},"class_list":["post-2","page","type-page","status-publish","hentry"],"_links":{"self":[{"href":"https:\/\/blog.espol.edu.ec\/aremvint\/wp-json\/wp\/v2\/pages\/2","targetHints":{"allow":["GET"]}}],"collection":[{"href":"https:\/\/blog.espol.edu.ec\/aremvint\/wp-json\/wp\/v2\/pages"}],"about":[{"href":"https:\/\/blog.espol.edu.ec\/aremvint\/wp-json\/wp\/v2\/types\/page"}],"author":[{"embeddable":true,"href":"https:\/\/blog.espol.edu.ec\/aremvint\/wp-json\/wp\/v2\/users\/8578"}],"replies":[{"embeddable":true,"href":"https:\/\/blog.espol.edu.ec\/aremvint\/wp-json\/wp\/v2\/comments?post=2"}],"version-history":[{"count":2,"href":"https:\/\/blog.espol.edu.ec\/aremvint\/wp-json\/wp\/v2\/pages\/2\/revisions"}],"predecessor-version":[{"id":20,"href":"https:\/\/blog.espol.edu.ec\/aremvint\/wp-json\/wp\/v2\/pages\/2\/revisions\/20"}],"wp:attachment":[{"href":"https:\/\/blog.espol.edu.ec\/aremvint\/wp-json\/wp\/v2\/media?parent=2"}],"curies":[{"name":"wp","href":"https:\/\/api.w.org\/{rel}","templated":true}]}}