{"id":24,"date":"2013-06-06T02:55:23","date_gmt":"2013-06-06T02:55:23","guid":{"rendered":"http:\/\/blog.espol.edu.ec\/aremvint\/?page_id=24"},"modified":"2013-06-06T10:37:00","modified_gmt":"2013-06-06T10:37:00","slug":"consejos","status":"publish","type":"page","link":"https:\/\/blog.espol.edu.ec\/aremvint\/consejos\/","title":{"rendered":"CONSEJOS"},"content":{"rendered":"<p>Tener una laptop implica una gran responsabilidad. Los vendedores no siempre dan informaci\u00f3n completa respecto a los cuidados que debe tener el equipo y sus componentes. En el manual no suele venir mucha informaci\u00f3n y por eso muchas veces ignoramos detalles claves como el cuidado que debemos poner sobre la\u00a0 fuente de energ\u00eda (o cargador como solemos llamarlo).\u00bfSab\u00edas que esta pieza puede dejar de funcionar si recibe continuos golpes y que pueden repararla en las Galer\u00edas Wilson? \u00bfQu\u00e9 hace usted con su bater\u00eda? \u00bfLa retira al momento de trabajar con conexi\u00f3n al tomacorriente? \u00bfQu\u00e9<a href=\"http:\/\/blog.espol.edu.ec\/aremvint\/files\/2013\/06\/laptops.jpg\"><img loading=\"lazy\" decoding=\"async\" class=\"alignnone  wp-image-26\" src=\"http:\/\/blog.espol.edu.ec\/aremvint\/files\/2013\/06\/laptops-300x300.jpg\" alt=\"\" width=\"211\" height=\"183\" \/><\/a> otros trucos conoces? Queremos que compartas en este espacio los mejores consejos para proteger tu laptop. Pueden, por ejemplo, indicar c\u00f3mo limpian la pantalla, si usan aire comprimido para limpiar las teclas, c\u00f3mo limpian la parte externa del equipo, qu\u00e9 hacen para contrarrestar el calor<\/p>\n","protected":false},"excerpt":{"rendered":"<p>Tener una laptop implica una gran responsabilidad. Los vendedores no siempre dan informaci\u00f3n completa respecto a los cuidados que debe tener el equipo y sus componentes. En el manual no suele venir mucha informaci\u00f3n y por eso muchas veces ignoramos detalles claves como el cuidado que debemos poner sobre la\u00a0 fuente de energ\u00eda (o cargador [&hellip;]<\/p>\n","protected":false},"author":8578,"featured_media":29,"parent":0,"menu_order":0,"comment_status":"open","ping_status":"open","template":"","meta":{"footnotes":""},"class_list":["post-24","page","type-page","status-publish","has-post-thumbnail","hentry"],"_links":{"self":[{"href":"https:\/\/blog.espol.edu.ec\/aremvint\/wp-json\/wp\/v2\/pages\/24","targetHints":{"allow":["GET"]}}],"collection":[{"href":"https:\/\/blog.espol.edu.ec\/aremvint\/wp-json\/wp\/v2\/pages"}],"about":[{"href":"https:\/\/blog.espol.edu.ec\/aremvint\/wp-json\/wp\/v2\/types\/page"}],"author":[{"embeddable":true,"href":"https:\/\/blog.espol.edu.ec\/aremvint\/wp-json\/wp\/v2\/users\/8578"}],"replies":[{"embeddable":true,"href":"https:\/\/blog.espol.edu.ec\/aremvint\/wp-json\/wp\/v2\/comments?post=24"}],"version-history":[{"count":5,"href":"https:\/\/blog.espol.edu.ec\/aremvint\/wp-json\/wp\/v2\/pages\/24\/revisions"}],"predecessor-version":[{"id":32,"href":"https:\/\/blog.espol.edu.ec\/aremvint\/wp-json\/wp\/v2\/pages\/24\/revisions\/32"}],"wp:featuredmedia":[{"embeddable":true,"href":"https:\/\/blog.espol.edu.ec\/aremvint\/wp-json\/wp\/v2\/media\/29"}],"wp:attachment":[{"href":"https:\/\/blog.espol.edu.ec\/aremvint\/wp-json\/wp\/v2\/media?parent=24"}],"curies":[{"name":"wp","href":"https:\/\/api.w.org\/{rel}","templated":true}]}}