{"id":53,"date":"2013-06-07T09:57:43","date_gmt":"2013-06-07T09:57:43","guid":{"rendered":"http:\/\/blog.espol.edu.ec\/aremvint\/?page_id=53"},"modified":"2013-06-07T09:58:14","modified_gmt":"2013-06-07T09:58:14","slug":"asus-taichi","status":"publish","type":"page","link":"https:\/\/blog.espol.edu.ec\/aremvint\/pagina-ejemplo\/asus-taichi\/","title":{"rendered":"Asus Taichi"},"content":{"rendered":"<p><strong>Una increible fusi\u00f3n de ultrabook y tablet en un formato de 11.6\"<\/strong><\/p>\n<ul>\n<li>3\u00aa generaci\u00f3n de procesadores Intel\u00ae Core\u2122 i5 -3317U<\/li>\n<li>El primer equipo que combina las funciones de un ultrabook y una tableta<\/li>\n<li>Pasa del modo port\u00e1til a tableta apretando un bot\u00f3n<\/li>\n<li>Incre\u00edblemente fino, ligero y ultraport\u00e1til<\/li>\n<li>Stylus opcional para un control m\u00e1s preciso y una escritura m\u00e1s natural<\/li>\n<\/ul>\n<table id=\"table1\" border=\"1\" cellspacing=\"2\">\n<tbody>\n<tr>\n<td><span style=\"font-size: small\"><strong><span style=\"color: #808080;font-size: small\">C.p.u.\u00a0 <\/span><\/strong><\/span><\/td>\n<td><span style=\"font-size: small\">Intel\u00ae Core i5 3317U Low Voltage<\/span><\/td>\n<\/tr>\n<tr>\n<td><span style=\"font-size: small\"><strong><span style=\"color: #808080;font-size: small\">Plataforma\u00a0 <\/span><\/strong><\/span><\/td>\n<td><span style=\"font-size: small\">Intel\u00ae HM76 Express Chipset<\/span><\/td>\n<\/tr>\n<tr>\n<td><span style=\"font-size: small\"><strong><span style=\"color: #808080;font-size: small\">Memoria\u00a0 <\/span><\/strong><\/span><\/td>\n<td><span style=\"font-size: small\">4GB DDR3 1600 MHz SDRAM<\/span><\/td>\n<\/tr>\n<tr>\n<td><span style=\"font-size: small\"><strong><span style=\"color: #808080;font-size: small\">Disco Duro\u00a0 <\/span><\/strong><\/span><\/td>\n<td><span style=\"font-size: small\">128GB SSD<\/span><\/td>\n<\/tr>\n<tr>\n<td><span style=\"font-size: small\"><strong><span style=\"color: #808080;font-size: small\">Optico\u00a0 <\/span><\/strong><\/span><\/td>\n<td><span style=\"font-size: small\">No<\/span><\/td>\n<\/tr>\n<tr>\n<td><span style=\"font-size: small\"><strong><span style=\"color: #808080;font-size: small\">Monitor\u00a0 <\/span><\/strong><\/span><\/td>\n<td><span style=\"font-size: small\">Doble pantalla 11.6\" 16:9 Full HD (1920x1080)<\/span><\/td>\n<\/tr>\n<tr>\n<td><span style=\"font-size: small\"><strong><span style=\"color: #808080;font-size: small\">Tarj. Video\u00a0 <\/span><\/strong><\/span><\/td>\n<td><span style=\"font-size: small\">Intel\u00ae HD Graphics 4000 integrada<\/span><\/td>\n<\/tr>\n<tr>\n<td><span style=\"font-size: small\"><strong><span style=\"color: #808080;font-size: small\">Audio\u00a0 <\/span><\/strong><\/span><\/td>\n<td><span style=\"font-size: small\">Bang &amp; Olufsen ICEpower\u00ae<\/span><\/td>\n<\/tr>\n<tr>\n<td><span style=\"font-size: small\"><strong><span style=\"color: #808080;font-size: small\">Bater\u00eda\u00a0 <\/span><\/strong><\/span><\/td>\n<td><span style=\"font-size: small\">35 Whrs Bater\u00eda de pol\u00edmeros<\/span><\/td>\n<\/tr>\n<tr>\n<td><span style=\"font-size: small\"><strong><span style=\"color: #808080;font-size: small\">Autonom\u00eda M\u00e1xima\u00a0 <\/span><\/strong><\/span><\/td>\n<td><span style=\"font-size: small\">Hasta 5 horas <\/span><\/td>\n<\/tr>\n<tr>\n<td><span style=\"font-size: small\"><strong><span style=\"color: #808080;font-size: small\">Card Reader\u00a0 <\/span><\/strong><\/span><\/td>\n<td><span style=\"font-size: small\">2 -in-1 card reader ( SD\/ MMC)<\/span><\/td>\n<\/tr>\n<tr>\n<td><span style=\"font-size: small\"><strong><span style=\"color: #808080;font-size: small\">Bluetooth\u00a0 <\/span><\/strong><\/span><\/td>\n<td><span style=\"font-size: small\">Built-in Bluetooth V4.0<\/span><\/td>\n<\/tr>\n<tr>\n<td><span style=\"font-size: small\"><strong><span style=\"color: #808080;font-size: small\">Lan\u00a0 <\/span><\/strong><\/span><\/td>\n<td><span style=\"font-size: small\">Integrated 802.11 b\/g\/n<\/span><\/td>\n<\/tr>\n<tr>\n<td><span style=\"font-size: small\"><strong><span style=\"color: #808080;font-size: small\">Usb\u00a0 <\/span><\/strong><\/span><\/td>\n<td><span style=\"font-size: small\">1 x USB 3.0 port(s)<\/span><span style=\"font-size: small\">1 x USB 2.0 port(s)<\/span><\/td>\n<\/tr>\n<tr>\n<td><span style=\"font-size: small\"><strong><span style=\"color: #808080;font-size: small\">Tv-out\u00a0 <\/span><\/strong><\/span><\/td>\n<td><span style=\"font-size: small\">1 x micro HDMI<\/span><span style=\"font-size: small\">1 x Mini VGA<\/span><\/td>\n<\/tr>\n<tr>\n<td><span style=\"font-size: small\"><strong><span style=\"color: #808080;font-size: small\">Otros Puertos I\/0\u00a0 <\/span><\/strong><\/span><\/td>\n<td><span style=\"font-size: small\">1 x conector audio COMBO<\/span><span style=\"font-size: small\">2 x puerto(s) USB 3.0 <\/span><\/p>\n<p><span style=\"font-size: small\">1 x Conector docking<\/span><\/p>\n<p><span style=\"font-size: small\">1 x Puerto Mini VGA<\/span><\/p>\n<p><span style=\"font-size: small\">1 x Volumen arriba\/abajo<\/span><\/p>\n<p><span style=\"font-size: small\">1 x Selector de modo de pantalla<\/span><\/td>\n<\/tr>\n<tr>\n<td><span style=\"font-size: small\"><strong><span style=\"color: #808080;font-size: small\">Teclado\u00a0 <\/span><\/strong><\/span><\/td>\n<td><span style=\"font-size: small\">Espa\u00f1ol<\/span><\/td>\n<\/tr>\n<tr>\n<td><span style=\"font-size: small\"><strong><span style=\"color: #808080;font-size: small\">Medidas (mm.)\u00a0 <\/span><\/strong><\/span><\/td>\n<td><span style=\"font-size: small\">33.92 x 22.8 x 17.4 cm (WxDxH)<\/span><\/td>\n<\/tr>\n<tr>\n<td><span style=\"font-size: small\"><strong><span style=\"color: #808080;font-size: small\">Peso (kgs.)\u00a0 <\/span><\/strong><\/span><\/td>\n<td><span style=\"font-size: small\">1.25KGs<\/span><\/td>\n<\/tr>\n<tr>\n<td><span style=\"font-size: small\"><strong><span style=\"color: #808080;font-size: small\">Color\u00a0 <\/span><\/strong><\/span><\/td>\n<td><span style=\"font-size: small\">plata-Cobrizo y negro<\/span><\/td>\n<\/tr>\n<tr>\n<td><span style=\"font-size: small\"><strong><span style=\"color: #808080;font-size: small\">Sistema Operativo\u00a0 <\/span><\/strong><\/span><\/td>\n<td><span style=\"font-size: small\">Genuine Windows\u00ae 8<a href=\"http:\/\/blog.espol.edu.ec\/aremvint\/files\/2013\/06\/asus-taichi.jpg\"><img loading=\"lazy\" decoding=\"async\" class=\"aligncenter size-medium wp-image-57\" src=\"http:\/\/blog.espol.edu.ec\/aremvint\/files\/2013\/06\/asus-taichi-300x300.jpg\" alt=\"\" width=\"300\" height=\"300\" srcset=\"https:\/\/blog.espol.edu.ec\/aremvint\/files\/2013\/06\/asus-taichi-300x300.jpg 300w, https:\/\/blog.espol.edu.ec\/aremvint\/files\/2013\/06\/asus-taichi-150x150.jpg 150w, https:\/\/blog.espol.edu.ec\/aremvint\/files\/2013\/06\/asus-taichi.jpg 550w\" sizes=\"auto, (max-width: 300px) 100vw, 300px\" \/><\/a><\/span><\/td>\n<\/tr>\n<\/tbody>\n<\/table>\n","protected":false},"excerpt":{"rendered":"<p>Una increible fusi\u00f3n de ultrabook y tablet en un formato de 11.6\" 3\u00aa generaci\u00f3n de procesadores Intel\u00ae Core\u2122 i5 -3317U El primer equipo que combina las funciones de un ultrabook y una tableta Pasa del modo port\u00e1til a tableta apretando un bot\u00f3n Incre\u00edblemente fino, ligero y ultraport\u00e1til Stylus opcional para un control m\u00e1s preciso y [&hellip;]<\/p>\n","protected":false},"author":8578,"featured_media":0,"parent":2,"menu_order":0,"comment_status":"open","ping_status":"open","template":"","meta":{"footnotes":""},"class_list":["post-53","page","type-page","status-publish","hentry"],"_links":{"self":[{"href":"https:\/\/blog.espol.edu.ec\/aremvint\/wp-json\/wp\/v2\/pages\/53","targetHints":{"allow":["GET"]}}],"collection":[{"href":"https:\/\/blog.espol.edu.ec\/aremvint\/wp-json\/wp\/v2\/pages"}],"about":[{"href":"https:\/\/blog.espol.edu.ec\/aremvint\/wp-json\/wp\/v2\/types\/page"}],"author":[{"embeddable":true,"href":"https:\/\/blog.espol.edu.ec\/aremvint\/wp-json\/wp\/v2\/users\/8578"}],"replies":[{"embeddable":true,"href":"https:\/\/blog.espol.edu.ec\/aremvint\/wp-json\/wp\/v2\/comments?post=53"}],"version-history":[{"count":3,"href":"https:\/\/blog.espol.edu.ec\/aremvint\/wp-json\/wp\/v2\/pages\/53\/revisions"}],"predecessor-version":[{"id":66,"href":"https:\/\/blog.espol.edu.ec\/aremvint\/wp-json\/wp\/v2\/pages\/53\/revisions\/66"}],"up":[{"embeddable":true,"href":"https:\/\/blog.espol.edu.ec\/aremvint\/wp-json\/wp\/v2\/pages\/2"}],"wp:attachment":[{"href":"https:\/\/blog.espol.edu.ec\/aremvint\/wp-json\/wp\/v2\/media?parent=53"}],"curies":[{"name":"wp","href":"https:\/\/api.w.org\/{rel}","templated":true}]}}