{"id":6,"date":"2013-05-21T15:48:25","date_gmt":"2013-05-21T15:48:25","guid":{"rendered":"http:\/\/blog.espol.edu.ec\/aremvint\/?page_id=6"},"modified":"2013-06-11T15:51:56","modified_gmt":"2013-06-11T15:51:56","slug":"mi-primera-pagina","status":"publish","type":"page","link":"https:\/\/blog.espol.edu.ec\/aremvint\/mi-primera-pagina\/","title":{"rendered":"Un poco de historia..."},"content":{"rendered":"<p style=\"text-align: left\">La primera\u00a0<a href=\"http:\/\/es.wikipedia.org\/wiki\/Computadora_port%C3%A1til\">LAPTOP<\/a> port\u00e1til considerada como tal fue la Epson HX-20, desarrollada en 1981, a partir de la cual se observaron los grandes beneficios para el trabajo de cient\u00edficos, militares, empresarios y otros profesionales que vieron la ventaja de poder llevar con ellos su computadora con toda la informaci\u00f3n que necesitaban.<\/p>\n<p>La Osborne 1 sali\u00f3 al mercado comercial con el formato que actualmente las distingue, aunque entonces eran sumamente limitadas, incluso para la tecnolog\u00eda de la \u00e9poca.<\/p>\n<p>En 1991 Apple sac\u00f3 su modelo de port\u00e1til, que se convirti\u00f3 en el est\u00e1ndar para el resto de los que han salido al mercado desde entonces. En 1995, con la llegada de Windows 95, la venta de laptops se increment\u00f3 notablemente, y en la actualidad rebasa la ventas de las PC de escritorio.<\/p>\n<p>En el tercer trimestre de 2008, las ventas de laptops superaron por primera vez las de las PC de escritorio, seg\u00fan la firma de investigaci\u00f3n.<\/p>\n","protected":false},"excerpt":{"rendered":"<p>La primera\u00a0LAPTOP port\u00e1til considerada como tal fue la Epson HX-20, desarrollada en 1981, a partir de la cual se observaron los grandes beneficios para el trabajo de cient\u00edficos, militares, empresarios y otros profesionales que vieron la ventaja de poder llevar con ellos su computadora con toda la informaci\u00f3n que necesitaban. La Osborne 1 sali\u00f3 al [&hellip;]<\/p>\n","protected":false},"author":8578,"featured_media":0,"parent":0,"menu_order":0,"comment_status":"open","ping_status":"open","template":"","meta":{"footnotes":""},"class_list":["post-6","page","type-page","status-publish","hentry"],"_links":{"self":[{"href":"https:\/\/blog.espol.edu.ec\/aremvint\/wp-json\/wp\/v2\/pages\/6","targetHints":{"allow":["GET"]}}],"collection":[{"href":"https:\/\/blog.espol.edu.ec\/aremvint\/wp-json\/wp\/v2\/pages"}],"about":[{"href":"https:\/\/blog.espol.edu.ec\/aremvint\/wp-json\/wp\/v2\/types\/page"}],"author":[{"embeddable":true,"href":"https:\/\/blog.espol.edu.ec\/aremvint\/wp-json\/wp\/v2\/users\/8578"}],"replies":[{"embeddable":true,"href":"https:\/\/blog.espol.edu.ec\/aremvint\/wp-json\/wp\/v2\/comments?post=6"}],"version-history":[{"count":5,"href":"https:\/\/blog.espol.edu.ec\/aremvint\/wp-json\/wp\/v2\/pages\/6\/revisions"}],"predecessor-version":[{"id":65,"href":"https:\/\/blog.espol.edu.ec\/aremvint\/wp-json\/wp\/v2\/pages\/6\/revisions\/65"}],"wp:attachment":[{"href":"https:\/\/blog.espol.edu.ec\/aremvint\/wp-json\/wp\/v2\/media?parent=6"}],"curies":[{"name":"wp","href":"https:\/\/api.w.org\/{rel}","templated":true}]}}