{"id":67,"date":"2014-05-20T02:34:40","date_gmt":"2014-05-20T02:34:40","guid":{"rendered":"http:\/\/blog.espol.edu.ec\/aremvint\/?page_id=67"},"modified":"2014-05-20T17:46:41","modified_gmt":"2014-05-20T17:46:41","slug":"las-tarjetas-perforadas-por-herman-hollerith","status":"publish","type":"page","link":"https:\/\/blog.espol.edu.ec\/aremvint\/las-tarjetas-perforadas-por-herman-hollerith\/","title":{"rendered":"LAS TARJETAS PERFORADAS POR HERMAN HOLLERITH"},"content":{"rendered":"<p style=\"text-align: left\">Eleg\u00ed este invento como el m\u00e1s significativo en la historia de la computaci\u00f3n; ya que, desde mi perspectiva \u00a0ha servido como inspiraci\u00f3n en el desarrollo de nuevas tecnolog\u00edas adem\u00e1s muchos de los componentes actuales del computador se basan en este artefacto, como por ejemplo el CD-ROM aunque \u00a0no se compare en nada con el tama\u00f1o, velocidad y capacidad, utiliza un mecanismo muy similar al de las \u00a0tarjetas perforadas.<\/p>\n<p style=\"text-align: left\"><strong>\u00bfQU\u00c9 SON LAS TARJETAS PERFORADAS?<\/strong><\/p>\n<p style=\"text-align: left\"><span style=\"color: #222222\">La tarjeta perforada o simplemente tarjeta es una l\u00e1mina hecha de cartulina que contiene informaci\u00f3n en forma de perforaciones seg\u00fan un c\u00f3digo binario.<\/span><\/p>\n<p style=\"text-align: left\"><a href=\"http:\/\/blog.espol.edu.ec\/aremvint\/files\/2014\/05\/000200270.png\"><img loading=\"lazy\" decoding=\"async\" class=\"aligncenter size-medium wp-image-68\" src=\"http:\/\/blog.espol.edu.ec\/aremvint\/files\/2014\/05\/000200270-300x131.png\" alt=\"000200270\" width=\"300\" height=\"131\" srcset=\"https:\/\/blog.espol.edu.ec\/aremvint\/files\/2014\/05\/000200270-300x131.png 300w, https:\/\/blog.espol.edu.ec\/aremvint\/files\/2014\/05\/000200270.png 376w\" sizes=\"auto, (max-width: 300px) 100vw, 300px\" \/><\/a>Herman Hollerith creo estas tarjetas con el fin de acelerar el procedo del censo en Estados Unidos en el a\u00f1o 1880. Como se muestra en el video al usar las tarjetas perforadas al momento de almacenar los datos solo se tardo una semana en terminar de censar a toda la poblaci\u00f3n de los Estados Unidos. Herman Hollerith fund\u00f3 la compa\u00f1\u00eda \"Tabulating Machine Company\" que fue una de las tres compa\u00f1\u00edas que se juntaron para formar \u00a0 la \"Computing Tabulating Recording Corporation \u00a0(CTR)\" hoy en d\u00eda llamada \"IBM\".<\/p>\n<p style=\"text-align: left\"><img loading=\"lazy\" decoding=\"async\" class=\"aligncenter size-medium wp-image-75\" src=\"http:\/\/blog.espol.edu.ec\/aremvint\/files\/2014\/05\/Ibm_px_xt_color-300x225.jpg\" alt=\"Ibm_px_xt_color\" width=\"300\" height=\"225\" srcset=\"https:\/\/blog.espol.edu.ec\/aremvint\/files\/2014\/05\/Ibm_px_xt_color-300x225.jpg 300w, https:\/\/blog.espol.edu.ec\/aremvint\/files\/2014\/05\/Ibm_px_xt_color-1024x769.jpg 1024w\" sizes=\"auto, (max-width: 300px) 100vw, 300px\" \/><\/p>\n<p style=\"text-align: left\">IBM desarrollo la tecnolog\u00eda de la tarjeta perforada convirti\u00e9ndola en una herramienta poderosa que ayudar\u00eda en el procesamiento de datos.<\/p>\n<p style=\"text-align: left\"><strong>Puedes visitar los siguientes enlaces para mayor informaci\u00f3n...<\/strong><\/p>\n<p style=\"text-align: left\"><a href=\"http:\/\/http:\/\/www.youtube.com\/watch?v=2BK5479ZT4w\">Tarjetas Perforadas<\/a><\/p>\n<p style=\"text-align: left\"><a href=\"http:\/\/http:\/\/historiainformaticamaese.wikispaces.com\/Tarjetas+perforadas.\">Historia de las Tarjetas Perforadas\u00a0<\/a><\/p>\n<p style=\"text-align: left\"><strong>REFERENCIAS:<\/strong><\/p>\n<p style=\"text-align: left\">Tarjeta Perforada,\u00a0<a href=\"http:\/\/http:\/\/es.wikipedia.org\/wiki\/Tarjeta_perforada\">http:\/\/es.wikipedia.org\/wiki\/Tarjeta_perforada<\/a>, 30 de abril del 2014.<\/p>\n","protected":false},"excerpt":{"rendered":"<p>Eleg\u00ed este invento como el m\u00e1s significativo en la historia de la computaci\u00f3n; ya que, desde mi perspectiva \u00a0ha servido como inspiraci\u00f3n en el desarrollo de nuevas tecnolog\u00edas adem\u00e1s muchos de los componentes actuales del computador se basan en este artefacto, como por ejemplo el CD-ROM aunque \u00a0no se compare en nada con el tama\u00f1o, [&hellip;]<\/p>\n","protected":false},"author":8578,"featured_media":68,"parent":0,"menu_order":0,"comment_status":"open","ping_status":"open","template":"","meta":{"footnotes":""},"class_list":["post-67","page","type-page","status-publish","has-post-thumbnail","hentry"],"_links":{"self":[{"href":"https:\/\/blog.espol.edu.ec\/aremvint\/wp-json\/wp\/v2\/pages\/67","targetHints":{"allow":["GET"]}}],"collection":[{"href":"https:\/\/blog.espol.edu.ec\/aremvint\/wp-json\/wp\/v2\/pages"}],"about":[{"href":"https:\/\/blog.espol.edu.ec\/aremvint\/wp-json\/wp\/v2\/types\/page"}],"author":[{"embeddable":true,"href":"https:\/\/blog.espol.edu.ec\/aremvint\/wp-json\/wp\/v2\/users\/8578"}],"replies":[{"embeddable":true,"href":"https:\/\/blog.espol.edu.ec\/aremvint\/wp-json\/wp\/v2\/comments?post=67"}],"version-history":[{"count":9,"href":"https:\/\/blog.espol.edu.ec\/aremvint\/wp-json\/wp\/v2\/pages\/67\/revisions"}],"predecessor-version":[{"id":79,"href":"https:\/\/blog.espol.edu.ec\/aremvint\/wp-json\/wp\/v2\/pages\/67\/revisions\/79"}],"wp:featuredmedia":[{"embeddable":true,"href":"https:\/\/blog.espol.edu.ec\/aremvint\/wp-json\/wp\/v2\/media\/68"}],"wp:attachment":[{"href":"https:\/\/blog.espol.edu.ec\/aremvint\/wp-json\/wp\/v2\/media?parent=67"}],"curies":[{"name":"wp","href":"https:\/\/api.w.org\/{rel}","templated":true}]}}