{"id":333,"date":"2010-11-03T14:02:58","date_gmt":"2010-11-03T19:02:58","guid":{"rendered":"http:\/\/blog.espol.edu.ec\/arguille\/?page_id=333"},"modified":"2010-11-03T14:02:58","modified_gmt":"2010-11-03T19:02:58","slug":"retiro-juvenil-de-espana-fieide","status":"publish","type":"page","link":"https:\/\/blog.espol.edu.ec\/arguille\/retiro-juvenil-de-espana-fieide\/","title":{"rendered":"Retiro Juvenil de Espa\u00f1a: FIEIDE"},"content":{"rendered":"<p>Hola aqu\u00ed les dejo unos mensajes interesantes y edificadores mas que todo para j\u00f3venes. Como esta el mundo hoy, es importante santificarnos mas y sobre todo la juventud, que es la que mas tiende a involucrarse con el mundo compartiendo sus ideas e incluso andar como ellos. Estos mensajes son dados por el pastor Paul Washer. Que dios los contin\u00fae bendiciendo \ud83d\ude42<br \/>\n\"No am\u00e9is al mundo, ni las cosas que est\u00e1n en el mundo. Si alguno ama al mundo, el amor del Padre no est\u00e1 en \u00e9l. Porque todo lo que hay en el mundo, los deseos de la carne, los deseos de los ojos, y la vanagloria de la vida, no proviene del Padre, sino del mundo. Y el mundo pasa, y sus deseos; pero el que hace la voluntad de Dios permanece para siempre\".(1 Juan  2:15-17).<\/p>\n<p>SACRIFICIO VIVO<br \/>\n<object width=\"400\" height=\"265\"><param name=\"allowfullscreen\" value=\"true\" \/><param name=\"allowscriptaccess\" value=\"always\" \/><param name=\"movie\" value=\"http:\/\/vimeo.com\/moogaloop.swf?clip_id=11671132&amp;server=vimeo.com&amp;show_title=0&amp;show_byline=0&amp;show_portrait=0&amp;color=&amp;fullscreen=1&amp;autoplay=0&amp;loop=0\" \/><embed src=\"http:\/\/vimeo.com\/moogaloop.swf?clip_id=11671132&amp;server=vimeo.com&amp;show_title=0&amp;show_byline=0&amp;show_portrait=0&amp;color=&amp;fullscreen=1&amp;autoplay=0&amp;loop=0\" type=\"application\/x-shockwave-flash\" allowfullscreen=\"true\" allowscriptaccess=\"always\" width=\"400\" height=\"265\"><\/embed><\/object><\/p>\n<p><a href=\"http:\/\/vimeo.com\/11671132\">Paul Washer - Un Sacrificio Vivo - Rom 12 - FIEIDE Retiro Juvenil 2010 - Segunda Parte<\/a> from <a href=\"http:\/\/vimeo.com\/heartcrymedia\">HeartCry Missionary Society<\/a> on <a href=\"http:\/\/vimeo.com\">Vimeo<\/a>.<\/p>\n<p>TESTIMONIO Y EL EVANGELIO<br \/>\n<object width=\"400\" height=\"265\"><param name=\"allowfullscreen\" value=\"true\" \/><param name=\"allowscriptaccess\" value=\"always\" \/><param name=\"movie\" value=\"http:\/\/vimeo.com\/moogaloop.swf?clip_id=11686236&amp;server=vimeo.com&amp;show_title=0&amp;show_byline=0&amp;show_portrait=0&amp;color=&amp;fullscreen=1&amp;autoplay=0&amp;loop=0\" \/><embed src=\"http:\/\/vimeo.com\/moogaloop.swf?clip_id=11686236&amp;server=vimeo.com&amp;show_title=0&amp;show_byline=0&amp;show_portrait=0&amp;color=&amp;fullscreen=1&amp;autoplay=0&amp;loop=0\" type=\"application\/x-shockwave-flash\" allowfullscreen=\"true\" allowscriptaccess=\"always\" width=\"400\" height=\"265\"><\/embed><\/object><\/p>\n<p><a href=\"http:\/\/vimeo.com\/11686236\">Paul Washer - Testimonio &amp; El Evangelio - FIEIDE Retiro Juvenil 2010 - Primera Parte<\/a> from <a href=\"http:\/\/vimeo.com\/heartcrymedia\">HeartCry Missionary Society<\/a> on <a href=\"http:\/\/vimeo.com\">Vimeo<\/a>.<\/p>\n<p>UNA MENTE RENOVADA<br \/>\n<object width=\"400\" height=\"265\"><param name=\"allowfullscreen\" value=\"true\" \/><param name=\"allowscriptaccess\" value=\"always\" \/><param name=\"movie\" value=\"http:\/\/vimeo.com\/moogaloop.swf?clip_id=11719536&amp;server=vimeo.com&amp;show_title=0&amp;show_byline=0&amp;show_portrait=0&amp;color=&amp;fullscreen=1&amp;autoplay=0&amp;loop=0\" \/><embed src=\"http:\/\/vimeo.com\/moogaloop.swf?clip_id=11719536&amp;server=vimeo.com&amp;show_title=0&amp;show_byline=0&amp;show_portrait=0&amp;color=&amp;fullscreen=1&amp;autoplay=0&amp;loop=0\" type=\"application\/x-shockwave-flash\" allowfullscreen=\"true\" allowscriptaccess=\"always\" width=\"400\" height=\"265\"><\/embed><\/object><\/p>\n<p><a href=\"http:\/\/vimeo.com\/11719536\">Paul Washer - Una Mente Renovada - FIEIDE Retiro Juvenil Espa\u00f1a 2010<\/a> from <a href=\"http:\/\/vimeo.com\/heartcrymedia\">HeartCry Missionary Society<\/a> on <a href=\"http:\/\/vimeo.com\">Vimeo<\/a>.<\/p>\n<p>EL CRISTIANO Y LA CULTURA.- LA SANTIFICACION<br \/>\n<object width=\"400\" height=\"265\"><param name=\"allowfullscreen\" value=\"true\" \/><param name=\"allowscriptaccess\" value=\"always\" \/><param name=\"movie\" value=\"http:\/\/vimeo.com\/moogaloop.swf?clip_id=11727482&amp;server=vimeo.com&amp;show_title=0&amp;show_byline=0&amp;show_portrait=0&amp;color=&amp;fullscreen=1&amp;autoplay=0&amp;loop=0\" \/><embed src=\"http:\/\/vimeo.com\/moogaloop.swf?clip_id=11727482&amp;server=vimeo.com&amp;show_title=0&amp;show_byline=0&amp;show_portrait=0&amp;color=&amp;fullscreen=1&amp;autoplay=0&amp;loop=0\" type=\"application\/x-shockwave-flash\" allowfullscreen=\"true\" allowscriptaccess=\"always\" width=\"400\" height=\"265\"><\/embed><\/object><\/p>\n<p><a href=\"http:\/\/vimeo.com\/11727482\">Paul Washer - Dejando Un Legado - FIEIDE Retiro Juvenil Espa\u00f1a 2010<\/a> from <a href=\"http:\/\/vimeo.com\/heartcrymedia\">HeartCry Missionary Society<\/a> on <a href=\"http:\/\/vimeo.com\">Vimeo<\/a>.<\/p>\n","protected":false},"excerpt":{"rendered":"<p>Hola aqu\u00ed les dejo unos mensajes interesantes y edificadores mas que todo para j\u00f3venes. Como esta el mundo hoy, es importante santificarnos mas y sobre todo la juventud, que es la que mas tiende a involucrarse con el mundo compartiendo sus ideas e incluso andar como ellos. Estos mensajes son dados por el pastor Paul [&hellip;]<\/p>\n","protected":false},"author":3103,"featured_media":0,"parent":0,"menu_order":0,"comment_status":"open","ping_status":"open","template":"","meta":{"footnotes":""},"class_list":["post-333","page","type-page","status-publish","hentry"],"_links":{"self":[{"href":"https:\/\/blog.espol.edu.ec\/arguille\/wp-json\/wp\/v2\/pages\/333","targetHints":{"allow":["GET"]}}],"collection":[{"href":"https:\/\/blog.espol.edu.ec\/arguille\/wp-json\/wp\/v2\/pages"}],"about":[{"href":"https:\/\/blog.espol.edu.ec\/arguille\/wp-json\/wp\/v2\/types\/page"}],"author":[{"embeddable":true,"href":"https:\/\/blog.espol.edu.ec\/arguille\/wp-json\/wp\/v2\/users\/3103"}],"replies":[{"embeddable":true,"href":"https:\/\/blog.espol.edu.ec\/arguille\/wp-json\/wp\/v2\/comments?post=333"}],"version-history":[{"count":1,"href":"https:\/\/blog.espol.edu.ec\/arguille\/wp-json\/wp\/v2\/pages\/333\/revisions"}],"predecessor-version":[{"id":334,"href":"https:\/\/blog.espol.edu.ec\/arguille\/wp-json\/wp\/v2\/pages\/333\/revisions\/334"}],"wp:attachment":[{"href":"https:\/\/blog.espol.edu.ec\/arguille\/wp-json\/wp\/v2\/media?parent=333"}],"curies":[{"name":"wp","href":"https:\/\/api.w.org\/{rel}","templated":true}]}}