{"id":374,"date":"2011-03-18T13:15:02","date_gmt":"2011-03-18T18:15:02","guid":{"rendered":"http:\/\/blog.espol.edu.ec\/arguille\/?page_id=374"},"modified":"2011-03-18T13:15:02","modified_gmt":"2011-03-18T18:15:02","slug":"bienvenida","status":"publish","type":"page","link":"https:\/\/blog.espol.edu.ec\/arguille\/bienvenida\/","title":{"rendered":"Bienvenida"},"content":{"rendered":"<p style=\"text-align: justify\"><strong><span style=\"color: #993300\"><em>Bienvenidos a todos los que visitan este blog, que por la gracia de Dios tengo la oportunidad de hablarles acerca de Jesucristo, de su salvaci\u00f3n, de el perd\u00f3n por nuestros pecados , del sacrificio de la cruz y la sangre de Cristo y tambi\u00e9n sobre los principios b\u00edblicos que los hijos de Dios debemos llevar a cabo en nuestra vida cristiana y proclamar la venida del Se\u00f1or Jesucristo, de manera que todo lo hago o escribo en este blog, es solo para la gloria, honra y alabanza al Se\u00f1or.<\/em><\/span><\/strong><\/p>\n<p style=\"text-align: justify\"><strong><span style=\"color: #993300\"><em>Me presento ante ustedes, mi nombre es Amalia Guillen, soy de Ecuador, por la misericordia de Dios he recibido salvaci\u00f3n eterna, y de la misma manera quiero presentarles el evangelio por gracia asi como me fue presentado a mi, como Jes\u00fas lo dijo:<\/em><\/span><\/strong><\/p>\n<p style=\"text-align: center\"><strong><span style=\"color: #993300\"><em><span style=\"color: #800000\">\"...de gracia recibisteis, dad de gracia.\" (Mateo 10: 8)<\/span><\/em><\/span><\/strong><\/p>\n<p style=\"text-align: justify\"><strong><span style=\"color: #993300\"><em>As\u00ed, quiero aclarar que los fines o prop\u00f3sitos de este blog, no son para lucrarme o vanagloriarme, sino para hablar de mi Se\u00f1or y Salvador.<\/em><\/span><\/strong><\/p>\n<p style=\"text-align: justify\"><strong><span style=\"color: #993300\"><em>Yo solamente soy una sierva mas de Jesucristo, y hago conforme al mandato del Se\u00f1or:<\/em><\/span><\/strong><\/p>\n<p style=\"text-align: center\"><strong><span style=\"color: #993300\"><em><span style=\"color: #800000\">\"Id por todo el mundo y predicad el evangelio a toda criatura.\" (Marcos 16: 15).<\/span><\/em><\/span><\/strong><\/p>\n<p style=\"text-align: justify\"><strong><span style=\"color: #993300\"><em>Les invito a que se paseen por este blog, y espero con todo mi coraz\u00f3n que todo lo que se publique sea para la gloria de Dios, en primer lugar, y ademas que cada mensaje o reflexi\u00f3n llegue a sus corazones.<\/em><\/span><\/strong><\/p>\n<p style=\"text-align: justify\"><strong><span style=\"color: #993300\"><em><br \/>\n<\/em><\/span><\/strong><\/p>\n","protected":false},"excerpt":{"rendered":"<p>Bienvenidos a todos los que visitan este blog, que por la gracia de Dios tengo la oportunidad de hablarles acerca de Jesucristo, de su salvaci\u00f3n, de el perd\u00f3n por nuestros pecados , del sacrificio de la cruz y la sangre de Cristo y tambi\u00e9n sobre los principios b\u00edblicos que los hijos de Dios debemos llevar [&hellip;]<\/p>\n","protected":false},"author":3103,"featured_media":0,"parent":0,"menu_order":1,"comment_status":"open","ping_status":"open","template":"","meta":{"footnotes":""},"class_list":["post-374","page","type-page","status-publish","hentry"],"_links":{"self":[{"href":"https:\/\/blog.espol.edu.ec\/arguille\/wp-json\/wp\/v2\/pages\/374","targetHints":{"allow":["GET"]}}],"collection":[{"href":"https:\/\/blog.espol.edu.ec\/arguille\/wp-json\/wp\/v2\/pages"}],"about":[{"href":"https:\/\/blog.espol.edu.ec\/arguille\/wp-json\/wp\/v2\/types\/page"}],"author":[{"embeddable":true,"href":"https:\/\/blog.espol.edu.ec\/arguille\/wp-json\/wp\/v2\/users\/3103"}],"replies":[{"embeddable":true,"href":"https:\/\/blog.espol.edu.ec\/arguille\/wp-json\/wp\/v2\/comments?post=374"}],"version-history":[{"count":1,"href":"https:\/\/blog.espol.edu.ec\/arguille\/wp-json\/wp\/v2\/pages\/374\/revisions"}],"predecessor-version":[{"id":375,"href":"https:\/\/blog.espol.edu.ec\/arguille\/wp-json\/wp\/v2\/pages\/374\/revisions\/375"}],"wp:attachment":[{"href":"https:\/\/blog.espol.edu.ec\/arguille\/wp-json\/wp\/v2\/media?parent=374"}],"curies":[{"name":"wp","href":"https:\/\/api.w.org\/{rel}","templated":true}]}}