{"id":16,"date":"2016-11-08T21:33:48","date_gmt":"2016-11-08T21:33:48","guid":{"rendered":"http:\/\/blog.espol.edu.ec\/arivamir\/?page_id=16"},"modified":"2016-11-08T21:34:55","modified_gmt":"2016-11-08T21:34:55","slug":"16-2","status":"publish","type":"page","link":"https:\/\/blog.espol.edu.ec\/arivamir\/16-2\/","title":{"rendered":"Alma salvaje"},"content":{"rendered":"<p><img loading=\"lazy\" decoding=\"async\" class=\"alignnone size-medium\" src=\"http:\/\/www.cinebooom.cl\/wp-content\/uploads\/2015\/02\/Alma-Salvaje.jpg\" alt=\"\" width=\"672\" height=\"191\" \/><\/p>\n<p><em>Los problemas existenciales por los que todos pasamos alguna o varias veces en la vida, nos lleva siempre a ir en busca de la espiritualidad. De eso se trata Alma Salvaje (Wild), la nueva pel\u00edcula protagonizada por Reese Witherspoon y dirigida por Jean-Marc Vall\u00e9e (director de la exitosa pel\u00edcula El Club de los Desahuciados), que le ha dado una nominaci\u00f3n a la protagonista de Legalmente Rubia (2001) como\u00a0Mejor Actrizen los Premios Oscar este 2015.<\/em><\/p>\n<p><em>Basada en la historia real de Cheryl Strayed, una mujer como cualquiera que tras vivir episodios inesperados que la situaron al borde del abismo, decide hacer un viaje a pie por el\u00a0Pacific Crest Trail, un camino que va desde la frontera mexicana hasta la canadiense sobre Estados Unidos, que abarca 4 mil 200 kil\u00f3metros.<\/em><\/p>\n<p><em>Historia que ella comparte en el libro Wild: From Lost to Found on the Pacific Crest Trail, mismo que adapt\u00f3 Nick Hornby para la cinta.<\/em><\/p>\n<p><em>Alma Salvaje es entonces la historia de una mujer que decide recorrer el Pacific Crest Trail\u00a0buscando paz interior, tratando de adentrarse en su ser y convertirse en quien siempre fue realmente y no en lo \u00faltimo que hab\u00eda dejado ver de ella: una mujer que parec\u00eda no tener sentimientos, ni por ella misma.<\/em><\/p>\n<p><em>El camino es largo, son m\u00e1s de 90 d\u00edas expuesta al sol, a la nieve, al desierto y a todos los peligros que te puedas imaginar que pueden pasarle a una mujer que viaja sola con una mochila, desde v\u00edboras en el camino, hasta hombres acosadores.<\/em><\/p>\n<p><em>Mientras hace el recorrido, el director nos va contando todo lo que sucedi\u00f3 en la vida de Cheryl para que de repente decidiera caminar muy al estilo Forrest Gump cuando se pone a correr.<\/em><\/p>\n<p><em>Algunos le llaman huir, otros crecer, pero lo que es seguro es que dentro de \u00e9l, tendr\u00e1 que, forzosamente, encontrarse con ella misma, aprender a estar con ella misma, a reconocer qui\u00e9n es, cu\u00e1l es su esencia,\u00a0 qu\u00e9 quiere de la vida y c\u00f3mo enfrentar lo que no puede cambiar.<\/em><\/p>\n","protected":false},"excerpt":{"rendered":"<p>Los problemas existenciales por los que todos pasamos alguna o varias veces en la vida, nos lleva siempre a ir en busca de la espiritualidad. De eso se trata Alma Salvaje (Wild), la nueva pel\u00edcula protagonizada por Reese Witherspoon y dirigida por Jean-Marc Vall\u00e9e (director de la exitosa pel\u00edcula El Club de los Desahuciados), que [&hellip;]<\/p>\n","protected":false},"author":10719,"featured_media":0,"parent":0,"menu_order":0,"comment_status":"closed","ping_status":"closed","template":"","meta":{"footnotes":""},"class_list":["post-16","page","type-page","status-publish","hentry"],"aioseo_notices":[],"_links":{"self":[{"href":"https:\/\/blog.espol.edu.ec\/arivamir\/wp-json\/wp\/v2\/pages\/16","targetHints":{"allow":["GET"]}}],"collection":[{"href":"https:\/\/blog.espol.edu.ec\/arivamir\/wp-json\/wp\/v2\/pages"}],"about":[{"href":"https:\/\/blog.espol.edu.ec\/arivamir\/wp-json\/wp\/v2\/types\/page"}],"author":[{"embeddable":true,"href":"https:\/\/blog.espol.edu.ec\/arivamir\/wp-json\/wp\/v2\/users\/10719"}],"replies":[{"embeddable":true,"href":"https:\/\/blog.espol.edu.ec\/arivamir\/wp-json\/wp\/v2\/comments?post=16"}],"version-history":[{"count":2,"href":"https:\/\/blog.espol.edu.ec\/arivamir\/wp-json\/wp\/v2\/pages\/16\/revisions"}],"predecessor-version":[{"id":18,"href":"https:\/\/blog.espol.edu.ec\/arivamir\/wp-json\/wp\/v2\/pages\/16\/revisions\/18"}],"wp:attachment":[{"href":"https:\/\/blog.espol.edu.ec\/arivamir\/wp-json\/wp\/v2\/media?parent=16"}],"curies":[{"name":"wp","href":"https:\/\/api.w.org\/{rel}","templated":true}]}}