{"id":33,"date":"2016-11-15T08:35:55","date_gmt":"2016-11-15T08:35:55","guid":{"rendered":"http:\/\/blog.espol.edu.ec\/arivamir\/?page_id=33"},"modified":"2016-11-15T08:35:55","modified_gmt":"2016-11-15T08:35:55","slug":"peliculas-romanticas-que-te-recomendamos-ver-%e2%99%a5","status":"publish","type":"page","link":"https:\/\/blog.espol.edu.ec\/arivamir\/peliculas-romanticas-que-te-recomendamos-ver-%e2%99%a5\/","title":{"rendered":"Pel\u00edculas rom\u00e1nticas que te recomendamos ver \u2665"},"content":{"rendered":"<p>\u00c9stas son las 33 pel\u00edculas rom\u00e1nticas que no te puedes perder:<\/p>\n<p>-Yo antes de ti.<\/p>\n<p>-Votos de amor.<\/p>\n<p>-Querido Jhon.<\/p>\n<p>-Bajo la misma estrella.<\/p>\n<p>-Las ventajas de ser invisible.<\/p>\n<p>-Titanic.<\/p>\n<p>-Como si fuera la primera vez.<\/p>\n<p>-La teor\u00eda del todo.<\/p>\n<p>-Amor a segunda vista.<\/p>\n<p>-Una cuesti\u00f3n de tiempo.<\/p>\n<p>-Cuando te encuentre.<\/p>\n<p>-Los imprevistos del amor (love Rosie).<\/p>\n<p>-La casa del lago.<\/p>\n<p>-Un paseo para recordar.<\/p>\n<p>-Ojal\u00e1 fuera cierto.<\/p>\n<p>-Perdona si te llamo amor.<\/p>\n<p>-Perdona pero quiero casarme contigo.<\/p>\n<p>-3 metros sobre el cielo.<\/p>\n<p>-Un ligar donde refugiarse.<\/p>\n<p>-Romeo y Julieta.<\/p>\n<p>-Posdata: Te amo.<\/p>\n<p>-Orgullo y prejuicio.<\/p>\n<p>-Un d\u00eda.<\/p>\n<p>-Un pedacito de cielo.<\/p>\n<p>-Amor y otras drogas.<\/p>\n<p>-Te amar\u00e9 por siempre.<\/p>\n<p>-Tienes un e-mail.<\/p>\n<p>-La proposici\u00f3n.<\/p>\n<p>-Evitando al amor.<\/p>\n<p>-Los juegos del destino.<\/p>\n<p>-Lo mejor de m\u00ed.<\/p>\n<p>-Diario de una pasi\u00f3n.<\/p>\n<p>-Pide al tiempo que vuelva.<\/p>\n<p>Espero y les gusten...<\/p>\n","protected":false},"excerpt":{"rendered":"<p>\u00c9stas son las 33 pel\u00edculas rom\u00e1nticas que no te puedes perder: -Yo antes de ti. -Votos de amor. -Querido Jhon. -Bajo la misma estrella. -Las ventajas de ser invisible. -Titanic. -Como si fuera la primera vez. -La teor\u00eda del todo. -Amor a segunda vista. -Una cuesti\u00f3n de tiempo. -Cuando te encuentre. -Los imprevistos del amor [&hellip;]<\/p>\n","protected":false},"author":10719,"featured_media":0,"parent":0,"menu_order":0,"comment_status":"closed","ping_status":"closed","template":"","meta":{"footnotes":""},"class_list":["post-33","page","type-page","status-publish","hentry"],"aioseo_notices":[],"_links":{"self":[{"href":"https:\/\/blog.espol.edu.ec\/arivamir\/wp-json\/wp\/v2\/pages\/33","targetHints":{"allow":["GET"]}}],"collection":[{"href":"https:\/\/blog.espol.edu.ec\/arivamir\/wp-json\/wp\/v2\/pages"}],"about":[{"href":"https:\/\/blog.espol.edu.ec\/arivamir\/wp-json\/wp\/v2\/types\/page"}],"author":[{"embeddable":true,"href":"https:\/\/blog.espol.edu.ec\/arivamir\/wp-json\/wp\/v2\/users\/10719"}],"replies":[{"embeddable":true,"href":"https:\/\/blog.espol.edu.ec\/arivamir\/wp-json\/wp\/v2\/comments?post=33"}],"version-history":[{"count":1,"href":"https:\/\/blog.espol.edu.ec\/arivamir\/wp-json\/wp\/v2\/pages\/33\/revisions"}],"predecessor-version":[{"id":34,"href":"https:\/\/blog.espol.edu.ec\/arivamir\/wp-json\/wp\/v2\/pages\/33\/revisions\/34"}],"wp:attachment":[{"href":"https:\/\/blog.espol.edu.ec\/arivamir\/wp-json\/wp\/v2\/media?parent=33"}],"curies":[{"name":"wp","href":"https:\/\/api.w.org\/{rel}","templated":true}]}}