{"id":47,"date":"2016-10-25T04:37:46","date_gmt":"2016-10-25T04:37:46","guid":{"rendered":"http:\/\/blog.espol.edu.ec\/arnoldpinto\/?page_id=47"},"modified":"2016-10-25T04:37:46","modified_gmt":"2016-10-25T04:37:46","slug":"gastronomia-duranena","status":"publish","type":"page","link":"https:\/\/blog.espol.edu.ec\/arnoldpinto\/gastronomia-duranena\/","title":{"rendered":"Gastronom\u00eda durane\u00f1a."},"content":{"rendered":"<p>Nuestro querido canton Dur\u00e1n te ofrece una suculenta y gran variedad de platos tradicionales como son:<\/p>\n<ul>\n<li>El arroz con camarones.<\/li>\n<\/ul>\n<p><img loading=\"lazy\" decoding=\"async\" class=\"aligncenter size-full wp-image-48\" src=\"http:\/\/blog.espol.edu.ec\/arnoldpinto\/files\/2016\/10\/camaron.jpg\" alt=\"camaron\" width=\"275\" height=\"183\" \/><\/p>\n<p>&nbsp;<\/p>\n<ul>\n<li>Arroz con leche. \u00a0<img loading=\"lazy\" decoding=\"async\" class=\"size-medium wp-image-49 aligncenter\" src=\"http:\/\/blog.espol.edu.ec\/arnoldpinto\/files\/2016\/10\/arroz_con_leche-300x174.jpg\" alt=\"arroz_con_leche\" width=\"300\" height=\"174\" srcset=\"https:\/\/blog.espol.edu.ec\/arnoldpinto\/files\/2016\/10\/arroz_con_leche-300x174.jpg 300w, https:\/\/blog.espol.edu.ec\/arnoldpinto\/files\/2016\/10\/arroz_con_leche.jpg 570w\" sizes=\"auto, (max-width: 300px) 100vw, 300px\" \/><\/li>\n<\/ul>\n<ul>\n<li>Bollo de pescado.<\/li>\n<\/ul>\n<p><img loading=\"lazy\" decoding=\"async\" class=\"aligncenter size-full wp-image-50\" src=\"http:\/\/blog.espol.edu.ec\/arnoldpinto\/files\/2016\/10\/bollo.jpg\" alt=\"bollo\" width=\"275\" height=\"183\" \/><\/p>\n<p>&nbsp;<\/p>\n<ul>\n<li>Ceviche de camar\u00f3n.<\/li>\n<\/ul>\n<p><img loading=\"lazy\" decoding=\"async\" class=\"aligncenter size-full wp-image-51\" src=\"http:\/\/blog.espol.edu.ec\/arnoldpinto\/files\/2016\/10\/ceviche.jpg\" alt=\"ceviche\" width=\"296\" height=\"170\" \/><\/p>\n<p>&nbsp;<\/p>\n<ul>\n<li>La famosa fritada<\/li>\n<\/ul>\n<p><img loading=\"lazy\" decoding=\"async\" class=\"aligncenter size-medium wp-image-52\" src=\"http:\/\/blog.espol.edu.ec\/arnoldpinto\/files\/2016\/10\/restaurantes-el-palacio-de-la-fritada-guia-enquito-4-300x194.jpg\" alt=\"restaurantes-el-palacio-de-la-fritada-guia-enquito-4\" width=\"300\" height=\"194\" srcset=\"https:\/\/blog.espol.edu.ec\/arnoldpinto\/files\/2016\/10\/restaurantes-el-palacio-de-la-fritada-guia-enquito-4-300x194.jpg 300w, https:\/\/blog.espol.edu.ec\/arnoldpinto\/files\/2016\/10\/restaurantes-el-palacio-de-la-fritada-guia-enquito-4-768x497.jpg 768w, https:\/\/blog.espol.edu.ec\/arnoldpinto\/files\/2016\/10\/restaurantes-el-palacio-de-la-fritada-guia-enquito-4.jpg 880w\" sizes=\"auto, (max-width: 300px) 100vw, 300px\" \/><\/p>\n<ul>\n<li>El caldo de manguera.<\/li>\n<\/ul>\n<p><img loading=\"lazy\" decoding=\"async\" class=\"aligncenter size-medium wp-image-53\" src=\"http:\/\/blog.espol.edu.ec\/arnoldpinto\/files\/2016\/10\/receta-caldo-de-manguera-300x218.jpg\" alt=\"receta-caldo-de-manguera\" width=\"300\" height=\"218\" srcset=\"https:\/\/blog.espol.edu.ec\/arnoldpinto\/files\/2016\/10\/receta-caldo-de-manguera-300x218.jpg 300w, https:\/\/blog.espol.edu.ec\/arnoldpinto\/files\/2016\/10\/receta-caldo-de-manguera.jpg 600w\" sizes=\"auto, (max-width: 300px) 100vw, 300px\" \/><\/p>\n<p>&nbsp;<\/p>\n<p>Existe un plato el cual sobresale, es la <a href=\"http:\/\/quecomerdonde.es\/america\/la-fritada-plato-tipico-de-ecuador\/\" target=\"_blank\">fritada<\/a>, debido a que presenta una relaci\u00f3n \u00a0frente a la historia del cant\u00f3n. Este exquisito plato consta de ingredientes como el chancho, el mote, papa, etc., este y otros productos lo puedes encontrar en la calle principal del malecon Alfredo Palacios. Existe un puesto de fritadas reconocido por el pueblo, denominado \"<a href=\"http:\/\/www.eltelegrafo.com.ec\/noticias\/guayaquil\/10\/la-fritada-de-berthita-es-una-marca-registrada-en-duran\" target=\"_blank\"> La fritada de Berthita<\/a>\" quien le ha prestado un servicio de mas de 35 a\u00f1os a su gente por quien es reconocida como la mejor fritada de Dur\u00e1n.<\/p>\n","protected":false},"excerpt":{"rendered":"<p>Nuestro querido canton Dur\u00e1n te ofrece una suculenta y gran variedad de platos tradicionales como son: El arroz con camarones. &nbsp; Arroz con leche. \u00a0 Bollo de pescado. &nbsp; Ceviche de camar\u00f3n. &nbsp; La famosa fritada El caldo de manguera. &nbsp; Existe un plato el cual sobresale, es la fritada, debido a que presenta una &hellip; <\/p>\n<p><a class=\"more-link btn\" href=\"https:\/\/blog.espol.edu.ec\/arnoldpinto\/gastronomia-duranena\/\">Seguir leyendo<\/a><\/p>\n","protected":false},"author":10568,"featured_media":0,"parent":0,"menu_order":0,"comment_status":"closed","ping_status":"closed","template":"","meta":{"footnotes":""},"class_list":["post-47","page","type-page","status-publish","hentry","nodate","item-wrap"],"_links":{"self":[{"href":"https:\/\/blog.espol.edu.ec\/arnoldpinto\/wp-json\/wp\/v2\/pages\/47","targetHints":{"allow":["GET"]}}],"collection":[{"href":"https:\/\/blog.espol.edu.ec\/arnoldpinto\/wp-json\/wp\/v2\/pages"}],"about":[{"href":"https:\/\/blog.espol.edu.ec\/arnoldpinto\/wp-json\/wp\/v2\/types\/page"}],"author":[{"embeddable":true,"href":"https:\/\/blog.espol.edu.ec\/arnoldpinto\/wp-json\/wp\/v2\/users\/10568"}],"replies":[{"embeddable":true,"href":"https:\/\/blog.espol.edu.ec\/arnoldpinto\/wp-json\/wp\/v2\/comments?post=47"}],"version-history":[{"count":1,"href":"https:\/\/blog.espol.edu.ec\/arnoldpinto\/wp-json\/wp\/v2\/pages\/47\/revisions"}],"predecessor-version":[{"id":54,"href":"https:\/\/blog.espol.edu.ec\/arnoldpinto\/wp-json\/wp\/v2\/pages\/47\/revisions\/54"}],"wp:attachment":[{"href":"https:\/\/blog.espol.edu.ec\/arnoldpinto\/wp-json\/wp\/v2\/media?parent=47"}],"curies":[{"name":"wp","href":"https:\/\/api.w.org\/{rel}","templated":true}]}}