{"id":6,"date":"2016-10-14T19:55:59","date_gmt":"2016-10-14T19:55:59","guid":{"rendered":"http:\/\/blog.espol.edu.ec\/arnoldpinto\/?page_id=6"},"modified":"2016-10-25T09:51:54","modified_gmt":"2016-10-25T09:51:54","slug":"my-first-page","status":"publish","type":"page","link":"https:\/\/blog.espol.edu.ec\/arnoldpinto\/my-first-page\/","title":{"rendered":"Zonas tur\u00edticas de Dur\u00e1n."},"content":{"rendered":"<p>La ciudad de Dur\u00e1n posee un clima extraodinario, un ambiente c\u00e1lido el cual te permite disfrutar de ejercicios y deportes de recreaci\u00f3n. Aparte de ofrecerte un favorable clima, te brina la oportunidad de conocer los lugares de turismo , como son El malecon \u00a0de Roberto Gilbert, Alfredo Palacios<\/p>\n<p>&nbsp;<\/p>\n<p>&nbsp;<\/p>\n<div id=\"attachment_39\" style=\"width: 285px\" class=\"wp-caption aligncenter\"><img loading=\"lazy\" decoding=\"async\" aria-describedby=\"caption-attachment-39\" class=\"wp-image-39 size-full\" src=\"http:\/\/blog.espol.edu.ec\/arnoldpinto\/files\/2016\/10\/malecon_gilbert.jpg\" alt=\"malecon_gilbert\" width=\"285\" height=\"214\" \/><p id=\"caption-attachment-39\" class=\"wp-caption-text\">Vista del malecon Roberto Gilbert<\/p><\/div>\n<p>Cabe recalcar que existe un puente que une \u00a0a Dur\u00e1n con su isla, la Isla Santay un puente de aproximadamente 1 km de longuitud el cual atraviesa el r\u00edo Guayas , visitado por guayaquile\u00f1os como por extranjeros.<\/p>\n<p>Una isla llena de manglares, animales, crustaceos y aves de todo tipo , coloridas y ex\u00f3ticas.<\/p>\n<div id=\"attachment_71\" style=\"width: 300px\" class=\"wp-caption aligncenter\"><img loading=\"lazy\" decoding=\"async\" aria-describedby=\"caption-attachment-71\" class=\"wp-image-71 size-medium\" src=\"http:\/\/blog.espol.edu.ec\/arnoldpinto\/files\/2016\/10\/isla-300x143.jpg\" alt=\"isla\" width=\"300\" height=\"143\" srcset=\"https:\/\/blog.espol.edu.ec\/arnoldpinto\/files\/2016\/10\/isla-300x143.jpg 300w, https:\/\/blog.espol.edu.ec\/arnoldpinto\/files\/2016\/10\/isla.jpg 326w\" sizes=\"auto, (max-width: 300px) 100vw, 300px\" \/><p id=\"caption-attachment-71\" class=\"wp-caption-text\">Isla Santay<\/p><\/div>\n<div id=\"attachment_72\" style=\"width: 300px\" class=\"wp-caption aligncenter\"><img loading=\"lazy\" decoding=\"async\" aria-describedby=\"caption-attachment-72\" class=\"size-medium wp-image-72\" src=\"http:\/\/blog.espol.edu.ec\/arnoldpinto\/files\/2016\/10\/puente-Santay-680x365-300x161.jpg\" alt=\"Puente que une a la Isla con el cant\u00f3n.\" width=\"300\" height=\"161\" srcset=\"https:\/\/blog.espol.edu.ec\/arnoldpinto\/files\/2016\/10\/puente-Santay-680x365-300x161.jpg 300w, https:\/\/blog.espol.edu.ec\/arnoldpinto\/files\/2016\/10\/puente-Santay-680x365.jpg 680w\" sizes=\"auto, (max-width: 300px) 100vw, 300px\" \/><p id=\"caption-attachment-72\" class=\"wp-caption-text\">Puente que une a la Isla con el cant\u00f3n.<\/p><\/div>\n<p>&nbsp;<\/p>\n<p>Asi que no olvides visitar a \u00a0mi querida ciudad de Dur\u00e1n , te esperamos!!! &lt;3 &lt;3<\/p>\n","protected":false},"excerpt":{"rendered":"<p>La ciudad de Dur\u00e1n posee un clima extraodinario, un ambiente c\u00e1lido el cual te permite disfrutar de ejercicios y deportes de recreaci\u00f3n. Aparte de ofrecerte un favorable clima, te brina la oportunidad de conocer los lugares de turismo , como son El malecon \u00a0de Roberto Gilbert, Alfredo Palacios &nbsp; &nbsp; Cabe recalcar que existe un &hellip; <\/p>\n<p><a class=\"more-link btn\" href=\"https:\/\/blog.espol.edu.ec\/arnoldpinto\/my-first-page\/\">Seguir leyendo<\/a><\/p>\n","protected":false},"author":10568,"featured_media":0,"parent":0,"menu_order":0,"comment_status":"closed","ping_status":"closed","template":"","meta":{"footnotes":""},"class_list":["post-6","page","type-page","status-publish","hentry","nodate","item-wrap"],"_links":{"self":[{"href":"https:\/\/blog.espol.edu.ec\/arnoldpinto\/wp-json\/wp\/v2\/pages\/6","targetHints":{"allow":["GET"]}}],"collection":[{"href":"https:\/\/blog.espol.edu.ec\/arnoldpinto\/wp-json\/wp\/v2\/pages"}],"about":[{"href":"https:\/\/blog.espol.edu.ec\/arnoldpinto\/wp-json\/wp\/v2\/types\/page"}],"author":[{"embeddable":true,"href":"https:\/\/blog.espol.edu.ec\/arnoldpinto\/wp-json\/wp\/v2\/users\/10568"}],"replies":[{"embeddable":true,"href":"https:\/\/blog.espol.edu.ec\/arnoldpinto\/wp-json\/wp\/v2\/comments?post=6"}],"version-history":[{"count":8,"href":"https:\/\/blog.espol.edu.ec\/arnoldpinto\/wp-json\/wp\/v2\/pages\/6\/revisions"}],"predecessor-version":[{"id":75,"href":"https:\/\/blog.espol.edu.ec\/arnoldpinto\/wp-json\/wp\/v2\/pages\/6\/revisions\/75"}],"wp:attachment":[{"href":"https:\/\/blog.espol.edu.ec\/arnoldpinto\/wp-json\/wp\/v2\/media?parent=6"}],"curies":[{"name":"wp","href":"https:\/\/api.w.org\/{rel}","templated":true}]}}