{"id":79,"date":"2016-10-25T10:00:10","date_gmt":"2016-10-25T10:00:10","guid":{"rendered":"http:\/\/blog.espol.edu.ec\/arnoldpinto\/?page_id=79"},"modified":"2016-10-25T10:00:10","modified_gmt":"2016-10-25T10:00:10","slug":"alimento-para-el-alma","status":"publish","type":"page","link":"https:\/\/blog.espol.edu.ec\/arnoldpinto\/alimento-para-el-alma\/","title":{"rendered":"Alimento para el alma!!!"},"content":{"rendered":"<h2>As\u00ed es la Vida<\/h2>\n<hr \/>\n<div class=\"noticia\">\n<hr \/>\n<p class=\"data\">\n<p>\u00a0Muchas veces en la vida pensamos y hasta decimos que nos queremos morir. Pero la vida es muy valiosa para desperdiciarla. Todos somos muy importantes.<\/p>\n<p>Piensa que aunque para el mundo no seas nadie, para alguien eres el mundo.<\/p>\n<p>Muchas veces pensamos que otros son perfectos, pero no hay nadie perfecto, todos somos iguales. S\u00f3lo hay gente que tiene cosas que t\u00fa no tienes, como t\u00fa tienes cosas que ellos no tienen.<\/p>\n<p>Muchas veces te sientes mal por la forma en que act\u00faas y reaccionas, pero lo que ocurre es que algunos lastimamos con m\u00e1s facilidad que otros. Las virtudes de los dem\u00e1s siempre son m\u00e1s visibles para ti, que las tuyas propias.<\/p>\n<p>Muchas veces te aferras a algo o a alguien. No est\u00e1 mal, pero trata de no hacerlo indispensable para tu vida, si te acostumbras a usar siempre muletas, nunca andar\u00e1s bien.<\/p>\n<p>Muchas veces te desprecias, te miras al espejo y te insultas. No lo hagas, acepta tanto tu realidad como el hecho de que s\u00f3lo Dios puede transformar tu vida.<\/p>\n<p>Muchas veces nos desesperamos y desilusionamos, pero si todo lo que esperamos o deseamos se cumpliera, \u00bfd\u00f3nde estar\u00edan las sorpresas?.<\/p>\n<p>Muchas veces nos traicionan los que cre\u00edamos amigos. Y ah\u00ed aparecen los verdaderos amigos que nos consuelan.<\/p>\n<p>Por todos esos motivos no bajes los brazos nunca.<br \/>\nPor todo eso vive la vida al m\u00e1ximo, sonr\u00ede, se feliz, disfruta de la vida y conf\u00eda en el Se\u00f1or.<br \/>\nPor todo eso ama la vida, quiz\u00e1s no sea muy larga, pero puede ser intensa y significativa.<br \/>\nPuede que te toque vivir cosas dif\u00edciles, pero con el Se\u00f1or, lo mejor, est\u00e1 por venir.<br \/>\nNo hagas que tu vida sea un infierno, trata de vivir cada momento como si fuese el \u00faltimo.<br \/>\nToma con cuidado las decisiones importantes, si te equivocas puedes derribar lo que construiste a lo largo de toda tu vida.<\/p>\n<p>Nunca cambies, siempre s\u00e9 tu mismo. Piensa que siempre hay gente que te va a recibir con los brazos abiertos.<\/p>\n<p>Nunca creas que es tarde para volver a empezar. Nunca es tarde para realizar un sue\u00f1o. No hay nada imposible para Dios.<\/p>\n<p>Acu\u00e9rdate siempre que en nuestro idioma existe una palabra clave para volver a empezar, PERD\u00d3N.<\/p>\n<p><strong>\u201cLa vida es gratis, es un regalo y los regalos no hay que rechazarlos. Pero para que ese \u201cregalo\u201d tenga alg\u00fan sentido, tienes que preguntarle a quien te la regal\u00f3, de otra manera te estar\u00e1s perdiendo el verdadero significado de tu existencia<\/strong><\/p>\n<\/div>\n<p>&nbsp;<\/p>\n<p>&nbsp;<\/p>\n<p>&nbsp;<\/p>\n<h3 class=\"post-title entry-title\"><a href=\"http:\/\/cuentosparapensaryvivir.blogspot.com\/2011\/07\/las-percepciones-del-rey.html\">Las percepciones del Rey<\/a><\/h3>\n<hr \/>\n<div class=\"post-header\">\n<hr \/>\n<\/div>\n<div class=\"post-body entry-content\">Un poderoso rey encontr\u00f3 finalmente el amor. Su joven esposa ten\u00eda todas las condiciones que un hombre pudiera desear en la vida. Adem\u00e1s de ser hermosa y atractiva, era alegre y entusiasta, con un coraz\u00f3n amoroso siempre abierto a ayudar a los dem\u00e1s. El amor flu\u00eda entre ellos como en pocas ocasiones se hab\u00eda visto.<\/p>\n<p>En los actos protocolares ella caminaba orgullosa a la par del rey. Muy alagado el monarca pensaba: \u201cCu\u00e1nto me quiere. Ella sabe que el protocolo indica que debe permanecer detr\u00e1s de m\u00ed, que mis s\u00fabditos pueden ir a prisi\u00f3n si no hacen eso, sin embargo ella me ama tanto que siempre quiere estar a mi lado\u201d.<\/p>\n<p>En cierta ocasi\u00f3n, ella se dispon\u00eda a comer una manzana. Era la \u00faltima que quedaba y ten\u00eda un brillo que la hac\u00eda realmente apetitosa. En eso lleg\u00f3 el rey y al ver aquella fruta resplandeciente manifest\u00f3 su deseo de comerla. Ella lo mir\u00f3 con dulzura, le dijo que era la \u00faltima que quedaba pero que no ten\u00eda problema en compartirla. Tom\u00f3 un cuchillo, la cort\u00f3 en dos y de inmediato le ofreci\u00f3 una de las mitades a su esposo. El monarca pens\u00f3: \u201cCu\u00e1nto me quiere. Ella es capaz de compartir lo que sea conmigo. Que suerte he tenido\u201d.<\/p>\n<p>Pasaron unos a\u00f1os antes que se presentaran problemas en la pareja. Tras un fuerte altercado, ella se retir\u00f3 del amplio sal\u00f3n en el que discut\u00edan, dejando al Rey solo. De inmediato el soberano mand\u00f3 a llamar a su consejero para quejarse amargamente de su esposa.<\/p>\n<p>- Ella nunca me quiso \u2013 dec\u00eda lleno de rabia -, cada vez que tenemos un acto protocolar es incapaz de permanecer detr\u00e1s de mi, siempre se pone a mi lado y olvida que yo soy el monarca y que nadie puede ponerse a la par del rey. Es una insolente, no me ama, no respeta la dignidad de mi majestad. Lo que siempre quiere es brillar ella por encima de m\u00ed.<\/p>\n<p>- Pero su majestad \u2013 alcanz\u00f3 a decir el consejero.<\/p>\n<p>- No me interrumpa \u2013 grit\u00f3 el rey \u2013. Definitivamente ella dej\u00f3 de amarme hace mucho tiempo. Recuerdo aquella vez que llegu\u00e9 hambriento, solamente hab\u00eda una manzana y ella fue incapaz de d\u00e1rmela. Lo \u00fanico que alcanz\u00f3 a hacer fue cortarla en dos y darme el trozo m\u00e1s peque\u00f1o. Que insolencia, tratar as\u00ed al Rey, \u00bfno se da cuenta que ella es s\u00f3lo un s\u00fabdito? He mandado a cortar muchas cabezas por mucho menos que eso.<\/p>\n<p>Y las quejas continuaron por mucho tiempo\u2026<\/p>\n<blockquote><p><em>Un hecho puede ser visto desde distintas perspectivas por una misma persona dependiendo de su estado de \u00e1nimo y\/o de la condici\u00f3n emocional en que se encuentra. \u00bfCu\u00e1ntas veces hemos dejado que un p\u00e9simo estado de \u00e1nimo o una mala actitud mental desvirt\u00fae la belleza, las virtudes y las bondades de quienes tenemos a nuestro lado?<\/em><\/p><\/blockquote>\n<\/div>\n","protected":false},"excerpt":{"rendered":"<p>As\u00ed es la Vida \u00a0Muchas veces en la vida pensamos y hasta decimos que nos queremos morir. Pero la vida es muy valiosa para desperdiciarla. Todos somos muy importantes. Piensa que aunque para el mundo no seas nadie, para alguien eres el mundo. Muchas veces pensamos que otros son perfectos, pero no hay nadie perfecto, &hellip; <\/p>\n<p><a class=\"more-link btn\" href=\"https:\/\/blog.espol.edu.ec\/arnoldpinto\/alimento-para-el-alma\/\">Seguir leyendo<\/a><\/p>\n","protected":false},"author":10568,"featured_media":0,"parent":0,"menu_order":0,"comment_status":"closed","ping_status":"closed","template":"","meta":{"footnotes":""},"class_list":["post-79","page","type-page","status-publish","hentry","nodate","item-wrap"],"_links":{"self":[{"href":"https:\/\/blog.espol.edu.ec\/arnoldpinto\/wp-json\/wp\/v2\/pages\/79","targetHints":{"allow":["GET"]}}],"collection":[{"href":"https:\/\/blog.espol.edu.ec\/arnoldpinto\/wp-json\/wp\/v2\/pages"}],"about":[{"href":"https:\/\/blog.espol.edu.ec\/arnoldpinto\/wp-json\/wp\/v2\/types\/page"}],"author":[{"embeddable":true,"href":"https:\/\/blog.espol.edu.ec\/arnoldpinto\/wp-json\/wp\/v2\/users\/10568"}],"replies":[{"embeddable":true,"href":"https:\/\/blog.espol.edu.ec\/arnoldpinto\/wp-json\/wp\/v2\/comments?post=79"}],"version-history":[{"count":1,"href":"https:\/\/blog.espol.edu.ec\/arnoldpinto\/wp-json\/wp\/v2\/pages\/79\/revisions"}],"predecessor-version":[{"id":80,"href":"https:\/\/blog.espol.edu.ec\/arnoldpinto\/wp-json\/wp\/v2\/pages\/79\/revisions\/80"}],"wp:attachment":[{"href":"https:\/\/blog.espol.edu.ec\/arnoldpinto\/wp-json\/wp\/v2\/media?parent=79"}],"curies":[{"name":"wp","href":"https:\/\/api.w.org\/{rel}","templated":true}]}}