{"id":128,"date":"2015-11-21T18:10:23","date_gmt":"2015-11-21T23:10:23","guid":{"rendered":"http:\/\/blog.espol.edu.ec\/ashvagar\/?page_id=128"},"modified":"2015-11-22T04:18:24","modified_gmt":"2015-11-22T09:18:24","slug":"sinopsis","status":"publish","type":"page","link":"https:\/\/blog.espol.edu.ec\/ashvagar\/el-nuevo-coche-de-mike\/sinopsis\/","title":{"rendered":"Sinopsis"},"content":{"rendered":"<h1 style=\"text-align: center\"><strong><em><span style=\"color: #00ff00\">Sinopsis<\/span><\/em><\/strong><\/h1>\n<p style=\"text-align: justify\"><span style=\"color: #003300\">Mike llama a Sulley (este \u00faltimo con los ojos tapados), Sulley abre los ojos y cuando lo hace Mike est\u00e1 junto un coche lujoso y moderno. Sulley comprende que ha vendido su antiguo coche por ese, Mike emocionado le pide que suba, \u00e9l lo hace, pero no cabe y \u00e9l les explica que es regulable, \u00e9l mueve el asiento un mont\u00f3n de veces y Mike irritado le dice que pare.<\/span><\/p>\n<p><iframe loading=\"lazy\" src=\"https:\/\/www.youtube-nocookie.com\/embed\/j0zkVCV5T6s\" width=\"640\" height=\"480\" frameborder=\"0\" allowfullscreen=\"allowfullscreen\"><\/iframe><\/p>\n<p style=\"text-align: justify\"><span style=\"color: #003300\">Cuando \u00e9l arranca el coche empieza a sonar una especie de pitido avisando ponerse el cintur\u00f3n del conductor ,\u00e9l al intentar ponerse el cintur\u00f3n este se atora, al jalarlo Mike por accidente lo suelta y sale fuera del coche. Mike le dice a Sulley que le d\u00e9 al bot\u00f3n, en el coche hay muchos botones y le da uno que hace que se abra el cap\u00f3 y Mike intenta cerrarlo pero al ayudarlo Sulley le pilla los dedos, y de tirar se abre de nuevo y impulsa a Mike al cielo y cuando vuelve cae encima de las m\u00e1quinas del coche lo que le hace quemarse las nalgas varias veces. Despu\u00e9s de sufrir mas trastadas con el cap\u00f3 Mike consigue volver al coche y suena el pitido de nuevo y Mike empieza a darle a todos los botones para apagarlo, pero solo consigue encender otras cosas que empeoran la situaci\u00f3n. Tras una divertida escena consiguen volver a la normalidad y Mike le ordena a Sulley que salga del coche, cuando Mike arranca el coche sale disparado y tras o\u00edrse un golpe empiezan a aparecer ruedas y Mike sale disparado, a tiempo Sulley lo coge y empiezan a aparecer los cr\u00e9ditos oy\u00e9ndose de fondo los lamentos de Mike queriendo su coche antiguo.<\/span><\/p>\n","protected":false},"excerpt":{"rendered":"<p>Sinopsis Mike llama a Sulley (este \u00faltimo con los ojos tapados), Sulley abre los ojos y cuando lo hace Mike est\u00e1 junto un coche lujoso y moderno. Sulley comprende que ha vendido su antiguo coche por ese, Mike emocionado le pide que suba, \u00e9l lo hace, pero no cabe y \u00e9l les explica que es [&hellip;]<\/p>\n","protected":false},"author":10041,"featured_media":195,"parent":53,"menu_order":1,"comment_status":"closed","ping_status":"closed","template":"","meta":{"_monsterinsights_skip_tracking":false,"_monsterinsights_sitenote_active":false,"_monsterinsights_sitenote_note":"","_monsterinsights_sitenote_category":0,"footnotes":""},"class_list":["post-128","page","type-page","status-publish","has-post-thumbnail","hentry"],"aioseo_notices":[],"_links":{"self":[{"href":"https:\/\/blog.espol.edu.ec\/ashvagar\/wp-json\/wp\/v2\/pages\/128","targetHints":{"allow":["GET"]}}],"collection":[{"href":"https:\/\/blog.espol.edu.ec\/ashvagar\/wp-json\/wp\/v2\/pages"}],"about":[{"href":"https:\/\/blog.espol.edu.ec\/ashvagar\/wp-json\/wp\/v2\/types\/page"}],"author":[{"embeddable":true,"href":"https:\/\/blog.espol.edu.ec\/ashvagar\/wp-json\/wp\/v2\/users\/10041"}],"replies":[{"embeddable":true,"href":"https:\/\/blog.espol.edu.ec\/ashvagar\/wp-json\/wp\/v2\/comments?post=128"}],"version-history":[{"count":5,"href":"https:\/\/blog.espol.edu.ec\/ashvagar\/wp-json\/wp\/v2\/pages\/128\/revisions"}],"predecessor-version":[{"id":201,"href":"https:\/\/blog.espol.edu.ec\/ashvagar\/wp-json\/wp\/v2\/pages\/128\/revisions\/201"}],"up":[{"embeddable":true,"href":"https:\/\/blog.espol.edu.ec\/ashvagar\/wp-json\/wp\/v2\/pages\/53"}],"wp:featuredmedia":[{"embeddable":true,"href":"https:\/\/blog.espol.edu.ec\/ashvagar\/wp-json\/wp\/v2\/media\/195"}],"wp:attachment":[{"href":"https:\/\/blog.espol.edu.ec\/ashvagar\/wp-json\/wp\/v2\/media?parent=128"}],"curies":[{"name":"wp","href":"https:\/\/api.w.org\/{rel}","templated":true}]}}