{"id":171,"date":"2015-11-22T02:46:59","date_gmt":"2015-11-22T07:46:59","guid":{"rendered":"http:\/\/blog.espol.edu.ec\/ashvagar\/?page_id=171"},"modified":"2015-11-22T02:59:23","modified_gmt":"2015-11-22T07:59:23","slug":"premios","status":"publish","type":"page","link":"https:\/\/blog.espol.edu.ec\/ashvagar\/monster-inc\/premios\/","title":{"rendered":"Premios"},"content":{"rendered":"<table class=\"wikitable\">\n<tbody>\n<tr>\n<th>A\u00f1o<\/th>\n<th>Premio<\/th>\n<th>Categor\u00eda<\/th>\n<th>Candidato\/s<\/th>\n<th>Resultado<\/th>\n<\/tr>\n<tr>\n<td rowspan=\"4\">1999<\/td>\n<td rowspan=\"4\"><a href=\"\/wiki\/Premios_%C3%93scar\" title=\"Premios \u00d3scar\">\u00d3scar<\/a><sup id=\"cite_ref-2\" class=\"reference\"><a href=\"#cite_note-2\"><span class=\"corchete-llamada\">[<\/span>2<span class=\"corchete-llamada\">]<\/span><\/a><\/sup><\/td>\n<td><a href=\"%C3%93scar_a_la_mejor_pel%C3%ADcula_de_animaci%C3%B3n\" title=\"Anexo:\u00d3scar a la mejor pel\u00edcula de animaci\u00f3n\">Mejor pel\u00edcula de animaci\u00f3n<\/a><\/td>\n<td><a href=\"\/wiki\/John_Lasseter\" title=\"John Lasseter\">John Lasseter<\/a><br \/>\n<a href=\"\/wiki\/Pete_Docter\" title=\"Pete Docter\">Pete Docter<\/a><\/td>\n<td>Nominados<\/td>\n<\/tr>\n<tr>\n<td><a href=\"%C3%93scar_a_la_mejor_banda_sonora\" title=\"Anexo:\u00d3scar a la mejor banda sonora\">Mejor banda sonora<\/a><\/td>\n<td>Gaston<\/td>\n<td>Nominado<\/td>\n<\/tr>\n<tr>\n<td><a href=\"%C3%93scar_a_la_mejor_canci%C3%B3n_original\" title=\"Anexo:\u00d3scar a la mejor canci\u00f3n original\">Mejor canci\u00f3n original<\/a><\/td>\n<td><a href=\"\/wiki\/Randy_Newman\" title=\"Randy Newman\">Randy Newman<\/a> por \u00abIf I Didn't Have You\u00bb<\/td>\n<td>Ganador<\/td>\n<\/tr>\n<tr>\n<td><a href=\"%C3%93scar_a_la_mejor_edici%C3%B3n_de_sonido\" title=\"Anexo:\u00d3scar a la mejor edici\u00f3n de sonido\">Mejor edici\u00f3n de sonido<\/a><\/td>\n<td><a href=\"\/wiki\/Gary_Rydstrom\" title=\"Gary Rydstrom\">Gary Rydstrom<\/a><br \/>\n<a href=\"\/w\/index.php?title=Michael_Silvers&amp;action=edit&amp;redlink=1\" class=\"new\" title=\"Michael Silvers (a\u00fan no redactado)\">Michael Silvers<\/a><\/td>\n<td>Nominados<\/td>\n<\/tr>\n<\/tbody>\n<\/table>\n","protected":false},"excerpt":{"rendered":"<p>A\u00f1o Premio Categor\u00eda Candidato\/s Resultado 1999 \u00d3scar[2] Mejor pel\u00edcula de animaci\u00f3n John Lasseter Pete Docter Nominados Mejor banda sonora Gaston Nominado Mejor canci\u00f3n original Randy Newman por \u00abIf I Didn't Have You\u00bb Ganador Mejor edici\u00f3n de sonido Gary Rydstrom Michael Silvers Nominados<\/p>\n","protected":false},"author":10041,"featured_media":0,"parent":51,"menu_order":4,"comment_status":"closed","ping_status":"closed","template":"","meta":{"_monsterinsights_skip_tracking":false,"_monsterinsights_sitenote_active":false,"_monsterinsights_sitenote_note":"","_monsterinsights_sitenote_category":0,"footnotes":""},"class_list":["post-171","page","type-page","status-publish","hentry"],"aioseo_notices":[],"_links":{"self":[{"href":"https:\/\/blog.espol.edu.ec\/ashvagar\/wp-json\/wp\/v2\/pages\/171","targetHints":{"allow":["GET"]}}],"collection":[{"href":"https:\/\/blog.espol.edu.ec\/ashvagar\/wp-json\/wp\/v2\/pages"}],"about":[{"href":"https:\/\/blog.espol.edu.ec\/ashvagar\/wp-json\/wp\/v2\/types\/page"}],"author":[{"embeddable":true,"href":"https:\/\/blog.espol.edu.ec\/ashvagar\/wp-json\/wp\/v2\/users\/10041"}],"replies":[{"embeddable":true,"href":"https:\/\/blog.espol.edu.ec\/ashvagar\/wp-json\/wp\/v2\/comments?post=171"}],"version-history":[{"count":1,"href":"https:\/\/blog.espol.edu.ec\/ashvagar\/wp-json\/wp\/v2\/pages\/171\/revisions"}],"predecessor-version":[{"id":173,"href":"https:\/\/blog.espol.edu.ec\/ashvagar\/wp-json\/wp\/v2\/pages\/171\/revisions\/173"}],"up":[{"embeddable":true,"href":"https:\/\/blog.espol.edu.ec\/ashvagar\/wp-json\/wp\/v2\/pages\/51"}],"wp:attachment":[{"href":"https:\/\/blog.espol.edu.ec\/ashvagar\/wp-json\/wp\/v2\/media?parent=171"}],"curies":[{"name":"wp","href":"https:\/\/api.w.org\/{rel}","templated":true}]}}