{"id":186,"date":"2015-11-22T03:33:24","date_gmt":"2015-11-22T08:33:24","guid":{"rendered":"http:\/\/blog.espol.edu.ec\/ashvagar\/?page_id=186"},"modified":"2015-11-22T03:33:24","modified_gmt":"2015-11-22T08:33:24","slug":"antecedentes","status":"publish","type":"page","link":"https:\/\/blog.espol.edu.ec\/ashvagar\/universityshow\/antecedentes\/","title":{"rendered":"Antecedentes"},"content":{"rendered":"<h1 style=\"text-align: center\"><strong><em><span style=\"color: #00ff00\">Antecedentes<\/span><\/em><\/strong><\/h1>\n<p style=\"text-align: justify\"><span style=\"color: #003300\">Los planes para una secuela de <i>Monsters, Inc.<\/i> comenzaron despu\u00e9s de la pel\u00edcula anterior. Debido a los desacuerdos entre el presidente de Disney Michael Eisner y el due\u00f1o de Pixar, Steve Jobs, Disney, que en esos momentos ten\u00eda los derechos para hacer las secuelas de todas sus pel\u00edculas hasta <i>Cars<\/i>, anunci\u00f3 que una secuela de <i>Monsters, Inc.<\/i> podr\u00eda ser realizada por Circle 7 Animation, quienes tambi\u00e9n se encontraban trabajando en el guion de de <i>Toy Story 3<\/i>.\u00a0Titulada como <i>Monsters, Inc. 2: Lost in Scaradise<\/i>, la pel\u00edcula se centraba en Mike y Sulley visitando el mundo humano para darle a Boo un regalo de cumplea\u00f1os, solo para descubrir que la misma se ha mudado. Al quedarse atrapados en el mundo humano, Mike y Sulley se separan para hacer cada uno sus planes, Sulley continuar la b\u00fasqueda de Boo, mientras que Mike comienza a buscar una manera de regresar a Monstr\u00f3polis.\u00a0Los guionistas Rob Muir y Bob Hilgenberg fueron contratados para escribir el guion, y crear losstoryboard.<sup id=\"cite_ref-7\" class=\"reference\">7<\/sup> No obstante en 2005, Eisner, gerente en ese momento de Disney, fue reemplazado por su teniente\u00a0Robert Iger quien tambi\u00e9n negoci\u00f3 con Pixar. A principios de 2006 Disney anunci\u00f3 que se hab\u00edan apoderado del estudio. Cuando Disney transfiri\u00f3 los derechos de autor a Pixar, caus\u00f3 la cancelaci\u00f3n de la versi\u00f3n de la pel\u00edcula de Muir y Hilgenberg y la subsiguiente clausura de Circle .<\/span><\/p>\n<p style=\"text-align: justify\"><span style=\"color: #003300\">En 2010 se confirm\u00f3 oficialmente una secuela.\u00a0Originalmente, la fecha de estreno ser\u00eda el 16 de noviembre de 2012, posteriormente adelantada al 2 de noviembre de 2012 para evitar la competencia con <i>The Twilight Saga: Breaking Dawn Part 2<\/i> la \u00faltima pel\u00edcula de la saga de vampiros Twilight.\u00a0En abril de 2011, se anunci\u00f3 que la fecha de estreno de la pel\u00edcula ser\u00eda postergada para el 21 de junio de 2013 debido al \u00e9xito de las cintas de Pixar estrenadas en verano, seg\u00fan Chuck Viane, un ejecutivo de Disney.<\/span><\/p>\n<p style=\"text-align: justify\"><span style=\"color: #003300\">A principios de 2011, se rumoreaba que <i>Monsters, Inc. 2<\/i> ser\u00eda una precuela. En marzo de 2011, se confirmaron los rumores de la precuela y se revel\u00f3 el nuevo t\u00edtulo: <i>Monsters University<\/i>. Se confirm\u00f3 a Dan Scanlon como director y a Pete Docter y Andrew Stanton como escritores.<sup id=\"cite_ref-12\" class=\"reference\">12<\/sup> Tambi\u00e9n se anunci\u00f3 que John Goodman, Billy Crystal, Steve Buscemi, Jennifer Tilly, Frank Oz, Bonnie Hunt, Bob Peterson y John Ratzenberger repetir\u00edan sus personajes.<\/span><\/p>\n","protected":false},"excerpt":{"rendered":"<p>Antecedentes Los planes para una secuela de Monsters, Inc. comenzaron despu\u00e9s de la pel\u00edcula anterior. Debido a los desacuerdos entre el presidente de Disney Michael Eisner y el due\u00f1o de Pixar, Steve Jobs, Disney, que en esos momentos ten\u00eda los derechos para hacer las secuelas de todas sus pel\u00edculas hasta Cars, anunci\u00f3 que una secuela [&hellip;]<\/p>\n","protected":false},"author":10041,"featured_media":0,"parent":44,"menu_order":1,"comment_status":"closed","ping_status":"closed","template":"","meta":{"_monsterinsights_skip_tracking":false,"_monsterinsights_sitenote_active":false,"_monsterinsights_sitenote_note":"","_monsterinsights_sitenote_category":0,"footnotes":""},"class_list":["post-186","page","type-page","status-publish","hentry"],"aioseo_notices":[],"_links":{"self":[{"href":"https:\/\/blog.espol.edu.ec\/ashvagar\/wp-json\/wp\/v2\/pages\/186","targetHints":{"allow":["GET"]}}],"collection":[{"href":"https:\/\/blog.espol.edu.ec\/ashvagar\/wp-json\/wp\/v2\/pages"}],"about":[{"href":"https:\/\/blog.espol.edu.ec\/ashvagar\/wp-json\/wp\/v2\/types\/page"}],"author":[{"embeddable":true,"href":"https:\/\/blog.espol.edu.ec\/ashvagar\/wp-json\/wp\/v2\/users\/10041"}],"replies":[{"embeddable":true,"href":"https:\/\/blog.espol.edu.ec\/ashvagar\/wp-json\/wp\/v2\/comments?post=186"}],"version-history":[{"count":1,"href":"https:\/\/blog.espol.edu.ec\/ashvagar\/wp-json\/wp\/v2\/pages\/186\/revisions"}],"predecessor-version":[{"id":187,"href":"https:\/\/blog.espol.edu.ec\/ashvagar\/wp-json\/wp\/v2\/pages\/186\/revisions\/187"}],"up":[{"embeddable":true,"href":"https:\/\/blog.espol.edu.ec\/ashvagar\/wp-json\/wp\/v2\/pages\/44"}],"wp:attachment":[{"href":"https:\/\/blog.espol.edu.ec\/ashvagar\/wp-json\/wp\/v2\/media?parent=186"}],"curies":[{"name":"wp","href":"https:\/\/api.w.org\/{rel}","templated":true}]}}