{"id":191,"date":"2015-11-22T03:38:39","date_gmt":"2015-11-22T08:38:39","guid":{"rendered":"http:\/\/blog.espol.edu.ec\/ashvagar\/?page_id=191"},"modified":"2015-11-22T03:39:02","modified_gmt":"2015-11-22T08:39:02","slug":"recepcion","status":"publish","type":"page","link":"https:\/\/blog.espol.edu.ec\/ashvagar\/universityshow\/recepcion\/","title":{"rendered":"Recepci\u00f3n"},"content":{"rendered":"<h2><em><strong><span id=\"Cr.C3.ADtica\" class=\"mw-headline\" style=\"color: #00ff00\">Cr\u00edtica<\/span><\/strong><\/em><\/h2>\n<p style=\"text-align: justify\"><span style=\"color: #003300\"><i>Monsters University<\/i> ha recibido cr\u00edticas positivas por parte de los cr\u00edticos. El film recibi\u00f3 78% de cr\u00edticas positivas por parte del sitio web Rotten Tomatoes, basado en 174 revisiones con una calificaci\u00f3n de 6.8\/10. El sitio de cr\u00edticas citaba: \"\u00c9ste no escala hasta los m\u00e1s altos trabajos de Pixar, pero <i>Monsters University<\/i> sigue divirtiendo a cualquier cr\u00edtico de cualquier edad.\"<sup id=\"cite_ref-17\" class=\"reference\">17<\/sup> Otro sitio de cr\u00edticas de cine, Metacritic, el cual asigna una cr\u00edtica de 100 como tope, calcul\u00f3 una puntuaci\u00f3n de 65, basado en 41 rese\u00f1as.<\/span><\/p>\n<p style=\"text-align: justify\"><span style=\"color: #003300\">El cr\u00edtico de cine chileno \u00cdtalo Passalacqua dijo en su rese\u00f1a que \"la pel\u00edcula no consegu\u00eda la misma diversi\u00f3n de la primera parte, que era dispareja y s\u00f3lo disfrutaba de momentos\". Adem\u00e1s critic\u00f3 la duraci\u00f3n de la pel\u00edcula para ni\u00f1os peque\u00f1os, pero alab\u00f3 la tecnolog\u00eda de la producci\u00f3n, calificando la pel\u00edcula con una nota 4 sobre 7.<\/span><\/p>\n<h2><strong><em><span id=\"Comercial\" class=\"mw-headline\" style=\"color: #00ff00\">Comercial<\/span><\/em><\/strong><\/h2>\n<p style=\"text-align: justify\"><span style=\"color: #003300\">La pel\u00edcula ha tenido \u00e9xito de taquilla con tan solo unos pocos d\u00edas en los cines. En el primer fin de semana recaud\u00f3 $80.000.000 solo en Norteam\u00e9rica; a nivel mundial ya ha recaudado $400.527.000.<\/span><\/p>\n<p style=\"text-align: justify\"><span style=\"color: #003300\">Adem\u00e1s, seg\u00fan fuentes, Monsters University fue la 6 \u00ba Pel\u00edcula con mayor recaudaci\u00f3n en el mundo en el 2013; despu\u00e9s de \"Frozen: Una Aventura Congelada\" \"Iron Man 3\", \"Mi Villano favorito 2\", \"R\u00e1pidos y Furiosos 6\" y \"En Llamas\".<\/span><\/p>\n","protected":false},"excerpt":{"rendered":"<p>Cr\u00edtica Monsters University ha recibido cr\u00edticas positivas por parte de los cr\u00edticos. El film recibi\u00f3 78% de cr\u00edticas positivas por parte del sitio web Rotten Tomatoes, basado en 174 revisiones con una calificaci\u00f3n de 6.8\/10. El sitio de cr\u00edticas citaba: \"\u00c9ste no escala hasta los m\u00e1s altos trabajos de Pixar, pero Monsters University sigue divirtiendo [&hellip;]<\/p>\n","protected":false},"author":10041,"featured_media":0,"parent":44,"menu_order":5,"comment_status":"closed","ping_status":"closed","template":"","meta":{"_monsterinsights_skip_tracking":false,"_monsterinsights_sitenote_active":false,"_monsterinsights_sitenote_note":"","_monsterinsights_sitenote_category":0,"footnotes":""},"class_list":["post-191","page","type-page","status-publish","hentry"],"aioseo_notices":[],"_links":{"self":[{"href":"https:\/\/blog.espol.edu.ec\/ashvagar\/wp-json\/wp\/v2\/pages\/191","targetHints":{"allow":["GET"]}}],"collection":[{"href":"https:\/\/blog.espol.edu.ec\/ashvagar\/wp-json\/wp\/v2\/pages"}],"about":[{"href":"https:\/\/blog.espol.edu.ec\/ashvagar\/wp-json\/wp\/v2\/types\/page"}],"author":[{"embeddable":true,"href":"https:\/\/blog.espol.edu.ec\/ashvagar\/wp-json\/wp\/v2\/users\/10041"}],"replies":[{"embeddable":true,"href":"https:\/\/blog.espol.edu.ec\/ashvagar\/wp-json\/wp\/v2\/comments?post=191"}],"version-history":[{"count":2,"href":"https:\/\/blog.espol.edu.ec\/ashvagar\/wp-json\/wp\/v2\/pages\/191\/revisions"}],"predecessor-version":[{"id":193,"href":"https:\/\/blog.espol.edu.ec\/ashvagar\/wp-json\/wp\/v2\/pages\/191\/revisions\/193"}],"up":[{"embeddable":true,"href":"https:\/\/blog.espol.edu.ec\/ashvagar\/wp-json\/wp\/v2\/pages\/44"}],"wp:attachment":[{"href":"https:\/\/blog.espol.edu.ec\/ashvagar\/wp-json\/wp\/v2\/media?parent=191"}],"curies":[{"name":"wp","href":"https:\/\/api.w.org\/{rel}","templated":true}]}}