{"id":55,"date":"2015-11-18T20:30:51","date_gmt":"2015-11-19T01:30:51","guid":{"rendered":"http:\/\/blog.espol.edu.ec\/ashvagar\/?page_id=55"},"modified":"2015-11-24T14:27:53","modified_gmt":"2015-11-24T19:27:53","slug":"sinopsis","status":"publish","type":"page","link":"https:\/\/blog.espol.edu.ec\/ashvagar\/monster-inc\/sinopsis\/","title":{"rendered":"Sinopsis"},"content":{"rendered":"<h1 style=\"text-align: center\"><strong><em><span id=\"Argumento\" class=\"mw-headline\" style=\"color: #00ff00\">Sinopsis<\/span><\/em><\/strong><\/h1>\n<p style=\"text-align: justify\"><span style=\"color: #003300\">La ciudad de Monstru\u00f3polis es una realidad en la que los monstruos viven ajenos al mundo de los humanos. Excepto en Monsters Inc., una empresa dedicada a asustar a los ni\u00f1os para obtener la energ\u00eda que abastece la ciudad a partir de sus gritos. Sin embargo, es una tarea muy dif\u00edcil, ya que cualquier objeto que haya mantenido contacto con un ni\u00f1o es potencialmente t\u00f3xico para los monstruos.<\/span><\/p>\n<p style=\"text-align: justify\"><span style=\"color: #003300\">Por ello, deben ser extremadamente cuidadosos cada vez que los monstruos entran al mundo de los humanos a asustar ni\u00f1os, utilizando las puertas de sus armarios, para no llevar a Monstru\u00f3polis nada procedente del mundo humano.<\/span><\/p>\n<p style=\"text-align: justify\"><span style=\"color: #003300\">James P. Sullivan, un monstruo de pelo azul de m\u00e1s de 2 metros, posee el r\u00e9cord nunca superado como Asustador de Ni\u00f1os. Michael Wazowski, un monstruo verde de un solo ojo, es su Ayudante Asustador y mejor amigo. Randall Boggs, un monstruo morado, con forma de lagartija y cualidades camale\u00f3nicas, es el mayor adversario de trabajo de Sulley y por otra parte su enemigo tras nunca poder superarlo.<\/span><\/p>\n<p style=\"text-align: justify\"><span style=\"color: #003300\">Una noche, al terminar su jornada de trabajo, Sulley descubre que han dejado una puerta sin guardar, y al abrirla para comprobarla, una ni\u00f1a entra en el mundo de los monstruos. Sulley, al ver que Randall que estaba a cargo, guarda la puerta y se lleva la tarjeta de instalaci\u00f3n, decide llevarse muy asustado a la ni\u00f1a en una bolsa de la compa\u00f1\u00eda creyendo que es t\u00f3xica, para posteriormente encontrar a Mike en un restaurante celebrando el cumplea\u00f1os de su novia, y es cuando la ni\u00f1a se escapa causando una gran histeria y b\u00fasqueda en toda la ciudad, tras ver que un ser humano se infiltr\u00f3 en Monstru\u00f3polis.<\/span><\/p>\n<p style=\"text-align: justify\"><a href=\"http:\/\/blog.espol.edu.ec\/ashvagar\/files\/2015\/11\/Mike_y_Celia.png\"><img loading=\"lazy\" decoding=\"async\" class=\"aligncenter size-full wp-image-277\" src=\"http:\/\/blog.espol.edu.ec\/ashvagar\/files\/2015\/11\/Mike_y_Celia.png\" alt=\"Mike_y_Celia\" width=\"571\" height=\"448\" srcset=\"https:\/\/blog.espol.edu.ec\/ashvagar\/files\/2015\/11\/Mike_y_Celia.png 571w, https:\/\/blog.espol.edu.ec\/ashvagar\/files\/2015\/11\/Mike_y_Celia-300x235.png 300w\" sizes=\"auto, (max-width: 571px) 100vw, 571px\" \/><\/a><\/p>\n<p style=\"text-align: justify\"><span style=\"color: #003300\">Sulley y Mike esconden a la ni\u00f1a en su departamento, y luego de un rato ambos comprueban que no tiene nada de toxicidad como todo el mundo cree, y deciden llamarla Boo, al ser la primera palabra dirigida a los monstruos al asustarlos. Sabiendo que toda la ciudad est\u00e1 en su b\u00fasqueda y ante el temor de ser descubiertos por la compa\u00f1\u00eda, los dos amigos deciden buscar la puerta para devolverla a su hogar e intentan que todo pase desapercibidamente.<\/span><\/p>\n<p style=\"text-align: justify\"><span style=\"color: #003300\">A la ma\u00f1ana siguiente, Sulley busca la puerta de Boo y Mike (que fue descubierto por Randall en estar involucrado con la ni\u00f1a) es secuestrado, y Sulley descubre que Randall Boggs tiene una escondite en la compa\u00f1\u00eda donde estaba haciendo trampa para poder ganarle en el ranking, y a la vez tiene una m\u00e1quina para absorber ni\u00f1os y poder generar m\u00e1s energ\u00eda. Sulley consigue salvar a Mike, y, casualmente, el jefe de la empresa (Waternoose) lo llama para dar un rugido fuerte y aterrador frente a los inspectores del personal, que quedan muy impresionados. Sin embargo, Boo que se escap\u00f3 de Mike y estuvo frente a Sulley en ese momento, se aterra con su rugido y queda con mucho miedo hac\u00eda \u00e9l.<\/span><\/p>\n<p style=\"text-align: justify\"><span style=\"color: #003300\">Cuando se van los inspectores, Waternoose descubre que Sulley y Mike tienen a la ni\u00f1a y ellos le explican todo lo sucedido, y que no tiene nada de t\u00f3xica. Su jefe est\u00e1 de acuerdo con ellos en regresar a Boo a donde pertenece, sin que nadie se entere para no poner a la empresa en problemas: pero al poner la puerta y ver que no es la suya, se dan cuenta que Waternoose es c\u00f3mplice de Randall, y ambos son arrojados a un lugar invernal, con fuertes tormentas de nieve.<\/span><\/p>\n<p style=\"text-align: justify\"><span style=\"color: #003300\">En el lugar, Mike y Sulley son rescatados por el Abominable Hombre de las Nieves, quien los refugia en su cueva, y donde se enteran que hay pueblo muy cerca. Sulley se apresura en llegar al pueblo, y de esta forma regresar a Monstru\u00f3polis para salvar a Boo, pero Mike, al estar harto de problemas y con el fin de evitarlos, decide no ir con \u00e9l.<\/span><\/p>\n<p style=\"text-align: justify\"><a href=\"http:\/\/blog.espol.edu.ec\/ashvagar\/files\/2015\/11\/maxresdefault1.jpg\"><img loading=\"lazy\" decoding=\"async\" class=\"aligncenter size-large wp-image-275\" src=\"http:\/\/blog.espol.edu.ec\/ashvagar\/files\/2015\/11\/maxresdefault1-1024x576.jpg\" alt=\"maxresdefault\" width=\"610\" height=\"343\" srcset=\"https:\/\/blog.espol.edu.ec\/ashvagar\/files\/2015\/11\/maxresdefault1-1024x576.jpg 1024w, https:\/\/blog.espol.edu.ec\/ashvagar\/files\/2015\/11\/maxresdefault1-300x169.jpg 300w, https:\/\/blog.espol.edu.ec\/ashvagar\/files\/2015\/11\/maxresdefault1.jpg 1280w\" sizes=\"auto, (max-width: 610px) 100vw, 610px\" \/><\/a><\/p>\n<p style=\"text-align: justify\"><span style=\"color: #003300\">Sulley llega a la compa\u00f1\u00eda y consigue salvar a la ni\u00f1a de la m\u00e1quina, en ese momento aparece Mike, arrepentido por haber dejado ir a Sulley, y se crea una\u00a0persecuci\u00f3n\u00a0en la que Randall los\u00a0quiere atrapar para matarlos. Sulley y Mike llegan hasta la central de todas las puertas, transportadas por v\u00edas a mucha altura, donde empiezan una batalla con \u00e9l mientras intentan buscar la puerta correspondiente, y descubren que la risa de Boo activa las puertas y genera mucha m\u00e1s energ\u00eda.<\/span><\/p>\n<p style=\"text-align: justify\"><span style=\"color: #003300\">Al final, consiguen meter a Randall en una puerta desconocida, que despu\u00e9s es destruida al dej\u00e1rsela caer desde una gran altura, y \u00e9l aparece en un remolque donde lo confunden con un \"Pejelagarto\" y lo golpean.<\/span><\/p>\n<p style=\"text-align: justify\"><span style=\"color: #003300\">Momentos despu\u00e9s, son regresados por Waternoose, quien ha llamado a la seguridad de la compa\u00f1\u00eda, mientras Mike distrae a toda la seguridad, Waternoose descubre que Sulley tiene a la ni\u00f1a y lo persigue. Cuando lo alcanza, lo confronta para que le entregue a Boo, y en el proceso y bajo la presi\u00f3n desesperante por acabar cuanto antes el conflicto, le revela que pretende robar cuantos ni\u00f1os sean necesarios para absorberlos y hacer crecer mucho m\u00e1s la empresa. Sus intenciones dichas, mientras tanto, en una jugada muy h\u00e1bil, son grabadas por Mike, que inmediatamente delata a Waternoose ante la seguridad y es arrestado.<\/span><\/p>\n<p style=\"text-align: justify\"><span style=\"color: #003300\">Sulley es reconocido en la empresa por desenmascarar a Randall y a Waternoose, y le dan la puerta de Boo para que la pueda devolver a su hogar; con la condici\u00f3n de que despu\u00e9s la puerta ser\u00e1 triturada y, por consecuente, no podr\u00eda volver a verla nunca m\u00e1s. Sulley se despide emotivamente de Boo ante una tristeza profunda, despu\u00e9s de todo lo compartido. La puerta es destruida finalmente, dando por concluida la situaci\u00f3n que estaba dando problemas a la empresa.<\/span><\/p>\n<p style=\"text-align: justify\"><span style=\"color: #003300\">La compa\u00f1\u00eda, sin embargo, no evita quedar en la ruina por todo lo sucedido. M\u00e1s all\u00e1 de esto, Sulley recuerda que las risas generan diez veces m\u00e1s energ\u00eda que los sustos al ser una energ\u00eda positiva, por lo que Sulley (como nuevo jefe de la empresa) convierte la f\u00e1brica de sustos en una f\u00e1brica de risas. Mike despu\u00e9s le dice a Sulley que tiene una noticia para \u00e9l. Le revela, dando una grata sorpresa, que ha conseguido unir todas las astillas que salieron de la puerta despu\u00e9s de ser destruida. Sin embargo Mike explica que la puerta debe estar f\u00edsicamente completa para poder funcionar. Sulley, que tiene la \u00faltima pieza, la coloca y pone en servicio la puerta nuevamente. Al abrirla, vuelve felizmente a ver a Boo escuchando su apodo por parte de ella, \"Gatito\".<br \/>\n<iframe loading=\"lazy\" src=\"https:\/\/www.youtube-nocookie.com\/embed\/QDgXstenhRE\" width=\"640\" height=\"480\" frameborder=\"0\" allowfullscreen=\"allowfullscreen\"><\/iframe><\/span><\/p>\n","protected":false},"excerpt":{"rendered":"<p>Sinopsis La ciudad de Monstru\u00f3polis es una realidad en la que los monstruos viven ajenos al mundo de los humanos. Excepto en Monsters Inc., una empresa dedicada a asustar a los ni\u00f1os para obtener la energ\u00eda que abastece la ciudad a partir de sus gritos. Sin embargo, es una tarea muy dif\u00edcil, ya que cualquier [&hellip;]<\/p>\n","protected":false},"author":10041,"featured_media":123,"parent":51,"menu_order":1,"comment_status":"open","ping_status":"closed","template":"","meta":{"_monsterinsights_skip_tracking":false,"_monsterinsights_sitenote_active":false,"_monsterinsights_sitenote_note":"","_monsterinsights_sitenote_category":0,"footnotes":""},"class_list":["post-55","page","type-page","status-publish","has-post-thumbnail","hentry"],"aioseo_notices":[],"_links":{"self":[{"href":"https:\/\/blog.espol.edu.ec\/ashvagar\/wp-json\/wp\/v2\/pages\/55","targetHints":{"allow":["GET"]}}],"collection":[{"href":"https:\/\/blog.espol.edu.ec\/ashvagar\/wp-json\/wp\/v2\/pages"}],"about":[{"href":"https:\/\/blog.espol.edu.ec\/ashvagar\/wp-json\/wp\/v2\/types\/page"}],"author":[{"embeddable":true,"href":"https:\/\/blog.espol.edu.ec\/ashvagar\/wp-json\/wp\/v2\/users\/10041"}],"replies":[{"embeddable":true,"href":"https:\/\/blog.espol.edu.ec\/ashvagar\/wp-json\/wp\/v2\/comments?post=55"}],"version-history":[{"count":17,"href":"https:\/\/blog.espol.edu.ec\/ashvagar\/wp-json\/wp\/v2\/pages\/55\/revisions"}],"predecessor-version":[{"id":59,"href":"https:\/\/blog.espol.edu.ec\/ashvagar\/wp-json\/wp\/v2\/pages\/55\/revisions\/59"}],"up":[{"embeddable":true,"href":"https:\/\/blog.espol.edu.ec\/ashvagar\/wp-json\/wp\/v2\/pages\/51"}],"wp:featuredmedia":[{"embeddable":true,"href":"https:\/\/blog.espol.edu.ec\/ashvagar\/wp-json\/wp\/v2\/media\/123"}],"wp:attachment":[{"href":"https:\/\/blog.espol.edu.ec\/ashvagar\/wp-json\/wp\/v2\/media?parent=55"}],"curies":[{"name":"wp","href":"https:\/\/api.w.org\/{rel}","templated":true}]}}